{"id":78,"date":"2018-11-05T16:16:28","date_gmt":"2018-11-05T16:16:28","guid":{"rendered":"http:\/\/127.0.0.1:4001\/wordpress\/?page_id=78"},"modified":"2019-12-10T19:35:04","modified_gmt":"2019-12-10T19:35:04","slug":"institucional","status":"publish","type":"page","link":"https:\/\/exactas.uba.ar\/higieneyseguridad\/institucional\/","title":{"rendered":"Institucional"},"content":{"rendered":"<h2>Pol\u00edtica de Higiene y Seguridad<\/h2>\n<p style=\"text-align: justify;\">Cumplir con la legislaci\u00f3n vigente en materia de Higiene y Seguridad en el Trabajo, utilizando\u00a0un sistema que permite:<\/p>\n<ul>\n<li style=\"text-align: justify;\">identificar los peligros existentes y potenciales en las instalaciones y actividades (laboratorios, talleres, tareas de mantenimiento, contratistas, alumnos, etc.),<\/li>\n<li style=\"text-align: justify;\">eliminar, o reducir los niveles de riesgos tendiente a proveer protecci\u00f3n de los intereses de la Facultad y de los individuos contra las p\u00e9rdidas por accidentes, penalidades civiles o penales y juicios<\/li>\n<\/ul>\n<p>Servicio de Higiene y Seguridad (SHyS) de la FCEN act\u00faa,<\/p>\n<ul>\n<li style=\"text-align: justify;\">Promoviendo el conocimiento de las medidas de seguridad, y asistencia al personal que trabaja o estudia en la Facultad a alcanzar un \u00e1mbito de trabajo seguro en el cual desarrollar la ense\u00f1anza y la investigaci\u00f3n en el marco del cumplimiento de la Ley 19587 de Higiene y Seguridad Laboral (su objetivo)\u00a0 y sus resoluciones complementarias.<\/li>\n<li style=\"text-align: justify;\">Educando a los miembros de la Facultad en las normas relacionadas con el ambiente, la seguridad y la salud en el trabajo.<\/li>\n<li style=\"text-align: justify;\">Realizando auditor\u00edas y verificaciones de:<\/li>\n<\/ul>\n<p style=\"padding-left: 120px; text-align: justify;\">1.- Los lugares donde realizan sus las actividades los docentes, no docentes, alumnos, y contratistas,<\/p>\n<p style=\"padding-left: 120px; text-align: justify;\">2.- Las tareas que en los distintos espacios se desarrollan,<\/p>\n<p style=\"padding-left: 120px; text-align: justify;\">3.- La generaci\u00f3n y el mantenimiento de los elementos de seguridad de uso com\u00fan, como se\u00f1al\u00e9tica, hidrantes, matafuegos, luces de emergencia, alarmas, sistemas de contenci\u00f3n de derrames, disposici\u00f3n de agentes qu\u00edmicos, etc.<\/p>\n<h2>Responsabilidades:<\/h2>\n<p style=\"padding-left: 40px; text-align: justify;\">Las responsabilidades sobre temas de Higiene y Seguridad en el Trabajo est\u00e1n divididas en niveles.<\/p>\n<p style=\"padding-left: 40px; text-align: justify;\">El m\u00e1ximo nivel corresponde a la Universidad, que es el empleador.<\/p>\n<p style=\"padding-left: 40px; text-align: justify;\">El siguiente nivel corresponde a la Facultad. Por esta raz\u00f3n se estableci\u00f3 como norma que los usuarios de espacios de la FCEN deber\u00e1n, en contraprestaci\u00f3n al uso de estos, adquirir ciertos <strong><em>compromisos expl\u00edcitos<\/em><\/strong> en los aspectos relacionados con el Ambiente, la Salud y Seguridad en el Trabajo.<\/p>\n<p style=\"padding-left: 40px; text-align: justify;\">Estos compromisos est\u00e1n descriptos en las distintas resoluciones de la FCEN que todo usuario de los espacios debe conocer y cumplir<\/p>\n<h2>Comit\u00e9 de Seguridad:<\/h2>\n<p style=\"padding-left: 40px; text-align: justify;\">El SHyS cuenta con el apoyo de un Comit\u00e9 de Seguridad, conformado por Profesionales de las distintas a\u00e9reas de la FCEN y la Secretaria de H\u00e1bitat.<\/p>\n<p style=\"padding-left: 40px; text-align: justify;\">El Comit\u00e9 de Seguridad elabora y eleva al Decano las propuestas de adecuaci\u00f3n a las pol\u00edticas de seguridad, y las acciones que se deben llevar adelante ante incumplimientos graves de las normas de seguridad aprobadas<\/p>\n","protected":false},"excerpt":{"rendered":"Pol\u00edtica de Higiene y Seguridad Cumplir con la legislaci\u00f3n vigente en materia de Higiene y Seguridad en el Trabajo, utilizando\u00a0un sistema que permite: identificar los peligros existentes y potenciales en las instalaciones y actividades (laboratorios, talleres, tareas de mantenimiento, contratistas, alumnos, etc.), eliminar, o reducir los niveles de riesgos tendiente a proveer protecci\u00f3n de los&#8230; <a class=\"view-article\" href=\"https:\/\/exactas.uba.ar\/higieneyseguridad\/institucional\/\">LEER +<\/a>","protected":false},"author":1,"featured_media":0,"parent":0,"menu_order":20,"comment_status":"open","ping_status":"closed","template":"","meta":{"_acf_changed":false,"footnotes":""},"class_list":["post-78","page","type-page","status-publish","hentry"],"acf":[],"_links":{"self":[{"href":"https:\/\/exactas.uba.ar\/higieneyseguridad\/wp-json\/wp\/v2\/pages\/78","targetHints":{"allow":["GET"]}}],"collection":[{"href":"https:\/\/exactas.uba.ar\/higieneyseguridad\/wp-json\/wp\/v2\/pages"}],"about":[{"href":"https:\/\/exactas.uba.ar\/higieneyseguridad\/wp-json\/wp\/v2\/types\/page"}],"author":[{"embeddable":true,"href":"https:\/\/exactas.uba.ar\/higieneyseguridad\/wp-json\/wp\/v2\/users\/1"}],"replies":[{"embeddable":true,"href":"https:\/\/exactas.uba.ar\/higieneyseguridad\/wp-json\/wp\/v2\/comments?post=78"}],"version-history":[{"count":9,"href":"https:\/\/exactas.uba.ar\/higieneyseguridad\/wp-json\/wp\/v2\/pages\/78\/revisions"}],"predecessor-version":[{"id":1727,"href":"https:\/\/exactas.uba.ar\/higieneyseguridad\/wp-json\/wp\/v2\/pages\/78\/revisions\/1727"}],"wp:attachment":[{"href":"https:\/\/exactas.uba.ar\/higieneyseguridad\/wp-json\/wp\/v2\/media?parent=78"}],"curies":[{"name":"wp","href":"https:\/\/api.w.org\/{rel}","templated":true}]}}