{"id":778,"date":"2019-08-26T16:41:35","date_gmt":"2019-08-26T16:41:35","guid":{"rendered":"https:\/\/exactas.uba.ar\/higieneyseguridad\/?page_id=778"},"modified":"2022-08-10T15:00:01","modified_gmt":"2022-08-10T15:00:01","slug":"brigadistas","status":"publish","type":"page","link":"https:\/\/exactas.uba.ar\/higieneyseguridad\/seguridadlaboral\/emergencias\/brigadistas\/","title":{"rendered":"Brigadistas"},"content":{"rendered":"<h1 style=\"padding-left: 160px;\"><img loading=\"lazy\" decoding=\"async\" width=\"250\" height=\"250\" class=\"size-medium wp-image-786 alignright\" src=\"https:\/\/exactas.uba.ar\/higieneyseguridad\/wp-content\/uploads\/2019\/08\/IMG_20190826_135623430-250x250.jpg\" alt=\"\" srcset=\"https:\/\/exactas.uba.ar\/higieneyseguridad\/wp-content\/uploads\/2019\/08\/IMG_20190826_135623430-250x250.jpg 250w, https:\/\/exactas.uba.ar\/higieneyseguridad\/wp-content\/uploads\/2019\/08\/IMG_20190826_135623430-150x150.jpg 150w, https:\/\/exactas.uba.ar\/higieneyseguridad\/wp-content\/uploads\/2019\/08\/IMG_20190826_135623430-768x768.jpg 768w, https:\/\/exactas.uba.ar\/higieneyseguridad\/wp-content\/uploads\/2019\/08\/IMG_20190826_135623430-700x700.jpg 700w, https:\/\/exactas.uba.ar\/higieneyseguridad\/wp-content\/uploads\/2019\/08\/IMG_20190826_135623430-120x120.jpg 120w, https:\/\/exactas.uba.ar\/higieneyseguridad\/wp-content\/uploads\/2019\/08\/IMG_20190826_135623430.jpg 1987w\" sizes=\"auto, (max-width: 250px) 100vw, 250px\" \/><\/h1>\n<p>Los Brigadista desarrollan las siguientes actividades:<\/p>\n<ul>\n<li>Activan el protocolo de emergencia cuando la situacion lo requiera<\/li>\n<li>Gu\u00edan a las personas por el camino m\u00e1s corto y m\u00e1s seguro al punto de reuni\u00f3n<\/li>\n<li>Brindan contenci\u00f3n y ayudar a guardar la calma<\/li>\n<li>Difundan una cultura de prevenci\u00f3n.<\/li>\n<\/ul>\n<p>&nbsp;<\/p>\n<p>Requisitos que deben cumplir para inscribirse como Brigadistas:<\/p>\n<ul>\n<li>Trabajar en la FCEN<\/li>\n<li>Aptitud para el trabajo en equipo<\/li>\n<li>Responsabilidad, iniciativa, y cordialidad<\/li>\n<li>Vocaci\u00f3n de servicio y actitud din\u00e1mica<\/li>\n<li>Disposici\u00f3n a la colaboraci\u00f3n<\/li>\n<li>Criterio para resolver problemas y liderazgo<\/li>\n<\/ul>\n<p>Preinscribirse en el siguiente : <a class=\"boton\" href=\"https:\/\/encuestas.exactas.uba.ar\/index.php\/434469?lang=es\">FORMULARIO\u00a0<\/a><\/p>\n","protected":false},"excerpt":{"rendered":"Los Brigadista desarrollan las siguientes actividades: Activan el protocolo de emergencia cuando la situacion lo requiera Gu\u00edan a las personas por el camino m\u00e1s corto y m\u00e1s seguro al punto de reuni\u00f3n Brindan contenci\u00f3n y ayudar a guardar la calma Difundan una cultura de prevenci\u00f3n. &nbsp; Requisitos que deben cumplir para inscribirse como Brigadistas: Trabajar&#8230; <a class=\"view-article\" href=\"https:\/\/exactas.uba.ar\/higieneyseguridad\/seguridadlaboral\/emergencias\/brigadistas\/\">LEER +<\/a>","protected":false},"author":2,"featured_media":0,"parent":1505,"menu_order":3,"comment_status":"closed","ping_status":"closed","template":"","meta":{"_acf_changed":false,"footnotes":""},"class_list":["post-778","page","type-page","status-publish","hentry"],"acf":[],"_links":{"self":[{"href":"https:\/\/exactas.uba.ar\/higieneyseguridad\/wp-json\/wp\/v2\/pages\/778","targetHints":{"allow":["GET"]}}],"collection":[{"href":"https:\/\/exactas.uba.ar\/higieneyseguridad\/wp-json\/wp\/v2\/pages"}],"about":[{"href":"https:\/\/exactas.uba.ar\/higieneyseguridad\/wp-json\/wp\/v2\/types\/page"}],"author":[{"embeddable":true,"href":"https:\/\/exactas.uba.ar\/higieneyseguridad\/wp-json\/wp\/v2\/users\/2"}],"replies":[{"embeddable":true,"href":"https:\/\/exactas.uba.ar\/higieneyseguridad\/wp-json\/wp\/v2\/comments?post=778"}],"version-history":[{"count":11,"href":"https:\/\/exactas.uba.ar\/higieneyseguridad\/wp-json\/wp\/v2\/pages\/778\/revisions"}],"predecessor-version":[{"id":5288,"href":"https:\/\/exactas.uba.ar\/higieneyseguridad\/wp-json\/wp\/v2\/pages\/778\/revisions\/5288"}],"up":[{"embeddable":true,"href":"https:\/\/exactas.uba.ar\/higieneyseguridad\/wp-json\/wp\/v2\/pages\/1505"}],"wp:attachment":[{"href":"https:\/\/exactas.uba.ar\/higieneyseguridad\/wp-json\/wp\/v2\/media?parent=778"}],"curies":[{"name":"wp","href":"https:\/\/api.w.org\/{rel}","templated":true}]}}