{"id":7336,"date":"2024-03-27T17:44:10","date_gmt":"2024-03-27T17:44:10","guid":{"rendered":"https:\/\/exactas.uba.ar\/higieneyseguridad\/?page_id=7336"},"modified":"2024-09-27T17:46:33","modified_gmt":"2024-09-27T17:46:33","slug":"alergias-e-intolerancias-alimentarias","status":"publish","type":"page","link":"https:\/\/exactas.uba.ar\/higieneyseguridad\/alergias-e-intolerancias-alimentarias\/","title":{"rendered":"Alergias e intolerancias alimentarias"},"content":{"rendered":"<h3><strong>OBJETIVOS DE LA CAPACITACI\u00d3N<\/strong><\/h3>\n<p>Entender la naturaleza de las alergias y c\u00f3mo manipular todos aquellos alimentos que son suceptibles a generar problemas de salud en los consumidores.<\/p>\n<h3><strong>A QUI\u00c9N EST\u00c1 DIRIGIDA<\/strong><\/h3>\n<p>Personal de FCEN que manipule alimentos en los comedores, kioscos y cocinas.<\/p>\n<h3><strong>A QU\u00c9 NIVEL PERTENECE<\/strong><\/h3>\n<p><em>NIVEL 4 \u2013\u00a0<\/em>capacitaci\u00f3n para trabajos con alimentos.<\/p>\n<h3><strong>FORMULARIO DE INSCRIPCI\u00d3N<\/strong><\/h3>\n<p>OCTUBRE:\u00a0<a href=\"https:\/\/forms.gle\/DyU9Y4tBgKpUs8Yt6\">Formulario de Inscripci\u00f3n<\/a><br \/>\nViernes 18\/10 a las 15hs &#8211; Modalidad Presencial<br \/>\nDictada por la Ing. Yessica Ballone del Servicio de Higiene y Seguridad<\/p>\n","protected":false},"excerpt":{"rendered":"OBJETIVOS DE LA CAPACITACI\u00d3N Entender la naturaleza de las alergias y c\u00f3mo manipular todos aquellos alimentos que son suceptibles a generar problemas de salud en los consumidores. A QUI\u00c9N EST\u00c1 DIRIGIDA Personal de FCEN que manipule alimentos en los comedores, kioscos y cocinas. A QU\u00c9 NIVEL PERTENECE NIVEL 4 \u2013\u00a0capacitaci\u00f3n para trabajos con alimentos. FORMULARIO&#8230; <a class=\"view-article\" href=\"https:\/\/exactas.uba.ar\/higieneyseguridad\/alergias-e-intolerancias-alimentarias\/\">LEER +<\/a>","protected":false},"author":2,"featured_media":0,"parent":0,"menu_order":0,"comment_status":"closed","ping_status":"closed","template":"","meta":{"_acf_changed":false,"footnotes":""},"class_list":["post-7336","page","type-page","status-publish","hentry"],"acf":[],"_links":{"self":[{"href":"https:\/\/exactas.uba.ar\/higieneyseguridad\/wp-json\/wp\/v2\/pages\/7336","targetHints":{"allow":["GET"]}}],"collection":[{"href":"https:\/\/exactas.uba.ar\/higieneyseguridad\/wp-json\/wp\/v2\/pages"}],"about":[{"href":"https:\/\/exactas.uba.ar\/higieneyseguridad\/wp-json\/wp\/v2\/types\/page"}],"author":[{"embeddable":true,"href":"https:\/\/exactas.uba.ar\/higieneyseguridad\/wp-json\/wp\/v2\/users\/2"}],"replies":[{"embeddable":true,"href":"https:\/\/exactas.uba.ar\/higieneyseguridad\/wp-json\/wp\/v2\/comments?post=7336"}],"version-history":[{"count":3,"href":"https:\/\/exactas.uba.ar\/higieneyseguridad\/wp-json\/wp\/v2\/pages\/7336\/revisions"}],"predecessor-version":[{"id":7788,"href":"https:\/\/exactas.uba.ar\/higieneyseguridad\/wp-json\/wp\/v2\/pages\/7336\/revisions\/7788"}],"wp:attachment":[{"href":"https:\/\/exactas.uba.ar\/higieneyseguridad\/wp-json\/wp\/v2\/media?parent=7336"}],"curies":[{"name":"wp","href":"https:\/\/api.w.org\/{rel}","templated":true}]}}