{"id":7314,"date":"2024-03-27T15:25:05","date_gmt":"2024-03-27T15:25:05","guid":{"rendered":"https:\/\/exactas.uba.ar\/higieneyseguridad\/?page_id=7314"},"modified":"2025-08-25T18:25:13","modified_gmt":"2025-08-25T18:25:13","slug":"tareas-de-campo","status":"publish","type":"page","link":"https:\/\/exactas.uba.ar\/higieneyseguridad\/tareas-de-campo\/","title":{"rendered":"Tareas de campo"},"content":{"rendered":"<h3><strong>OBJETIVOS DE LA CAPACITACI\u00d3N<\/strong><\/h3>\n<p>Debatir y analizar los riesgos posibles o puntuales de todas aquellas personas que salen de la facultad a cumplir tareas o realizar trabajos pr\u00e1cticos con estudiantes por fuera de la instituci\u00f3n.<\/p>\n<h3><strong>A QUI\u00c9N EST\u00c1 DIRIGIDA<\/strong><\/h3>\n<p>Docentes e Investigadores.<\/p>\n<h3><strong>A QU\u00c9 NIVEL PERTENECE<\/strong><\/h3>\n<p><em>NIVEL 3 \u2013\u00a0<\/em>Trabajos con riesgos especiales o para tareas espec\u00edficas que no forman parte de las tareas habituales.<\/p>\n<h3><strong>FORMULARIO DE INSCRIPCI\u00d3N<\/strong><\/h3>\n<p>OCTUBRE:\u00a0<a href=\"https:\/\/forms.gle\/XSD96MrpwTSNXepYA\">Formulario de Inscripci\u00f3n<br \/>\n<\/a>Viernes 5\/09\/2025 a las 11hs &#8211; Modalidad Presencial<br \/>\nDictada por la Escuela Argentina de Actividades de Monta\u00f1a (EAAM)<\/p>\n","protected":false},"excerpt":{"rendered":"OBJETIVOS DE LA CAPACITACI\u00d3N Debatir y analizar los riesgos posibles o puntuales de todas aquellas personas que salen de la facultad a cumplir tareas o realizar trabajos pr\u00e1cticos con estudiantes por fuera de la instituci\u00f3n. A QUI\u00c9N EST\u00c1 DIRIGIDA Docentes e Investigadores. A QU\u00c9 NIVEL PERTENECE NIVEL 3 \u2013\u00a0Trabajos con riesgos especiales o para tareas&#8230; <a class=\"view-article\" href=\"https:\/\/exactas.uba.ar\/higieneyseguridad\/tareas-de-campo\/\">LEER +<\/a>","protected":false},"author":2,"featured_media":0,"parent":0,"menu_order":0,"comment_status":"closed","ping_status":"closed","template":"","meta":{"_acf_changed":false,"footnotes":""},"class_list":["post-7314","page","type-page","status-publish","hentry"],"acf":[],"_links":{"self":[{"href":"https:\/\/exactas.uba.ar\/higieneyseguridad\/wp-json\/wp\/v2\/pages\/7314","targetHints":{"allow":["GET"]}}],"collection":[{"href":"https:\/\/exactas.uba.ar\/higieneyseguridad\/wp-json\/wp\/v2\/pages"}],"about":[{"href":"https:\/\/exactas.uba.ar\/higieneyseguridad\/wp-json\/wp\/v2\/types\/page"}],"author":[{"embeddable":true,"href":"https:\/\/exactas.uba.ar\/higieneyseguridad\/wp-json\/wp\/v2\/users\/2"}],"replies":[{"embeddable":true,"href":"https:\/\/exactas.uba.ar\/higieneyseguridad\/wp-json\/wp\/v2\/comments?post=7314"}],"version-history":[{"count":5,"href":"https:\/\/exactas.uba.ar\/higieneyseguridad\/wp-json\/wp\/v2\/pages\/7314\/revisions"}],"predecessor-version":[{"id":8519,"href":"https:\/\/exactas.uba.ar\/higieneyseguridad\/wp-json\/wp\/v2\/pages\/7314\/revisions\/8519"}],"wp:attachment":[{"href":"https:\/\/exactas.uba.ar\/higieneyseguridad\/wp-json\/wp\/v2\/media?parent=7314"}],"curies":[{"name":"wp","href":"https:\/\/api.w.org\/{rel}","templated":true}]}}