{"id":7295,"date":"2024-03-27T14:11:36","date_gmt":"2024-03-27T14:11:36","guid":{"rendered":"https:\/\/exactas.uba.ar\/higieneyseguridad\/?page_id=7295"},"modified":"2024-03-27T14:11:36","modified_gmt":"2024-03-27T14:11:36","slug":"seguridad-en-trabajo-con-laseres","status":"publish","type":"page","link":"https:\/\/exactas.uba.ar\/higieneyseguridad\/seguridad-en-trabajo-con-laseres\/","title":{"rendered":"Seguridad en trabajo con l\u00e1seres"},"content":{"rendered":"<h3><strong>OBJETIVOS DE LA CAPACITACI\u00d3N<\/strong><\/h3>\n<p>Conocer las distintas \u00abclases\u00bb de sistemas l\u00e1ser y los riesgos y da\u00f1os para la salud derivables de su utilizaci\u00f3n. Comprender las medidas de control recomendadas en funci\u00f3n de las diferentes \u00abclases\u00bb de sistemas l\u00e1ser, siendo \u00e9stas: se\u00f1alizaci\u00f3n, ingenieria, controles administrativos.<\/p>\n<h3><strong>A QUI\u00c9N EST\u00c1 DIRIGIDA<\/strong><\/h3>\n<p>Docentes e Investigadores.<\/p>\n<h3><strong>A QU\u00c9 NIVEL PERTENECE<\/strong><\/h3>\n<p><em>NIVEL 3 \u2013\u00a0<\/em>Trabajos con riesgos especiales o para tareas espec\u00edficas que no forman parte de las tareas habituales.<\/p>\n<h3><strong>FORMULARIO DE INSCRIPCI\u00d3N<\/strong><\/h3>\n<p>Se publicar\u00e1 en cuanto se confirme fecha y hora de la capacitaci\u00f3n.<\/p>\n","protected":false},"excerpt":{"rendered":"OBJETIVOS DE LA CAPACITACI\u00d3N Conocer las distintas \u00abclases\u00bb de sistemas l\u00e1ser y los riesgos y da\u00f1os para la salud derivables de su utilizaci\u00f3n. Comprender las medidas de control recomendadas en funci\u00f3n de las diferentes \u00abclases\u00bb de sistemas l\u00e1ser, siendo \u00e9stas: se\u00f1alizaci\u00f3n, ingenieria, controles administrativos. A QUI\u00c9N EST\u00c1 DIRIGIDA Docentes e Investigadores. A QU\u00c9 NIVEL PERTENECE&#8230; <a class=\"view-article\" href=\"https:\/\/exactas.uba.ar\/higieneyseguridad\/seguridad-en-trabajo-con-laseres\/\">LEER +<\/a>","protected":false},"author":2,"featured_media":0,"parent":0,"menu_order":0,"comment_status":"closed","ping_status":"closed","template":"","meta":{"_acf_changed":false,"footnotes":""},"class_list":["post-7295","page","type-page","status-publish","hentry"],"acf":[],"_links":{"self":[{"href":"https:\/\/exactas.uba.ar\/higieneyseguridad\/wp-json\/wp\/v2\/pages\/7295","targetHints":{"allow":["GET"]}}],"collection":[{"href":"https:\/\/exactas.uba.ar\/higieneyseguridad\/wp-json\/wp\/v2\/pages"}],"about":[{"href":"https:\/\/exactas.uba.ar\/higieneyseguridad\/wp-json\/wp\/v2\/types\/page"}],"author":[{"embeddable":true,"href":"https:\/\/exactas.uba.ar\/higieneyseguridad\/wp-json\/wp\/v2\/users\/2"}],"replies":[{"embeddable":true,"href":"https:\/\/exactas.uba.ar\/higieneyseguridad\/wp-json\/wp\/v2\/comments?post=7295"}],"version-history":[{"count":1,"href":"https:\/\/exactas.uba.ar\/higieneyseguridad\/wp-json\/wp\/v2\/pages\/7295\/revisions"}],"predecessor-version":[{"id":7296,"href":"https:\/\/exactas.uba.ar\/higieneyseguridad\/wp-json\/wp\/v2\/pages\/7295\/revisions\/7296"}],"wp:attachment":[{"href":"https:\/\/exactas.uba.ar\/higieneyseguridad\/wp-json\/wp\/v2\/media?parent=7295"}],"curies":[{"name":"wp","href":"https:\/\/api.w.org\/{rel}","templated":true}]}}