{"id":7280,"date":"2024-03-21T14:50:26","date_gmt":"2024-03-21T14:50:26","guid":{"rendered":"https:\/\/exactas.uba.ar\/higieneyseguridad\/?page_id=7280"},"modified":"2024-10-15T15:56:14","modified_gmt":"2024-10-15T15:56:14","slug":"uso-seguro-de-herramientas-y-maquinas","status":"publish","type":"page","link":"https:\/\/exactas.uba.ar\/higieneyseguridad\/uso-seguro-de-herramientas-y-maquinas\/","title":{"rendered":"Uso seguro de herramientas y m\u00e1quinas"},"content":{"rendered":"<h3><strong>OBJETIVOS DE LA CAPACITACI\u00d3N<\/strong><\/h3>\n<p>Eliminar o reducir la posibilidad de ocurrencia de un accidente, asociando los sistemas de protecci\u00f3n de las m\u00e1quinas al riesgo que pudieran generar. Estos sistemas deben implementarse en forma conjunta con la supervisi\u00f3n del servicio de higiene y seguridad, el entrenamiento de los trabajadores en el uso de la m\u00e1quina y la capacitaci\u00f3n sobre m\u00e9todos y procedimientos de trabajo seguro.<\/p>\n<h3><strong>A QUI\u00c9N EST\u00c1 DIRIGIDA<\/strong><\/h3>\n<p>Personal de Secretar\u00eda T\u00e9cnica<\/p>\n<h3><strong>A QU\u00c9 NIVEL PERTENECE<\/strong><\/h3>\n<p><em>NIVEL 2 \u2013<\/em>estas capacitaciones son obligatorias seg\u00fan la actividad que realicen en la FCEN.<\/p>\n<h3><strong>FORMULARIO DE INSCRIPCI\u00d3N<\/strong><\/h3>\n<p>OCTUBRE:\u00a0<a href=\"https:\/\/forms.gle\/ZCZB4BX7nP4L8kk59\">Formulario de Inscripci\u00f3n<\/a><br \/>\nViernes 25\/10 a las 10hs &#8211; Modalidad Presencial<br \/>\nDictada por Provincia ART<\/p>\n","protected":false},"excerpt":{"rendered":"OBJETIVOS DE LA CAPACITACI\u00d3N Eliminar o reducir la posibilidad de ocurrencia de un accidente, asociando los sistemas de protecci\u00f3n de las m\u00e1quinas al riesgo que pudieran generar. Estos sistemas deben implementarse en forma conjunta con la supervisi\u00f3n del servicio de higiene y seguridad, el entrenamiento de los trabajadores en el uso de la m\u00e1quina y&#8230; <a class=\"view-article\" href=\"https:\/\/exactas.uba.ar\/higieneyseguridad\/uso-seguro-de-herramientas-y-maquinas\/\">LEER +<\/a>","protected":false},"author":2,"featured_media":0,"parent":0,"menu_order":0,"comment_status":"closed","ping_status":"closed","template":"","meta":{"_acf_changed":false,"footnotes":""},"class_list":["post-7280","page","type-page","status-publish","hentry"],"acf":[],"_links":{"self":[{"href":"https:\/\/exactas.uba.ar\/higieneyseguridad\/wp-json\/wp\/v2\/pages\/7280","targetHints":{"allow":["GET"]}}],"collection":[{"href":"https:\/\/exactas.uba.ar\/higieneyseguridad\/wp-json\/wp\/v2\/pages"}],"about":[{"href":"https:\/\/exactas.uba.ar\/higieneyseguridad\/wp-json\/wp\/v2\/types\/page"}],"author":[{"embeddable":true,"href":"https:\/\/exactas.uba.ar\/higieneyseguridad\/wp-json\/wp\/v2\/users\/2"}],"replies":[{"embeddable":true,"href":"https:\/\/exactas.uba.ar\/higieneyseguridad\/wp-json\/wp\/v2\/comments?post=7280"}],"version-history":[{"count":4,"href":"https:\/\/exactas.uba.ar\/higieneyseguridad\/wp-json\/wp\/v2\/pages\/7280\/revisions"}],"predecessor-version":[{"id":7796,"href":"https:\/\/exactas.uba.ar\/higieneyseguridad\/wp-json\/wp\/v2\/pages\/7280\/revisions\/7796"}],"wp:attachment":[{"href":"https:\/\/exactas.uba.ar\/higieneyseguridad\/wp-json\/wp\/v2\/media?parent=7280"}],"curies":[{"name":"wp","href":"https:\/\/api.w.org\/{rel}","templated":true}]}}