{"id":7268,"date":"2024-03-21T13:46:02","date_gmt":"2024-03-21T13:46:02","guid":{"rendered":"https:\/\/exactas.uba.ar\/higieneyseguridad\/?page_id=7268"},"modified":"2024-03-21T13:46:02","modified_gmt":"2024-03-21T13:46:02","slug":"prevencion-de-riesgos-electricos","status":"publish","type":"page","link":"https:\/\/exactas.uba.ar\/higieneyseguridad\/prevencion-de-riesgos-electricos\/","title":{"rendered":"Prevenci\u00f3n de riesgos el\u00e9ctricos (*)"},"content":{"rendered":"<h3><strong>OBJETIVOS DE LA CAPACITACI\u00d3N<\/strong><\/h3>\n<p>Concientizar sobre los cuidados a la hora de utilizar la energ\u00eda el\u00e9ctrica y c\u00f3mo mantener una actitud preventiva que nos permita aprovechar las bondades que \u00e9sta nos brinda. Si no tomamos las debidas precauciones, podemos sufrir accidentes cuyas consecuencias pueden incluso ser fatales.<\/p>\n<h3><strong>A QUI\u00c9N EST\u00c1 DIRIGIDA<\/strong><\/h3>\n<p>Personal de Secretar\u00eda T\u00e9cnica.<\/p>\n<h3><strong>A QU\u00c9 NIVEL PERTENECE<\/strong><\/h3>\n<p><em>NIVEL 1 \u2013\u00a0<\/em>compuesto por aquellas capacitaciones que son para todos los trabajadores de la FCEN sin importar su jerarqu\u00eda, antig\u00fcedad o puesto de trabajo.<\/p>\n<p>(*) Estas capacitaciones se encuentran incluidas en el listado de capacitaciones obligatorias exigidas en la Res. 905\/2015<\/p>\n<h3><strong>FORMULARIO DE INSCRIPCI\u00d3N<\/strong><\/h3>\n<p>Se publicar\u00e1 en cuanto se confirme fecha y hora de la capacitaci\u00f3n.<\/p>\n","protected":false},"excerpt":{"rendered":"OBJETIVOS DE LA CAPACITACI\u00d3N Concientizar sobre los cuidados a la hora de utilizar la energ\u00eda el\u00e9ctrica y c\u00f3mo mantener una actitud preventiva que nos permita aprovechar las bondades que \u00e9sta nos brinda. Si no tomamos las debidas precauciones, podemos sufrir accidentes cuyas consecuencias pueden incluso ser fatales. A QUI\u00c9N EST\u00c1 DIRIGIDA Personal de Secretar\u00eda T\u00e9cnica&#8230;. <a class=\"view-article\" href=\"https:\/\/exactas.uba.ar\/higieneyseguridad\/prevencion-de-riesgos-electricos\/\">LEER +<\/a>","protected":false},"author":2,"featured_media":0,"parent":0,"menu_order":0,"comment_status":"closed","ping_status":"closed","template":"","meta":{"_acf_changed":false,"footnotes":""},"class_list":["post-7268","page","type-page","status-publish","hentry"],"acf":[],"_links":{"self":[{"href":"https:\/\/exactas.uba.ar\/higieneyseguridad\/wp-json\/wp\/v2\/pages\/7268","targetHints":{"allow":["GET"]}}],"collection":[{"href":"https:\/\/exactas.uba.ar\/higieneyseguridad\/wp-json\/wp\/v2\/pages"}],"about":[{"href":"https:\/\/exactas.uba.ar\/higieneyseguridad\/wp-json\/wp\/v2\/types\/page"}],"author":[{"embeddable":true,"href":"https:\/\/exactas.uba.ar\/higieneyseguridad\/wp-json\/wp\/v2\/users\/2"}],"replies":[{"embeddable":true,"href":"https:\/\/exactas.uba.ar\/higieneyseguridad\/wp-json\/wp\/v2\/comments?post=7268"}],"version-history":[{"count":1,"href":"https:\/\/exactas.uba.ar\/higieneyseguridad\/wp-json\/wp\/v2\/pages\/7268\/revisions"}],"predecessor-version":[{"id":7269,"href":"https:\/\/exactas.uba.ar\/higieneyseguridad\/wp-json\/wp\/v2\/pages\/7268\/revisions\/7269"}],"wp:attachment":[{"href":"https:\/\/exactas.uba.ar\/higieneyseguridad\/wp-json\/wp\/v2\/media?parent=7268"}],"curies":[{"name":"wp","href":"https:\/\/api.w.org\/{rel}","templated":true}]}}