{"id":725,"date":"2019-08-25T21:32:24","date_gmt":"2019-08-25T21:32:24","guid":{"rendered":"https:\/\/exactas.uba.ar\/higieneyseguridad\/?page_id=725"},"modified":"2025-03-18T16:45:14","modified_gmt":"2025-03-18T16:45:14","slug":"capacitaciones2019","status":"publish","type":"page","link":"https:\/\/exactas.uba.ar\/higieneyseguridad\/capacitaciones\/capacitaciones2019\/","title":{"rendered":"Capacitaciones  Presenciales 2019"},"content":{"rendered":"<h1>Primer Semestre<\/h1>\n<p>&nbsp;<\/p>\n<table class=\"egt\" border=\"2\" width=\"100%\">\n<tbody>\n<tr>\n<th>\n<h5>MES<\/h5>\n<\/th>\n<th>\n<h5>TEMA<\/h5>\n<\/th>\n<th>\n<h5>DESTINADO A<\/h5>\n<\/th>\n<th>\n<h5>REALIZADO POR<\/h5>\n<\/th>\n<\/tr>\n<tr>\n<td style=\"text-align: center;\" rowspan=\"4\">\n<h5>MARZO<\/h5>\n<\/td>\n<td style=\"text-align: center;\">\n<h6>RCP. Uso de DEA\u00b4s<\/h6>\n<\/td>\n<td style=\"text-align: center;\">\n<h6>Todos<\/h6>\n<\/td>\n<td style=\"text-align: center;\">\n<h6>ART<\/h6>\n<\/td>\n<\/tr>\n<tr>\n<td style=\"text-align: center;\">\n<h6>Precurores Quimicos : SEDRONAR<\/h6>\n<\/td>\n<td style=\"text-align: center;\">\n<h6>Investigadores<\/h6>\n<\/td>\n<td style=\"text-align: center;\">\n<h6>SHyS<\/h6>\n<\/td>\n<\/tr>\n<tr>\n<td style=\"text-align: center;\">\n<h6>Inducci\u00f3n a las buenas practicas de manufactura de alimentos<\/h6>\n<\/td>\n<td style=\"text-align: center;\">\n<h6>Jard\u00edn de Infantes. Comedores.Bares<\/h6>\n<\/td>\n<td style=\"text-align: center;\">\n<h6>SHyS<\/h6>\n<\/td>\n<\/tr>\n<tr>\n<td style=\"text-align: center;\">\n<h6>Taller: Gesti\u00f3n de Residuos Peligroso y Pat\u00f3genicos<\/h6>\n<\/td>\n<td style=\"text-align: center;\">\n<h6>Docentes e Investigadores<\/h6>\n<\/td>\n<td style=\"text-align: center;\">\n<h6>SHyS<\/h6>\n<\/td>\n<\/tr>\n<tr>\n<td style=\"text-align: center;\" rowspan=\"4\">\n<h5>ABRIL<\/h5>\n<\/td>\n<td style=\"text-align: center;\">\n<h6>Plan de Evacuaci\u00f3n de Exactas<\/h6>\n<\/td>\n<td style=\"text-align: center;\">\n<h6>Brigadistas, Seguridad y Control<\/h6>\n<\/td>\n<td style=\"text-align: center;\">\n<h6>SHyS<\/h6>\n<\/td>\n<\/tr>\n<tr>\n<td style=\"text-align: center;\">\n<h6>Taller : Pausa Activa<\/h6>\n<\/td>\n<td style=\"text-align: center;\">\n<h6>No Docentes<\/h6>\n<\/td>\n<td style=\"text-align: center;\">\n<h6>ART<\/h6>\n<\/td>\n<\/tr>\n<tr>\n<td style=\"text-align: center;\">\n<h6>Taller : Riegos Manipulaci\u00f3n de sustancias Qu\u00edmicas .Actuaci\u00f3n ante casos de derrames<\/h6>\n<\/td>\n<td style=\"text-align: center;\">\n<h6>Docentes e Investigadores<\/h6>\n<\/td>\n<td style=\"text-align: center;\">\n<h6>SHyS<\/h6>\n<\/td>\n<\/tr>\n<tr>\n<td style=\"text-align: center;\">\n<h6>Planes de Protecci\u00f3n , An\u00e1lisis de Riesgo<\/h6>\n<\/td>\n<td style=\"text-align: center;\">\n<h6>Docentes &#8211; Investigadores<\/h6>\n<\/td>\n<td style=\"text-align: center;\">\n<h6>ART<\/h6>\n<\/td>\n<\/tr>\n<tr>\n<td style=\"text-align: center;\" rowspan=\"4\">\n<h5>MAYO<\/h5>\n<\/td>\n<td style=\"text-align: center;\">\n<h6>Taller : Prevenci\u00f3n de Incendio<\/h6>\n<\/td>\n<td style=\"text-align: center;\">\n<h6>Docentes, No Docentes e Investigadores<\/h6>\n<\/td>\n<td style=\"text-align: center;\">\n<h6>SHYS<\/h6>\n<\/td>\n<\/tr>\n<tr>\n<td style=\"text-align: center;\">\n<h6>RCP: Uso de DEA\u00b4s .<\/h6>\n<\/td>\n<td style=\"text-align: center;\">\n<h6>Todos<\/h6>\n<\/td>\n<td style=\"text-align: center;\">\n<h6>ART<\/h6>\n<\/td>\n<\/tr>\n<tr>\n<td style=\"text-align: center;\">\n<h6>Prevenci\u00f3n en Tareas de Campo<\/h6>\n<\/td>\n<td style=\"text-align: center;\">\n<h6>Investigadores<\/h6>\n<\/td>\n<td style=\"text-align: center;\">\n<h6>SHyS<\/h6>\n<\/td>\n<\/tr>\n<tr>\n<td style=\"text-align: center;\">\n<h6>Taller : Riesgo de Manipulaci\u00f3n de Sustancias Qu\u00edmicas y Biol\u00f3gicas<\/h6>\n<\/td>\n<td style=\"text-align: center;\">\n<h6>No Docentes<\/h6>\n<\/td>\n<td style=\"text-align: center;\">\n<h6>SHyS<\/h6>\n<\/td>\n<\/tr>\n<tr>\n<td style=\"text-align: center;\" rowspan=\"5\">\n<h5>JUNIO<\/h5>\n<\/td>\n<td style=\"text-align: center;\">\n<h6>Transporte y Manipulaci\u00f3n de cilindros de gases a presi\u00f3n y l\u00edquidos criog\u00e9nicos<\/h6>\n<\/td>\n<td style=\"text-align: center;\">\n<h6>Docentes, No Docentes e Investigadores<\/h6>\n<\/td>\n<td style=\"text-align: center;\">\n<h6>Empresa<\/h6>\n<\/td>\n<\/tr>\n<tr>\n<td style=\"text-align: center;\">\n<h6>RCP: Uso de DEA\u00b4s .<\/h6>\n<\/td>\n<td style=\"text-align: center;\">\n<h6>Todos<\/h6>\n<\/td>\n<td style=\"text-align: center;\">\n<h6>ART<\/h6>\n<\/td>\n<\/tr>\n<tr>\n<td style=\"text-align: center;\">\n<h6>Manejo Manual de Carga<\/h6>\n<\/td>\n<td style=\"text-align: center;\">\n<h6>No Docentes<\/h6>\n<\/td>\n<td style=\"text-align: center;\">\n<h6>ART<\/h6>\n<\/td>\n<\/tr>\n<tr>\n<td style=\"text-align: center;\">\n<h6>Primeros Auxilios<\/h6>\n<\/td>\n<td style=\"text-align: center;\">\n<h6>Docentes- No docentes- Investigadores<\/h6>\n<\/td>\n<td style=\"text-align: center;\">\n<h6>SHyS .<\/h6>\n<\/td>\n<\/tr>\n<tr>\n<td style=\"text-align: center;\">\n<h6>Limpieza y Desinfecci\u00f3n :POES<\/h6>\n<\/td>\n<td style=\"text-align: center;\">\n<h6>Jardin Maternal, Comedores , Bares<\/h6>\n<\/td>\n<td style=\"text-align: center;\">\n<h6>SHYS .<\/h6>\n<\/td>\n<\/tr>\n<tr>\n<td style=\"text-align: center;\" rowspan=\"1\">\n<h5>JULIO<\/h5>\n<\/td>\n<td style=\"text-align: center;\">\n<h6>RCP: Uso de DEA`s<\/h6>\n<\/td>\n<td style=\"text-align: center;\">\n<h6>Todos<\/h6>\n<\/td>\n<td style=\"text-align: center;\">\n<h6>ART<\/h6>\n<\/td>\n<\/tr>\n<\/tbody>\n<\/table>\n<p>&nbsp;<\/p>\n<h1><\/h1>\n<h1><\/h1>\n<h1>Segundo Semestre<\/h1>\n<p>&nbsp;<\/p>\n<table class=\"egt\" border=\"2\" width=\"100%\">\n<tbody>\n<tr>\n<th>\n<h5>MES<\/h5>\n<\/th>\n<th>\n<h5>TEMA<\/h5>\n<\/th>\n<th>\n<h5>DESTINADO A<\/h5>\n<\/th>\n<th>\n<h5>REALIZADO POR<\/h5>\n<\/th>\n<\/tr>\n<tr>\n<td style=\"text-align: center;\" rowspan=\"5\">\n<h5>AGOSTO<\/h5>\n<\/td>\n<td style=\"text-align: center;\">\n<h6>RCP. Uso de DEA\u00b4s<\/h6>\n<\/td>\n<td style=\"text-align: center;\">\n<h6>Todos<\/h6>\n<\/td>\n<td style=\"text-align: center;\">\n<h6>ART<\/h6>\n<\/td>\n<\/tr>\n<tr>\n<td style=\"text-align: center;\">\n<h6>Bioseguridad: Gabinetes de Seguridad Biol\u00f3gica<\/h6>\n<\/td>\n<td style=\"text-align: center;\">\n<h6>Usuarios de GSB<\/h6>\n<\/td>\n<td style=\"text-align: center;\">\n<h6>SHyS<\/h6>\n<\/td>\n<\/tr>\n<tr>\n<td style=\"text-align: center;\">\n<h6>Trabajo en Equipo<\/h6>\n<\/td>\n<td style=\"text-align: center;\">\n<h6>No docentes<\/h6>\n<\/td>\n<td style=\"text-align: center;\">\n<h6>ART<\/h6>\n<\/td>\n<\/tr>\n<tr>\n<td style=\"text-align: center;\">\n<h6>Taller: Gesti\u00f3n de Residuos Peligroso y Pat\u00f3genicos<\/h6>\n<\/td>\n<td style=\"text-align: center;\">\n<h6>Docentes e Investigadores<\/h6>\n<\/td>\n<td style=\"text-align: center;\">\n<h6>SHyS<\/h6>\n<\/td>\n<\/tr>\n<tr>\n<td style=\"text-align: center;\">\n<h6>Visitas Inesperadas: Ofidios<\/h6>\n<\/td>\n<td style=\"text-align: center;\">\n<h6>Todos<\/h6>\n<\/td>\n<td style=\"text-align: center;\">\n<h6>ANLIS-MALBRAN<\/h6>\n<\/td>\n<\/tr>\n<tr>\n<td style=\"text-align: center;\" rowspan=\"6\">\n<h5>SEPTIEMBRE \u00a0.<\/h5>\n<\/td>\n<td style=\"text-align: center;\">\n<h6>\u00a0<a href=\"https:\/\/exactas.uba.ar\/higieneyseguridad\/brigadistas\/actividad\/\">Brigadistas : Actuaci\u00f3n en caso de Emergencia<\/a><\/h6>\n<\/td>\n<td style=\"text-align: center;\">\n<h6>Brigadistas, Seguridad y Control<\/h6>\n<\/td>\n<td style=\"text-align: center;\">\n<h6>Ing. Edgardo Mazzei<\/h6>\n<\/td>\n<\/tr>\n<tr>\n<td style=\"text-align: center;\">\n<h6>Taller : Orden y Limpieza . Uso y conservaci\u00f3n de Elementos de Protecci\u00f3n Personal<\/h6>\n<\/td>\n<td style=\"text-align: center;\">\n<h6>No Docentes y Personal de Apoyo<\/h6>\n<\/td>\n<td style=\"text-align: center;\">\n<h6>SHyS<\/h6>\n<\/td>\n<\/tr>\n<tr>\n<td style=\"text-align: center;\">\n<h6>Riesgos F\u00edsicos y Qu\u00edmicos<\/h6>\n<\/td>\n<td style=\"text-align: center;\">\n<h6>Docentes e Investigadores<\/h6>\n<\/td>\n<td style=\"text-align: center;\">\n<h6>SHyS<\/h6>\n<\/td>\n<\/tr>\n<tr>\n<td style=\"text-align: center;\">\n<h6>RCP: Uso de DEA\u00b4s .<\/h6>\n<\/td>\n<td style=\"text-align: center;\">\n<h6>Docentes- No Docentes<\/h6>\n<\/td>\n<td style=\"text-align: center;\">\n<h6>ART<\/h6>\n<\/td>\n<\/tr>\n<tr>\n<td style=\"text-align: center;\">\n<h6>Radiaciones Ionizantes y Radiaciones No Ionizantes<\/h6>\n<\/td>\n<td style=\"text-align: center;\">\n<h6>Docentes e Investigadores<\/h6>\n<\/td>\n<td style=\"text-align: center;\">\n<h6>A Confirmar<\/h6>\n<\/td>\n<\/tr>\n<tr>\n<td style=\"text-align: center;\">\n<h6>Rotulaci\u00f3n de Alimentos Envasados<\/h6>\n<\/td>\n<td style=\"text-align: center;\">\n<h6>Jard\u00edn Maternal, Comedores Y Bares<\/h6>\n<\/td>\n<td style=\"text-align: center;\">\n<h6>SHyS \u00a0.<\/h6>\n<\/td>\n<\/tr>\n<tr>\n<td style=\"text-align: center;\" rowspan=\"5\">\n<h5>OCTUBRE \u00a0.<\/h5>\n<\/td>\n<td style=\"text-align: center;\">\n<h6>Taller : Taller : Uso y Cuidado de la Voz<\/h6>\n<\/td>\n<td style=\"text-align: center;\">\n<h6>Docentes<\/h6>\n<\/td>\n<td style=\"text-align: center;\">\n<h6>ART<\/h6>\n<\/td>\n<\/tr>\n<tr>\n<td style=\"text-align: center;\">\n<h6>RCP: Uso de DEA\u00b4s<\/h6>\n<\/td>\n<td style=\"text-align: center;\">\n<h6>Todos<\/h6>\n<\/td>\n<td style=\"text-align: center;\">\n<h6>ART<\/h6>\n<\/td>\n<\/tr>\n<tr>\n<td style=\"text-align: center;\">\n<h6>Manejo del BioRiesgo<\/h6>\n<\/td>\n<td style=\"text-align: center;\">\n<h6>Investigadores que manejan material biol\u00f3gico<\/h6>\n<\/td>\n<td style=\"text-align: center;\">\n<h6>SHyS<\/h6>\n<\/td>\n<\/tr>\n<tr>\n<td style=\"text-align: center;\">\n<h6><a href=\"https:\/\/exactas.uba.ar\/higieneyseguridad\/capacitaciones\/capacitaciones2019\/manejo-seguro-de-laseres\/\">Manejo Seguro de L\u00e1seres<\/a><\/h6>\n<\/td>\n<td style=\"text-align: center;\">\n<h6>Usuarios de Las\u00e9res<\/h6>\n<\/td>\n<td style=\"text-align: center;\">\n<h6>Dto. Fisica<\/h6>\n<\/td>\n<\/tr>\n<tr>\n<td style=\"text-align: center;\">\n<h6>Taller: Uso de Medios de Extinci\u00f3n<\/h6>\n<\/td>\n<td style=\"text-align: center;\">\n<h6>Brigadistas y Seguridad Y Control<\/h6>\n<\/td>\n<td style=\"text-align: center;\">\n<h6>SHyS .<\/h6>\n<\/td>\n<\/tr>\n<tr>\n<td style=\"text-align: center;\" rowspan=\"5\">\n<h5>NOVIEMBRE<\/h5>\n<\/td>\n<td style=\"text-align: center;\">\n<h6>Taller: Manejo de Central de Alarmas<\/h6>\n<\/td>\n<td style=\"text-align: center;\">\n<h6>Seguridad y Control<\/h6>\n<\/td>\n<td style=\"text-align: center;\">\n<h6>Empresa<\/h6>\n<\/td>\n<\/tr>\n<tr>\n<td style=\"text-align: center;\">\n<h6>RCP: Uso de DEA\u00b4s<\/h6>\n<\/td>\n<td style=\"text-align: center;\">\n<h6>Todos<\/h6>\n<\/td>\n<td style=\"text-align: center;\">\n<h6>ART<\/h6>\n<\/td>\n<\/tr>\n<tr>\n<td style=\"text-align: center;\">\n<h6>Trabajo En Equipo<\/h6>\n<\/td>\n<td style=\"text-align: center;\">\n<h6>No Docentes .<\/h6>\n<\/td>\n<td style=\"text-align: center;\">\n<h6>ART<\/h6>\n<\/td>\n<\/tr>\n<tr>\n<td style=\"text-align: center;\">\n<h6>Primeros Auxilios<\/h6>\n<\/td>\n<td style=\"text-align: center;\">\n<h6>Docentes- No docentes- Investigadores<\/h6>\n<\/td>\n<td style=\"text-align: center;\">\n<h6>SHyS .<\/h6>\n<\/td>\n<\/tr>\n<tr>\n<td style=\"text-align: center;\">\n<h6>Respuesta a Emergencias con Materiales Peligrosos<\/h6>\n<\/td>\n<td style=\"text-align: center;\">\n<h6>Brigadistas- Seguridad y Control &#8211; SHyS<\/h6>\n<\/td>\n<td style=\"text-align: center;\">\n<h6>Bomberos .<\/h6>\n<\/td>\n<\/tr>\n<tr>\n<td style=\"text-align: center;\" rowspan=\"2\">\n<h5>DICIEMBRE \u00a0.<\/h5>\n<\/td>\n<td style=\"text-align: center;\">\n<h6>An\u00e1lisis de Riesgo en el Trabajo<\/h6>\n<\/td>\n<td style=\"text-align: center;\">\n<h6>Investigadores y Docentes<\/h6>\n<\/td>\n<td style=\"text-align: center;\">\n<h6>SHyS<\/h6>\n<\/td>\n<\/tr>\n<tr>\n<td style=\"text-align: center;\">\n<h6>RCP: Uso de DEA\u00b4s .<\/h6>\n<\/td>\n<td style=\"text-align: center;\">\n<h6>Todos<\/h6>\n<\/td>\n<td style=\"text-align: center;\">\n<h6>ART<\/h6>\n<\/td>\n<\/tr>\n<\/tbody>\n<\/table>\n<p>&nbsp;<\/p>\n","protected":false},"excerpt":{"rendered":"Primer Semestre &nbsp; MES TEMA DESTINADO A REALIZADO POR MARZO RCP. Uso de DEA\u00b4s Todos ART Precurores Quimicos : SEDRONAR Investigadores SHyS Inducci\u00f3n a las buenas practicas de manufactura de alimentos Jard\u00edn de Infantes. Comedores.Bares SHyS Taller: Gesti\u00f3n de Residuos Peligroso y Pat\u00f3genicos Docentes e Investigadores SHyS ABRIL Plan de Evacuaci\u00f3n de Exactas Brigadistas, Seguridad&#8230; <a class=\"view-article\" href=\"https:\/\/exactas.uba.ar\/higieneyseguridad\/capacitaciones\/capacitaciones2019\/\">LEER +<\/a>","protected":false},"author":2,"featured_media":0,"parent":194,"menu_order":15,"comment_status":"closed","ping_status":"closed","template":"","meta":{"_acf_changed":false,"footnotes":""},"class_list":["post-725","page","type-page","status-publish","hentry"],"acf":[],"_links":{"self":[{"href":"https:\/\/exactas.uba.ar\/higieneyseguridad\/wp-json\/wp\/v2\/pages\/725","targetHints":{"allow":["GET"]}}],"collection":[{"href":"https:\/\/exactas.uba.ar\/higieneyseguridad\/wp-json\/wp\/v2\/pages"}],"about":[{"href":"https:\/\/exactas.uba.ar\/higieneyseguridad\/wp-json\/wp\/v2\/types\/page"}],"author":[{"embeddable":true,"href":"https:\/\/exactas.uba.ar\/higieneyseguridad\/wp-json\/wp\/v2\/users\/2"}],"replies":[{"embeddable":true,"href":"https:\/\/exactas.uba.ar\/higieneyseguridad\/wp-json\/wp\/v2\/comments?post=725"}],"version-history":[{"count":27,"href":"https:\/\/exactas.uba.ar\/higieneyseguridad\/wp-json\/wp\/v2\/pages\/725\/revisions"}],"predecessor-version":[{"id":8196,"href":"https:\/\/exactas.uba.ar\/higieneyseguridad\/wp-json\/wp\/v2\/pages\/725\/revisions\/8196"}],"up":[{"embeddable":true,"href":"https:\/\/exactas.uba.ar\/higieneyseguridad\/wp-json\/wp\/v2\/pages\/194"}],"wp:attachment":[{"href":"https:\/\/exactas.uba.ar\/higieneyseguridad\/wp-json\/wp\/v2\/media?parent=725"}],"curies":[{"name":"wp","href":"https:\/\/api.w.org\/{rel}","templated":true}]}}