{"id":7129,"date":"2024-03-13T18:10:01","date_gmt":"2024-03-13T18:10:01","guid":{"rendered":"https:\/\/exactas.uba.ar\/higieneyseguridad\/?page_id=7129"},"modified":"2024-08-05T15:12:04","modified_gmt":"2024-08-05T15:12:04","slug":"uso-y-cuidado-de-la-voz","status":"publish","type":"page","link":"https:\/\/exactas.uba.ar\/higieneyseguridad\/uso-y-cuidado-de-la-voz\/","title":{"rendered":"Uso y cuidado de la voz"},"content":{"rendered":"<h3><strong>OBJETIVOS DE LA CAPACITACI\u00d3N<\/strong><\/h3>\n<p>Aprender ejercicios y cuidados que podemos realizar para poder trabajar con nuestra voz de manera sana, sobre todo a la hora de interactuar con grupos grandes de personas.<\/p>\n<h3><strong>A QUI\u00c9N EST\u00c1 DIRIGIDA<\/strong><\/h3>\n<p>Docentes.<\/p>\n<h3><strong>A QU\u00c9 NIVEL PERTENECE<\/strong><\/h3>\n<p><em>NIVEL 2 \u2013<\/em>estas capacitaciones son obligatorias seg\u00fan la actividad que realicen en la FCEN<\/p>\n<h3><strong>FORMULARIO DE INSCRIPCI\u00d3N<\/strong><\/h3>\n<p>AGOSTO: Nivel II\u00a0<a href=\"https:\/\/forms.gle\/UGCi3egU6KStPqr58\">Formulario de Inscripci\u00f3n<\/a><br \/>\nViernes 16\/08 a las 11hs &#8211; Modalidad Presencial<br \/>\nDictada por PROVINCIA ART<\/p>\n<p>JULIO: Nivel I\u00a0<a href=\"https:\/\/forms.gle\/jtyFhSwxQoZB7swG7\">Formulario de Inscripci\u00f3n<\/a><br \/>\nMi\u00e9rcoles 03\/07 a las 17hs \u2013 Modalidad Presencial<br \/>\nDictada por PROVINCIA ART<\/p>\n<p>JUNIO: Nivel II\u00a0<a href=\"https:\/\/forms.gle\/GZNxUqd49L9SMjgd9\">Formulario de Inscripci\u00f3n<\/a><br \/>\nViernes 28\/06 a las 13.30hs &#8211; Modalidad Presencial<br \/>\nDictada por PROVINCIA ART<\/p>\n","protected":false},"excerpt":{"rendered":"OBJETIVOS DE LA CAPACITACI\u00d3N Aprender ejercicios y cuidados que podemos realizar para poder trabajar con nuestra voz de manera sana, sobre todo a la hora de interactuar con grupos grandes de personas. A QUI\u00c9N EST\u00c1 DIRIGIDA Docentes. A QU\u00c9 NIVEL PERTENECE NIVEL 2 \u2013estas capacitaciones son obligatorias seg\u00fan la actividad que realicen en la FCEN&#8230; <a class=\"view-article\" href=\"https:\/\/exactas.uba.ar\/higieneyseguridad\/uso-y-cuidado-de-la-voz\/\">LEER +<\/a>","protected":false},"author":2,"featured_media":0,"parent":0,"menu_order":0,"comment_status":"closed","ping_status":"closed","template":"","meta":{"_acf_changed":false,"footnotes":""},"class_list":["post-7129","page","type-page","status-publish","hentry"],"acf":[],"_links":{"self":[{"href":"https:\/\/exactas.uba.ar\/higieneyseguridad\/wp-json\/wp\/v2\/pages\/7129","targetHints":{"allow":["GET"]}}],"collection":[{"href":"https:\/\/exactas.uba.ar\/higieneyseguridad\/wp-json\/wp\/v2\/pages"}],"about":[{"href":"https:\/\/exactas.uba.ar\/higieneyseguridad\/wp-json\/wp\/v2\/types\/page"}],"author":[{"embeddable":true,"href":"https:\/\/exactas.uba.ar\/higieneyseguridad\/wp-json\/wp\/v2\/users\/2"}],"replies":[{"embeddable":true,"href":"https:\/\/exactas.uba.ar\/higieneyseguridad\/wp-json\/wp\/v2\/comments?post=7129"}],"version-history":[{"count":5,"href":"https:\/\/exactas.uba.ar\/higieneyseguridad\/wp-json\/wp\/v2\/pages\/7129\/revisions"}],"predecessor-version":[{"id":7717,"href":"https:\/\/exactas.uba.ar\/higieneyseguridad\/wp-json\/wp\/v2\/pages\/7129\/revisions\/7717"}],"wp:attachment":[{"href":"https:\/\/exactas.uba.ar\/higieneyseguridad\/wp-json\/wp\/v2\/media?parent=7129"}],"curies":[{"name":"wp","href":"https:\/\/api.w.org\/{rel}","templated":true}]}}