{"id":7126,"date":"2024-03-13T18:01:51","date_gmt":"2024-03-13T18:01:51","guid":{"rendered":"https:\/\/exactas.uba.ar\/higieneyseguridad\/?page_id=7126"},"modified":"2024-03-13T18:01:51","modified_gmt":"2024-03-13T18:01:51","slug":"taller-de-derrame-de-sustancias-quimicas","status":"publish","type":"page","link":"https:\/\/exactas.uba.ar\/higieneyseguridad\/taller-de-derrame-de-sustancias-quimicas\/","title":{"rendered":"Taller de derrame de sustancias qu\u00edmicas"},"content":{"rendered":"<h3><strong>OBJETIVOS DE LA CAPACITACI\u00d3N<\/strong><\/h3>\n<p>Verificar los procedimientos que se deben implementar ante las distintas situaciones que se presentan a diario en el trabajo de laboratorio.<\/p>\n<h3><strong>A QUI\u00c9N EST\u00c1 DIRIGIDA<\/strong><\/h3>\n<p>Investigadores, Docentes y Personal de apoyo.<\/p>\n<h3><strong>A QU\u00c9 NIVEL PERTENECE<\/strong><\/h3>\n<p><em>NIVEL 2 \u2013<\/em>estas capacitaciones son obligatorias seg\u00fan la actividad que realicen en la FCEN<\/p>\n<h3><strong>FORMULARIO DE INSCRIPCI\u00d3N<\/strong><\/h3>\n<p>Se publicar\u00e1 en cuanto se confirme fecha y hora de la capacitaci\u00f3n.<\/p>\n","protected":false},"excerpt":{"rendered":"OBJETIVOS DE LA CAPACITACI\u00d3N Verificar los procedimientos que se deben implementar ante las distintas situaciones que se presentan a diario en el trabajo de laboratorio. A QUI\u00c9N EST\u00c1 DIRIGIDA Investigadores, Docentes y Personal de apoyo. A QU\u00c9 NIVEL PERTENECE NIVEL 2 \u2013estas capacitaciones son obligatorias seg\u00fan la actividad que realicen en la FCEN FORMULARIO DE&#8230; <a class=\"view-article\" href=\"https:\/\/exactas.uba.ar\/higieneyseguridad\/taller-de-derrame-de-sustancias-quimicas\/\">LEER +<\/a>","protected":false},"author":2,"featured_media":0,"parent":0,"menu_order":0,"comment_status":"closed","ping_status":"closed","template":"","meta":{"_acf_changed":false,"footnotes":""},"class_list":["post-7126","page","type-page","status-publish","hentry"],"acf":[],"_links":{"self":[{"href":"https:\/\/exactas.uba.ar\/higieneyseguridad\/wp-json\/wp\/v2\/pages\/7126","targetHints":{"allow":["GET"]}}],"collection":[{"href":"https:\/\/exactas.uba.ar\/higieneyseguridad\/wp-json\/wp\/v2\/pages"}],"about":[{"href":"https:\/\/exactas.uba.ar\/higieneyseguridad\/wp-json\/wp\/v2\/types\/page"}],"author":[{"embeddable":true,"href":"https:\/\/exactas.uba.ar\/higieneyseguridad\/wp-json\/wp\/v2\/users\/2"}],"replies":[{"embeddable":true,"href":"https:\/\/exactas.uba.ar\/higieneyseguridad\/wp-json\/wp\/v2\/comments?post=7126"}],"version-history":[{"count":1,"href":"https:\/\/exactas.uba.ar\/higieneyseguridad\/wp-json\/wp\/v2\/pages\/7126\/revisions"}],"predecessor-version":[{"id":7127,"href":"https:\/\/exactas.uba.ar\/higieneyseguridad\/wp-json\/wp\/v2\/pages\/7126\/revisions\/7127"}],"wp:attachment":[{"href":"https:\/\/exactas.uba.ar\/higieneyseguridad\/wp-json\/wp\/v2\/media?parent=7126"}],"curies":[{"name":"wp","href":"https:\/\/api.w.org\/{rel}","templated":true}]}}