{"id":7100,"date":"2024-03-13T14:27:16","date_gmt":"2024-03-13T14:27:16","guid":{"rendered":"https:\/\/exactas.uba.ar\/higieneyseguridad\/?page_id=7100"},"modified":"2024-05-02T16:36:16","modified_gmt":"2024-05-02T16:36:16","slug":"plan-de-evacuacion-y-emergencias","status":"publish","type":"page","link":"https:\/\/exactas.uba.ar\/higieneyseguridad\/plan-de-evacuacion-y-emergencias\/","title":{"rendered":"Plan de evacuaci\u00f3n y emergencias"},"content":{"rendered":"<h3><strong>OBJETIVOS DE LA CAPACITACI\u00d3N<\/strong><\/h3>\n<p>Comprender e integrar el protocolo y los puntos de encuentro a la hora de enfrentar una situaci\u00f3n que requiera evacuaci\u00f3n del edificio.<\/p>\n<h3><strong>A QUI\u00c9N EST\u00c1 DIRIGIDA<\/strong><\/h3>\n<p>A toda la Comunidad de FCEN.<\/p>\n<h3><strong>A QU\u00c9 NIVEL PERTENECE<\/strong><\/h3>\n<p><em>NIVEL 1 \u2013\u00a0<\/em>compuesto por aquellas capacitaciones que son para todos los trabajadores de la FCEN sin importar su jerarqu\u00eda, antig\u00fcedad o puesto de trabajo.<\/p>\n<p>(*) Estas capacitaciones se encuentran incluidas en el listado de capacitaciones obligatorias exigidas en la Res. 905\/2015<\/p>\n<h3><strong>FORMULARIO DE INSCRIPCI\u00d3N<\/strong><\/h3>\n<p>MAYO:\u00a0<a href=\"https:\/\/forms.gle\/Z4w9QQnNUmSw2Ecq7\">Formulario de Inscripci\u00f3n<\/a><br \/>\nLunes 13\/04 a las 15hs &#8211; Modalidad Presencial<br \/>\nDictada por Lic. Teresa MArzola &#8211; SHYS<\/p>\n","protected":false},"excerpt":{"rendered":"OBJETIVOS DE LA CAPACITACI\u00d3N Comprender e integrar el protocolo y los puntos de encuentro a la hora de enfrentar una situaci\u00f3n que requiera evacuaci\u00f3n del edificio. A QUI\u00c9N EST\u00c1 DIRIGIDA A toda la Comunidad de FCEN. A QU\u00c9 NIVEL PERTENECE NIVEL 1 \u2013\u00a0compuesto por aquellas capacitaciones que son para todos los trabajadores de la FCEN&#8230; <a class=\"view-article\" href=\"https:\/\/exactas.uba.ar\/higieneyseguridad\/plan-de-evacuacion-y-emergencias\/\">LEER +<\/a>","protected":false},"author":2,"featured_media":0,"parent":0,"menu_order":0,"comment_status":"closed","ping_status":"closed","template":"","meta":{"_acf_changed":false,"footnotes":""},"class_list":["post-7100","page","type-page","status-publish","hentry"],"acf":[],"_links":{"self":[{"href":"https:\/\/exactas.uba.ar\/higieneyseguridad\/wp-json\/wp\/v2\/pages\/7100","targetHints":{"allow":["GET"]}}],"collection":[{"href":"https:\/\/exactas.uba.ar\/higieneyseguridad\/wp-json\/wp\/v2\/pages"}],"about":[{"href":"https:\/\/exactas.uba.ar\/higieneyseguridad\/wp-json\/wp\/v2\/types\/page"}],"author":[{"embeddable":true,"href":"https:\/\/exactas.uba.ar\/higieneyseguridad\/wp-json\/wp\/v2\/users\/2"}],"replies":[{"embeddable":true,"href":"https:\/\/exactas.uba.ar\/higieneyseguridad\/wp-json\/wp\/v2\/comments?post=7100"}],"version-history":[{"count":5,"href":"https:\/\/exactas.uba.ar\/higieneyseguridad\/wp-json\/wp\/v2\/pages\/7100\/revisions"}],"predecessor-version":[{"id":7582,"href":"https:\/\/exactas.uba.ar\/higieneyseguridad\/wp-json\/wp\/v2\/pages\/7100\/revisions\/7582"}],"wp:attachment":[{"href":"https:\/\/exactas.uba.ar\/higieneyseguridad\/wp-json\/wp\/v2\/media?parent=7100"}],"curies":[{"name":"wp","href":"https:\/\/api.w.org\/{rel}","templated":true}]}}