{"id":7092,"date":"2024-03-13T14:16:55","date_gmt":"2024-03-13T14:16:55","guid":{"rendered":"https:\/\/exactas.uba.ar\/higieneyseguridad\/?page_id=7092"},"modified":"2025-10-30T17:50:48","modified_gmt":"2025-10-30T17:50:48","slug":"primeros-auxilios","status":"publish","type":"page","link":"https:\/\/exactas.uba.ar\/higieneyseguridad\/primeros-auxilios\/","title":{"rendered":"Primeros Auxilios"},"content":{"rendered":"<h3><strong>OBJETIVOS DE LA CAPACITACI\u00d3N<\/strong><\/h3>\n<p>Incorporar conductas y herramientas que nos permitan actuar ante distintas situaciones, tanto dentro como fuera del \u00e1mbito laboral.<\/p>\n<h3><strong>A QUI\u00c9N EST\u00c1 DIRIGIDA<\/strong><\/h3>\n<p>Brigadistas, Docentes, No Docentes, Personal de Seguridad e Investigadores.<\/p>\n<h3><strong>A QU\u00c9 NIVEL PERTENECE<\/strong><\/h3>\n<p><em>NIVEL 1 \u2013\u00a0<\/em>compuesto por aquellas capacitaciones que son para todos los trabajadores de la FCEN sin importar su jerarqu\u00eda, antig\u00fcedad o puesto de trabajo.<\/p>\n<h3><strong>FORMULARIO DE INSCRIPCI\u00d3N<\/strong><\/h3>\n<p>Abril\u00a0 \u00a0: <a href=\"https:\/\/forms.gle\/yZY1Nfmg5J4DB7Tq6\">Formulario de Inscripci\u00f3n<\/a><br \/>\nMiercoles 9\/04\/2025\u00a0 a las 10 horas &#8211; Modalidad Presencial<br \/>\nDictada por PROVINCIA ART<\/p>\n<p>ABRIL: <a href=\"https:\/\/forms.gle\/bDUqnkJLG99KH7fQ6\">Formulario de Inscripci\u00f3n<\/a><br \/>\nMartes 29\/04\/2025\u00a0 a las 14.00hs &#8211; Modalidad Presencial<br \/>\nDictada por\u00a0 PREVENCION ART<\/p>\n<p>Duraci\u00f3n estimada: 180 minutos. Se dictar\u00e1 junto con Reanimaci\u00f3n CardioPulmonar.<\/p>\n<p>&nbsp;<\/p>\n<p>SEPTIEMBRE: <a href=\"https:\/\/forms.gle\/mo6NVcUo8JsyGmUZ6\">Formulario de inscripci\u00f3n<\/a><\/p>\n<p>Se dictar\u00e1 junto con Reanimaci\u00f3n Cardio Pulmonar.<\/p>\n<p>Viernes 19\/09\/2025 -10 a 13 hs &#8211; Sal\u00f3n Roberto Arlt (Planta Baja Pabell\u00f3n 2)<\/p>\n<p>Duraci\u00f3n 180 minutos.<\/p>\n<p>&nbsp;<\/p>\n<p>NOVIEMBRE &#8211; <a href=\"https:\/\/forms.gle\/2otk9xGNZu9a6qcy9\">Formulario de inscripci\u00f3n<\/a><\/p>\n<p>Se dictar\u00e1 junto con Reanimaci\u00f3n Cardio Pulmonar.<\/p>\n<p>Jueves 13\/11\/2025 desde las 11 en espacio a confirmar &#8211; Modalidad Presencial.<\/p>\n<div>Duraci\u00f3n aproximada: 180minutos.<\/p>\n<div>Capacitador PREVENCI\u00d3N ART<\/p>\n<div><\/div>\n<\/div>\n<\/div>\n","protected":false},"excerpt":{"rendered":"OBJETIVOS DE LA CAPACITACI\u00d3N Incorporar conductas y herramientas que nos permitan actuar ante distintas situaciones, tanto dentro como fuera del \u00e1mbito laboral. A QUI\u00c9N EST\u00c1 DIRIGIDA Brigadistas, Docentes, No Docentes, Personal de Seguridad e Investigadores. A QU\u00c9 NIVEL PERTENECE NIVEL 1 \u2013\u00a0compuesto por aquellas capacitaciones que son para todos los trabajadores de la FCEN sin&#8230; <a class=\"view-article\" href=\"https:\/\/exactas.uba.ar\/higieneyseguridad\/primeros-auxilios\/\">LEER +<\/a>","protected":false},"author":2,"featured_media":0,"parent":0,"menu_order":0,"comment_status":"closed","ping_status":"closed","template":"","meta":{"_acf_changed":false,"footnotes":""},"class_list":["post-7092","page","type-page","status-publish","hentry"],"acf":[],"_links":{"self":[{"href":"https:\/\/exactas.uba.ar\/higieneyseguridad\/wp-json\/wp\/v2\/pages\/7092","targetHints":{"allow":["GET"]}}],"collection":[{"href":"https:\/\/exactas.uba.ar\/higieneyseguridad\/wp-json\/wp\/v2\/pages"}],"about":[{"href":"https:\/\/exactas.uba.ar\/higieneyseguridad\/wp-json\/wp\/v2\/types\/page"}],"author":[{"embeddable":true,"href":"https:\/\/exactas.uba.ar\/higieneyseguridad\/wp-json\/wp\/v2\/users\/2"}],"replies":[{"embeddable":true,"href":"https:\/\/exactas.uba.ar\/higieneyseguridad\/wp-json\/wp\/v2\/comments?post=7092"}],"version-history":[{"count":13,"href":"https:\/\/exactas.uba.ar\/higieneyseguridad\/wp-json\/wp\/v2\/pages\/7092\/revisions"}],"predecessor-version":[{"id":8595,"href":"https:\/\/exactas.uba.ar\/higieneyseguridad\/wp-json\/wp\/v2\/pages\/7092\/revisions\/8595"}],"wp:attachment":[{"href":"https:\/\/exactas.uba.ar\/higieneyseguridad\/wp-json\/wp\/v2\/media?parent=7092"}],"curies":[{"name":"wp","href":"https:\/\/api.w.org\/{rel}","templated":true}]}}