{"id":6978,"date":"2024-02-21T00:04:45","date_gmt":"2024-02-21T00:04:45","guid":{"rendered":"https:\/\/exactas.uba.ar\/higieneyseguridad\/?page_id=6978"},"modified":"2025-03-18T16:24:13","modified_gmt":"2025-03-18T16:24:13","slug":"capacitaciones-2024","status":"publish","type":"page","link":"https:\/\/exactas.uba.ar\/higieneyseguridad\/capacitaciones\/capacitaciones-2024\/","title":{"rendered":"Capacitaciones  2024"},"content":{"rendered":"<p>Programa propuesto para el 2024 .<\/p>\n<p>Por distintos medios iremos informando\u00a0 : Dia, horario , lugar y como inscribirse con antelaci\u00f3n para poder programar la asistencia<\/p>\n<p>Seguiremos trabajando con los distintos sectores de la facultad en dos conceptos funtamentales :<\/p>\n<ul>\n<li style=\"list-style-type: none;\">\n<ul>\n<li style=\"list-style-type: none;\">\n<ul>\n<li><em><span style=\"color: #008080;\">Cultura de Seguridad<\/span><\/em><\/li>\n<li><em><span style=\"color: #008080;\">Percepcion del Riesgo<\/span><\/em><\/li>\n<\/ul>\n<\/li>\n<\/ul>\n<\/li>\n<\/ul>\n<p>&nbsp;<\/p>\n\n<table id=\"tablepress-15\" class=\"tablepress tablepress-id-15\">\n<thead>\n<tr class=\"row-1\">\n\t<th class=\"column-1\"><h6><b>NIVEL (a)<\/b><\/h6><\/th><th class=\"column-2\"><h6><b>TEMA - formulario de inscripci\u00f3n en el link de la capacitaci\u00f3n<\/b><\/h6><\/th><th class=\"column-3\"><h6><b>MAR<\/b><\/h6><\/th><th class=\"column-4\"><h6><b>ABR.<\/b><\/h6><\/th><th class=\"column-5\"><h6><b>MAY,<\/b><\/h6><\/th><th class=\"column-6\"><h6><b>JUN.<\/b><\/h6><\/th><th class=\"column-7\"><h6><b>JUL,<\/b><\/h6><\/th><th class=\"column-8\"><h6><b>AGO,<br \/>\n<\/b><\/h6><\/th><th class=\"column-9\"><h6><b>SEP,<\/b><\/h6><\/th><th class=\"column-10\"><h6><b>OCT,<br \/>\n<\/b><\/h6><\/th><th class=\"column-11\"><h6><b>NOV,<br \/>\n<\/b><\/h6><\/th>\n<\/tr>\n<\/thead>\n<tbody class=\"row-striping row-hover\">\n<tr class=\"row-2\">\n\t<td class=\"column-1\">1<\/td><td class=\"column-2\"><a href=\"https:\/\/exactas.uba.ar\/higieneyseguridad\/reanimacion-cardiopulmonar-y-uso-de-desfibrilador-externo-automatico\/\">Reanimaci\u00f3n Cardiopulmonar y uso de Desfibrilador Externo Autom\u00e1tico<\/a><\/td><td class=\"column-3\">X<\/td><td class=\"column-4\"><\/td><td class=\"column-5\">X<\/td><td class=\"column-6\">X<\/td><td class=\"column-7\"><\/td><td class=\"column-8\">X<\/td><td class=\"column-9\"><\/td><td class=\"column-10\">X<\/td><td class=\"column-11\"><\/td>\n<\/tr>\n<tr class=\"row-3\">\n\t<td class=\"column-1\">1<\/td><td class=\"column-2\"><a href=\"https:\/\/exactas.uba.ar\/higieneyseguridad\/primeros-auxilios\/\">Primeros Auxilios<\/a><\/td><td class=\"column-3\"><\/td><td class=\"column-4\">X<\/td><td class=\"column-5\"><\/td><td class=\"column-6\"><\/td><td class=\"column-7\"><\/td><td class=\"column-8\"><\/td><td class=\"column-9\">X<\/td><td class=\"column-10\"><\/td><td class=\"column-11\"><\/td>\n<\/tr>\n<tr class=\"row-4\">\n\t<td class=\"column-1\">1<\/td><td class=\"column-2\"><a href=\"https:\/\/exactas.uba.ar\/higieneyseguridad\/plan-de-evacuacion-y-emergencias\/\">Plan de evacuaci\u00f3n y emergencias (*)<\/a><\/td><td class=\"column-3\"><\/td><td class=\"column-4\"><\/td><td class=\"column-5\">X<\/td><td class=\"column-6\"><\/td><td class=\"column-7\"><\/td><td class=\"column-8\"><\/td><td class=\"column-9\"><\/td><td class=\"column-10\"><\/td><td class=\"column-11\"><\/td>\n<\/tr>\n<tr class=\"row-5\">\n\t<td class=\"column-1\">1<\/td><td class=\"column-2\"><a href=\"https:\/\/exactas.uba.ar\/higieneyseguridad\/prevencion-de-incendios\/\">Prevenci\u00f3n de incendios (*)<\/a><\/td><td class=\"column-3\"><\/td><td class=\"column-4\"><\/td><td class=\"column-5\"><\/td><td class=\"column-6\">X<\/td><td class=\"column-7\"><\/td><td class=\"column-8\"><\/td><td class=\"column-9\"><\/td><td class=\"column-10\"><\/td><td class=\"column-11\"><\/td>\n<\/tr>\n<tr class=\"row-6\">\n\t<td class=\"column-1\">1<\/td><td class=\"column-2\"><a href=\"https:\/\/exactas.uba.ar\/higieneyseguridad\/prevencion-de-riesgos-electricos\/\">Prevenci\u00f3n de riesgos el\u00e9ctricos (*)<\/a><\/td><td class=\"column-3\"><\/td><td class=\"column-4\"><\/td><td class=\"column-5\"><\/td><td class=\"column-6\"><\/td><td class=\"column-7\"><\/td><td class=\"column-8\"><\/td><td class=\"column-9\"><\/td><td class=\"column-10\"><\/td><td class=\"column-11\"><\/td>\n<\/tr>\n<tr class=\"row-7\">\n\t<td class=\"column-1\">1<\/td><td class=\"column-2\"><a href=\"https:\/\/exactas.uba.ar\/higieneyseguridad\/accidentes-in-itinere-y-educacion-vial\/\">Accidentes In Itinere y Educaci\u00f3n Vial<\/a><\/td><td class=\"column-3\">X<\/td><td class=\"column-4\"><\/td><td class=\"column-5\"><\/td><td class=\"column-6\"><\/td><td class=\"column-7\"><\/td><td class=\"column-8\"><\/td><td class=\"column-9\"><\/td><td class=\"column-10\"><\/td><td class=\"column-11\"><\/td>\n<\/tr>\n<tr class=\"row-8\">\n\t<td class=\"column-1\">1<\/td><td class=\"column-2\"><a href=\"https:\/\/exactas.uba.ar\/higieneyseguridad\/ergonomia-y-pausa-activa\/\">Ergonom\u00eda y pausa activa<\/a><\/td><td class=\"column-3\"><\/td><td class=\"column-4\"><\/td><td class=\"column-5\"><\/td><td class=\"column-6\">X<\/td><td class=\"column-7\"><\/td><td class=\"column-8\"><\/td><td class=\"column-9\"><\/td><td class=\"column-10\"><\/td><td class=\"column-11\"><\/td>\n<\/tr>\n<tr class=\"row-9\">\n\t<td class=\"column-1\">1<\/td><td class=\"column-2\"><a href=\"https:\/\/exactas.uba.ar\/higieneyseguridad\/habitos-saludables-y-controles-de-salud-para-la-prevencion-de-enfermedades-en-general\/\">H\u00e1bitos saludables y controles de salud para la prevenci\u00f3n de enfermedades en general<\/a><\/td><td class=\"column-3\"><\/td><td class=\"column-4\"><\/td><td class=\"column-5\"><\/td><td class=\"column-6\"><\/td><td class=\"column-7\"><\/td><td class=\"column-8\"><\/td><td class=\"column-9\"><\/td><td class=\"column-10\">X<\/td><td class=\"column-11\"><\/td>\n<\/tr>\n<tr class=\"row-10\">\n\t<td class=\"column-1\">1<\/td><td class=\"column-2\"><a href=\"https:\/\/exactas.uba.ar\/higieneyseguridad\/herramientas-comunicacionales-en-las-relaciones-laborales\/\">Herramientas comunicacionales en las relaciones laborales <\/a><\/td><td class=\"column-3\"><\/td><td class=\"column-4\"><\/td><td class=\"column-5\"><\/td><td class=\"column-6\">X<\/td><td class=\"column-7\"><\/td><td class=\"column-8\"><\/td><td class=\"column-9\"><\/td><td class=\"column-10\"><\/td><td class=\"column-11\"><\/td>\n<\/tr>\n<tr class=\"row-11\">\n\t<td class=\"column-1\">1<\/td><td class=\"column-2\"><a href=\"https:\/\/exactas.uba.ar\/higieneyseguridad\/trabajos-de-terceros-en-la-fcen\/\">Trabajos de terceros en la FCEN <\/a><\/td><td class=\"column-3\">X<\/td><td class=\"column-4\"><\/td><td class=\"column-5\"><\/td><td class=\"column-6\"><\/td><td class=\"column-7\"><\/td><td class=\"column-8\"><\/td><td class=\"column-9\"><\/td><td class=\"column-10\"><\/td><td class=\"column-11\"><\/td>\n<\/tr>\n<tr class=\"row-12\">\n\t<td class=\"column-1\">2<\/td><td class=\"column-2\"><a href=\"https:\/\/exactas.uba.ar\/higieneyseguridad\/normas-a-cumplir-dentro-del-laboratorio-control-de-exposicion-a-contaminantes-quimicos-trabajo-seguro-en-laboratorio-quimico\/\">Normas a cumplir dentro del laboratorio (Control de Exposici\u00f3n a Contaminantes Qu\u00edmicos -Trabajo Seguro en Laboratorio Qu\u00edmico)<\/a><\/td><td class=\"column-3\"><\/td><td class=\"column-4\"><\/td><td class=\"column-5\"><\/td><td class=\"column-6\"><\/td><td class=\"column-7\"><\/td><td class=\"column-8\"><\/td><td class=\"column-9\"><\/td><td class=\"column-10\"><\/td><td class=\"column-11\"><\/td>\n<\/tr>\n<tr class=\"row-13\">\n\t<td class=\"column-1\">2<\/td><td class=\"column-2\"><a href=\"https:\/\/exactas.uba.ar\/higieneyseguridad\/manipulacion-de-productos-quimicos-sistema-globalmente-armonizado-sga\/\">Manipulaci\u00f3n de productos qu\u00edmicos (Sistema Globalmente Armonizado (SGA))<\/a><\/td><td class=\"column-3\">X<\/td><td class=\"column-4\"><\/td><td class=\"column-5\"><\/td><td class=\"column-6\"><\/td><td class=\"column-7\"><\/td><td class=\"column-8\"><\/td><td class=\"column-9\"><\/td><td class=\"column-10\"><\/td><td class=\"column-11\"><\/td>\n<\/tr>\n<tr class=\"row-14\">\n\t<td class=\"column-1\">2<\/td><td class=\"column-2\"><a href=\"https:\/\/exactas.uba.ar\/higieneyseguridad\/uso-seguro-de-herramientas-y-maquinas\/\">Uso seguro de herramientas y m\u00e1quinas<\/a><\/td><td class=\"column-3\"><\/td><td class=\"column-4\"><\/td><td class=\"column-5\"><\/td><td class=\"column-6\"><\/td><td class=\"column-7\"><\/td><td class=\"column-8\"><\/td><td class=\"column-9\"><\/td><td class=\"column-10\">X<\/td><td class=\"column-11\"><\/td>\n<\/tr>\n<tr class=\"row-15\">\n\t<td class=\"column-1\">2<\/td><td class=\"column-2\"><a href=\"https:\/\/exactas.uba.ar\/higieneyseguridad\/taller-cultura-de-la-seguridad\/\">Taller: Cultura de la Seguridad<\/a><\/td><td class=\"column-3\"><\/td><td class=\"column-4\">X<\/td><td class=\"column-5\"><\/td><td class=\"column-6\"><\/td><td class=\"column-7\"><\/td><td class=\"column-8\"><\/td><td class=\"column-9\"><\/td><td class=\"column-10\"><\/td><td class=\"column-11\"><\/td>\n<\/tr>\n<tr class=\"row-16\">\n\t<td class=\"column-1\">3<\/td><td class=\"column-2\"><a href=\"https:\/\/exactas.uba.ar\/higieneyseguridad\/uso-de-elementos-de-extincion\/\">Uso de elementos de extinci\u00f3n<\/a><\/td><td class=\"column-3\"><\/td><td class=\"column-4\"><\/td><td class=\"column-5\"><\/td><td class=\"column-6\"><\/td><td class=\"column-7\"><\/td><td class=\"column-8\"><\/td><td class=\"column-9\"><\/td><td class=\"column-10\"><\/td><td class=\"column-11\">X<\/td>\n<\/tr>\n<tr class=\"row-17\">\n\t<td class=\"column-1\">2<\/td><td class=\"column-2\"><a href=\"https:\/\/exactas.uba.ar\/higieneyseguridad\/taller-de-derrame-de-sustancias-quimicas\/\">Taller de derrame de sustancias qu\u00edmicas<\/a><\/td><td class=\"column-3\"><\/td><td class=\"column-4\"><\/td><td class=\"column-5\"><\/td><td class=\"column-6\"><\/td><td class=\"column-7\"><\/td><td class=\"column-8\"><\/td><td class=\"column-9\"><\/td><td class=\"column-10\"><\/td><td class=\"column-11\"><\/td>\n<\/tr>\n<tr class=\"row-18\">\n\t<td class=\"column-1\">2<\/td><td class=\"column-2\"><a href=\"https:\/\/exactas.uba.ar\/higieneyseguridad\/uso-y-cuidado-de-la-voz\/\">Uso y cuidado de la voz<\/a><\/td><td class=\"column-3\"><\/td><td class=\"column-4\"><\/td><td class=\"column-5\"><\/td><td class=\"column-6\">X<\/td><td class=\"column-7\"><\/td><td class=\"column-8\">X<\/td><td class=\"column-9\"><\/td><td class=\"column-10\"><\/td><td class=\"column-11\"><\/td>\n<\/tr>\n<tr class=\"row-19\">\n\t<td class=\"column-1\">2<\/td><td class=\"column-2\"><a href=\"https:\/\/exactas.uba.ar\/higieneyseguridad\/encuesta-de-exposicion\/\">Encuesta de exposici\u00f3n<\/a><\/td><td class=\"column-3\"><\/td><td class=\"column-4\"><\/td><td class=\"column-5\"><\/td><td class=\"column-6\"><\/td><td class=\"column-7\"><\/td><td class=\"column-8\"><\/td><td class=\"column-9\"><\/td><td class=\"column-10\">X<\/td><td class=\"column-11\"><\/td>\n<\/tr>\n<tr class=\"row-20\">\n\t<td class=\"column-1\">2<\/td><td class=\"column-2\"><a href=\"https:\/\/exactas.uba.ar\/higieneyseguridad\/elementos-de-proteccion-personal\/\">Elementos de Protecci\u00f3n Personal (*)<\/a><\/td><td class=\"column-3\"><\/td><td class=\"column-4\"><\/td><td class=\"column-5\"><\/td><td class=\"column-6\"><\/td><td class=\"column-7\"><\/td><td class=\"column-8\"><\/td><td class=\"column-9\"><\/td><td class=\"column-10\"><\/td><td class=\"column-11\"><\/td>\n<\/tr>\n<tr class=\"row-21\">\n\t<td class=\"column-1\">2<\/td><td class=\"column-2\"><a href=\"https:\/\/exactas.uba.ar\/higieneyseguridad\/manejo-manual-de-cargas\/\">Manejo manual de cargas<\/a><\/td><td class=\"column-3\"><\/td><td class=\"column-4\">X<\/td><td class=\"column-5\"><\/td><td class=\"column-6\"><\/td><td class=\"column-7\"><\/td><td class=\"column-8\"><\/td><td class=\"column-9\"><\/td><td class=\"column-10\"><\/td><td class=\"column-11\"><\/td>\n<\/tr>\n<tr class=\"row-22\">\n\t<td class=\"column-1\">2<\/td><td class=\"column-2\"><a href=\"https:\/\/exactas.uba.ar\/higieneyseguridad\/riesgo-biologico-epp-cabinas-de-seguridad-biologicas\/\">Riesgo Biol\u00f3gico- EPP -Cabinas de Seguridad biol\u00f3gicas<\/a><\/td><td class=\"column-3\"><\/td><td class=\"column-4\"><\/td><td class=\"column-5\"><\/td><td class=\"column-6\"><\/td><td class=\"column-7\"><\/td><td class=\"column-8\"><\/td><td class=\"column-9\">X<\/td><td class=\"column-10\"><\/td><td class=\"column-11\"><\/td>\n<\/tr>\n<tr class=\"row-23\">\n\t<td class=\"column-1\">2<\/td><td class=\"column-2\"><a href=\"https:\/\/exactas.uba.ar\/higieneyseguridad\/taller-de-residuos-peligrosos-y-patogenicos\/\">Taller de residuos peligrosos y patog\u00e9nicos<\/a><\/td><td class=\"column-3\"><\/td><td class=\"column-4\">X<\/td><td class=\"column-5\"><\/td><td class=\"column-6\"><\/td><td class=\"column-7\"><\/td><td class=\"column-8\">X<\/td><td class=\"column-9\"><\/td><td class=\"column-10\"><\/td><td class=\"column-11\"><\/td>\n<\/tr>\n<tr class=\"row-24\">\n\t<td class=\"column-1\">3<\/td><td class=\"column-2\"><a href=\"https:\/\/exactas.uba.ar\/higieneyseguridad\/utilizacion-de-medios-para-trabajar-en-altura\/\">Utilizaci\u00f3n de medios para trabajar en altura<\/a><\/td><td class=\"column-3\"><\/td><td class=\"column-4\"><\/td><td class=\"column-5\">X<\/td><td class=\"column-6\"><\/td><td class=\"column-7\"><\/td><td class=\"column-8\"><\/td><td class=\"column-9\"><\/td><td class=\"column-10\"><\/td><td class=\"column-11\"><\/td>\n<\/tr>\n<tr class=\"row-25\">\n\t<td class=\"column-1\">2<\/td><td class=\"column-2\"><a href=\"https:\/\/exactas.uba.ar\/higieneyseguridad\/transporte-almacenamiento-y-uso-de-cilindros-de-gases-a-presion-y-liquidos-criogenicos\/\">Transporte, almacenamiento y uso de cilindros de gases a presi\u00f3n y l\u00edquidos criog\u00e9nicos<\/a><\/td><td class=\"column-3\"><\/td><td class=\"column-4\"><\/td><td class=\"column-5\"><\/td><td class=\"column-6\"><\/td><td class=\"column-7\"><\/td><td class=\"column-8\"><\/td><td class=\"column-9\"><\/td><td class=\"column-10\"><\/td><td class=\"column-11\"><\/td>\n<\/tr>\n<tr class=\"row-26\">\n\t<td class=\"column-1\">3<\/td><td class=\"column-2\"><a href=\"https:\/\/exactas.uba.ar\/higieneyseguridad\/manejo-central-de-alarmas\/\">Manejo de Central de Alarmas<\/a><\/td><td class=\"column-3\"><\/td><td class=\"column-4\"><\/td><td class=\"column-5\"><\/td><td class=\"column-6\"><\/td><td class=\"column-7\"><\/td><td class=\"column-8\"><\/td><td class=\"column-9\"><\/td><td class=\"column-10\"><\/td><td class=\"column-11\"><\/td>\n<\/tr>\n<tr class=\"row-27\">\n\t<td class=\"column-1\">3<\/td><td class=\"column-2\"><a href=\"https:\/\/exactas.uba.ar\/higieneyseguridad\/seguridad-en-trabajo-con-laseres\/\">Seguridad en trabajo con l\u00e1seres<\/a><\/td><td class=\"column-3\"><\/td><td class=\"column-4\"><\/td><td class=\"column-5\"><\/td><td class=\"column-6\"><\/td><td class=\"column-7\"><\/td><td class=\"column-8\"><\/td><td class=\"column-9\"><\/td><td class=\"column-10\"><\/td><td class=\"column-11\"><\/td>\n<\/tr>\n<tr class=\"row-28\">\n\t<td class=\"column-1\">3<\/td><td class=\"column-2\"><a href=\"https:\/\/exactas.uba.ar\/higieneyseguridad\/plan-de-evacuacion-y-emergencias-roles-de-brigadistas\/\">Plan de evacuaci\u00f3n y emergencias: Roles de brigadistas<\/a><\/td><td class=\"column-3\"><\/td><td class=\"column-4\"><\/td><td class=\"column-5\"><\/td><td class=\"column-6\"><\/td><td class=\"column-7\"><\/td><td class=\"column-8\"><\/td><td class=\"column-9\"><\/td><td class=\"column-10\"><\/td><td class=\"column-11\"><\/td>\n<\/tr>\n<tr class=\"row-29\">\n\t<td class=\"column-1\">3<\/td><td class=\"column-2\"><a href=\"https:\/\/exactas.uba.ar\/higieneyseguridad\/tareas-de-campo\/\">Tareas de Campo<\/a><\/td><td class=\"column-3\"><\/td><td class=\"column-4\"><\/td><td class=\"column-5\"><\/td><td class=\"column-6\"><\/td><td class=\"column-7\"><\/td><td class=\"column-8\"><\/td><td class=\"column-9\"><\/td><td class=\"column-10\">X<\/td><td class=\"column-11\"><\/td>\n<\/tr>\n<tr class=\"row-30\">\n\t<td class=\"column-1\">2<\/td><td class=\"column-2\"><a href=\"https:\/\/exactas.uba.ar\/higieneyseguridad\/precursores-quimicos-renpre\/\">Precursores qu\u00edmicos: RENPRE<\/a><\/td><td class=\"column-3\">X<\/td><td class=\"column-4\"><\/td><td class=\"column-5\"><\/td><td class=\"column-6\"><\/td><td class=\"column-7\"><\/td><td class=\"column-8\"><\/td><td class=\"column-9\"><\/td><td class=\"column-10\"><\/td><td class=\"column-11\"><\/td>\n<\/tr>\n<tr class=\"row-31\">\n\t<td class=\"column-1\">4<\/td><td class=\"column-2\"><a href=\"https:\/\/exactas.uba.ar\/higieneyseguridad\/introduccion-a-las-buenas-practicas-de-manufactura-de-alimentos\/\">Introducci\u00f3n a las buenas pr\u00e1cticas de manufactura de alimentos<\/a><\/td><td class=\"column-3\">X<\/td><td class=\"column-4\"><\/td><td class=\"column-5\"><\/td><td class=\"column-6\"><\/td><td class=\"column-7\"><\/td><td class=\"column-8\"><\/td><td class=\"column-9\"><\/td><td class=\"column-10\"><\/td><td class=\"column-11\"><\/td>\n<\/tr>\n<tr class=\"row-32\">\n\t<td class=\"column-1\">3<\/td><td class=\"column-2\"><a href=\"https:\/\/exactas.uba.ar\/higieneyseguridad\/biocustodia-y-acuerdos-de-transferencia-mta\/\">Biocustodia y acuerdos de transferencia (MTA)<\/a><\/td><td class=\"column-3\"><\/td><td class=\"column-4\"><\/td><td class=\"column-5\"><\/td><td class=\"column-6\"><\/td><td class=\"column-7\"><\/td><td class=\"column-8\"><\/td><td class=\"column-9\"><\/td><td class=\"column-10\"><\/td><td class=\"column-11\"><\/td>\n<\/tr>\n<tr class=\"row-33\">\n\t<td class=\"column-1\">3<\/td><td class=\"column-2\"><a href=\"https:\/\/exactas.uba.ar\/higieneyseguridad\/riesgo-electrico-para-electricistas\/\">Riesgo el\u00e9ctrico para electricistas<\/a><\/td><td class=\"column-3\"><\/td><td class=\"column-4\"><\/td><td class=\"column-5\"><\/td><td class=\"column-6\"><\/td><td class=\"column-7\"><\/td><td class=\"column-8\"><\/td><td class=\"column-9\"><\/td><td class=\"column-10\"><\/td><td class=\"column-11\"><\/td>\n<\/tr>\n<tr class=\"row-34\">\n\t<td class=\"column-1\">4<\/td><td class=\"column-2\"><a href=\"https:\/\/exactas.uba.ar\/higieneyseguridad\/limpieza-y-desinfeccion-poes\/\">Limpieza y desinfecci\u00f3n: POES<\/a><\/td><td class=\"column-3\"><\/td><td class=\"column-4\">X<\/td><td class=\"column-5\"><\/td><td class=\"column-6\"><\/td><td class=\"column-7\"><\/td><td class=\"column-8\"><\/td><td class=\"column-9\"><\/td><td class=\"column-10\"><\/td><td class=\"column-11\"><\/td>\n<\/tr>\n<tr class=\"row-35\">\n\t<td class=\"column-1\">4<\/td><td class=\"column-2\"><a href=\"https:\/\/exactas.uba.ar\/higieneyseguridad\/rotulacion-de-alimentos-envasados\/\">Rotulaci\u00f3n de alimentos envasados<\/a><\/td><td class=\"column-3\"><\/td><td class=\"column-4\"><\/td><td class=\"column-5\">X<\/td><td class=\"column-6\"><\/td><td class=\"column-7\"><\/td><td class=\"column-8\"><\/td><td class=\"column-9\"><\/td><td class=\"column-10\"><\/td><td class=\"column-11\"><\/td>\n<\/tr>\n<tr class=\"row-36\">\n\t<td class=\"column-1\">1<\/td><td class=\"column-2\"><a href=\"https:\/\/exactas.uba.ar\/higieneyseguridad\/visitas-no-esperadas\/\">Visitas no esperadas<\/a><\/td><td class=\"column-3\"><\/td><td class=\"column-4\"><\/td><td class=\"column-5\"><\/td><td class=\"column-6\"><\/td><td class=\"column-7\"><\/td><td class=\"column-8\"><\/td><td class=\"column-9\"><\/td><td class=\"column-10\"><\/td><td class=\"column-11\"><\/td>\n<\/tr>\n<tr class=\"row-37\">\n\t<td class=\"column-1\">5<\/td><td class=\"column-2\"><a href=\"https:\/\/exactas.uba.ar\/higieneyseguridad\/uso-y-cuidado-de-la-voz-para-maestras-jardineras\/\">Uso y cuidado de la voz para maestras jardineras<\/a><\/td><td class=\"column-3\"><\/td><td class=\"column-4\"><\/td><td class=\"column-5\"><\/td><td class=\"column-6\">X<\/td><td class=\"column-7\"><\/td><td class=\"column-8\"><\/td><td class=\"column-9\"><\/td><td class=\"column-10\"><\/td><td class=\"column-11\"><\/td>\n<\/tr>\n<tr class=\"row-38\">\n\t<td class=\"column-1\">5<\/td><td class=\"column-2\"><a href=\"https:\/\/exactas.uba.ar\/higieneyseguridad\/rcp-para-infantes\/\">RCP para infantes<\/a><\/td><td class=\"column-3\"><\/td><td class=\"column-4\"><\/td><td class=\"column-5\"><\/td><td class=\"column-6\"><\/td><td class=\"column-7\"><\/td><td class=\"column-8\"><\/td><td class=\"column-9\"><\/td><td class=\"column-10\"><\/td><td class=\"column-11\">X<\/td>\n<\/tr>\n<tr class=\"row-39\">\n\t<td class=\"column-1\">4<\/td><td class=\"column-2\"><a href=\"https:\/\/exactas.uba.ar\/higieneyseguridad\/enfermedades-trasmitidas-por-alimentos-suh\/\">Enfermedades trasmitidas por alimentos: SUH<\/a><\/td><td class=\"column-3\"><\/td><td class=\"column-4\"><\/td><td class=\"column-5\"><\/td><td class=\"column-6\"><\/td><td class=\"column-7\"><\/td><td class=\"column-8\">X<\/td><td class=\"column-9\"><\/td><td class=\"column-10\"><\/td><td class=\"column-11\"><\/td>\n<\/tr>\n<tr class=\"row-40\">\n\t<td class=\"column-1\">4<\/td><td class=\"column-2\"><a href=\"https:\/\/exactas.uba.ar\/higieneyseguridad\/alergias-e-intolerancias-alimentarias\/\">Alergias e intolerancias alimentarias<\/a><\/td><td class=\"column-3\"><\/td><td class=\"column-4\"><\/td><td class=\"column-5\"><\/td><td class=\"column-6\"><\/td><td class=\"column-7\"><\/td><td class=\"column-8\"><\/td><td class=\"column-9\"><\/td><td class=\"column-10\">X<\/td><td class=\"column-11\"><\/td>\n<\/tr>\n<tr class=\"row-41\">\n\t<td class=\"column-1\">4<\/td><td class=\"column-2\"><a href=\"https:\/\/exactas.uba.ar\/higieneyseguridad\/dia-del-lavado-de-manos\/\">D\u00eda del lavado de manos<\/a><\/td><td class=\"column-3\"><\/td><td class=\"column-4\"><\/td><td class=\"column-5\"><\/td><td class=\"column-6\"><\/td><td class=\"column-7\"><\/td><td class=\"column-8\"><\/td><td class=\"column-9\"><\/td><td class=\"column-10\">X<\/td><td class=\"column-11\"><\/td>\n<\/tr>\n<\/tbody>\n<\/table>\n<!-- #tablepress-15 from cache -->\n<p>&nbsp;<\/p>\n<p>(a) Detalle de los niveles\u00a0 ver\u00a0 <a href=\"https:\/\/exactas.uba.ar\/higieneyseguridad\/capacitaciones\/\">Capacitaciones<\/a><\/p>\n<p>(*) Leer\u00a0 \u00a0<a href=\"https:\/\/exactas.uba.ar\/higieneyseguridad\/capacitaciones\/\">Capacitaciones<\/a><\/p>\n","protected":false},"excerpt":{"rendered":"Programa propuesto para el 2024 . Por distintos medios iremos informando\u00a0 : Dia, horario , lugar y como inscribirse con antelaci\u00f3n para poder programar la asistencia Seguiremos trabajando con los distintos sectores de la facultad en dos conceptos funtamentales : Cultura de Seguridad Percepcion del Riesgo &nbsp; &nbsp; (a) Detalle de los niveles\u00a0 ver\u00a0 Capacitaciones&#8230; <a class=\"view-article\" href=\"https:\/\/exactas.uba.ar\/higieneyseguridad\/capacitaciones\/capacitaciones-2024\/\">LEER +<\/a>","protected":false},"author":2,"featured_media":0,"parent":194,"menu_order":9,"comment_status":"closed","ping_status":"closed","template":"","meta":{"_acf_changed":false,"footnotes":""},"class_list":["post-6978","page","type-page","status-publish","hentry"],"acf":[],"_links":{"self":[{"href":"https:\/\/exactas.uba.ar\/higieneyseguridad\/wp-json\/wp\/v2\/pages\/6978","targetHints":{"allow":["GET"]}}],"collection":[{"href":"https:\/\/exactas.uba.ar\/higieneyseguridad\/wp-json\/wp\/v2\/pages"}],"about":[{"href":"https:\/\/exactas.uba.ar\/higieneyseguridad\/wp-json\/wp\/v2\/types\/page"}],"author":[{"embeddable":true,"href":"https:\/\/exactas.uba.ar\/higieneyseguridad\/wp-json\/wp\/v2\/users\/2"}],"replies":[{"embeddable":true,"href":"https:\/\/exactas.uba.ar\/higieneyseguridad\/wp-json\/wp\/v2\/comments?post=6978"}],"version-history":[{"count":10,"href":"https:\/\/exactas.uba.ar\/higieneyseguridad\/wp-json\/wp\/v2\/pages\/6978\/revisions"}],"predecessor-version":[{"id":8214,"href":"https:\/\/exactas.uba.ar\/higieneyseguridad\/wp-json\/wp\/v2\/pages\/6978\/revisions\/8214"}],"up":[{"embeddable":true,"href":"https:\/\/exactas.uba.ar\/higieneyseguridad\/wp-json\/wp\/v2\/pages\/194"}],"wp:attachment":[{"href":"https:\/\/exactas.uba.ar\/higieneyseguridad\/wp-json\/wp\/v2\/media?parent=6978"}],"curies":[{"name":"wp","href":"https:\/\/api.w.org\/{rel}","templated":true}]}}