{"id":6933,"date":"2024-02-01T18:48:19","date_gmt":"2024-02-01T18:48:19","guid":{"rendered":"https:\/\/exactas.uba.ar\/higieneyseguridad\/?page_id=6933"},"modified":"2024-12-30T15:02:34","modified_gmt":"2024-12-30T15:02:34","slug":"kiosco-cecen-pabellon-1","status":"publish","type":"page","link":"https:\/\/exactas.uba.ar\/higieneyseguridad\/higienealimentaria\/informes\/ano-2024\/kiosco-cecen-pabellon-1\/","title":{"rendered":"Kiosco CECEN Pabell\u00f3n 1"},"content":{"rendered":"<h2><a href=\"https:\/\/exactas.uba.ar\/higieneyseguridad\/higienealimentaria\/informes\/ano-2024\/\">A\u00f1o 2024: Informes \u21d0<\/a><\/h2>\n<p><a class=\"boton doc\" href=\"https:\/\/exactas.uba.ar\/higieneyseguridad\/wp-content\/uploads\/2024\/02\/IB-06-Kiosco-CECEN-Pabellon-I.pdf\">Kiosco CECEN Pabell\u00f3n I &#8211; Febrero<\/a><\/p>\n<p><a class=\"boton doc\" href=\"https:\/\/exactas.uba.ar\/higieneyseguridad\/wp-content\/uploads\/2024\/03\/IB-14-Kiosco-CECEN-Pabellon-I.pdf\">Kiosco CECEN Pabell\u00f3n I &#8211; Marzo<\/a><\/p>\n<p><a class=\"boton doc\" href=\"https:\/\/exactas.uba.ar\/higieneyseguridad\/wp-content\/uploads\/2024\/04\/IB-22-Kiosco-CECEN-Pabellon-I.pdf\">Kiosco CECEN Pabell\u00f3n I &#8211; Abril<\/a><\/p>\n<p><a class=\"boton doc\" href=\"https:\/\/exactas.uba.ar\/higieneyseguridad\/wp-content\/uploads\/2024\/05\/IB-30-Kiosco-CECEN-Pabellon-I.pdf\">Kiosco CECEN Pabell\u00f3n I &#8211; Mayo<\/a><\/p>\n<p><a class=\"boton doc\" href=\"https:\/\/exactas.uba.ar\/higieneyseguridad\/wp-content\/uploads\/2024\/07\/IB-38-Kiosco-CECEN-Pabellon-I.pdf\">Kiosco CECEN Pabell\u00f3n I &#8211; Junio<\/a><\/p>\n<p><a class=\"boton doc\" href=\"https:\/\/exactas.uba.ar\/higieneyseguridad\/wp-content\/uploads\/2024\/07\/IB-48-Kiosco-CECEN-Pabellon-I.pdf\">Kiosko CECEN Pabell\u00f3n I &#8211; Julio<\/a><\/p>\n<p><a class=\"boton doc\" href=\"https:\/\/exactas.uba.ar\/higieneyseguridad\/wp-content\/uploads\/2024\/08\/IB-53-Kiosco-CECEN-Pabellon-I.pdf\">Kiosko CECEN Pabell\u00f3n I &#8211; Agosto<\/a><\/p>\n<p><a class=\"boton doc\" href=\"https:\/\/exactas.uba.ar\/higieneyseguridad\/wp-content\/uploads\/2024\/09\/IB-61-Kiosco-CECEN-Pabellon-I.pdf\">Kiosco CECEN Pabell\u00f3n I &#8211; Septiembre<\/a><\/p>\n<p><a class=\"boton doc\" href=\"https:\/\/exactas.uba.ar\/higieneyseguridad\/wp-content\/uploads\/2024\/10\/IB-71-Kiosco-CECEN-Pabellon-I.pdf\">Kiosco CECEN Pabell\u00f3n I &#8211; Octubre<\/a><\/p>\n<p><a class=\"boton doc\" href=\"https:\/\/exactas.uba.ar\/higieneyseguridad\/wp-content\/uploads\/2024\/11\/IB-75-Kiosco-CECEN-Pabellon-I.pdf\">Kiosco CECEN Pabell\u00f3n I &#8211; Noviembre<\/a><\/p>\n<p><a class=\"boton doc\" href=\"https:\/\/exactas.uba.ar\/higieneyseguridad\/wp-content\/uploads\/2024\/12\/IB-88-Kiosco-CECEN-Pabellon-I.pdf\">Kiosco CECEN Pabell\u00f3n I &#8211; Diciembre<\/a><\/p>\n","protected":false},"excerpt":{"rendered":"A\u00f1o 2024: Informes \u21d0 Kiosco CECEN Pabell\u00f3n I &#8211; Febrero Kiosco CECEN Pabell\u00f3n I &#8211; Marzo Kiosco CECEN Pabell\u00f3n I &#8211; Abril Kiosco CECEN Pabell\u00f3n I &#8211; Mayo Kiosco CECEN Pabell\u00f3n I &#8211; Junio Kiosko CECEN Pabell\u00f3n I &#8211; Julio Kiosko CECEN Pabell\u00f3n I &#8211; Agosto Kiosco CECEN Pabell\u00f3n I &#8211; Septiembre Kiosco CECEN Pabell\u00f3n&#8230; <a class=\"view-article\" href=\"https:\/\/exactas.uba.ar\/higieneyseguridad\/higienealimentaria\/informes\/ano-2024\/kiosco-cecen-pabellon-1\/\">LEER +<\/a>","protected":false},"author":2,"featured_media":0,"parent":6907,"menu_order":2,"comment_status":"closed","ping_status":"closed","template":"","meta":{"_acf_changed":false,"footnotes":""},"class_list":["post-6933","page","type-page","status-publish","hentry"],"acf":[],"_links":{"self":[{"href":"https:\/\/exactas.uba.ar\/higieneyseguridad\/wp-json\/wp\/v2\/pages\/6933","targetHints":{"allow":["GET"]}}],"collection":[{"href":"https:\/\/exactas.uba.ar\/higieneyseguridad\/wp-json\/wp\/v2\/pages"}],"about":[{"href":"https:\/\/exactas.uba.ar\/higieneyseguridad\/wp-json\/wp\/v2\/types\/page"}],"author":[{"embeddable":true,"href":"https:\/\/exactas.uba.ar\/higieneyseguridad\/wp-json\/wp\/v2\/users\/2"}],"replies":[{"embeddable":true,"href":"https:\/\/exactas.uba.ar\/higieneyseguridad\/wp-json\/wp\/v2\/comments?post=6933"}],"version-history":[{"count":15,"href":"https:\/\/exactas.uba.ar\/higieneyseguridad\/wp-json\/wp\/v2\/pages\/6933\/revisions"}],"predecessor-version":[{"id":7939,"href":"https:\/\/exactas.uba.ar\/higieneyseguridad\/wp-json\/wp\/v2\/pages\/6933\/revisions\/7939"}],"up":[{"embeddable":true,"href":"https:\/\/exactas.uba.ar\/higieneyseguridad\/wp-json\/wp\/v2\/pages\/6907"}],"wp:attachment":[{"href":"https:\/\/exactas.uba.ar\/higieneyseguridad\/wp-json\/wp\/v2\/media?parent=6933"}],"curies":[{"name":"wp","href":"https:\/\/api.w.org\/{rel}","templated":true}]}}