{"id":6242,"date":"2023-02-27T14:09:28","date_gmt":"2023-02-27T14:09:28","guid":{"rendered":"https:\/\/exactas.uba.ar\/higieneyseguridad\/?page_id=6242"},"modified":"2025-03-18T16:22:28","modified_gmt":"2025-03-18T16:22:28","slug":"capacitaciones-2023","status":"publish","type":"page","link":"https:\/\/exactas.uba.ar\/higieneyseguridad\/capacitaciones\/capacitaciones-2023\/","title":{"rendered":"Capacitaciones 2023"},"content":{"rendered":"<p>Les informamos sobre el cronograma de capacitaciones<\/p>\n<p>&nbsp;<\/p>\n\n<table id=\"tablepress-10\" class=\"tablepress tablepress-id-10 tbody-has-connected-cells\">\n<thead>\n<tr class=\"row-1\">\n\t<th class=\"column-1\">MES<\/th><th class=\"column-2\">TEMA<\/th><th class=\"column-3\">MODALIDAD<\/th><th class=\"column-4\">DESTINADO A<\/th><th class=\"column-5\">REALIZADO POR (*)<\/th><th class=\"column-6\">OBJETIVOS<\/th>\n<\/tr>\n<\/thead>\n<tbody class=\"row-striping row-hover\">\n<tr class=\"row-2\">\n\t<td rowspan=\"2\" class=\"column-1\">DICIEMBRE<\/td><td class=\"column-2\">VISITAS NO ESPERADAS - 2da  parte   Murci\u00e9lagos - Mosquitos <\/td><td class=\"column-3\">Presencial - Jueves 14 de 14 a 16hs - Aula a informar<\/td><td class=\"column-4\">Comunidad de Exactas<\/td><td class=\"column-5\">Mosquitos: SHYS - Murci\u00e9lagos: Dra. Alejandra Alvedro - <a href=\"https:\/\/forms.gle\/SPNaQ5T2QyCMcgzj6\">Formulario de Inscripci\u00f3n<\/a><\/td><td class=\"column-6\">Comprender c\u00f3mo debemos manejarnos ante la presencia de murci\u00e9lagos y mosquitos<\/td>\n<\/tr>\n<tr class=\"row-3\">\n\t<td class=\"column-2\">\u00bfA qu\u00e9 estoy expuestx?<\/td><td class=\"column-3\">Presencial - Viernes 1 de 12 a 13hs - Aula a informar<\/td><td class=\"column-4\">DOCENTES - INVESTIGADORES<\/td><td class=\"column-5\">SHYS - <a href=\"https:\/\/forms.gle\/9Pqykaf9YD8Yq4jH7\">Formulario de Inscripci\u00f3n<\/a><\/td><td class=\"column-6\">Debemos completar la encuesta de exposici\u00f3n, ya que informa a los distintos agentes a los que estamos expuestos. \u00bfQu\u00e9 debo declarar? <\/td>\n<\/tr>\n<tr class=\"row-4\">\n\t<td rowspan=\"2\" class=\"column-1\">NOVIEMBRE<\/td><td class=\"column-2\">Buenas pr\u00e1cticas en la elaboraci\u00f3n de alimentos sin TACC<\/td><td class=\"column-3\">Presencial - Viernes 3 a las 15hs - Aula a informar<\/td><td class=\"column-4\">PERSONAL DE LOS COMEDORES DE FCEN<\/td><td class=\"column-5\">SHYS<\/td><td class=\"column-6\">Brindar informaci\u00f3n necesaria a la hora de elaborar y manipular alimentos sin TACC<\/td>\n<\/tr>\n<tr class=\"row-5\">\n\t<td class=\"column-2\">VISITAS NO ESPERADAS - 1era parte - Ratones - Ofidios<\/td><td class=\"column-3\">Presencial -  Jueves 30 de 14 a 16 hrs - Aula a informar<\/td><td class=\"column-4\">Comunidad de Exactas<\/td><td class=\"column-5\">Ratones: Dra Olga Su\u00e1rez - Ofidios: Dr. Adolfo De Root - <a href=\"https:\/\/forms.gle\/SPNaQ5T2QyCMcgzj6\">Formulario de Inscripci\u00f3n<\/a><\/td><td class=\"column-6\">Comprender conductas que debemos llevar adelante cuando nos enfrentamos a distintas situaciones que se pueden dar en nuestro espacio de trabajo<\/td>\n<\/tr>\n<tr class=\"row-6\">\n\t<td rowspan=\"4\" class=\"column-1\">OCTUBRE<\/td><td class=\"column-2\">RCP+DEA<\/td><td class=\"column-3\">Presencial - Lunes 2 a las 14hs - Aula a informar<\/td><td class=\"column-4\">DOCENTES- PERSONAL DE SEGURIDAD- INVESTIGADORES<\/td><td class=\"column-5\">PCIART<\/td><td class=\"column-6\">Es muy importante estar entrenados para actuaci\u00f3n en caso de emergencia<\/td>\n<\/tr>\n<tr class=\"row-7\">\n\t<td class=\"column-2\">USO DE MEDIOS DE EXTINCI\u00d3N <\/td><td class=\"column-3\">Presencial  - Miercoles 18\/10  11,30 a 12,30 hrs<\/td><td class=\"column-4\">BRIGADITAS  - SYC<\/td><td class=\"column-5\">Bomberos<\/td><td class=\"column-6\">Aprender el uso de distintos medios de extinci\u00f3n<\/td>\n<\/tr>\n<tr class=\"row-8\">\n\t<td class=\"column-2\">Taller de Gesti\u00f3n de Residuos Peligrosos y Patog\u00e9nicos<\/td><td class=\"column-3\">Presencial - Mi\u00e9rcoles 18 a las 10hs - Aula a informar<\/td><td class=\"column-4\">DOCENTES \/  INVESTIGADORES<\/td><td class=\"column-5\">SHYS - <a href=\"https:\/\/forms.gle\/Y9PhPtgAGLBJfUpj6\">Formulario de Inscripci\u00f3n<\/a><\/td><td class=\"column-6\">Aplicar los criterios en seleccion y clasificaci\u00f3n de los residuos peligrosos<\/td>\n<\/tr>\n<tr class=\"row-9\">\n\t<td class=\"column-2\">Organizaci\u00f3n y Equipamiento para TAREAS de CAMPO<\/td><td class=\"column-3\">Presencial - Viernes 27 a las 10hs - Aula a informar<\/td><td class=\"column-4\">DOCENTES E INVESTIGADORES QUE REALICEN TAREAS DE CAMPO<\/td><td class=\"column-5\">Escuela Argentina de Actividades de Monta\u00f1a - <a href=\"https:\/\/forms.gle\/Pvmd8KBoi2V7UHrN7\">Formulario de Inscripci\u00f3n<\/a><\/td><td class=\"column-6\">Capacitarnos en los siguientes ejes:<br \/>\n-Armando y organizaci\u00f3n de campamento . <br \/>\n-Equipo de trekking y desplazamientos en medio natural<\/td>\n<\/tr>\n<tr class=\"row-10\">\n\t<td rowspan=\"3\" class=\"column-1\">SEPTIEMBRE<\/td><td class=\"column-2\">Taller Cultura de Seguridad - An\u00e1lisis de Riesgo<\/td><td class=\"column-3\">Presencial - En cada departamento - 10-11 hrs. 14-15 hrs - 17-18 hrs <\/td><td class=\"column-4\">INVESTIGADORES - DOCENTES - CPA<\/td><td class=\"column-5\">SHYS<\/td><td class=\"column-6\">Es fundamental incorporar  de analisis de riesgos al desarrollo de nuestras actividades diarias <\/td>\n<\/tr>\n<tr class=\"row-11\">\n\t<td class=\"column-2\">PLAN DE EVACUACI\u00d3N <\/td><td class=\"column-3\">Presencial - Cada Lunes de cada semana para cada edificio . 12-13 hrs<\/td><td class=\"column-4\">BRIGADISTAS DE CADA PABELL\u00f3N<\/td><td class=\"column-5\">SHYS<\/td><td class=\"column-6\">Compresi\u00f3n del plan de actuancion ante una evacuaci\u00f3n <\/td>\n<\/tr>\n<tr class=\"row-12\">\n\t<td class=\"column-2\">SEMANA DE LA PROMOCI\u00f3N DE LA SALUD<\/td><td class=\"column-3\">Presencial - Todos los dias de 13 -14 hrs<\/td><td class=\"column-4\">Para toda la comunidad<\/td><td class=\"column-5\">LACEL_ SEDRONAR -SHYS- SEGBBE<\/td><td class=\"column-6\">Se abordaran distintas problematicas que afectan a nuestra comunidad.<\/td>\n<\/tr>\n<tr class=\"row-13\">\n\t<td rowspan=\"2\" class=\"column-1\">AGOSTO<\/td><td class=\"column-2\">RCP+DEA<\/td><td class=\"column-3\">Presencial - Mi\u00e9rcoles 2 a las 11hs - Aula a informar<\/td><td class=\"column-4\">DOCENTES- PERSONAL DE SEGURIDAD- INVESTIGADORES<\/td><td class=\"column-5\">PROVINCIA ART<\/td><td class=\"column-6\">Es muy importante estar entrenados para actuaci\u00f3n en caso de emergencia<\/td>\n<\/tr>\n<tr class=\"row-14\">\n\t<td class=\"column-2\">Uso y cuidado de la voz<\/td><td class=\"column-3\">Presencial - Viernes 4 a las 11hs - Aula a informar<\/td><td class=\"column-4\">DOCENTES<\/td><td class=\"column-5\">PROVINCIA ART<\/td><td class=\"column-6\">El cuidado de la voz requiere que nos tomemos tiempo para realizar ejercicios, una buena oportunidad para aprender qu\u00e9 debemos hacer.<\/td>\n<\/tr>\n<tr class=\"row-15\">\n\t<td rowspan=\"5\" class=\"column-1\">JUNIO<\/td><td class=\"column-2\">Rotulaci\u00f3n de Alimentos envasados<\/td><td class=\"column-3\">Presencial - Viernes 9 a las 15hs - Aula a informar<\/td><td class=\"column-4\">PERSONAS DE FCEN QUE MANIPULAN ALIMENTOS EN LOS COMEDORES, KIOSKOS Y COCINAS<\/td><td class=\"column-5\">SHYS - <a href=\"https:\/\/forms.gle\/Q84eDEfCMkb7jtzP7\">Formulario de Inscripci\u00f3n<\/a><\/td><td class=\"column-6\">Brindar informaci\u00f3n necesaria sobre la rotulaci\u00f3n actual obligatoria de los alimentos envasados y para qu\u00e9 sirve; as\u00ed como tambi\u00e9n N\u00fameros de registro obligatorios y Etiquetado frontal obligatorio.<\/td>\n<\/tr>\n<tr class=\"row-16\">\n\t<td class=\"column-2\">Transporte, almacenamiento y uso de cilindros de gases a presi\u00f3n y l\u00edquidos criog\u00e9nicos<\/td><td class=\"column-3\">Presencial - Mi\u00e9rcoles 14 a las 14hs - Aula a informar<\/td><td class=\"column-4\">NODOCENTES, DOCENTES E INVESTIGADORES<\/td><td class=\"column-5\">SHYS - <a href=\"https:\/\/forms.gle\/6cSs22qUdHvRanLc6\">Formulario de Inscripci\u00f3n<\/a><\/td><td class=\"column-6\">Informar y generar herramientas a la hora de lidiar con los riesgos asociados al uso de cilindros de gases, transporte y almacenamiento de los mismos, as\u00ed como tambi\u00e9n los riesgos en el uso de l\u00edquidos criog\u00e9nicos, transporte de termos, trasvase y uso de elementos de protecci\u00f3n personal.<\/td>\n<\/tr>\n<tr class=\"row-17\">\n\t<td class=\"column-2\">Respiraci\u00f3n Aut\u00f3noma<\/td><td class=\"column-3\">Presencial - Jueves 15 a las 15hs - En el play\u00f3n de PAB II<\/td><td class=\"column-4\">PERSONAL DE SEGURIDAD Y CONTROL - BRIGADISTAS<\/td><td class=\"column-5\">Divisi\u00f3n de Riesgo Qu\u00edmico y Biol\u00f3gico de la Polic\u00eda Federal - <a href=\"https:\/\/forms.gle\/dQuFJk8cLh6Qrykw9\">Formulario de Inscripci\u00f3n<\/a><\/td><td class=\"column-6\">Generar procedimientos adecuados para que la utilizaci\u00f3n de Equipos Aut\u00f3nomos de Respiraci\u00f3n (ERA) en entornos peligrosos sea \u00fatil, segura y eficiente. <\/td>\n<\/tr>\n<tr class=\"row-18\">\n\t<td class=\"column-2\">Uso y cuidado de la voz<\/td><td class=\"column-3\">Presencial - Jueves 29 a las 14hs - Aula a informar<\/td><td class=\"column-4\">DOCENTES<\/td><td class=\"column-5\">PROVINCIA ART - <a href=\"http:\/\/dbQnTWdF3yW2qKap@3n581ys\">Formulario de Inscripci\u00f3n<\/a><\/td><td class=\"column-6\">El cuidado de la voz requiere que nos tomemos tiempo para realizar ejercicios, una buena oportunidad para aprender qu\u00e9 debemos hacer.<\/td>\n<\/tr>\n<tr class=\"row-19\">\n\t<td class=\"column-2\">RCP+DEA<\/td><td class=\"column-3\">Presencial - Jueves 29 18:30hs - Aula a informar<\/td><td class=\"column-4\">DOCENTES- PERSONAL DE SEGURIDAD- INVESTIGADORES<\/td><td class=\"column-5\">PROVINCIA ART- <a href=\"https:\/\/forms.gle\/kgwqgEaSePyjYNEdA\">Formulario de Inscripci\u00f3n<\/a><\/td><td class=\"column-6\">Es muy importante estar entrenados para actuaci\u00f3n en caso de emergencia<\/td>\n<\/tr>\n<tr class=\"row-20\">\n\t<td rowspan=\"5\" class=\"column-1\">MAYO<\/td><td class=\"column-2\">Riesgos en la manipulaci\u00f3n de Sustancias Qu\u00edmicas y Agentes Biol\u00f3gicos para NoDocentes<\/td><td class=\"column-3\">Presencial - Jueves 4 a las 10hs - Aula Seminario<\/td><td class=\"column-4\">NODOCENTES Y PERSONAL DE APOYO A LA DOCENCIA E INVESTIGACI\u00d3N.<\/td><td class=\"column-5\">SHYS - <a href=\"https:\/\/forms.gle\/NaUCKgBrvaYP2VvF7\">Formulario de Inscripci\u00f3n<\/a><\/td><td class=\"column-6\">Brindar informaci\u00f3n general sobre el material que se manipula en la FCEN. <\/td>\n<\/tr>\n<tr class=\"row-21\">\n\t<td class=\"column-2\">Trabajo en Altura<\/td><td class=\"column-3\">Presencial - Mi\u00e9rcoles 10 a las 10hs - Aula a Informar<\/td><td class=\"column-4\">NODOCENTES E INVESTIGADORES que dentro de sus actividades laborales necesitan realizar trabajos en altura.<\/td><td class=\"column-5\">PROVINCIA ART - <a href=\"https:\/\/forms.gle\/bYXZhKJ6fmsKPmfw7\">Formulario de Inscripci\u00f3n<\/a><\/td><td class=\"column-6\">El trabajo en altura tiene pautas que se deben seguir para evitar accidentes. Debemos conocerlas. Esta capacitaci\u00f3n nos responder\u00e1 como es el uso adecuado de una escalera.<\/td>\n<\/tr>\n<tr class=\"row-22\">\n\t<td class=\"column-2\">RCP+DEA<\/td><td class=\"column-3\">Presencial - Martes 16 a las 14hs - Aula a informar<\/td><td class=\"column-4\">DOCENTES- PERSONAL DE SEGURIDAD- INVESTIGADORES<\/td><td class=\"column-5\">PROVINCIA ART - <a href=\"https:\/\/forms.gle\/7yQCBermMaL5cuc76\">Formulario de Inscripci\u00f3n<\/a><\/td><td class=\"column-6\">Es muy importante estar entrenados para actuaci\u00f3n en caso de emergencia<\/td>\n<\/tr>\n<tr class=\"row-23\">\n\t<td class=\"column-2\">Sistema de Alarmas<\/td><td class=\"column-3\">Presencial - Lunes 22 a las 10hs y las 16hs - Oficina de SyC<\/td><td class=\"column-4\">PERSONAL DE SEGURIDAD Y CONTROL<\/td><td class=\"column-5\">SHYS<\/td><td class=\"column-6\">Un repaso de los protocolos de las conductas de actuaci\u00f3n por parte del personal de Seguridad y Control<\/td>\n<\/tr>\n<tr class=\"row-24\">\n\t<td class=\"column-2\">Prevenci\u00f3n de riesgos de incendio<\/td><td class=\"column-3\">Presencial - Lunes 29 a las 16hs - Aula a informar<\/td><td class=\"column-4\">TODOS LOS TRABAJADORES, Especialmente DOCENTES- SyC<\/td><td class=\"column-5\">SHYS - <a href=\"https:\/\/forms.gle\/uwrmfrDx5V5gGvjWA\">Formulario de Inscripci\u00f3n<\/a><\/td><td class=\"column-6\">La prevenci\u00f3n de incendio es parte de las conductas que necesitamos aprender especialmente en nuestro \u00e1mbito laboral<\/td>\n<\/tr>\n<tr class=\"row-25\">\n\t<td rowspan=\"4\" class=\"column-1\">ABRIL<\/td><td class=\"column-2\">Primeros Auxilios<\/td><td class=\"column-3\">Presencial - Martes 11 a las 10:00hs - Aula Seminario - Planta Baja - Pabell\u00f3n 2<\/td><td class=\"column-4\">DOCENTES-INVESTIGADORES-SYC<\/td><td class=\"column-5\">PROVINCIA ART - <a href=\"https:\/\/forms.gle\/zzpSj5M1C1HhMczv5\">Formulario de Inscripci\u00f3n<\/a><br \/>\n<\/td><td class=\"column-6\">Nos ayuda en nuestra vida cotidiana, no solo en el ambito laboral. Esta capacitaci\u00f3n la debemos realizar en cada oportunidad que podamos para incorporar conductas que nos permitan actuar frente a distintas situaciones<\/td>\n<\/tr>\n<tr class=\"row-26\">\n\t<td class=\"column-2\">Riesgos por manipulaci\u00f3n de Sustancias Qu\u00edmicas y etiquetado de SGA<\/td><td class=\"column-3\">Presencial - Mi\u00e9rcoles 26 a las 11.30hs - Aula 1114 edificio 0+infinito.<\/td><td class=\"column-4\">DOCENTES E INVESTIGADORES<\/td><td class=\"column-5\">SHYS -  <a href=\"https:\/\/forms.gle\/TYhdwdvJBLVGqJsY6\">Formulario de Inscripci\u00f3n<\/a><\/td><td class=\"column-6\">Todos aquellos que trabajan con sustancias quimicas deben estar familiarizados con los riesgos, eso les permite poder planificar trabajr en forma segura<\/td>\n<\/tr>\n<tr class=\"row-27\">\n\t<td class=\"column-2\">Planes de Protecci\u00f3n: Un enfoque al Analisis de Riesgos<\/td><td class=\"column-3\"><\/td><td class=\"column-4\">INVESTICADORES, BECARIOS, CPA\u00b4S<\/td><td class=\"column-5\">SHYS<\/td><td class=\"column-6\">El analisis de riesgos es la primera acci\u00f3n que debemos emprender para poder realizar nuestras actividades en forma segura<\/td>\n<\/tr>\n<tr class=\"row-28\">\n\t<td class=\"column-2\">Manejo Manual de Cargas<\/td><td class=\"column-3\">Presencial - Martes 18 a las 11:00hs - Aula a informar<\/td><td class=\"column-4\">TODOS LOS TRABAJADORES NODOCENTES E INVESTIGADORES que dentro de sus actividades laborales desplazan cargas en forma frecuente<\/td><td class=\"column-5\">PROVINCIA ART - <a href=\"https:\/\/forms.gle\/hL3tPa47kbSgNeEo6\">Formulario de Inscripci\u00f3n<\/a><\/td><td class=\"column-6\">El manejo de cargas debe ser realizado en forma adecuada, y para eso necesitamos alguien que nos capacite en los movimiento correctos<\/td>\n<\/tr>\n<tr class=\"row-29\">\n\t<td rowspan=\"5\" class=\"column-1\">MARZO<\/td><td class=\"column-2\">RCP+DEA<\/td><td class=\"column-3\">Presencial - Jueves 9 10:30hs en Estudio 1 - Subsuelo - Pabell\u00f3n 2<\/td><td class=\"column-4\">DOCENTES- PERSONAL DE SEGURIDAD- INVESTIGADORES<\/td><td class=\"column-5\">PROVINCIA ART- <a href=\"https:\/\/forms.gle\/J2SRJHEgY6Bgk9P16\">Formulario de Inscripci\u00f3n<\/a><\/td><td class=\"column-6\">Es muy importante estar entrenados para actuaci\u00f3n en caso de emergencia<\/td>\n<\/tr>\n<tr class=\"row-30\">\n\t<td class=\"column-2\">Taller de Gesti\u00f3n de Residuos Peligrosos y Patog\u00e9nicos<\/td><td class=\"column-3\">Presencial - Martes 21 11:00hs en Aula Seminario - PB -Pabell\u00f3n 2<\/td><td class=\"column-4\">DOCENTES \/  INVESTIGADORES<\/td><td class=\"column-5\">SHYS <br \/>\n<\/td><td class=\"column-6\">Aplicar los criterios en seleccion y clasificaci\u00f3n de los residuos peligrosos<\/td>\n<\/tr>\n<tr class=\"row-31\">\n\t<td class=\"column-2\">SEDRONAR - RENPRE<br \/>\n<\/td><td class=\"column-3\">Presencial - Mi\u00e9rcoles 29 14:00hs- Aula 12 - Planta Baja - Pabell\u00f3n 2.<\/td><td class=\"column-4\">Responsables y Usuarios de PRECURSORES QU\u00cdMICOS controlados por SEDRONAR.<\/td><td class=\"column-5\">SHYS -  <a href=\"https:\/\/forms.gle\/f8BQW8Ns7kac4gQ39\">Formulario de Inscripci\u00f3n<\/a><\/td><td class=\"column-6\">Para poder adquirir precursores qu\u00edmicos, se deben cumplir con las normativas vigentes. Es responsabilidad de todos los involucrados conocerlas<\/td>\n<\/tr>\n<tr class=\"row-32\">\n\t<td class=\"column-2\">Planes de Evacuanci\u00f3n - Roles de Brigadistas<\/td><td class=\"column-3\"><\/td><td class=\"column-4\">Brigadistas - SyC<\/td><td class=\"column-5\">SHYS<\/td><td class=\"column-6\">El conocicmiento de los planes de actuacion antes cases de emergencia<\/td>\n<\/tr>\n<tr class=\"row-33\">\n\t<td class=\"column-2\">Accidentes In Itinere<\/td><td class=\"column-3\"><\/td><td class=\"column-4\">A la comunidad de Trabajadores de Exactas<\/td><td class=\"column-5\">PROVINCIA ART<\/td><td class=\"column-6\">Cuando debemos hacer una denuncia? Como debemos hacerla? Son preguntas que noshacemos habitualemnte y necesitamos saber sus respuestas<\/td>\n<\/tr>\n<\/tbody>\n<\/table>\n<!-- #tablepress-10 from cache -->\n<p>&nbsp;<\/p>\n","protected":false},"excerpt":{"rendered":"Les informamos sobre el cronograma de capacitaciones &nbsp; &nbsp;","protected":false},"author":2,"featured_media":0,"parent":194,"menu_order":10,"comment_status":"closed","ping_status":"closed","template":"","meta":{"_acf_changed":false,"footnotes":""},"class_list":["post-6242","page","type-page","status-publish","hentry"],"acf":[],"_links":{"self":[{"href":"https:\/\/exactas.uba.ar\/higieneyseguridad\/wp-json\/wp\/v2\/pages\/6242","targetHints":{"allow":["GET"]}}],"collection":[{"href":"https:\/\/exactas.uba.ar\/higieneyseguridad\/wp-json\/wp\/v2\/pages"}],"about":[{"href":"https:\/\/exactas.uba.ar\/higieneyseguridad\/wp-json\/wp\/v2\/types\/page"}],"author":[{"embeddable":true,"href":"https:\/\/exactas.uba.ar\/higieneyseguridad\/wp-json\/wp\/v2\/users\/2"}],"replies":[{"embeddable":true,"href":"https:\/\/exactas.uba.ar\/higieneyseguridad\/wp-json\/wp\/v2\/comments?post=6242"}],"version-history":[{"count":4,"href":"https:\/\/exactas.uba.ar\/higieneyseguridad\/wp-json\/wp\/v2\/pages\/6242\/revisions"}],"predecessor-version":[{"id":6256,"href":"https:\/\/exactas.uba.ar\/higieneyseguridad\/wp-json\/wp\/v2\/pages\/6242\/revisions\/6256"}],"up":[{"embeddable":true,"href":"https:\/\/exactas.uba.ar\/higieneyseguridad\/wp-json\/wp\/v2\/pages\/194"}],"wp:attachment":[{"href":"https:\/\/exactas.uba.ar\/higieneyseguridad\/wp-json\/wp\/v2\/media?parent=6242"}],"curies":[{"name":"wp","href":"https:\/\/api.w.org\/{rel}","templated":true}]}}