{"id":6189,"date":"2023-02-02T18:40:32","date_gmt":"2023-02-02T18:40:32","guid":{"rendered":"https:\/\/exactas.uba.ar\/higieneyseguridad\/?page_id=6189"},"modified":"2023-12-18T15:52:12","modified_gmt":"2023-12-18T15:52:12","slug":"kiosko-cecen-pabellon-1","status":"publish","type":"page","link":"https:\/\/exactas.uba.ar\/higieneyseguridad\/higienealimentaria\/informes\/ano-2023\/kiosko-cecen-pabellon-1\/","title":{"rendered":"Kiosko CECEN Pabell\u00f3n 1"},"content":{"rendered":"<h2><a href=\"https:\/\/exactas.uba.ar\/higieneyseguridad\/higienealimentaria\/informes\/ano-2023\/\">A\u00f1o 2023 : Informes <\/a><a href=\"https:\/\/exactas.uba.ar\/higieneyseguridad\/higienealimentaria\/informes\/ano-2023\/\">\u21d0<\/a><\/h2>\n<p><a class=\"boton doc\" href=\"https:\/\/exactas.uba.ar\/higieneyseguridad\/wp-content\/uploads\/2023\/03\/Mes-Febrero_Kiosco-CECEN-Pabellon-I.pdf\">Kiosco CECEN Pabell\u00f3n I &#8211; Mes Febrero<\/a><\/p>\n<p><a class=\"boton doc\" href=\"https:\/\/exactas.uba.ar\/higieneyseguridad\/wp-content\/uploads\/2023\/03\/IB-11-Kiosco-CECEN-Pabellon-I.pdf\">Kiosco CECEN Pabell\u00f3n I &#8211; Mes Marzo<\/a><\/p>\n<p><a class=\"boton doc\" href=\"https:\/\/exactas.uba.ar\/higieneyseguridad\/wp-content\/uploads\/2023\/04\/Mes-abril_Kiosco-CECEN-Pabellon-I.pdf\">Kiosco CECEN Pabell\u00f3n I &#8211; Mes Abril<\/a><\/p>\n<p><a class=\"boton doc\" href=\"https:\/\/exactas.uba.ar\/higieneyseguridad\/wp-content\/uploads\/2023\/06\/Mes-mayo_Kiosco-CECEN-Pabellon-I.pdf\">Kiosco CECEN Pabell\u00f3n I &#8211; Mes Mayo<\/a><\/p>\n<p><a class=\"boton doc\" href=\"https:\/\/exactas.uba.ar\/higieneyseguridad\/wp-content\/uploads\/2023\/07\/Mes-junio_Kiosco-CECEN-Pabellon-I.pdf\">Kiosco CECEN Pabell\u00f3n I &#8211; Mes Junio<\/a><\/p>\n<p><a class=\"boton doc\" href=\"https:\/\/exactas.uba.ar\/higieneyseguridad\/wp-content\/uploads\/2023\/08\/Mes-julio_Kiosco-CECEN-Pabellon-I.pdf\">Kiosco CECEN Pabell\u00f3n I &#8211; Mes Julio<\/a><\/p>\n<p><a class=\"boton doc\" href=\"https:\/\/exactas.uba.ar\/higieneyseguridad\/wp-content\/uploads\/2023\/08\/Mes-agosto_Kiosco-CECEN-Pabellon-I.pdf\">Kiosco CECEN Pabell\u00f3n I &#8211; Mes Agosto<\/a><\/p>\n<p><a class=\"boton doc\" href=\"https:\/\/exactas.uba.ar\/higieneyseguridad\/wp-content\/uploads\/2023\/09\/Mes-septiembre_Kiosco-CECEN-Pabellon-I.pdf\">Kiosco CECEN Pabell\u00f3n I &#8211; Mes Septiembre<\/a><\/p>\n<p><a class=\"boton doc\" href=\"https:\/\/exactas.uba.ar\/higieneyseguridad\/wp-content\/uploads\/2023\/11\/Mes-octubre_Kiosco-CECEN-Pabellon-I.pdf\">Kiosco CECEN Pabell\u00f3n I &#8211; Mes Octubre<\/a><\/p>\n<p><a class=\"boton doc\" href=\"https:\/\/exactas.uba.ar\/higieneyseguridad\/wp-content\/uploads\/2023\/11\/Mes-noviembre_Kiosco-CECEN-Pabellon-I.pdf\">Kiosco CECEN Pabell\u00f3n I &#8211; Mes Noviembre<\/a><\/p>\n<p><a class=\"boton doc\" href=\"https:\/\/exactas.uba.ar\/higieneyseguridad\/wp-content\/uploads\/2023\/12\/IB-74-Kiosco-CECEN-Pabellon-I.pdf\">Kiosco CECEN Pabell\u00f3n I &#8211; Mes Diciembre<\/a><\/p>\n","protected":false},"excerpt":{"rendered":"A\u00f1o 2023 : Informes \u21d0 Kiosco CECEN Pabell\u00f3n I &#8211; Mes Febrero Kiosco CECEN Pabell\u00f3n I &#8211; Mes Marzo Kiosco CECEN Pabell\u00f3n I &#8211; Mes Abril Kiosco CECEN Pabell\u00f3n I &#8211; Mes Mayo Kiosco CECEN Pabell\u00f3n I &#8211; Mes Junio Kiosco CECEN Pabell\u00f3n I &#8211; Mes Julio Kiosco CECEN Pabell\u00f3n I &#8211; Mes Agosto Kiosco&#8230; <a class=\"view-article\" href=\"https:\/\/exactas.uba.ar\/higieneyseguridad\/higienealimentaria\/informes\/ano-2023\/kiosko-cecen-pabellon-1\/\">LEER +<\/a>","protected":false},"author":2,"featured_media":0,"parent":6158,"menu_order":4,"comment_status":"closed","ping_status":"closed","template":"","meta":{"_acf_changed":false,"footnotes":""},"class_list":["post-6189","page","type-page","status-publish","hentry"],"acf":[],"_links":{"self":[{"href":"https:\/\/exactas.uba.ar\/higieneyseguridad\/wp-json\/wp\/v2\/pages\/6189","targetHints":{"allow":["GET"]}}],"collection":[{"href":"https:\/\/exactas.uba.ar\/higieneyseguridad\/wp-json\/wp\/v2\/pages"}],"about":[{"href":"https:\/\/exactas.uba.ar\/higieneyseguridad\/wp-json\/wp\/v2\/types\/page"}],"author":[{"embeddable":true,"href":"https:\/\/exactas.uba.ar\/higieneyseguridad\/wp-json\/wp\/v2\/users\/2"}],"replies":[{"embeddable":true,"href":"https:\/\/exactas.uba.ar\/higieneyseguridad\/wp-json\/wp\/v2\/comments?post=6189"}],"version-history":[{"count":16,"href":"https:\/\/exactas.uba.ar\/higieneyseguridad\/wp-json\/wp\/v2\/pages\/6189\/revisions"}],"predecessor-version":[{"id":6809,"href":"https:\/\/exactas.uba.ar\/higieneyseguridad\/wp-json\/wp\/v2\/pages\/6189\/revisions\/6809"}],"up":[{"embeddable":true,"href":"https:\/\/exactas.uba.ar\/higieneyseguridad\/wp-json\/wp\/v2\/pages\/6158"}],"wp:attachment":[{"href":"https:\/\/exactas.uba.ar\/higieneyseguridad\/wp-json\/wp\/v2\/media?parent=6189"}],"curies":[{"name":"wp","href":"https:\/\/api.w.org\/{rel}","templated":true}]}}