{"id":5286,"date":"2022-10-31T16:02:22","date_gmt":"2022-10-31T16:02:22","guid":{"rendered":"https:\/\/exactas.uba.ar\/higieneyseguridad\/?page_id=5286"},"modified":"2026-02-18T13:11:01","modified_gmt":"2026-02-18T13:11:01","slug":"programa-control-de-hormiga-argentina-linepithema-humile-en-exactas","status":"publish","type":"page","link":"https:\/\/exactas.uba.ar\/higieneyseguridad\/medio-ambiente\/programa-control-de-hormiga-argentina-linepithema-humile-en-exactas\/","title":{"rendered":"Programa control de  Hormiga Argentina (Linepithema humile) en Exactas"},"content":{"rendered":"<p>Desde su inauguraci\u00f3n en Noviembre 2021, el edificio Cero+Infinito ha estado tomado por la hormiga <em>L. humile<\/em> conocida mundialmente como la <strong>Hormiga Argentina<\/strong>. A partir de diciembre del 2021, el servicio de Higiene y Seguridad comenz\u00f3 a realizar el control de las hormigas en el edificio, que en ese entonces estaba solo bajo la direcci\u00f3n de la <strong>Dra. Roxana Josens<\/strong> del Laboratorio de Insectos Sociales (INSSOC) perteneciente al Departamento de Biodiversidad y Biolog\u00eda Experimental (DBBE), FCEN. Desde el 1\u00ba de abril del 2022 se sumaron al control de la hormiga las estudiantes de la Licenciatura en Ciencias Biol\u00f3gicas de la Facultad de Ciencias Exactas y Naturales (FCEN), UBA:<\/p>\n<ul>\n<li><b>Est. Belen Celauro<\/b><\/li>\n<\/ul>\n<p>El objetivo es reducir la densidad poblacional de <em>Linepithema humile<\/em>, tanto en el edificio Cero+Infinito como en otros edificios de FCEN, entre los que se incluyen Bioterio Central, Pabell\u00f3n I, 0+Infinito y el Pabell\u00f3n de industrias, mediante un control semanal.<\/p>\n<h3><strong>Parte 1: \u00bfA qu\u00e9 especie nos enfrentamos?<\/strong><\/h3>\n<p><strong><img loading=\"lazy\" decoding=\"async\" width=\"211\" height=\"127\" class=\"size-full wp-image-5452 alignleft\" style=\"font-weight: 400;\" src=\"https:\/\/exactas.uba.ar\/higieneyseguridad\/wp-content\/uploads\/2022\/10\/hormiga1.png\" alt=\"\" srcset=\"https:\/\/exactas.uba.ar\/higieneyseguridad\/wp-content\/uploads\/2022\/10\/hormiga1.png 211w, https:\/\/exactas.uba.ar\/higieneyseguridad\/wp-content\/uploads\/2022\/10\/hormiga1-120x72.png 120w\" sizes=\"auto, (max-width: 211px) 100vw, 211px\" \/><\/strong><\/p>\n<p>La Hormiga argentina es peque\u00f1a y no posee aguij\u00f3n. Es nativa de nuestro pa\u00eds y una exitosa especie invasora;\u00a0 hoy presente en todos los continentes. Como todas las hormigas, es un \u00abinsecto social\u00bb; vive en colonias que se organizan en castas. Tiene varias reinas por nido, y muchos nidos por colonia. La colonia puede cubrir un \u00e1rea extensa por lo que se la suele llamar \u00absuper-colonia\u00bb.<\/p>\n<p>Son omn\u00edvoras y los az\u00facares son una gran atracci\u00f3n para las obreras de esta especie. De hecho, siempre donde haya az\u00facar, las mismas van a estar presentes.<\/p>\n<p>El agua es un recurso esencial para esta especie. Cuando llueve poco, o hay clima seco, el agua que sobre de una maceta o un mate h\u00famedo abandonado es suficiente para atraerlas.<\/p>\n<p><img loading=\"lazy\" decoding=\"async\" class=\" wp-image-5453 alignleft\" src=\"https:\/\/exactas.uba.ar\/higieneyseguridad\/wp-content\/uploads\/2022\/10\/hormiga2-250x136.png\" alt=\"\" width=\"219\" height=\"119\" srcset=\"https:\/\/exactas.uba.ar\/higieneyseguridad\/wp-content\/uploads\/2022\/10\/hormiga2-250x136.png 250w, https:\/\/exactas.uba.ar\/higieneyseguridad\/wp-content\/uploads\/2022\/10\/hormiga2-120x65.png 120w, https:\/\/exactas.uba.ar\/higieneyseguridad\/wp-content\/uploads\/2022\/10\/hormiga2.png 352w\" sizes=\"auto, (max-width: 219px) 100vw, 219px\" \/>Es una especie que se encuentra m\u00e1s activa en \u00e9pocas calurosas. Se adapta a diversos ambientes, y puede invadir edificios enteros. Pueden establecerse tanto en sectores abiertos (en patios, jardines, dentro de macetas, bajo baldosones, etc), como en espacios cerrados aprovechando cualquier grieta como nido (en instalaciones el\u00e9ctricas, macetas, bajo revestimientos o baldosas, detr\u00e1s de z\u00f3calos, en los ladrillos huecos, etc). Pueden formar nidos nuevos constantemente, anidar inclusive dentro de electrodom\u00e9sticos y provocar su deterioro. <strong>*<\/strong><\/p>\n<p><!--nextpage--><\/p>\n<h3><strong>Parte 2: \u00bfPor qu\u00e9 nos interesa?<\/strong><\/h3>\n<h4><strong>Edificio<\/strong><strong>s<\/strong><\/h4>\n<p>Los edificios de la Facultad de Ciencias Exactas y Naturales se encuentran invadidos por la Hormiga Argentina. En particular, desde su construcci\u00f3n, el edificio Cero+Infinito ha sido invadido, y se cumplen varias de las <strong>condiciones ideales para garantizar su permanencia<\/strong>. La eco-cubierta es una parte fundamental para el funcionamiento geot\u00e9rmico del edificio y cuenta con vegetaci\u00f3n y agua constante debido al sistema de riego. Desde la terraza, las hormigas circulan por los sistemas de refrigeraci\u00f3n, ventilaci\u00f3n y canales de electricidad, muchos de los cuales son espacios c\u00e1lidos y h\u00famedos que favorecen la dispersi\u00f3n de la hormiga. Desde su inauguraci\u00f3n se detect\u00f3 la presencia de la hormiga en casi todos los sectores del edificio, inclusive dentro de las oficinas de los investigadores y\/o administrativos. <strong>*<\/strong><\/p>\n<h4><strong>Salud humana<\/strong><\/h4>\n<p>En principio, estas hormigas no representar\u00edan ning\u00fan riesgo para la salud humana. Como se mencion\u00f3, no poseen aguij\u00f3n y sus mand\u00edbulas son muy peque\u00f1as como para que una persona pueda sentir su mordedura. Pese a eso, ocasionalmente algunas personas reportaron alg\u00fan tipo de reacci\u00f3n al\u00e9rgica leve en sectores del cuerpo donde les caminaron varias hormigas. El mayor impacto que esta hormiga puede tener es que cuando el grado de invasi\u00f3n es de gran escala ya no solo es una molestia, sino que puede generar gran estr\u00e9s, volvi\u00e9ndose imposible trabajar en una oficina invadida. <strong>*<\/strong><\/p>\n<h4><strong>Control de hormigas\u00a0\u00a0\u00a0\u00a0\u00a0\u00a0\u00a0\u00a0\u00a0\u00a0\u00a0\u00a0\u00a0\u00a0\u00a0\u00a0\u00a0\u00a0 <\/strong><\/h4>\n<p>La forma m\u00e1s conocida para controlar hormigas son los insecticidas, que vienen en polvos, l\u00edquidos concentrados, sprays, etc. Estos productos utilizados a gran escala ponen en peligro la salud humana, y son altamente contaminantes del ambiente. Es por eso que, desde el Manejo Integrado de Plagas para el control de hormigas se promueve la utilizaci\u00f3n de barreras f\u00edsicas y cebos. En este marco el equipo de Higiene y Seguridad ha tomado en consideraci\u00f3n estas recomendaciones para el control de hormigas en los edificios pertenecientes a la comunidad de Exactas. <strong>*<\/strong><!--nextpage--><\/p>\n<h3><strong>Parte 3: \u00bfQu\u00e9 estamos haciendo al respecto?<\/strong><\/h3>\n<p><img loading=\"lazy\" decoding=\"async\" width=\"250\" height=\"189\" class=\"size-medium wp-image-5454 alignleft\" src=\"https:\/\/exactas.uba.ar\/higieneyseguridad\/wp-content\/uploads\/2022\/10\/hormiga3-250x189.png\" alt=\"\" srcset=\"https:\/\/exactas.uba.ar\/higieneyseguridad\/wp-content\/uploads\/2022\/10\/hormiga3-250x189.png 250w, https:\/\/exactas.uba.ar\/higieneyseguridad\/wp-content\/uploads\/2022\/10\/hormiga3-120x91.png 120w, https:\/\/exactas.uba.ar\/higieneyseguridad\/wp-content\/uploads\/2022\/10\/hormiga3.png 469w\" sizes=\"auto, (max-width: 250px) 100vw, 250px\" \/><\/p>\n<p>-Prevenci\u00f3n y Monitoreo<\/p>\n<p>Se establecieron canales de comunicaci\u00f3n entre los diferentes actores que trabajan en los edificios para facilitar la detecci\u00f3n temprana de hormigas. Se ampliar\u00e1 la difusi\u00f3n de informaci\u00f3n a toda la comunidad de exactas, promoviendo el cuidado de los ambientes y el correcto manejo de los residuos que puedan atraer hormigas. <strong>*<\/strong><\/p>\n<p>-Control interior Focal<\/p>\n<p>Se est\u00e1n tomando medidas de control en aquellos recintos <em>donde se ha detectado la presencia de hormigas.<\/em> Solo ah\u00ed, se colocan los productos adecuados y se informa a quienes ah\u00ed trabajan sobre el protocolo a seguir. Este procedimiento se describe en la Parte 4.<strong>*<\/strong><\/p>\n<p>-L\u00ednea eco-amigable que proyecta la oficina de Higiene y Seguridad<\/p>\n<p>Nos enorgullecemos de ser un equipo de personas que, si bien trabajan en pos de la seguridad laboral, no miramos a otro lado cuando de cuidar el medio ambiente se trata. Por esta raz\u00f3n se organiz\u00f3 un equipo cuyo objetivo es mantener controlada la presencia de las hormigas en todos los edificios pertenecientes a Exactas. En Ciudad Universitaria, el Pabell\u00f3n IFIBYNE ha tenido el mismo problema desde su inauguraci\u00f3n y el Laboratorio de Insectos Sociales ha logrado mantener controlada la invasi\u00f3n sin haber realizado ninguna liberaci\u00f3n de insecticidas, manej\u00e1ndose con la aplicaci\u00f3n de cebos, detecci\u00f3n temprana y canales de comunicaci\u00f3n. El equipo de Higiene y Seguridad sigue ese modelo bajo la supervisi\u00f3n de Roxana Josens. <strong>*<\/strong><\/p>\n<h4><strong>Medidas de prevenci\u00f3n, control y difusi\u00f3n <\/strong><strong>*<\/strong><\/h4>\n<ol>\n<li>a) <em>Sellado de v\u00edas de ingreso<\/em> (prevenci\u00f3n).<\/li>\n<li>b) <em>Barreras f\u00edsicas en tachos de basura<\/em> (prevenci\u00f3n).<\/li>\n<li>c)<em> Colocaci\u00f3n de cebos t\u00f3xicos<\/em> (Se utilizar\u00e1n 2 tipos de cebos. Uno es producido por INSSOC y el otro es comercial) (control).<\/li>\n<li>d) <em>Carteler\u00eda Informativa de se\u00f1alizaci\u00f3n e informaci\u00f3n <\/em>(difusi\u00f3n)<em>.<\/em><\/li>\n<\/ol>\n<p>&nbsp;<\/p>\n<p><img loading=\"lazy\" decoding=\"async\" class=\"wp-image-5457 aligncenter\" src=\"https:\/\/exactas.uba.ar\/higieneyseguridad\/wp-content\/uploads\/2022\/10\/hormiga5-1-250x96.png\" alt=\"\" width=\"445\" height=\"171\" srcset=\"https:\/\/exactas.uba.ar\/higieneyseguridad\/wp-content\/uploads\/2022\/10\/hormiga5-1-250x96.png 250w, https:\/\/exactas.uba.ar\/higieneyseguridad\/wp-content\/uploads\/2022\/10\/hormiga5-1-120x46.png 120w, https:\/\/exactas.uba.ar\/higieneyseguridad\/wp-content\/uploads\/2022\/10\/hormiga5-1.png 399w\" sizes=\"auto, (max-width: 445px) 100vw, 445px\" \/><\/p>\n<h3><\/h3>\n<p><!--nextpage--><\/p>\n<h3><strong>Parte 4: \u00bfC\u00f3mo actuar para evitarlas o ante la presencia de hormigas?<\/strong><\/h3>\n<p>Ante la presencia de hormigas en su ambiente laboral, el equipo de Higiene y Seguridad recomienda:<\/p>\n<ol>\n<li>a) <strong>No usar insecticidas en aerosol<\/strong>. Los mismos son t\u00f3xicos en ambientes cerrados y pueden afectar a la salud de las personas. Adem\u00e1s, la eliminaci\u00f3n de hormigas es moment\u00e1nea, ya que, si el recurso existe, las mismas van a volver a aparecer. <strong>*<\/strong><\/li>\n<li>b) Se sugiere <strong>no comer en las oficinas<\/strong>, ya que cualquier miga, gota o envoltorio con restos de comida las va a atraer. Se recomienda <strong>tirar<\/strong> envoltorios con <strong>restos de alimento<\/strong> en los <strong>tachos pintados con barreras anti-hormigas<\/strong>. Si se tiran en el tacho de adentro deben vaciar su contenido en un tacho externo al finalizar su jornada laboral. Como alternativa, pueden colocar en su oficina un tacho que sea exclusivo para descartes de alimentos y vaciarlo al final del d\u00eda. Tener en cuenta que aquellas oficinas cerradas con llave no podr\u00e1n ser atendidas por el servicio de limpieza. <strong>*<\/strong><\/li>\n<li>c) <strong>Guardar los alimentos en envases herm\u00e9ticos<\/strong>. Recordar que el agua que quede en un mate usado puede llegar a ser un recurso para las hormigas. Por lo cual, vaciarlo y dejarlo boca abajo para que se seque.<\/li>\n<li>d) <strong>No barrer las hormigas vivas<\/strong>, ya que solo se dispersar\u00e1n. Adem\u00e1s pueden agarrarse a la escoba y ser transportadas hacia otros sitios. <strong>*<\/strong><\/li>\n<li>e) <strong>No cambiar de lugar, ni tocar, ni quitar los cebos<\/strong> colocados en los diferentes sectores de los edificios monitoreados por el equipo de Higiene y Seguridad. <strong>*<\/strong><\/li>\n<li>f) <strong>Si se debe tocar un tubo con cebo por fuerza mayor<\/strong>, <strong>volver a colocarlo<\/strong> donde estaba y <strong>lavarse las manos<\/strong> con abundante agua. <strong>*<\/strong><\/li>\n<li>g) Ante la presencia de hormigas <strong>informar al Servicio de Higiene y Seguridad<\/strong> lo antes posible.<strong>*<\/strong><\/li>\n<\/ol>\n<p><strong>\u00bfC\u00f3mo informar al Servicio de Higiene y Seguridad si posee esta plaga en su espacio laboral?<\/strong><\/p>\n<p><strong>Informar de la presencia de hormigas mediante el formulario:<\/strong><\/p>\n<p><a href=\"https:\/\/exactas.uba.ar\/higieneyseguridad\/medio-ambiente\/desinsectacion\/\"><strong>Formulario De Solicitud De Desinsectaci\u00f3n<\/strong><\/a><\/p>\n<p><strong>o alternativamente enviar un mail a <\/strong><a href=\"mailto:hyshormigas@gmail.com\">hyshormigas@gmail.com<\/a><strong> o comunicarse con la oficina de Higiene y Seguridad\u00a0 (58174 \/\/ 52858174).<\/strong><\/p>\n<p><strong> <a href=\"https:\/\/exactas.uba.ar\/higieneyseguridad\/wp-content\/uploads\/2022\/10\/Informacion-complementaria-para-subir-en-PDF-VT.pdf\">INFORMACION ADICIONAL<\/a><\/strong><\/p>\n","protected":false},"excerpt":{"rendered":"Desde su inauguraci\u00f3n en Noviembre 2021, el edificio Cero+Infinito ha estado tomado por la hormiga L. humile conocida mundialmente como la Hormiga Argentina. A partir de diciembre del 2021, el servicio de Higiene y Seguridad comenz\u00f3 a realizar el control de las hormigas en el edificio, que en ese entonces estaba solo bajo la direcci\u00f3n&#8230; <a class=\"view-article\" href=\"https:\/\/exactas.uba.ar\/higieneyseguridad\/medio-ambiente\/programa-control-de-hormiga-argentina-linepithema-humile-en-exactas\/\">LEER +<\/a>","protected":false},"author":2,"featured_media":0,"parent":133,"menu_order":1,"comment_status":"closed","ping_status":"closed","template":"","meta":{"_acf_changed":false,"footnotes":""},"class_list":["post-5286","page","type-page","status-publish","hentry"],"acf":[],"_links":{"self":[{"href":"https:\/\/exactas.uba.ar\/higieneyseguridad\/wp-json\/wp\/v2\/pages\/5286","targetHints":{"allow":["GET"]}}],"collection":[{"href":"https:\/\/exactas.uba.ar\/higieneyseguridad\/wp-json\/wp\/v2\/pages"}],"about":[{"href":"https:\/\/exactas.uba.ar\/higieneyseguridad\/wp-json\/wp\/v2\/types\/page"}],"author":[{"embeddable":true,"href":"https:\/\/exactas.uba.ar\/higieneyseguridad\/wp-json\/wp\/v2\/users\/2"}],"replies":[{"embeddable":true,"href":"https:\/\/exactas.uba.ar\/higieneyseguridad\/wp-json\/wp\/v2\/comments?post=5286"}],"version-history":[{"count":13,"href":"https:\/\/exactas.uba.ar\/higieneyseguridad\/wp-json\/wp\/v2\/pages\/5286\/revisions"}],"predecessor-version":[{"id":8812,"href":"https:\/\/exactas.uba.ar\/higieneyseguridad\/wp-json\/wp\/v2\/pages\/5286\/revisions\/8812"}],"up":[{"embeddable":true,"href":"https:\/\/exactas.uba.ar\/higieneyseguridad\/wp-json\/wp\/v2\/pages\/133"}],"wp:attachment":[{"href":"https:\/\/exactas.uba.ar\/higieneyseguridad\/wp-json\/wp\/v2\/media?parent=5286"}],"curies":[{"name":"wp","href":"https:\/\/api.w.org\/{rel}","templated":true}]}}