{"id":457,"date":"2019-04-24T16:41:42","date_gmt":"2019-04-24T16:41:42","guid":{"rendered":"https:\/\/exactas.uba.ar\/higieneyseguridad\/?page_id=457"},"modified":"2020-01-08T17:47:53","modified_gmt":"2020-01-08T17:47:53","slug":"bar-boicot-cecen-pabellon-ii","status":"publish","type":"page","link":"https:\/\/exactas.uba.ar\/higieneyseguridad\/higienealimentaria\/informes\/ano-2019\/bar-boicot-cecen-pabellon-ii\/","title":{"rendered":"Bar Boicot CECEN Pabell\u00f3n II"},"content":{"rendered":"<h1>A\u00f1o 2019<\/h1>\n<h2>Inspecciones<\/h2>\n<p><a class=\"boton doc\" href=\"https:\/\/exactas.uba.ar\/higieneyseguridad\/wp-content\/uploads\/2019\/04\/IB-04-Bar-Boicot-CECEN-II.pdf\">Mes Febrero : IB 04- Bar Boicot CECEN Pabell\u00f3n II<\/a><\/p>\n<p><a class=\"boton doc\" href=\"https:\/\/exactas.uba.ar\/higieneyseguridad\/wp-content\/uploads\/2019\/04\/IB-13-Bar-Boicot-CECEN-II.pdf\">Mes Marzo : IB 13- Bar Boicot CECEN Pabell\u00f3n II<\/a><\/p>\n<p><a class=\"boton doc\" href=\"https:\/\/exactas.uba.ar\/higieneyseguridad\/wp-content\/uploads\/2019\/04\/IB-26-Bar-Boicot-CECEN-II.pdf\">Mes Abril : IB 26- Bar Boicot CECEN Pabell\u00f3n II<\/a><\/p>\n<p><a class=\"boton doc\" href=\"https:\/\/exactas.uba.ar\/higieneyseguridad\/wp-content\/uploads\/2019\/06\/Mes-Mayo-IB-35-Bar-Boicot-CECEN-II.pdf\">Mes Mayo: IB 35- Bar Boicot CECEN Pabell\u00f3n II<\/a><\/p>\n<p><a class=\"boton doc\" href=\"https:\/\/exactas.uba.ar\/higieneyseguridad\/wp-content\/uploads\/2019\/09\/Mes-Junio-IB-45-Bar-Boicot-CECEN-II.pdf\">Mes Junio IB 45- Bar Boicot CECEN Pabell\u00f3n II<\/a><\/p>\n<p><a class=\"boton doc\" href=\"https:\/\/exactas.uba.ar\/higieneyseguridad\/wp-content\/uploads\/2019\/09\/Mes-Julio-IB-61-Bar-Boicot-CECEN-II.pdf\">Mes Julio IB 61- Bar Boicot CECEN Pabell\u00f3n II<\/a><\/p>\n<p><a class=\"boton doc\" href=\"https:\/\/exactas.uba.ar\/higieneyseguridad\/wp-content\/uploads\/2019\/09\/Mes-Agosto-IB-70-Bar-Boicot-CECEN-II.pdf\">Mes Agosto IB 70 &#8211; Bar Boicot CECEN Pabell\u00f3n II<\/a><\/p>\n<p><a class=\"boton doc\" href=\"https:\/\/exactas.uba.ar\/higieneyseguridad\/wp-content\/uploads\/2019\/09\/Mes-Septiembre-IB-82-Bar-Boicot-CECEN-II.pdf\">Mes Septiembre IB 82 &#8211; Bar Boicot CECEN Pabell\u00f3n II<\/a><\/p>\n<p><a class=\"boton doc\" href=\"https:\/\/exactas.uba.ar\/higieneyseguridad\/wp-content\/uploads\/2019\/10\/Mes-Octubre-IB-85-Bar-Boicot-CECEN-II.pdf\">Mes Octubre IB 85 &#8211; Bar Boicot CECEN\u00a0 Pabell\u00f3n II<\/a><\/p>\n<p><a class=\"boton doc\" href=\"https:\/\/exactas.uba.ar\/higieneyseguridad\/wp-content\/uploads\/2019\/11\/Mes-Noviembre-IB-93-Bar-Boicot-CECEN-II.pdf\">Mes Noviembre IB 93 &#8211; Bar Boicot CECEN Pabell\u00f3n II<\/a><\/p>\n<p><a class=\"boton doc\" href=\"https:\/\/exactas.uba.ar\/higieneyseguridad\/wp-content\/uploads\/2019\/12\/Mes-Diciembre-IB-101-Bar-Boicot-CECEN-II.pdf\">Mes Diciembre IB 101 &#8211; Bar Boicot CECEN Pabell\u00f3n II<\/a><\/p>\n<p>&nbsp;<\/p>\n<p>&nbsp;<\/p>\n<p>&nbsp;<\/p>\n","protected":false},"excerpt":{"rendered":"A\u00f1o 2019 Inspecciones Mes Febrero : IB 04- Bar Boicot CECEN Pabell\u00f3n II Mes Marzo : IB 13- Bar Boicot CECEN Pabell\u00f3n II Mes Abril : IB 26- Bar Boicot CECEN Pabell\u00f3n II Mes Mayo: IB 35- Bar Boicot CECEN Pabell\u00f3n II Mes Junio IB 45- Bar Boicot CECEN Pabell\u00f3n II Mes Julio IB 61-&#8230; <a class=\"view-article\" href=\"https:\/\/exactas.uba.ar\/higieneyseguridad\/higienealimentaria\/informes\/ano-2019\/bar-boicot-cecen-pabellon-ii\/\">LEER +<\/a>","protected":false},"author":2,"featured_media":0,"parent":2170,"menu_order":1,"comment_status":"closed","ping_status":"closed","template":"","meta":{"_acf_changed":false,"footnotes":""},"class_list":["post-457","page","type-page","status-publish","hentry"],"acf":[],"_links":{"self":[{"href":"https:\/\/exactas.uba.ar\/higieneyseguridad\/wp-json\/wp\/v2\/pages\/457","targetHints":{"allow":["GET"]}}],"collection":[{"href":"https:\/\/exactas.uba.ar\/higieneyseguridad\/wp-json\/wp\/v2\/pages"}],"about":[{"href":"https:\/\/exactas.uba.ar\/higieneyseguridad\/wp-json\/wp\/v2\/types\/page"}],"author":[{"embeddable":true,"href":"https:\/\/exactas.uba.ar\/higieneyseguridad\/wp-json\/wp\/v2\/users\/2"}],"replies":[{"embeddable":true,"href":"https:\/\/exactas.uba.ar\/higieneyseguridad\/wp-json\/wp\/v2\/comments?post=457"}],"version-history":[{"count":20,"href":"https:\/\/exactas.uba.ar\/higieneyseguridad\/wp-json\/wp\/v2\/pages\/457\/revisions"}],"predecessor-version":[{"id":2174,"href":"https:\/\/exactas.uba.ar\/higieneyseguridad\/wp-json\/wp\/v2\/pages\/457\/revisions\/2174"}],"up":[{"embeddable":true,"href":"https:\/\/exactas.uba.ar\/higieneyseguridad\/wp-json\/wp\/v2\/pages\/2170"}],"wp:attachment":[{"href":"https:\/\/exactas.uba.ar\/higieneyseguridad\/wp-json\/wp\/v2\/media?parent=457"}],"curies":[{"name":"wp","href":"https:\/\/api.w.org\/{rel}","templated":true}]}}