{"id":4333,"date":"2022-02-01T15:59:21","date_gmt":"2022-02-01T15:59:21","guid":{"rendered":"https:\/\/exactas.uba.ar\/higieneyseguridad\/?page_id=4333"},"modified":"2025-03-18T16:46:21","modified_gmt":"2025-03-18T16:46:21","slug":"capacitaciones-2022","status":"publish","type":"page","link":"https:\/\/exactas.uba.ar\/higieneyseguridad\/capacitaciones\/capacitaciones-2022\/","title":{"rendered":"Capacitaciones 2022"},"content":{"rendered":"<h2><span style=\"color: #008080;\">2do Cuatrimestre<\/span><\/h2>\n<p>&nbsp;<\/p>\n\n<table id=\"tablepress-5\" class=\"tablepress tablepress-id-5 tbody-has-connected-cells\">\n<thead>\n<tr class=\"row-1\">\n\t<th class=\"column-1\">MES<\/th><th class=\"column-2\">TEMA<\/th><th class=\"column-3\">MODALIDAD<\/th><th class=\"column-4\">DESTINADO A<\/th><th class=\"column-5\">REALIZADO POR (*)<\/th><th class=\"column-6\">OBJETIVOS<\/th>\n<\/tr>\n<\/thead>\n<tbody class=\"row-striping row-hover\">\n<tr class=\"row-2\">\n\t<td rowspan=\"4\" class=\"column-1\">NOVIEMBRE<\/td><td class=\"column-2\">COMO COMPLETAR LA ENCUESTA DE EXPOSICION?<\/td><td class=\"column-3\">Zoom - 29\/11  de 11 a 12 horas<\/td><td class=\"column-4\">Investigadores, Docentes, No doentes y personal de Apoyo<\/td><td class=\"column-5\">SHyS..  <a href=\"https:\/\/forms.gle\/oprDvywWcQGyfN8e6\">Formulario de Inscripci\u00f3n<\/a><\/td><td class=\"column-6\">Informaci\u00f3n impornate para todos aquellos que deben competar proximamente la encuesta de exposici\u00f3n<\/td>\n<\/tr>\n<tr class=\"row-3\">\n\t<td class=\"column-2\">PRIMEROS AUXILIOS<\/td><td class=\"column-3\">Presencial 16\/11  .  de 10 a 12 hrs<\/td><td class=\"column-4\">DOCENTES-INVESTIGADORES-SYC<\/td><td class=\"column-5\">Pcia- ART<br \/>\n<a href=\"https:\/\/forms.gle\/KudXYzvGtbvSvu687\">Formulario de Inscripci\u00f3n<\/a><\/td><td class=\"column-6\">Nos ayuda en nuestra vida cotidiana, no solo en el ambito labora. Esta capacitaci\u00f3n la debemos realizar en cada oportunidad que podamos para incorporar conductas que nos permitan actuar frente a distintas sitruaciones<\/td>\n<\/tr>\n<tr class=\"row-4\">\n\t<td class=\"column-2\">VISITAS NO ESPERADAS  - 1ra Parte -  Ratones\/Ratas - Murci\u00e9lagos - Hormigas-Mosquitos<\/td><td class=\"column-3\">Presencial - 1\/11   13-15 horas  -  AULA 1401  . del Cero+Infinito<\/td><td class=\"column-4\">Para toda la comunidad<\/td><td class=\"column-5\">Rata\/Ratones\/Muercielagos Dra. Olga Suarez  <br \/>\nSHYS  AA - Hormigas  <a href=\"https:\/\/forms.gle\/MmuwY4wDSkQjvTGw7\">Formulario de Inscripci\u00f3n<\/a><br \/>\n<\/td><td class=\"column-6\">Ratas\/Ratones .- Murcielagos : debemos  inf\u00f3rmanos para saber como actuar.  Hormigas-Aedes Aegyti. Conocer  las acciones que se llevan adelante desde el SHYS permite que toda la comunidad colabore en el control en el predio de Ciudad Universitaria. <\/td>\n<\/tr>\n<tr class=\"row-5\">\n\t<td class=\"column-2\">VISITAS NO ESPERADAS  - 2da Parte -  Ara\u00f1as - Ofidios<\/td><td class=\"column-3\">Presencial - 8\/11   13-15 horas .   AULA 1101  Cero+Infinito<\/td><td class=\"column-4\">Obligatorio para Docentes e Investigadores que hacen visitas guiadas a la Reserva Ciudad Universitaria.  Comunidad interesada en el tema   <\/td><td class=\"column-5\">Ara\u00f1as - Dra. Monica Iglesias <br \/>\nOfidios- Dr. Adolfo Roodt    <a href=\"https:\/\/forms.gle\/MmuwY4wDSkQjvTGw7\">Formulario de Inscripci\u00f3n<\/a><\/td><td class=\"column-6\">Es muy importante conocer como se debe actuar. Conocer y estar al tanto de los riesgos.<\/td>\n<\/tr>\n<tr class=\"row-6\">\n\t<td rowspan=\"2\" class=\"column-1\">OCTUBRE<\/td><td class=\"column-2\">RCP+DEA<\/td><td class=\"column-3\">Presencial - 19\/10 de 11 a 13 hr<\/td><td class=\"column-4\">DOCENTES- PERSONAL DE SEGURIDAD- INVESTIGADORES<\/td><td class=\"column-5\">PCIA ART<\/td><td class=\"column-6\">Es muy importante estar entrenados para actuaci\u00f3n en caso de emergencia <\/td>\n<\/tr>\n<tr class=\"row-7\">\n\t<td class=\"column-2\">Uso de medios de Extinci\u00f3n de fuegos<\/td><td class=\"column-3\">Presencial- Teorica Practica  . 27\/11   de 11,00 a 12,30 hrs<\/td><td class=\"column-4\">obligatoria para brigadistas - personal de seguridad. Optativa para docentes, ST y directivos del Jardin de Infantes<\/td><td class=\"column-5\">Bomberos  <a href=\"http:\/\/vb6HFJjf9)y%cs0zkhbDL7)D\">Formulario de Inscripci\u00f3n<\/a><\/td><td class=\"column-6\">El buen manejo de los medios de extinci\u00f3n necesita ser aprendido y practicado. <\/td>\n<\/tr>\n<tr class=\"row-8\">\n\t<td rowspan=\"4\" class=\"column-1\">SEPTIEMBRE<\/td><td class=\"column-2\">Taller : Uso y Cuidado de Elementos de proteccion personal<\/td><td class=\"column-3\">Presencial - Fecha a designar<\/td><td class=\"column-4\">NODOCENTES<\/td><td class=\"column-5\">SHYS<\/td><td class=\"column-6\">Resolver distintas situaciones cotidianas de trabajo, seleccionado los EPP adecuados. Reforzar los procedimientos de conservacion.<\/td>\n<\/tr>\n<tr class=\"row-9\">\n\t<td class=\"column-2\">Taller : actuacion en caso de derrame de sustancias quimicas y  material biologico<\/td><td class=\"column-3\">Presencial. 09\/09  de 14-15.30 hrs <\/td><td class=\"column-4\">DOCENTES- INVESTIGADORES-PERSONALD E APOYO<\/td><td class=\"column-5\">SHYS  <a href=\"https:\/\/forms.gle\/gbgVGGsSi9ZzEi6aA\">Formulario de Inscripci\u00f3n<\/a><\/td><td class=\"column-6\">verificar los procedimientos que se deben implementar para las distintas situaciones que se presentan a diario en los distintos laboratorios.<\/td>\n<\/tr>\n<tr class=\"row-10\">\n\t<td class=\"column-2\">Actuacion en caso de Evacuaci\u00f3n <\/td><td class=\"column-3\">Zoom - 14\/09  11-12.30 hrs<\/td><td class=\"column-4\">BRIGADISTAS , Personal de SYC de todos los pabellosnes<\/td><td class=\"column-5\">SHYS  . <a href=\"https:\/\/forms.gle\/LMjTEpVWPW4XrYbA6\">Formulario de Inscripci\u00f3n<\/a><\/td><td class=\"column-6\">Compartir el protocolo de evacuacion . Nuevos puntos de encuentro<\/td>\n<\/tr>\n<tr class=\"row-11\">\n\t<td class=\"column-2\">PRIMEROS AUXILIOS<\/td><td class=\"column-3\">Presencia 27\/09  de 13 a 15 hrs <\/td><td class=\"column-4\">DOCENTES-INVESTIGADORES-SYC<\/td><td class=\"column-5\">Pcia-ART  <a href=\"https:\/\/forms.gle\/wcdqUUeewjksRC4aA\">Formulario de Inscripci\u00f3n<\/a><\/td><td class=\"column-6\">Capacitarnos en PRIMEROS AUXILIOS nos ayuda en nuestra vida cotidiana, no solo en el ambito labora. Esta capacitaci\u00f3n la debemos realizar en cada oportunidad que podamos para incorporar conductas que nos permitan actuar frente a distintas sitruaciones<\/td>\n<\/tr>\n<tr class=\"row-12\">\n\t<td rowspan=\"4\" class=\"column-1\">AGOSTO<\/td><td class=\"column-2\">ACTIVIDAD PRACTICA DE USO Y CUIDADO DE LA VOZ PRESENCIAL<\/td><td class=\"column-3\">Presencial- Viernes 5\/8 11.oo-12.30hrs<\/td><td class=\"column-4\">Docentes<\/td><td class=\"column-5\">Pcia ART  <a href=\"https:\/\/forms.gle\/GDF9MzY4GT5mZHCw5\">Formulario de Inscripci\u00f3n<\/a><\/td><td class=\"column-6\">El cuidado de la voz requiere que nos tomemos tiempo para realizar ejercicios, una buena oportunidad para aprender que debemos hacer.<\/td>\n<\/tr>\n<tr class=\"row-13\">\n\t<td class=\"column-2\">TALLER DE RESIDUOS PELIGROSOS<\/td><td class=\"column-3\">PRESENCIAL Martes 9\/08 de 11.0 a 12.30 hrs Aula a confirmar<\/td><td class=\"column-4\">NVESTIGADORES, DOCENTES <\/td><td class=\"column-5\">SHYS <a href=\"https:\/\/forms.gle\/GDF9MzY4GT5mZHCw5\">Formulario de Inscripci\u00f3n<\/a><\/td><td class=\"column-6\">Aplicar los criterios en seleccion y clasificaci\u00f3n de los residuos peligrosos<\/td>\n<\/tr>\n<tr class=\"row-14\">\n\t<td class=\"column-2\"> PRIMEROS AUXILIOS EN TAREAS DE CAMPO<\/td><td class=\"column-3\">PRESENCIAL Viernes 19\/08  11 a 12,30 hors. Aula Seminario<\/td><td class=\"column-4\">NVESTIGADORES\/ DOCENTES. Especialmente aquellos que realizan tareas de campo<\/td><td class=\"column-5\">SHYS <a href=\"https:\/\/forms.gle\/MzTHsaqMppgutfPt5\">Formulario de Inscripci\u00f3n<\/a><\/td><td class=\"column-6\">Para todos aquellos que realizan tareas de campo es muy importante estar capacitacitado en las primeras respuestas.<\/td>\n<\/tr>\n<tr class=\"row-15\">\n\t<td class=\"column-2\">RIESGO QUIMICO Y SGA PRESENCIAL <\/td><td class=\"column-3\">Miercoles 31\/8 DE 11 A 12.30 HRS <\/td><td class=\"column-4\">DOCENTES E INVESTIGADORES<\/td><td class=\"column-5\"><a href=\"https:\/\/forms.gle\/4dhuAzqaZn29Wnpb8\">Formulario de Inscripci\u00f3n<\/a><\/td><td class=\"column-6\">Todos aquellos que trabjan con sustancias quimicas deben estar familiarizados con los riesgos, eso les permite poder planificar trabajr en forma segura<\/td>\n<\/tr>\n<\/tbody>\n<\/table>\n<!-- #tablepress-5 from cache -->\n<p><!--nextpage--><\/p>\n<h2><span style=\"color: #008080;\">1er Cuatrimestre\u00a0<\/span><\/h2>\n<table border=\"2\" width=\"100%\" cellpadding=\"15\">\n<tbody>\n<tr>\n<td>\n<h4><strong>MES<\/strong><\/h4>\n<\/td>\n<td>\n<h4><strong>TEMA<\/strong><\/h4>\n<\/td>\n<td>\n<h4><strong>MODALIDAD<\/strong><\/h4>\n<\/td>\n<td>\n<h4><strong>DESTINADO A<\/strong><\/h4>\n<\/td>\n<td>\n<h4><strong>REALIZADO POR (*)<\/strong><\/h4>\n<\/td>\n<td>\n<h4><strong>OBJETIVO<\/strong><\/h4>\n<\/td>\n<\/tr>\n<tr>\n<td rowspan=\"6\">\n<h4><strong> JUNIO<\/strong><\/h4>\n<\/td>\n<\/tr>\n<tr>\n<td><strong> MANEJO MANUAL DE CARGA <\/strong><\/td>\n<td><strong> PRESENCIAL Miercoles 08\/06 de 10.0 a 11.30 hrs en Estudio 1 (Pabell\u00f3n 2)<\/strong><\/td>\n<td><strong> TODOS LOS TRABAJADORES NODOCENTES E INVESTIGADORES que dentro de sus actividades laborales desplazan cargas en forma frecuente<\/strong><\/td>\n<td><strong> Provincia ART <a href=\"https:\/\/forms.gle\/hjgVfPvf48oZ1iuX9\">Formulario de Inscripci\u00f3n<\/a><\/strong><\/td>\n<td>El manejo de cargas debe ser realizado en forma adecuada, y para eso necesitamos alguien que nos capacite en los movimiento correctos<\/td>\n<\/tr>\n<tr>\n<td><strong> TRABAJO EN ALTURA, APARATOS PARA IZAR <\/strong><\/td>\n<td><strong> PRESENCIAL Jueves 9\/06 de 10.0 a 11.30 hrs en Estudio 1 (Pabell\u00f3n 2) <\/strong><\/td>\n<td><strong> TODOS LOS TRABAJADORES NODOCENTES e INVESTIGADORES, que dentro de sus actividades se necesitan realizar trabajos en altura <\/strong><\/td>\n<td><strong> Provincia ART <a href=\"https:\/\/forms.gle\/K4fC23gVoVKNzpty8\">Formulario de Inscripci\u00f3n<\/a><\/strong><\/td>\n<td>El trabajo en altura tiene pautas que se deben seguir para evitar accidentes. Debemos conocerlas. Esta capacitaci\u00f3n nos responder\u00e1 como es el uso adecuado de una escalera.<\/td>\n<\/tr>\n<tr>\n<td><strong> ERGONOMIA- PAUSA ACTIVA <\/strong><\/td>\n<td><strong> PRESENCIAL Jueves 09\/06 de 14.0 a 15.30 hrs &#8211; Aula Seminario<\/strong><\/td>\n<td><strong> TODOS LOS TRABAJADORES NODOCENTES E INVESTIGADORES. Especialmente aquellos que realizan tareas administrativas<\/strong><\/td>\n<td><strong> Provincia ART <a href=\"https:\/\/forms.gle\/FqZjt7aLHY3QzMBeA\">Formulario de Inscripci\u00f3n<\/a><\/strong><\/td>\n<td>Pasamos muchas horas trabajando, analicemos las posturas y las pausas que nos ayudan a estar mejor<\/td>\n<\/tr>\n<tr>\n<td><strong>RCP Uso de DEA<\/strong><\/td>\n<td><strong> PRESENCIAL &#8212; 23\/06 DE 12 A 14 HRS <\/strong><\/td>\n<td><strong> TODOS, OBLIGATORIA PARA BRIGADISTAS-DOCENTES-SEGURIDAD Y CONTROL &#8212; <\/strong><\/td>\n<td><strong> PROVINCIA ART\u00a0<a href=\"https:\/\/forms.gle\/DQu7cYriegyqFBNX6\">Formulario de Inscripci\u00f3n<\/a><\/strong><\/td>\n<td>Capacitarnos en la Reanimaci\u00f3n Cardiopulmonar (RCP). Es una maniobra de emergencia. Consiste en aplicar presi\u00f3n r\u00edtmica sobre el pecho de una persona que haya sufrido un paro card\u00edorespiratorio para que el ox\u00edgeno pueda seguir llegando a sus \u00f3rganos vitales.<\/td>\n<\/tr>\n<tr>\n<td><strong> PREVENCION DE INCENDIO <\/strong><\/td>\n<td><strong> VIRTUAL El 30\/06 de 13-14 hrs <\/strong><\/td>\n<td><strong> TODOS LOS TRABAJADORES, Especialmente DOCENTES- SyC<\/strong><\/td>\n<td><strong> HYS <a href=\"https:\/\/forms.gle\/gWtDxRyfmFUdg1hi9\">Formulario de Inscrpic\u00f3n<\/a><\/strong><\/td>\n<td>La prevenci\u00f3n de incendio es parte de las conductas que necesitamos aprender especialmente en nuestro \u00e1mbito laboral<\/td>\n<\/tr>\n<tr>\n<td rowspan=\"5\">\n<h4><strong> MAYO<\/strong><\/h4>\n<\/td>\n<\/tr>\n<tr>\n<td><strong>PRIMEROS AUXILIOS <\/strong><\/td>\n<td><strong> PRESENCIAL 3\/5 10.00 &#8211; 12.00 hrs y 4\/5 a las 15.00 a 17.00 hrs <\/strong><\/td>\n<td><strong> TODOS LOS TRABAJADORES DE FCEN, especialmente DOCENTES Y personal de SEGURIDAD Y CONTROL <\/strong><\/td>\n<td><strong>Provincia ART <a href=\"https:\/\/forms.gle\/2CQLRznkBoi13Hrr5\">Formulario de Inscripci\u00f3n<\/a> <\/strong><\/td>\n<td>Capacitarnos en PRIMEROS AUXILIOS nos ayuda en nuestra vida cotidiana, no solo en el ambito labora. Esta capacitaci\u00f3n la debemos realizar en cada oportunidad que podamos para incorporar conductas que nos permitan actuar frente a distintas sitruaciones<\/td>\n<\/tr>\n<tr>\n<td><strong> MANIPULADORES DE ALIMENTOS <\/strong><\/td>\n<td><strong> PRESENCIAL <\/strong><\/td>\n<td><strong> PERSONAS DE FCEN QUE MANIPULAN ALIMENTOS EN LOS COMEDORES, KIOSKOS Y COCINAS <\/strong><\/td>\n<td><strong> HYS <\/strong><\/td>\n<td>Todas aquellas personas que intervienen en la cadena de alimentos, deben estar capacitadas en las condiciones de seguridad alimentaria<\/td>\n<\/tr>\n<tr>\n<td><strong> SEDRONAR- REMPRE <\/strong><\/td>\n<td><strong> VIRTUAL 31\/05 11.00-12.00 hr <\/strong><\/td>\n<td><strong> INVESTIGADORES RESPONSABLES, DIRECTORES DE DEPARTAMENTOS Y DIRECTORES DE INSTITUTOS <\/strong><\/td>\n<td><strong> HYS &#8211; <a href=\"https:\/\/forms.gle\/34kyTtU6TfQhxtqB6\">Formulario de Inscripci\u00f3n<\/a><\/strong><\/td>\n<td>Para poder adquirir precursores qu\u00edmicos, se deben cumplir con las normativas vigentes. Es responsabilidad de todos los involucrados conocerlas<\/td>\n<\/tr>\n<tr>\n<td><strong> USO Y CUIDADO DE LA VOZ <\/strong><\/td>\n<td><strong> PRESENCIAL 24\/05 11,00-12.30 hrs y 27\/05 15.00-16.30 hrs <\/strong><\/td>\n<td><strong> Especialemnte a DOCENTES <\/strong><\/td>\n<td><strong> Provincia ART <a href=\"https:\/\/forms.gle\/7yK33GmapisL5DmN8\">Formulario de Inscripci\u00f3n<\/a> <\/strong><\/td>\n<td>El cuidado de la voz, requiere observar pautas que debemos incorporar, y nos deben ense\u00f1ar. Es necesario hacernos un tiempo para poder conocerlas. Especialmente en estas \u00e9pocas donde tenemos desaf\u00edos constantes<\/td>\n<\/tr>\n<tr>\n<td rowspan=\"9\">\n<h4><strong> ABRIL<\/strong><\/h4>\n<\/td>\n<\/tr>\n<tr>\n<td><strong>ALARMAS: Actuaci\u00f3n frente a distintos escenarios<\/strong><\/td>\n<td><strong> VIRTUAL &#8211; PRESENCIAL 06\/04 de 12 a 13 hrs<\/strong><\/td>\n<td><strong> PERSONAL DE SEGURIDAD Y CONTROL <\/strong><\/td>\n<td><strong> HyS <\/strong><\/td>\n<td>Un repaso de los protocolos de las conductas de actuaci\u00f3n por parte del personal de Seguridad y Control<\/td>\n<\/tr>\n<tr>\n<td><strong>RCP <\/strong><\/td>\n<td><strong> ON LINE &#8211; 11\/04 10 a 11.30 hrs <\/strong><\/td>\n<td><strong> TODOS <\/strong><\/td>\n<td><strong> <a href=\"https:\/\/www.provinciart.com.ar\/articulos\/193-capacitaciones-presenciales.html\" target=\"_blank\" rel=\"noopener\">PROVINCIA ART (*) <\/a> <\/strong><\/td>\n<td>Capacitarnos en la Reanimaci\u00f3n Cardiopulmonar (RCP). Es una maniobra de emergencia. Consiste en aplicar presi\u00f3n r\u00edtmica sobre el pecho de una persona que haya sufrido un paro card\u00edorespiratorio para que el ox\u00edgeno pueda seguir llegando a sus \u00f3rganos vitales.<\/td>\n<\/tr>\n<tr>\n<td><strong>TALLER SOBRE RESIDUOS PELIGROSOS Y PATOGENICOS <\/strong><\/td>\n<td><strong> VIRTUAL &#8211; PRESENCIAL &#8212; 12\/04 de 14-15 hr <\/strong><\/td>\n<td><strong> INVESTICADORES, BECARIOS, CPA\u00b4S <\/strong><\/td>\n<td><strong> HyS <a href=\"https:\/\/forms.gle\/8299nz1djJchfwGB7\" target=\"_blank\" rel=\"noopener\">Formulario de Inscripci\u00f3n<\/a> <\/strong><\/td>\n<td>Un repaso de las normas y conductas que debemos observar cuando transitamos, no solo en el viaje a y desde nuestro trabajo, sino tambien en todo momento<\/td>\n<\/tr>\n<tr>\n<td><strong>RCP <\/strong><\/td>\n<td><strong> PRESENCIAL &#8212; 21\/04 DE 12 A 13 HRS<\/strong><\/td>\n<td><strong> TODOS OBLIGATORIA PARA BRIGADISTAS-DOCENTES-SEGURIDAD Y CONTROL <\/strong><\/td>\n<td><strong> PROVINCIA ART <a href=\"https:\/\/forms.gle\/VcksRxy7Cb2V9sM26\">Formulario de Inscripci\u00f3n <\/a> <\/strong><\/td>\n<td>Capacitarnos en la Reanimaci\u00f3n Cardiopulmonar (RCP). Es una maniobra de emergencia. Consiste en aplicar presi\u00f3n r\u00edtmica sobre el pecho de una persona que haya sufrido un paro card\u00edorespiratorio para que el ox\u00edgeno pueda seguir llegando a sus \u00f3rganos vitales.Esta es una capacitaci\u00f3n obligatoria para Brigadistas, Docentes y Seguridad y Control<\/td>\n<\/tr>\n<tr>\n<td><strong>SEGURIDAD VIAL <\/strong><\/td>\n<td><strong> ON LINE &#8212; 25\/04 10 a 11 hrs <\/strong><\/td>\n<td><strong> TODOS <\/strong><\/td>\n<td><strong> <a href=\"https:\/\/www.provinciart.com.ar\/articulos\/193-capacitaciones-presenciales.html\" target=\"_blank\" rel=\"noopener\">PROVINCIA ART (*) <\/a> <\/strong><\/td>\n<td>Un repaso de las normas y conductas que debemos observar cuando transitamos, no solo en el viaje a y desde nuestro trabajo, sino tambien en todo momento<\/td>\n<\/tr>\n<tr>\n<td><strong>PLAN DE PROTECCION: Un enfoque al Analisis de Riesgos<\/strong><\/td>\n<td><strong> MODALIDAD : VIRTUAL &#8212; REPROGRAMADA <\/strong><\/td>\n<td><strong> INVESTICADORES, BECARIOS, CPA\u00b4S <\/strong><\/td>\n<td><strong> HyS <a href=\"https:\/\/forms.gle\/CXyHFy4kvzRCD8kH8\">Formulario de Inscrpci\u00f3n<\/a> <\/strong><\/td>\n<td>El analisis de riesgos es la primera acci\u00f3n que debemos emprender para poder realizar nuestras actividades en forma segura<\/td>\n<\/tr>\n<tr>\n<td><strong>PRIMEROS AUXILIOS <\/strong><\/td>\n<td><strong> ON LINE &#8212; &#8212; 27\/04 10 a 12 hrs <\/strong><\/td>\n<td><strong> TODOS <\/strong><\/td>\n<td><strong> <a href=\"https:\/\/www.provinciart.com.ar\/articulos\/193-capacitaciones-presenciales.html\" target=\"_blank\" rel=\"noopener\">PROVINCIA ART (*) <\/a> <\/strong><\/td>\n<td>Capacitarnos en ayuda inmediata, temporal y necesaria que se le da a una persona lesionada, inconsciente o s\u00fabitamente enferma, en el sitio donde ha ocurrido el incidente, hasta la llegada del servicio de emergencia<\/td>\n<\/tr>\n<tr>\n<td><strong>RCP <\/strong><\/td>\n<td><strong> PRESENCIAL &#8212; 27\/04 DE 14 A 15 HRS <\/strong><\/td>\n<td><strong> TODOS, OBLIGATORIA PARA BRIGADISTAS-DOCENTES-SEGURIDAD Y CONTROL &#8212; <\/strong><\/td>\n<td><strong> PROVINCIA ART <a href=\"https:\/\/forms.gle\/VcksRxy7Cb2V9sM26\">Formulario de Inscripci\u00f3n <\/a> <\/strong><\/td>\n<td>Capacitarnos en la Reanimaci\u00f3n Cardiopulmonar (RCP). Es una maniobra de emergencia. Consiste en aplicar presi\u00f3n r\u00edtmica sobre el pecho de una persona que haya sufrido un paro card\u00edorespiratorio para que el ox\u00edgeno pueda seguir llegando a sus \u00f3rganos vitales.<\/td>\n<\/tr>\n<tr>\n<td rowspan=\"2\">\n<h4><strong> MARZO <\/strong><\/h4>\n<\/td>\n<td><strong>PRIMEROS AUXILIOS <\/strong><\/td>\n<td><strong> ON LINE <\/strong><\/td>\n<td><strong> TODOS <\/strong><\/td>\n<td><strong> <a href=\"https:\/\/www.provinciart.com.ar\/articulos\/193-capacitaciones-presenciales.html\" target=\"_blank\" rel=\"noopener\">PROVINCIA ART (*) <\/a> <\/strong><\/td>\n<td>Capacitarnos en ayuda inmediata, temporal y necesaria que se le da a una persona lesionada, inconsciente o s\u00fabitamente enferma, en el sitio donde ha ocurrido el incidente, hasta la llegada del servicio de emergencia<\/td>\n<\/tr>\n<tr>\n<td><strong>USO Y CUIDADO DE LA VOZ PARA DOCENTES <\/strong><\/td>\n<td><strong> ON LINE <\/strong><\/td>\n<td><strong> TODOS <\/strong><\/td>\n<td><strong> <a href=\"https:\/\/www.provinciart.com.ar\/articulos\/193-capacitaciones-presenciales.html\" target=\"_blank\" rel=\"noopener\">PROVINCIA ART (*) <\/a> <\/strong><\/td>\n<td>El cuidado de la voz, requiere observar pautas que debemos incorporar, y nos deben ense\u00f1ar. Es necesario hacernos un tiempo para poder conocerlas<\/td>\n<\/tr>\n<tr>\n<td rowspan=\"5\">\n<h4><strong> FEBRERO <\/strong><\/h4>\n<\/td>\n<td><strong>PRIMEROS AUXILIOS <\/strong><\/td>\n<td><strong> ON LINE <\/strong><\/td>\n<td><strong> TODOS <\/strong><\/td>\n<td><strong> <a href=\"https:\/\/www.provinciart.com.ar\/articulos\/193-capacitaciones-presenciales.html\" target=\"_blank\" rel=\"noopener\">PROVINCIA ART (*) <\/a> <\/strong><\/td>\n<td>Capacitarnos en ayuda inmediata, temporal y necesaria que se le da a una persona lesionada, inconsciente o s\u00fabitamente enferma, en el sitio donde ha ocurrido el incidente, hasta la llegada del servicio de emergencia<\/td>\n<\/tr>\n<tr>\n<td><strong>PAUSA ACTIVA <\/strong><\/td>\n<td><strong> ON LINE <\/strong><\/td>\n<td><strong> TODOS <\/strong><\/td>\n<td><strong> <a href=\"https:\/\/www.provinciart.com.ar\/articulos\/193-capacitaciones-presenciales.html\" target=\"_blank\" rel=\"noopener\">PROVINCIA ART (*) <\/a> <\/strong><\/td>\n<td>Las pausas activas son breves descansos durante la jornada laboral que sirven para recuperar energ\u00eda, mejorar el desempe\u00f1o y eficiencia en el trabajo, a trav\u00e9s de diferentes t\u00e9cnicas y ejercicios que ayudan a reducir la fatiga laboral, trastornos osteomusculares y prevenir el estr\u00e9s.<\/td>\n<\/tr>\n<tr>\n<td><strong>RCP <\/strong><\/td>\n<td><strong> ON LINE <\/strong><\/td>\n<td><strong> TODOS <\/strong><\/td>\n<td><strong> <a href=\"https:\/\/www.provinciart.com.ar\/articulos\/193-capacitaciones-presenciales.html\" target=\"_blank\" rel=\"noopener\">PROVINCIA ART (*) <\/a> <\/strong><\/td>\n<td>Capacitarnos en la Reanimaci\u00f3n Cardiopulmonar (RCP). Es una maniobra de emergencia. Consiste en aplicar presi\u00f3n r\u00edtmica sobre el pecho de una persona que haya sufrido un paro card\u00edorespiratorio para que el ox\u00edgeno pueda seguir llegando a sus \u00f3rganos vitales.<\/td>\n<\/tr>\n<tr>\n<td><strong> Respiracion alterna: ejercicio <\/strong><\/td>\n<td><strong> ON LINE <\/strong><\/td>\n<td><strong> TODOS <\/strong><\/td>\n<td><strong> <a href=\"https:\/\/www.provinciart.com.ar\/articulos\/193-capacitaciones-presenciales.html\" target=\"_blank\" rel=\"noopener\">PROVINCIA ART (*) <\/a> <\/strong><\/td>\n<td><\/td>\n<\/tr>\n<tr>\n<td><strong> Meditacion para enfocar la mente: ejercicio <\/strong><\/td>\n<td><strong> ON LINE <\/strong><\/td>\n<td><strong> TODOS <\/strong><\/td>\n<td><strong> <a href=\"https:\/\/www.provinciart.com.ar\/articulos\/193-capacitaciones-presenciales.html\" target=\"_blank\" rel=\"noopener\">PROVINCIA ART (*) <\/a> <\/strong><\/td>\n<td><\/td>\n<\/tr>\n<\/tbody>\n<\/table>\n<h4><\/h4>\n<p>(*) Para inscribirse en las capacitaciones de Provinciart, presionar el el link. V\u00e1lido para agentes UBA .<\/p>\n","protected":false},"excerpt":{"rendered":"2do Cuatrimestre &nbsp;","protected":false},"author":2,"featured_media":0,"parent":194,"menu_order":12,"comment_status":"closed","ping_status":"closed","template":"","meta":{"_acf_changed":false,"footnotes":""},"class_list":["post-4333","page","type-page","status-publish","hentry"],"acf":[],"_links":{"self":[{"href":"https:\/\/exactas.uba.ar\/higieneyseguridad\/wp-json\/wp\/v2\/pages\/4333","targetHints":{"allow":["GET"]}}],"collection":[{"href":"https:\/\/exactas.uba.ar\/higieneyseguridad\/wp-json\/wp\/v2\/pages"}],"about":[{"href":"https:\/\/exactas.uba.ar\/higieneyseguridad\/wp-json\/wp\/v2\/types\/page"}],"author":[{"embeddable":true,"href":"https:\/\/exactas.uba.ar\/higieneyseguridad\/wp-json\/wp\/v2\/users\/2"}],"replies":[{"embeddable":true,"href":"https:\/\/exactas.uba.ar\/higieneyseguridad\/wp-json\/wp\/v2\/comments?post=4333"}],"version-history":[{"count":118,"href":"https:\/\/exactas.uba.ar\/higieneyseguridad\/wp-json\/wp\/v2\/pages\/4333\/revisions"}],"predecessor-version":[{"id":8198,"href":"https:\/\/exactas.uba.ar\/higieneyseguridad\/wp-json\/wp\/v2\/pages\/4333\/revisions\/8198"}],"up":[{"embeddable":true,"href":"https:\/\/exactas.uba.ar\/higieneyseguridad\/wp-json\/wp\/v2\/pages\/194"}],"wp:attachment":[{"href":"https:\/\/exactas.uba.ar\/higieneyseguridad\/wp-json\/wp\/v2\/media?parent=4333"}],"curies":[{"name":"wp","href":"https:\/\/api.w.org\/{rel}","templated":true}]}}