{"id":413,"date":"2019-04-22T20:29:35","date_gmt":"2019-04-22T20:29:35","guid":{"rendered":"https:\/\/exactas.uba.ar\/higieneyseguridad\/?page_id=413"},"modified":"2026-03-02T17:53:38","modified_gmt":"2026-03-02T17:53:38","slug":"informes","status":"publish","type":"page","link":"https:\/\/exactas.uba.ar\/higieneyseguridad\/higienealimentaria\/informes\/","title":{"rendered":"Informes"},"content":{"rendered":"<p>Se presentan a continuaci\u00f3n organizados por a\u00f1o, de los distintos espacios auditados\u00a0 por los responsables de higiene alimentaria :<\/p>\n<h3><a href=\"https:\/\/exactas.uba.ar\/higieneyseguridad\/higienealimentaria\/informes\/ano-2026\/\">A\u00d1O 2026<\/a><\/h3>\n<h3><a href=\"https:\/\/exactas.uba.ar\/higieneyseguridad\/higienealimentaria\/informes\/ano-2025\/\">A\u00d1O 2025<\/a><\/h3>\n<h3><a href=\"https:\/\/exactas.uba.ar\/higieneyseguridad\/higienealimentaria\/informes\/ano-2024\/\">A\u00d1O 2024<\/a><\/h3>\n<h3><a href=\"https:\/\/exactas.uba.ar\/higieneyseguridad\/higienealimentaria\/informes\/ano-2023\/\">A\u00d1O 2023<\/a><\/h3>\n<h3><a href=\"https:\/\/exactas.uba.ar\/higieneyseguridad\/higienealimentaria\/informes\/ano-2022\/\"> A\u00d1O 2022<\/a><\/h3>\n<h3><a href=\"https:\/\/exactas.uba.ar\/higieneyseguridad\/higienealimentaria\/informes\/ano-2020\/\">A\u00d1O 2020<\/a><\/h3>\n<h3><a href=\"https:\/\/exactas.uba.ar\/higieneyseguridad\/higienealimentaria\/informes\/ano-2019\/\">A\u00d1O 2019<\/a><\/h3>\n<h3><\/h3>\n<p>&nbsp;<\/p>\n","protected":false},"excerpt":{"rendered":"Se presentan a continuaci\u00f3n organizados por a\u00f1o, de los distintos espacios auditados\u00a0 por los responsables de higiene alimentaria : A\u00d1O 2026 A\u00d1O 2025 A\u00d1O 2024 A\u00d1O 2023 A\u00d1O 2022 A\u00d1O 2020 A\u00d1O 2019 &nbsp;","protected":false},"author":2,"featured_media":0,"parent":155,"menu_order":0,"comment_status":"closed","ping_status":"closed","template":"","meta":{"_acf_changed":false,"footnotes":""},"class_list":["post-413","page","type-page","status-publish","hentry"],"acf":[],"_links":{"self":[{"href":"https:\/\/exactas.uba.ar\/higieneyseguridad\/wp-json\/wp\/v2\/pages\/413","targetHints":{"allow":["GET"]}}],"collection":[{"href":"https:\/\/exactas.uba.ar\/higieneyseguridad\/wp-json\/wp\/v2\/pages"}],"about":[{"href":"https:\/\/exactas.uba.ar\/higieneyseguridad\/wp-json\/wp\/v2\/types\/page"}],"author":[{"embeddable":true,"href":"https:\/\/exactas.uba.ar\/higieneyseguridad\/wp-json\/wp\/v2\/users\/2"}],"replies":[{"embeddable":true,"href":"https:\/\/exactas.uba.ar\/higieneyseguridad\/wp-json\/wp\/v2\/comments?post=413"}],"version-history":[{"count":18,"href":"https:\/\/exactas.uba.ar\/higieneyseguridad\/wp-json\/wp\/v2\/pages\/413\/revisions"}],"predecessor-version":[{"id":8823,"href":"https:\/\/exactas.uba.ar\/higieneyseguridad\/wp-json\/wp\/v2\/pages\/413\/revisions\/8823"}],"up":[{"embeddable":true,"href":"https:\/\/exactas.uba.ar\/higieneyseguridad\/wp-json\/wp\/v2\/pages\/155"}],"wp:attachment":[{"href":"https:\/\/exactas.uba.ar\/higieneyseguridad\/wp-json\/wp\/v2\/media?parent=413"}],"curies":[{"name":"wp","href":"https:\/\/api.w.org\/{rel}","templated":true}]}}