{"id":4122,"date":"2021-09-17T14:52:54","date_gmt":"2021-09-17T14:52:54","guid":{"rendered":"https:\/\/exactas.uba.ar\/higieneyseguridad\/?page_id=4122"},"modified":"2022-11-11T19:03:37","modified_gmt":"2022-11-11T19:03:37","slug":"formulario-de-plan-de-proteccion-de-drogueros","status":"publish","type":"page","link":"https:\/\/exactas.uba.ar\/higieneyseguridad\/plan-de-proteccion\/plan-de-proteccion-formularios\/formulario-de-plan-de-proteccion-de-drogueros\/","title":{"rendered":"FORMULARIO de Plan de Protecci\u00f3n de DROGUEROS"},"content":{"rendered":"<p>Para los espacios DROGUEROS,\u00a0 se cuenta con un formulario especifico, donde se relevan los principales riesgos<\/p>\n<p><a href=\"https:\/\/encuestas.exactas.uba.ar\/index.php\/159266?lang=es\">FORMULARIO: RELEVAMIENTO DE RIESGOS\u00a0 DEL DROGUERO<\/a><\/p>\n<p>Es muy importante contar con el inventario de las sustancias almacenadas, contar con la se\u00f1alizaci\u00f3n. La ubicaci\u00f3n de los agentes qu\u00edmicos deben ser\u00a0 seg\u00fan su naturaleza qu\u00edmica. Contar con procedimientos antes contingencias que puedan ocurrir. Contar con material de contenci\u00f3n ante derrames.<\/p>\n<p>&nbsp;<\/p>\n","protected":false},"excerpt":{"rendered":"Para los espacios DROGUEROS,\u00a0 se cuenta con un formulario especifico, donde se relevan los principales riesgos FORMULARIO: RELEVAMIENTO DE RIESGOS\u00a0 DEL DROGUERO Es muy importante contar con el inventario de las sustancias almacenadas, contar con la se\u00f1alizaci\u00f3n. La ubicaci\u00f3n de los agentes qu\u00edmicos deben ser\u00a0 seg\u00fan su naturaleza qu\u00edmica. Contar con procedimientos antes contingencias que&#8230; <a class=\"view-article\" href=\"https:\/\/exactas.uba.ar\/higieneyseguridad\/plan-de-proteccion\/plan-de-proteccion-formularios\/formulario-de-plan-de-proteccion-de-drogueros\/\">LEER +<\/a>","protected":false},"author":2,"featured_media":0,"parent":3524,"menu_order":2,"comment_status":"closed","ping_status":"closed","template":"","meta":{"_acf_changed":false,"footnotes":""},"class_list":["post-4122","page","type-page","status-publish","hentry"],"acf":[],"_links":{"self":[{"href":"https:\/\/exactas.uba.ar\/higieneyseguridad\/wp-json\/wp\/v2\/pages\/4122","targetHints":{"allow":["GET"]}}],"collection":[{"href":"https:\/\/exactas.uba.ar\/higieneyseguridad\/wp-json\/wp\/v2\/pages"}],"about":[{"href":"https:\/\/exactas.uba.ar\/higieneyseguridad\/wp-json\/wp\/v2\/types\/page"}],"author":[{"embeddable":true,"href":"https:\/\/exactas.uba.ar\/higieneyseguridad\/wp-json\/wp\/v2\/users\/2"}],"replies":[{"embeddable":true,"href":"https:\/\/exactas.uba.ar\/higieneyseguridad\/wp-json\/wp\/v2\/comments?post=4122"}],"version-history":[{"count":3,"href":"https:\/\/exactas.uba.ar\/higieneyseguridad\/wp-json\/wp\/v2\/pages\/4122\/revisions"}],"predecessor-version":[{"id":5851,"href":"https:\/\/exactas.uba.ar\/higieneyseguridad\/wp-json\/wp\/v2\/pages\/4122\/revisions\/5851"}],"up":[{"embeddable":true,"href":"https:\/\/exactas.uba.ar\/higieneyseguridad\/wp-json\/wp\/v2\/pages\/3524"}],"wp:attachment":[{"href":"https:\/\/exactas.uba.ar\/higieneyseguridad\/wp-json\/wp\/v2\/media?parent=4122"}],"curies":[{"name":"wp","href":"https:\/\/api.w.org\/{rel}","templated":true}]}}