{"id":3831,"date":"2021-01-28T13:00:35","date_gmt":"2021-01-28T13:00:35","guid":{"rendered":"https:\/\/exactas.uba.ar\/higieneyseguridad\/?page_id=3831"},"modified":"2022-12-15T15:05:23","modified_gmt":"2022-12-15T15:05:23","slug":"ingreso-a-fcen","status":"publish","type":"page","link":"https:\/\/exactas.uba.ar\/higieneyseguridad\/institucional\/ingreso-a-fcen\/","title":{"rendered":"Consulta de Ingreso"},"content":{"rendered":"<ul>\n<li>\n<h5>PROVEEDORES Y SERVICE TECNICOS Y DE MANTENIMIENTO:<\/h5>\n<\/li>\n<\/ul>\n<p>Todo proveedor, service t\u00e9cnico y personal de mantenimiento debe estar registrado en el Sistema de Registro de Control de Acceso. Verif\u00edquelo. Estas personas son incluidas cuando el seguro de accidentes personales o certificado de ART est\u00e1 vigente.\u00a0 Siendo el Servicio de Higiene Laboral \u00f3 Secretaria T\u00e9cnica quienes lo ingresan en el sistema.<\/p>\n<ul>\n<li>\n<h5>TRABAJADORES DE LA FACULTAD<\/h5>\n<\/li>\n<\/ul>\n<p>Para ingresar los investigadores a la facultad los s\u00e1bados despu\u00e9s de las 20 horas, domingos y feriados, deben estar habilitados en el Sistema de Registro de Control de Acceso de la Facultad. De no estar autorizado comun\u00edcate con el responsable de tu sector(Director de Departamento \/ Director de Instituto).<\/p>\n<p>&#8212;&#8212;&#8212;&#8212;&#8212;&#8212;&#8212;&#8212;&#8212;&#8212;&#8212;&#8212;&#8212;&#8212;&#8212;&#8212;&#8212;&#8212;&#8212;&#8212;&#8212;&#8212;&#8212;&#8212;&#8212;&#8212;&#8212;&#8212;&#8212;&#8212;&#8212;&#8212;&#8212;&#8212;&#8212;&#8212;&#8212;&#8212;&#8212;&#8212;&#8212;&#8212;&#8212;&#8212;&#8212;&#8212;&#8212;&#8212;&#8212;&#8212;&#8212;&#8212;&#8212;&#8212;&#8212;&#8212;&#8212;&#8212;&#8212;&#8212;&#8212;&#8212;&#8212;&#8212;&#8212;&#8212;&#8212;&#8212;&#8212;&#8212;&#8212;&#8212;&#8212;&#8212;&#8212;&#8212;&#8212;&#8212;&#8212;&#8212;&#8212;&#8212;<\/p>\n<ul>\n<li>\n<h5>INGRESO EN PERIODOS DE RECESO<\/h5>\n<\/li>\n<\/ul>\n<p>Sobre ingresos en receso, recuerde que la facultad estar\u00e1 con actividad m\u00ednima. Como todos los a\u00f1os, para acceder a las instalaciones durante este periodo, deber\u00e1 estar autorizado por las autoridades de su \u00e1rea. Por tal motivo, consulte previamente al receso, en caso que Ud. deba concurrir, que disponga de autorizaci\u00f3n para ingresar a los edificios de Exactas<\/p>\n<p>&nbsp;<\/p>\n<p style=\"text-align: center;\"><a class=\"boton\" href=\"https:\/\/consulta-ingreso.exactas.uba.ar\/\"><strong>CONSULTA DE ACCESO<\/strong><\/a><\/p>\n<p>&nbsp;<\/p>\n","protected":false},"excerpt":{"rendered":"PROVEEDORES Y SERVICE TECNICOS Y DE MANTENIMIENTO: Todo proveedor, service t\u00e9cnico y personal de mantenimiento debe estar registrado en el Sistema de Registro de Control de Acceso. Verif\u00edquelo. Estas personas son incluidas cuando el seguro de accidentes personales o certificado de ART est\u00e1 vigente.\u00a0 Siendo el Servicio de Higiene Laboral \u00f3 Secretaria T\u00e9cnica quienes lo&#8230; <a class=\"view-article\" href=\"https:\/\/exactas.uba.ar\/higieneyseguridad\/institucional\/ingreso-a-fcen\/\">LEER +<\/a>","protected":false},"author":2,"featured_media":0,"parent":78,"menu_order":3,"comment_status":"closed","ping_status":"closed","template":"","meta":{"_acf_changed":false,"footnotes":""},"class_list":["post-3831","page","type-page","status-publish","hentry"],"acf":[],"_links":{"self":[{"href":"https:\/\/exactas.uba.ar\/higieneyseguridad\/wp-json\/wp\/v2\/pages\/3831","targetHints":{"allow":["GET"]}}],"collection":[{"href":"https:\/\/exactas.uba.ar\/higieneyseguridad\/wp-json\/wp\/v2\/pages"}],"about":[{"href":"https:\/\/exactas.uba.ar\/higieneyseguridad\/wp-json\/wp\/v2\/types\/page"}],"author":[{"embeddable":true,"href":"https:\/\/exactas.uba.ar\/higieneyseguridad\/wp-json\/wp\/v2\/users\/2"}],"replies":[{"embeddable":true,"href":"https:\/\/exactas.uba.ar\/higieneyseguridad\/wp-json\/wp\/v2\/comments?post=3831"}],"version-history":[{"count":17,"href":"https:\/\/exactas.uba.ar\/higieneyseguridad\/wp-json\/wp\/v2\/pages\/3831\/revisions"}],"predecessor-version":[{"id":6030,"href":"https:\/\/exactas.uba.ar\/higieneyseguridad\/wp-json\/wp\/v2\/pages\/3831\/revisions\/6030"}],"up":[{"embeddable":true,"href":"https:\/\/exactas.uba.ar\/higieneyseguridad\/wp-json\/wp\/v2\/pages\/78"}],"wp:attachment":[{"href":"https:\/\/exactas.uba.ar\/higieneyseguridad\/wp-json\/wp\/v2\/media?parent=3831"}],"curies":[{"name":"wp","href":"https:\/\/api.w.org\/{rel}","templated":true}]}}