{"id":3757,"date":"2020-11-08T22:14:03","date_gmt":"2020-11-08T22:14:03","guid":{"rendered":"https:\/\/exactas.uba.ar\/higieneyseguridad\/?page_id=3757"},"modified":"2025-11-04T20:58:08","modified_gmt":"2025-11-04T20:58:08","slug":"monitoreo-de-aedes-aegypti-temporada-2020-2021","status":"publish","type":"page","link":"https:\/\/exactas.uba.ar\/higieneyseguridad\/medio-ambiente\/mosquito\/monitoreo-de-aedes-aegyti-2019-2024\/monitoreo-de-aedes-aegypti-temporada-2020-2021\/","title":{"rendered":"Monitoreo de Aedes Aegypti temporada 2020-2021"},"content":{"rendered":"<p>\u21d0 \u00a0<a href=\"https:\/\/exactas.uba.ar\/higieneyseguridad\/medio-ambiente\/mosquito\/monitoreo-de-aedes-aegyti-2019-2024\/\"><strong>Volver<\/strong><\/a><\/p>\n<p>Hemos comenzado el monitoreo de Ciudad Universitaria. Esta en la 5ta temporada 2020-2021 , desde que comenz\u00f3 el programa.<\/p>\n<p>Este a\u00f1o el monitoreo es realizado por<\/p>\n<p><em>Est. Lucia De La Rosa<\/em><\/p>\n<p><em>Est. D\u00e9bora Ben\u00edtez<\/em><\/p>\n<p>Para el monitoreo de Ciudad Universitaria, se divide en parcelas, tal como se detalla en el plano. En cada parcela hay al menos una ovitrampa.<\/p>\n<p>Las parcelas que est\u00e1n indicadas con colores de:<\/p>\n<p>A) Color rojo, se\u00f1ala actividad detectada de\u00a0<em>Aedes aegypti ,<\/em><\/p>\n<p>B) Color verde, se\u00f1ala actividad no detectada<\/p>\n<p>C) Color blanco, se\u00f1ala que no pudo realizarse la lectura, por razones diversas como, no se lo encontr\u00f3, tuvo que ser repuesto, volcado, sin posibilidad de lectura, por falta de alg\u00fan componentes, roto<\/p>\n<p><img loading=\"lazy\" decoding=\"async\" class=\" wp-image-3938 aligncenter\" src=\"https:\/\/exactas.uba.ar\/higieneyseguridad\/wp-content\/uploads\/2021\/05\/Semana-21-250x137.jpg\" alt=\"\" width=\"779\" height=\"427\" srcset=\"https:\/\/exactas.uba.ar\/higieneyseguridad\/wp-content\/uploads\/2021\/05\/Semana-21-250x137.jpg 250w, https:\/\/exactas.uba.ar\/higieneyseguridad\/wp-content\/uploads\/2021\/05\/Semana-21-700x383.jpg 700w, https:\/\/exactas.uba.ar\/higieneyseguridad\/wp-content\/uploads\/2021\/05\/Semana-21-768x420.jpg 768w, https:\/\/exactas.uba.ar\/higieneyseguridad\/wp-content\/uploads\/2021\/05\/Semana-21-1536x839.jpg 1536w, https:\/\/exactas.uba.ar\/higieneyseguridad\/wp-content\/uploads\/2021\/05\/Semana-21-120x66.jpg 120w, https:\/\/exactas.uba.ar\/higieneyseguridad\/wp-content\/uploads\/2021\/05\/Semana-21.jpg 1579w\" sizes=\"auto, (max-width: 779px) 100vw, 779px\" \/><\/p>\n<h3><strong>DONDE VEA UN SENSOR, NO LO MUEVA.<\/strong><\/h3>\n<h3>SI LO VE CA\u00cdDO, DEJAR\u00a0EN EL LUGAR Y AVISAR AL SERVICIO DE HIGIENE Y SEGURIDAD ( 58174 \/\/ 52858174 )<\/h3>\n<h3><strong>INFORMES:<\/strong><\/h3>\n<p><img decoding=\"async\" class=\"alignnone size-medium wp-image-3801\" src=\"https:\/\/exactas.uba.ar\/higieneyseguridad\/wp-content\/uploads\/2020\/12\/Semana-48-1-500.jpg\" alt=\"\" \/><\/p>\n<p>&nbsp;<\/p>\n<table class=\"egt\" border=\"2\" width=\"100%\">\n<tbody>\n<tr>\n<th>\n<h3>Semana Epidemiol\u00f3gica<\/h3>\n<\/th>\n<th>\n<h3>Resultados<\/h3>\n<\/th>\n<th>\n<h3>Parcelas Positivas<\/h3>\n<\/th>\n<th>\n<h3>Parcelas Sin Datos(*)<\/h3>\n<\/th>\n<\/tr>\n<tr>\n<td rowspan=\"1\">\n<h4 style=\"text-align: left;\">Semana 47 ( 15\/11-21\/11)<\/h4>\n<\/td>\n<td style=\"text-align: left;\">\n<h4>\u00a0 No detectado<\/h4>\n<\/td>\n<td style=\"text-align: left;\">\n<h4>\u00a0 \u00a0 &#8212;&#8212;&#8212;&#8212;&#8212;&#8212;&#8212;-<\/h4>\n<\/td>\n<td style=\"text-align: left;\">\n<h4>B04 y B05<\/h4>\n<\/td>\n<\/tr>\n<tr>\n<td rowspan=\"1\">\n<h4>Semana 48 (22\/11 &#8211; 28\/11)<\/h4>\n<\/td>\n<td>\n<h4>\u00a0 Detectado<\/h4>\n<\/td>\n<td>\n<h4 style=\"text-align: left;\">\u00a0D08<\/h4>\n<\/td>\n<td>\n<h4 style=\"text-align: left;\">C11 Y C05<\/h4>\n<\/td>\n<\/tr>\n<tr>\n<td rowspan=\"1\">\n<h4>Semana 49 ( 29\/11-05\/12)<\/h4>\n<\/td>\n<td>\n<h4>\u00a0 No detectado<\/h4>\n<\/td>\n<td>\n<h4>\u00a0 \u00a0 &#8212;&#8212;&#8212;&#8212;&#8212;&#8212;&#8212;-<\/h4>\n<\/td>\n<td>\n<h4 style=\"text-align: left;\">D4 y B11<\/h4>\n<\/td>\n<\/tr>\n<tr>\n<td rowspan=\"1\">\n<h4>Semana 50 ( 06\/12-12\/12)<\/h4>\n<\/td>\n<td>\n<h4>\u00a0 Detectado<\/h4>\n<\/td>\n<td>\n<h4 style=\"text-align: left;\">\u00a0D08<\/h4>\n<\/td>\n<td>\n<h4 style=\"text-align: left;\">B08<\/h4>\n<\/td>\n<\/tr>\n<tr>\n<td rowspan=\"1\">\n<h4>Semana 51 ( 13\/12-19\/12)<\/h4>\n<\/td>\n<td>\n<h4>Detectado<\/h4>\n<\/td>\n<td>\n<h4 style=\"text-align: left;\">D09 y B05<\/h4>\n<\/td>\n<td>\n<h4>\u00a0B11 y C09<\/h4>\n<\/td>\n<\/tr>\n<tr>\n<td rowspan=\"1\">\n<h4>Semana 52 ( 20\/12-26\/12)<\/h4>\n<\/td>\n<td>\n<h4>\u00a0 Detectado<\/h4>\n<\/td>\n<td>\n<h4 style=\"text-align: left;\">D09,B05,D08<\/h4>\n<\/td>\n<td>\n<h4 style=\"text-align: left;\">\u00a0B08,B11 y C09<\/h4>\n<\/td>\n<\/tr>\n<tr>\n<td rowspan=\"1\">\n<h4>Semana 53 ( 27\/12-02\/01\/21)<\/h4>\n<\/td>\n<td>\n<h4>\u00a0Detectado<\/h4>\n<\/td>\n<td>\n<h4 style=\"text-align: left;\">E08.D08,D09,B05<\/h4>\n<\/td>\n<td>\n<h4 style=\"text-align: left;\">\u00a0E10,C11,B11,C10,B08,A03 y C04<\/h4>\n<\/td>\n<\/tr>\n<tr>\n<td rowspan=\"1\">\n<h4>Semana 01 ( 03\/01-09\/01)<\/h4>\n<\/td>\n<td>\n<h4>\u00a0 Detectado<\/h4>\n<\/td>\n<td>\n<h4 style=\"text-align: left;\">A03,D06,E10,D08,C09 y B10<\/h4>\n<\/td>\n<td>\n<h4 style=\"text-align: left;\">A10,B08,D04 y C10<\/h4>\n<\/td>\n<\/tr>\n<tr>\n<td rowspan=\"1\">\n<h4>Semana 02 ( 10\/01-16\/01)<\/h4>\n<\/td>\n<td>\n<h4>\u00a0 Detectado<\/h4>\n<\/td>\n<td>\n<h4>\u00a0 B05,D10 y C10<\/h4>\n<\/td>\n<td>\n<h4>\u00a0D06,B08 y C07<\/h4>\n<\/td>\n<\/tr>\n<tr>\n<td style=\"text-align: left;\" rowspan=\"1\">\n<h4>Semana 03 ( 17\/01-23\/01)<\/h4>\n<\/td>\n<td style=\"text-align: left;\">\n<h4>Detectado<\/h4>\n<\/td>\n<td>\n<h4 style=\"text-align: left;\">\u00a0E08,B01,B11,B10,B05,C02 y C03<\/h4>\n<\/td>\n<td>\n<h4 style=\"text-align: left;\">\u00a0D10,C10,B08,B04,C04,D06 y C10<\/h4>\n<\/td>\n<\/tr>\n<tr>\n<td style=\"text-align: left;\" rowspan=\"1\">\n<h4>Semana 04 ( 24\/01-30\/01)<\/h4>\n<\/td>\n<td style=\"text-align: left;\">\n<h4>Detectado<\/h4>\n<\/td>\n<td>\n<h4 style=\"text-align: left;\">\u00a0D11, D10, B05, D04, A02, B02 y B01<\/h4>\n<\/td>\n<td>\n<h4 style=\"text-align: left;\">\u00a0C11, B04 y C07<\/h4>\n<\/td>\n<\/tr>\n<tr>\n<td style=\"text-align: left;\" rowspan=\"1\">\n<h4>Semana 05 ( 31\/01-06\/02)<\/h4>\n<\/td>\n<td style=\"text-align: left;\">\n<h4>Detectado<\/h4>\n<\/td>\n<td>\n<h4 style=\"text-align: left;\">08, D08, D09 (2 trampas), E10, C10 (2 trampas), C09, B11, C07, B05, D04<\/h4>\n<\/td>\n<td>\n<h4 style=\"text-align: left;\">\u00a0B06, B04, C03, D07<\/h4>\n<\/td>\n<\/tr>\n<tr>\n<td style=\"text-align: left;\" rowspan=\"1\">\n<h4>Semana 06 ( 07\/02-13\/02)<\/h4>\n<\/td>\n<td style=\"text-align: left;\">\n<h4>Detectado<\/h4>\n<\/td>\n<td>\n<h4 style=\"text-align: left;\">D08, D09, D11, C10, B05, A08, C02 y C04.<\/h4>\n<\/td>\n<td>\n<h4 style=\"text-align: left;\">A01<\/h4>\n<\/td>\n<td style=\"text-align: left;\"><\/td>\n<\/tr>\n<tr>\n<td style=\"text-align: left;\" rowspan=\"1\">\n<h4>Semana 07 ( 14\/02-20\/02)<\/h4>\n<\/td>\n<td style=\"text-align: left;\">\n<h4>Detectado<\/h4>\n<\/td>\n<td>\n<h4 style=\"text-align: left;\">\u00a0E08, C07 (dos trampas), D08, D11, D10, C10 (dos trampas), B11, D09 (dos trampas), A09, B05 (dos trampas), C05, C09 (dos trampas)<\/h4>\n<\/td>\n<td>\n<h4 style=\"text-align: left;\">\u00a0 &#8212;&#8212;<\/h4>\n<\/td>\n<\/tr>\n<tr>\n<td style=\"text-align: left;\" rowspan=\"1\">\n<h4>Semana 08 ( 21\/02-27\/02)<\/h4>\n<\/td>\n<td style=\"text-align: left;\">\n<h4>Detectado<\/h4>\n<\/td>\n<td>\n<h4 style=\"text-align: left;\">\u00a0B05 (3 trampas), A05, A03, A02, C02, D04, D09 (3 trampas), D10, C10 y C07, C09<\/h4>\n<\/td>\n<td>\n<h4 style=\"text-align: left;\">D04, D07, E10, C10 y C09<\/h4>\n<\/td>\n<\/tr>\n<tr>\n<td style=\"text-align: left;\" rowspan=\"1\">\n<h4>Semana 09 ( 28\/02-06\/03)<\/h4>\n<\/td>\n<td style=\"text-align: left;\">\n<h4>Detectado<\/h4>\n<\/td>\n<td>\n<h4 style=\"text-align: left;\">\u00a0A10, A09, A07, A02, B05 (2 trampas), B04, D04, D08, D09 (2 trampas), D11, C10, B10, C09, B11 y C09<\/h4>\n<\/td>\n<td>\n<h4 style=\"text-align: left;\">B07, B08, B02 y E10<\/h4>\n<\/td>\n<td style=\"text-align: left;\"><\/td>\n<\/tr>\n<tr>\n<td style=\"text-align: left;\" rowspan=\"1\">\n<h4>Semana 10 ( 07\/03-13\/03)<\/h4>\n<\/td>\n<td style=\"text-align: left;\">\n<h4>Detectado<\/h4>\n<\/td>\n<td>\n<h4>E08, D04, D07, D08, D09 (dos trampas), D11, C10 (dos trampas), A07, B05 (dos trampas), C03 y C05<\/h4>\n<\/td>\n<td>\n<h4>A10, A02, B04 y B01<\/h4>\n<\/td>\n<td style=\"text-align: left;\"><\/td>\n<\/tr>\n<tr>\n<td style=\"text-align: left;\" rowspan=\"1\">\n<h4>Semana 11 ( 14\/03-20\/03)<\/h4>\n<\/td>\n<td style=\"text-align: left;\">\n<h4>Detectado<\/h4>\n<\/td>\n<td>\n<h4>E08, D08, D10, C10, B11, C09, C03, D04 y C05<\/h4>\n<\/td>\n<td>\n<h4>D09, B05, B04, C06 y D07<\/h4>\n<\/td>\n<td style=\"text-align: left;\"><\/td>\n<\/tr>\n<tr>\n<td style=\"text-align: left;\" rowspan=\"1\">\n<h4>Semana 12 ( 21\/03-28\/03)<\/h4>\n<\/td>\n<td style=\"text-align: left;\">\n<h4>Detectado<\/h4>\n<\/td>\n<td>\n<h4>E08, D08, D11, D09, C04 y B02.<\/h4>\n<\/td>\n<td>\n<h4>D09, B04, y D06<\/h4>\n<\/td>\n<td style=\"text-align: left;\"><\/td>\n<\/tr>\n<tr>\n<td style=\"text-align: left;\" rowspan=\"1\">\n<h4>Semana 13 ( 29\/03-03\/04)<\/h4>\n<\/td>\n<td style=\"text-align: left;\">\n<h4>Detectado<\/h4>\n<\/td>\n<td>\n<h4>B07, A09, B05, C05, D07, D08, D09 (2 trampas), C10 y C07.<\/h4>\n<\/td>\n<td>\n<h4>B06 y B08.<\/h4>\n<\/td>\n<td style=\"text-align: left;\"><\/td>\n<\/tr>\n<tr>\n<td style=\"text-align: left;\" rowspan=\"1\">\n<h4>Semana 14 ( 04\/04-10\/04)<\/h4>\n<\/td>\n<td style=\"text-align: left;\">\n<h4>Detectado<\/h4>\n<\/td>\n<td>\n<h4>.E10, D08, D10, C05, C10, B02, B05, B11, A07, A08, A09 y A10.<\/h4>\n<\/td>\n<td>\n<h4>E08, D06, B04, B08 y A06<\/h4>\n<\/td>\n<td style=\"text-align: left;\"><\/td>\n<\/tr>\n<tr>\n<td style=\"text-align: left;\" rowspan=\"1\">\n<h4>Semana 15 ( 11\/04-17\/04)<\/h4>\n<\/td>\n<td style=\"text-align: left;\">\n<h4>Detectado<\/h4>\n<\/td>\n<td>\n<h4>E08, D08, E10 (dos trampas), D10, C11, B11, C10, A09, A10, A05, B05 (dos trampas), A02, B02, C04, D09, C03, B04 y B10.<\/h4>\n<\/td>\n<td>\n<h4>B04, B08, D05 y D06.<\/h4>\n<\/td>\n<td style=\"text-align: left;\"><\/td>\n<\/tr>\n<tr>\n<td style=\"text-align: left;\" rowspan=\"1\">\n<h4>Semana 16 ( 18\/04-24\/04)<\/h4>\n<\/td>\n<td style=\"text-align: left;\">\n<h4>Detectado<\/h4>\n<\/td>\n<td>\n<h4>E08, D08, E10 (dos trampas), D10, C11, B11, C10, A10, A09, A05, B05 (dos trampas), A02, B02, C04, D09, C03, D04 y B10<\/h4>\n<\/td>\n<td>\n<h4>B08, B04, D05 y D06<\/h4>\n<\/td>\n<td style=\"text-align: left;\"><\/td>\n<\/tr>\n<tr>\n<td style=\"text-align: left;\" rowspan=\"1\">\n<h4>Semana 17 ( 25\/04-01\/05)<\/h4>\n<\/td>\n<td style=\"text-align: left;\">\n<h4>Detectado<\/h4>\n<\/td>\n<td>\n<h4>E08, C07, E10, D10, C10 (dos trampas), B11, C09, D09, B05 (dos trampas), A02, B02 y D04.<\/h4>\n<\/td>\n<td>\n<h4>D08, B08, A05 y B04.<\/h4>\n<\/td>\n<td style=\"text-align: left;\"><\/td>\n<\/tr>\n<tr>\n<td style=\"text-align: left;\" rowspan=\"1\">\n<h4>Semana 18 ( 02\/05-08\/05)<\/h4>\n<\/td>\n<td style=\"text-align: left;\">\n<h4>Detectado<\/h4>\n<\/td>\n<td>\n<h4>D08, C09, C10 y C07<\/h4>\n<\/td>\n<td>\n<h4>B05 y A03.<\/h4>\n<\/td>\n<td style=\"text-align: left;\"><\/td>\n<\/tr>\n<tr>\n<td style=\"text-align: left;\" rowspan=\"1\">\n<h4>Semana 19 ( 09\/05-15\/05)<\/h4>\n<\/td>\n<td style=\"text-align: left;\">\n<h4>Detectado<\/h4>\n<\/td>\n<td>\n<h4>D08, C09 y B06<\/h4>\n<\/td>\n<td>\n<h4>C08, A03 y B02<\/h4>\n<\/td>\n<td style=\"text-align: left;\"><\/td>\n<\/tr>\n<tr>\n<td style=\"text-align: left;\" rowspan=\"1\">\n<h4>Semana 20 ( 16\/05-22\/05)<\/h4>\n<\/td>\n<td style=\"text-align: left;\">\n<h4>Detectado<\/h4>\n<\/td>\n<td>\n<h4>D08, C09 y B06<\/h4>\n<\/td>\n<td>\n<h4>A03 y B02<\/h4>\n<\/td>\n<td style=\"text-align: left;\"><\/td>\n<\/tr>\n<tr>\n<td style=\"text-align: left;\" rowspan=\"1\">\n<h4>Semana 21 ( 23\/05-29\/05)<\/h4>\n<\/td>\n<td style=\"text-align: left;\">\n<h4>Detectado<\/h4>\n<\/td>\n<td>\n<h4>D08 y C10.<\/h4>\n<\/td>\n<td>\n<h4>B08, B04, B02 y A03.<\/h4>\n<\/td>\n<td style=\"text-align: left;\"><\/td>\n<\/tr>\n<tr>\n<td style=\"text-align: left;\" rowspan=\"1\"><\/td>\n<td style=\"text-align: left;\"><\/td>\n<td><\/td>\n<td><\/td>\n<td style=\"text-align: left;\"><\/td>\n<\/tr>\n<\/tbody>\n<\/table>\n<p>&nbsp;<\/p>\n<p>&nbsp;<\/p>\n","protected":false},"excerpt":{"rendered":"\u21d0 \u00a0Volver Hemos comenzado el monitoreo de Ciudad Universitaria. Esta en la 5ta temporada 2020-2021 , desde que comenz\u00f3 el programa. Este a\u00f1o el monitoreo es realizado por Est. Lucia De La Rosa Est. D\u00e9bora Ben\u00edtez Para el monitoreo de Ciudad Universitaria, se divide en parcelas, tal como se detalla en el plano. En cada&#8230; <a class=\"view-article\" href=\"https:\/\/exactas.uba.ar\/higieneyseguridad\/medio-ambiente\/mosquito\/monitoreo-de-aedes-aegyti-2019-2024\/monitoreo-de-aedes-aegypti-temporada-2020-2021\/\">LEER +<\/a>","protected":false},"author":2,"featured_media":0,"parent":7855,"menu_order":15,"comment_status":"closed","ping_status":"closed","template":"","meta":{"_acf_changed":false,"footnotes":""},"class_list":["post-3757","page","type-page","status-publish","hentry"],"acf":[],"_links":{"self":[{"href":"https:\/\/exactas.uba.ar\/higieneyseguridad\/wp-json\/wp\/v2\/pages\/3757","targetHints":{"allow":["GET"]}}],"collection":[{"href":"https:\/\/exactas.uba.ar\/higieneyseguridad\/wp-json\/wp\/v2\/pages"}],"about":[{"href":"https:\/\/exactas.uba.ar\/higieneyseguridad\/wp-json\/wp\/v2\/types\/page"}],"author":[{"embeddable":true,"href":"https:\/\/exactas.uba.ar\/higieneyseguridad\/wp-json\/wp\/v2\/users\/2"}],"replies":[{"embeddable":true,"href":"https:\/\/exactas.uba.ar\/higieneyseguridad\/wp-json\/wp\/v2\/comments?post=3757"}],"version-history":[{"count":29,"href":"https:\/\/exactas.uba.ar\/higieneyseguridad\/wp-json\/wp\/v2\/pages\/3757\/revisions"}],"predecessor-version":[{"id":8649,"href":"https:\/\/exactas.uba.ar\/higieneyseguridad\/wp-json\/wp\/v2\/pages\/3757\/revisions\/8649"}],"up":[{"embeddable":true,"href":"https:\/\/exactas.uba.ar\/higieneyseguridad\/wp-json\/wp\/v2\/pages\/7855"}],"wp:attachment":[{"href":"https:\/\/exactas.uba.ar\/higieneyseguridad\/wp-json\/wp\/v2\/media?parent=3757"}],"curies":[{"name":"wp","href":"https:\/\/api.w.org\/{rel}","templated":true}]}}