{"id":3524,"date":"2020-08-13T22:04:44","date_gmt":"2020-08-13T22:04:44","guid":{"rendered":"https:\/\/exactas.uba.ar\/higieneyseguridad\/?page_id=3524"},"modified":"2022-11-11T18:56:59","modified_gmt":"2022-11-11T18:56:59","slug":"plan-de-proteccion-formularios","status":"publish","type":"page","link":"https:\/\/exactas.uba.ar\/higieneyseguridad\/plan-de-proteccion\/plan-de-proteccion-formularios\/","title":{"rendered":"Plan de Protecci\u00f3n: FORMULARIO"},"content":{"rendered":"<p>El plan de protecci\u00f3n consta de una serie de formularios espec\u00edficos a los riesgos de las distintas actividades que se desarrollan\u00a0 en<\/p>\n<ul>\n<li>Investigaci\u00f3n<\/li>\n<li>Docencia<\/li>\n<li>Laboratorio de Uso Com\u00fan<\/li>\n<li>Servicios<\/li>\n<\/ul>\n<p>Para saber cuales Formularios debe completar ingrese en el siguiente link<\/p>\n<p><a class=\"boton enlace\" href=\"http:\/\/encuestas.exactas.uba.ar\/index.php\/949887?lang=es\">PLAN DE PROTECCI\u00d3N: \u00bfQu\u00e9 formularios debe completar?<\/a><\/p>\n<p>En la p\u00e1gina siguiente encontrara el link a todos los formularios<\/p>\n<p>Luego de confirmar cuales son los formularios que debe completar, continuar en el siguiente link:<\/p>\n<p><a class=\"boton\" href=\"https:\/\/exactas.uba.ar\/higieneyseguridad\/plan-de-proteccion\/plan-de-proteccion-formularios\/plan-de-proteccion-investigacion-docencia-cuarto-de-uso-comun\/\">Plan de Protecci\u00f3n Investigaci\u00f3n-Docencia-Cuarto de Uso Com\u00fan-Servicios<\/a><\/p>\n<p><a class=\"boton\" href=\"https:\/\/exactas.uba.ar\/higieneyseguridad\/plan-de-proteccion\/plan-de-proteccion-formularios\/plan-de-proteccion-investigacion-docencia-cuarto-de-uso-comun\/\">Acceso a los formularios<\/a><\/p>\n<p>Recuerde que debe mantener actualizada la informaci\u00f3n. Toda modificaci\u00f3n debe ser informada, antes de implementarla. Para analizar junto al SHyS si cuenta con las condiciones para realizar los ensayos previstos en el proceso de investigaci\u00f3n.<\/p>\n<p><a class=\"boton\" href=\"https:\/\/exactas.uba.ar\/higieneyseguridad\/wp-content\/uploads\/2022\/05\/PP-Como-completarlo-V02.pdf\">Plan de Protecci\u00f3n-Como-completarlo-V02<\/a><\/p>\n","protected":false},"excerpt":{"rendered":"El plan de protecci\u00f3n consta de una serie de formularios espec\u00edficos a los riesgos de las distintas actividades que se desarrollan\u00a0 en Investigaci\u00f3n Docencia Laboratorio de Uso Com\u00fan Servicios Para saber cuales Formularios debe completar ingrese en el siguiente link PLAN DE PROTECCI\u00d3N: \u00bfQu\u00e9 formularios debe completar? En la p\u00e1gina siguiente encontrara el link a&#8230; <a class=\"view-article\" href=\"https:\/\/exactas.uba.ar\/higieneyseguridad\/plan-de-proteccion\/plan-de-proteccion-formularios\/\">LEER +<\/a>","protected":false},"author":2,"featured_media":0,"parent":2552,"menu_order":4,"comment_status":"closed","ping_status":"closed","template":"","meta":{"_acf_changed":false,"footnotes":""},"class_list":["post-3524","page","type-page","status-publish","hentry"],"acf":[],"_links":{"self":[{"href":"https:\/\/exactas.uba.ar\/higieneyseguridad\/wp-json\/wp\/v2\/pages\/3524","targetHints":{"allow":["GET"]}}],"collection":[{"href":"https:\/\/exactas.uba.ar\/higieneyseguridad\/wp-json\/wp\/v2\/pages"}],"about":[{"href":"https:\/\/exactas.uba.ar\/higieneyseguridad\/wp-json\/wp\/v2\/types\/page"}],"author":[{"embeddable":true,"href":"https:\/\/exactas.uba.ar\/higieneyseguridad\/wp-json\/wp\/v2\/users\/2"}],"replies":[{"embeddable":true,"href":"https:\/\/exactas.uba.ar\/higieneyseguridad\/wp-json\/wp\/v2\/comments?post=3524"}],"version-history":[{"count":43,"href":"https:\/\/exactas.uba.ar\/higieneyseguridad\/wp-json\/wp\/v2\/pages\/3524\/revisions"}],"predecessor-version":[{"id":5847,"href":"https:\/\/exactas.uba.ar\/higieneyseguridad\/wp-json\/wp\/v2\/pages\/3524\/revisions\/5847"}],"up":[{"embeddable":true,"href":"https:\/\/exactas.uba.ar\/higieneyseguridad\/wp-json\/wp\/v2\/pages\/2552"}],"wp:attachment":[{"href":"https:\/\/exactas.uba.ar\/higieneyseguridad\/wp-json\/wp\/v2\/media?parent=3524"}],"curies":[{"name":"wp","href":"https:\/\/api.w.org\/{rel}","templated":true}]}}