{"id":343,"date":"2019-04-19T00:19:54","date_gmt":"2019-04-19T00:19:54","guid":{"rendered":"https:\/\/exactas.uba.ar\/higieneyseguridad\/?page_id=343"},"modified":"2019-04-24T19:32:41","modified_gmt":"2019-04-24T19:32:41","slug":"semaforo-bromatologico","status":"publish","type":"page","link":"https:\/\/exactas.uba.ar\/higieneyseguridad\/higienealimentaria\/semaforo-bromatologico\/","title":{"rendered":"Sem\u00e1foro Bromatol\u00f3gico"},"content":{"rendered":"<p>&nbsp;<\/p>\n<p>El grupo de bromatolog\u00eda utiliza, para sus auditor\u00edas, una lista de <em>chequeo<\/em> con puntos a verificar, adecuada a los espacios, una para comedores y otra para los kioscos<strong><u>.<\/u><\/strong>Cada punto a verificar tiene un puntaje relacionado con la importancia del mismo en el cumplimiento de las buenas pr\u00e1cticas de manufactura.\u00a0 <a href=\"https:\/\/exactas.uba.ar\/higieneyseguridad\/listado-de-incumplimientos\/\" target=\"_blank\" rel=\"noopener noreferrer\">Listado de Incumplimientos <\/a><\/p>\n<p>El puntaje del \u00edtem se asigna como CUMPLE (<strong>C<\/strong>), NECESITA MEJORA (<strong>NM<\/strong>) o NO CUMPLE (<strong>NC<\/strong>) seg\u00fan se detecte en la auditoria.<\/p>\n<p>El \u201cestado\u201d del local en lo relativo a la inspecci\u00f3n bromatol\u00f3gica estar\u00e1 determinado, por el puntaje obtenido, sumando el puntaje de cumplimientos :<\/p>\n<p style=\"padding-left: 160px;\">En caso de que el puntaje obtenido de CUMPLIMIENTO sea <strong>m\u00e1s de un 80 %<\/strong> del total, el estado ser\u00e1 \u201c<strong>Bueno<\/strong>\u201d.<\/p>\n<p style=\"padding-left: 160px;\">Si el puntaje obtenido est\u00e1 <strong>entre un 80 % y 60 %<\/strong>, el estado ser\u00e1 \u201c<b>Regular<\/b>\u201d.<\/p>\n<p style=\"padding-left: 160px;\">Un cumplimiento <strong>entre 60 % y 40 %<\/strong> ser\u00e1 \u201c<strong>Insuficiente<\/strong>\u201d.<\/p>\n<p style=\"padding-left: 160px;\">Un puntaje obtenido en la auditoria<strong> menor del 40 %<\/strong> corresponder\u00e1 a la <strong>\u00abClausura\u00bb<\/strong> temporaria.<\/p>\n<p>&nbsp;<\/p>\n<p>Las siguientes faltas graves corresponde a la clausura temporaria, mediante intervenci\u00f3n del Director del SHyST. Independientemente del estado de la auditor\u00eda):<\/p>\n<p style=\"padding-left: 160px;\"><strong>Presencia de roedores o insectos en alimentos y superficies.<\/strong><\/p>\n<p style=\"padding-left: 160px;\"><strong>Alimentos en mal estado dentro del local.<\/strong><\/p>\n<p>En caso de encontrarse faltas reiteradas en un mismo \u00edtem o conjunto de \u00edtems, la Comisi\u00f3n Comedor citar\u00e1 al responsable del local, le notificar\u00e1 por escrito la\/s falta\/s y fijar\u00e1 un plazo perentorio para su normalizaci\u00f3n.<\/p>\n<p>Si la falta persiste, se tomar\u00e1n las acciones administrativas y legales correspondientes.<\/p>\n<p>El \u201cestado\u201d del local ser\u00e1 exhibido en el mismo, mediante <strong>un cartel<\/strong> firmado por un integrante del grupo de Bromatolog\u00eda del SHyST-FCEyN. All\u00ed constar\u00e1n la fecha de la auditor\u00eda, las principales faltas y el \u201cestado\u201d, que ser\u00e1 comunicado mediante un c\u00f3digo de colores:<\/p>\n<p>bueno (verde),<br \/>\n<img loading=\"lazy\" decoding=\"async\" width=\"105\" height=\"47\" class=\"size-full wp-image-347 aligncenter\" src=\"https:\/\/exactas.uba.ar\/higieneyseguridad\/wp-content\/uploads\/2019\/04\/VERDE.png\" alt=\"\" \/><\/p>\n<p>regular (amarillo),<img loading=\"lazy\" decoding=\"async\" width=\"105\" height=\"47\" class=\"size-medium wp-image-348 aligncenter\" src=\"https:\/\/exactas.uba.ar\/higieneyseguridad\/wp-content\/uploads\/2019\/04\/AMARILLO.png\" alt=\"\" \/><\/p>\n<p>insuficiente (naranja) <img loading=\"lazy\" decoding=\"async\" width=\"105\" height=\"47\" class=\"size-medium wp-image-350 aligncenter\" src=\"https:\/\/exactas.uba.ar\/higieneyseguridad\/wp-content\/uploads\/2019\/04\/NARANJA.png\" alt=\"\" \/><\/p>\n<p>y clausura (rojo). <img loading=\"lazy\" decoding=\"async\" width=\"105\" height=\"47\" class=\"size-medium wp-image-349 aligncenter\" src=\"https:\/\/exactas.uba.ar\/higieneyseguridad\/wp-content\/uploads\/2019\/04\/ROJO.png\" alt=\"\" \/><\/p>\n<p>Es responsabilidad de cada local mantener a la vista y en buenas condiciones el cartel.<\/p>\n<p>Los interesados podr\u00e1n, si consideran que han normalizado una situaci\u00f3n de falta, solicitar una inspecci\u00f3n voluntaria adicional.<\/p>\n<p>Si el local auditado queda en \u201cnaranja\u201d o \u201crojo\u201d, se le da una semana para regularizar la situaci\u00f3n.<\/p>\n<p>&nbsp;<\/p>\n","protected":false},"excerpt":{"rendered":"&nbsp; El grupo de bromatolog\u00eda utiliza, para sus auditor\u00edas, una lista de chequeo con puntos a verificar, adecuada a los espacios, una para comedores y otra para los kioscos.Cada punto a verificar tiene un puntaje relacionado con la importancia del mismo en el cumplimiento de las buenas pr\u00e1cticas de manufactura.\u00a0 Listado de Incumplimientos El puntaje&#8230; <a class=\"view-article\" href=\"https:\/\/exactas.uba.ar\/higieneyseguridad\/higienealimentaria\/semaforo-bromatologico\/\">LEER +<\/a>","protected":false},"author":2,"featured_media":0,"parent":155,"menu_order":0,"comment_status":"closed","ping_status":"closed","template":"","meta":{"_acf_changed":false,"footnotes":""},"class_list":["post-343","page","type-page","status-publish","hentry"],"acf":[],"_links":{"self":[{"href":"https:\/\/exactas.uba.ar\/higieneyseguridad\/wp-json\/wp\/v2\/pages\/343","targetHints":{"allow":["GET"]}}],"collection":[{"href":"https:\/\/exactas.uba.ar\/higieneyseguridad\/wp-json\/wp\/v2\/pages"}],"about":[{"href":"https:\/\/exactas.uba.ar\/higieneyseguridad\/wp-json\/wp\/v2\/types\/page"}],"author":[{"embeddable":true,"href":"https:\/\/exactas.uba.ar\/higieneyseguridad\/wp-json\/wp\/v2\/users\/2"}],"replies":[{"embeddable":true,"href":"https:\/\/exactas.uba.ar\/higieneyseguridad\/wp-json\/wp\/v2\/comments?post=343"}],"version-history":[{"count":25,"href":"https:\/\/exactas.uba.ar\/higieneyseguridad\/wp-json\/wp\/v2\/pages\/343\/revisions"}],"predecessor-version":[{"id":547,"href":"https:\/\/exactas.uba.ar\/higieneyseguridad\/wp-json\/wp\/v2\/pages\/343\/revisions\/547"}],"up":[{"embeddable":true,"href":"https:\/\/exactas.uba.ar\/higieneyseguridad\/wp-json\/wp\/v2\/pages\/155"}],"wp:attachment":[{"href":"https:\/\/exactas.uba.ar\/higieneyseguridad\/wp-json\/wp\/v2\/media?parent=343"}],"curies":[{"name":"wp","href":"https:\/\/api.w.org\/{rel}","templated":true}]}}