{"id":3389,"date":"2020-07-01T19:21:58","date_gmt":"2020-07-01T19:21:58","guid":{"rendered":"https:\/\/exactas.uba.ar\/higieneyseguridad\/?page_id=3389"},"modified":"2022-02-05T18:58:46","modified_gmt":"2022-02-05T18:58:46","slug":"recomendaciones-para-epoca-en-covid19","status":"publish","type":"page","link":"https:\/\/exactas.uba.ar\/higieneyseguridad\/medicina-laboral-2\/coronavirus\/recomendaciones-para-epoca-en-covid19\/","title":{"rendered":"Recomendaciones en tiempos de ASPO por COViD19, en casa"},"content":{"rendered":"<p>Desde el Servicio de Higiene y Seguridad, le estamos compartiendo informaci\u00f3n de utilidad en estas \u00e9pocas de Aislamiento Social Preventivo Obligatorio.<\/p>\n<p style=\"padding-left: 80px;\"><strong>Recomendaciones para personas mayores de 60 a\u00f1os<\/strong><\/p>\n<p style=\"padding-left: 80px;\"><strong>Manejo de la Ansiedad<\/strong><\/p>\n<p style=\"padding-left: 80px;\"><strong>Cuidados en Casa<\/strong><\/p>\n<p>&nbsp;<\/p>\n<p><img loading=\"lazy\" decoding=\"async\" width=\"250\" height=\"118\" class=\"size-medium wp-image-3402 alignleft\" src=\"https:\/\/exactas.uba.ar\/higieneyseguridad\/wp-content\/uploads\/2020\/07\/sars-cov-2-250x118.png\" alt=\"\" srcset=\"https:\/\/exactas.uba.ar\/higieneyseguridad\/wp-content\/uploads\/2020\/07\/sars-cov-2-250x118.png 250w, https:\/\/exactas.uba.ar\/higieneyseguridad\/wp-content\/uploads\/2020\/07\/sars-cov-2-120x57.png 120w, https:\/\/exactas.uba.ar\/higieneyseguridad\/wp-content\/uploads\/2020\/07\/sars-cov-2.png 254w\" sizes=\"auto, (max-width: 250px) 100vw, 250px\" \/><\/p>\n","protected":false},"excerpt":{"rendered":"Desde el Servicio de Higiene y Seguridad, le estamos compartiendo informaci\u00f3n de utilidad en estas \u00e9pocas de Aislamiento Social Preventivo Obligatorio. Recomendaciones para personas mayores de 60 a\u00f1os Manejo de la Ansiedad Cuidados en Casa &nbsp;","protected":false},"author":2,"featured_media":0,"parent":2775,"menu_order":6,"comment_status":"closed","ping_status":"closed","template":"","meta":{"_acf_changed":false,"footnotes":""},"class_list":["post-3389","page","type-page","status-publish","hentry"],"acf":[],"_links":{"self":[{"href":"https:\/\/exactas.uba.ar\/higieneyseguridad\/wp-json\/wp\/v2\/pages\/3389","targetHints":{"allow":["GET"]}}],"collection":[{"href":"https:\/\/exactas.uba.ar\/higieneyseguridad\/wp-json\/wp\/v2\/pages"}],"about":[{"href":"https:\/\/exactas.uba.ar\/higieneyseguridad\/wp-json\/wp\/v2\/types\/page"}],"author":[{"embeddable":true,"href":"https:\/\/exactas.uba.ar\/higieneyseguridad\/wp-json\/wp\/v2\/users\/2"}],"replies":[{"embeddable":true,"href":"https:\/\/exactas.uba.ar\/higieneyseguridad\/wp-json\/wp\/v2\/comments?post=3389"}],"version-history":[{"count":6,"href":"https:\/\/exactas.uba.ar\/higieneyseguridad\/wp-json\/wp\/v2\/pages\/3389\/revisions"}],"predecessor-version":[{"id":4378,"href":"https:\/\/exactas.uba.ar\/higieneyseguridad\/wp-json\/wp\/v2\/pages\/3389\/revisions\/4378"}],"up":[{"embeddable":true,"href":"https:\/\/exactas.uba.ar\/higieneyseguridad\/wp-json\/wp\/v2\/pages\/2775"}],"wp:attachment":[{"href":"https:\/\/exactas.uba.ar\/higieneyseguridad\/wp-json\/wp\/v2\/media?parent=3389"}],"curies":[{"name":"wp","href":"https:\/\/api.w.org\/{rel}","templated":true}]}}