{"id":3205,"date":"2020-06-07T18:02:36","date_gmt":"2020-06-07T18:02:36","guid":{"rendered":"https:\/\/exactas.uba.ar\/higieneyseguridad\/?page_id=3205"},"modified":"2022-02-06T19:35:22","modified_gmt":"2022-02-06T19:35:22","slug":"dia-de-la-inocuidad-alimentaria","status":"publish","type":"page","link":"https:\/\/exactas.uba.ar\/higieneyseguridad\/higienealimentaria\/informacion-util\/dia-de-la-inocuidad-alimentaria\/","title":{"rendered":"D\u00eda Mundial de la Inocuidad Alimentaria -7 de junio -2020"},"content":{"rendered":"<p><img loading=\"lazy\" decoding=\"async\" class=\" wp-image-3225 alignleft\" src=\"https:\/\/exactas.uba.ar\/higieneyseguridad\/wp-content\/uploads\/2020\/06\/LOGO-IA-2020.png\" alt=\"\" width=\"136\" height=\"132\" srcset=\"https:\/\/exactas.uba.ar\/higieneyseguridad\/wp-content\/uploads\/2020\/06\/LOGO-IA-2020.png 201w, https:\/\/exactas.uba.ar\/higieneyseguridad\/wp-content\/uploads\/2020\/06\/LOGO-IA-2020-120x116.png 120w\" sizes=\"auto, (max-width: 136px) 100vw, 136px\" \/><\/p>\n<p><span style=\"color: #ff0000;\">\u2666<\/span> <strong><span style=\"color: #ff0000;\">S<\/span><\/strong>e estima que 600 millones de personas(aproximadamente una de cada 10 personas en el mundo) se\u00a0\u00a0enferman despu\u00e9s de comer alimentos contaminados y 420\u00a0 personas mueren al a\u00f1o<\/p>\n<p><span style=\"color: #ff0000;\">\u2666<\/span> <strong><span style=\"color: #ff0000;\">L<\/span><\/strong>os ni\u00f1os menores de 5 a\u00f1os de edad cargan con el 40% de las enfermedades transmitidas por los alimentos, con 125 000 muertes anuales.<img loading=\"lazy\" decoding=\"async\" width=\"216\" height=\"310\" class=\"size-full wp-image-3215 alignright\" src=\"https:\/\/exactas.uba.ar\/higieneyseguridad\/wp-content\/uploads\/2020\/06\/Figura1.png\" alt=\"\" srcset=\"https:\/\/exactas.uba.ar\/higieneyseguridad\/wp-content\/uploads\/2020\/06\/Figura1.png 216w, https:\/\/exactas.uba.ar\/higieneyseguridad\/wp-content\/uploads\/2020\/06\/Figura1-120x172.png 120w\" sizes=\"auto, (max-width: 216px) 100vw, 216px\" \/><\/p>\n<p><span style=\"color: #ff0000;\">\u2666<\/span> <strong><span style=\"color: #ff0000;\">L<\/span><\/strong>as enfermedades trasmitidas por los alimentos generalmente son de naturaleza infecciosa o toxica y est\u00e1n causadas por bacterias, virus, par\u00e1sitos o sustancias qu\u00edmicas que\u00a0 ingresan en el cuerpo a trav\u00e9s o de agua contaminada<\/p>\n<p>&nbsp;<\/p>\n<p><span style=\"color: #ff0000;\">\u2666<strong>L<\/strong><\/span>a inversi\u00f3n en educaci\u00f3n en materia de inocuidad de los alimentos tiene el potencial de reducir las enfermedades trasmitidas por los alimentos y un rendimiento de ahorro de hasta 10 veces por cada d\u00f3lar invertido<\/p>\n<p><span style=\"color: #ff0000;\">\u2666<strong>L<\/strong><\/span>as buenas pr\u00e1cticas de higiene en los sectores alimentario y agr\u00edcola ayudan a reducir la aparici\u00f3n y propagaci\u00f3n de enfermedades transmitidas por los alimentos<\/p>\n<p>&nbsp;<\/p>\n<h3><\/h3>\n<h3 style=\"text-align: center;\"><span style=\"color: #33cccc;\"><b>Los alimentos contaminados nos afectan a todos, pero especialmente a los grupos de poblaci\u00f3n vulnerable.<\/b><\/span><\/h3>\n<h1 style=\"padding-left: 440px;\"><span style=\"color: #33cccc;\">\u21d3<\/span><\/h1>\n<h3 style=\"text-align: center;\"><span style=\"color: #33cccc;\">La ONU design\u00f3 a la FAO y la OMS para dirigir esfuerzos en la promoci\u00f3n de la inocuidad de los alimentos en todo el mundo.<\/span><\/h3>\n<h2 style=\"text-align: center;\"><span style=\"color: #ff0000;\">Objetivo :<\/span><\/h2>\n<h4><span style=\"color: #33cccc;\"><b>Promover acciones que ayuden a prevenir, detectar y gestionar los riesgos transmitidos por los alimentos, contribuyendo a la seguridad alimentaria, la salud humana, la prosperidad econ\u00f3mica, la agricultura, el acceso a los mercados, el turismo y el desarrollo sostenible.<\/b><\/span><\/h4>\n<h3 style=\"text-align: center;\"><strong><span style=\"color: #ff0000;\">Cinco Pasos que hacen la diferencia<\/span><\/strong><span style=\"color: #ff0000;\">:<\/span><\/h3>\n<p><img loading=\"lazy\" decoding=\"async\" class=\"wp-image-3210 aligncenter\" src=\"https:\/\/exactas.uba.ar\/higieneyseguridad\/wp-content\/uploads\/2020\/06\/Figura-1-5.png\" alt=\"\" width=\"71\" height=\"70\" srcset=\"https:\/\/exactas.uba.ar\/higieneyseguridad\/wp-content\/uploads\/2020\/06\/Figura-1-5.png 175w, https:\/\/exactas.uba.ar\/higieneyseguridad\/wp-content\/uploads\/2020\/06\/Figura-1-5-150x150.png 150w, https:\/\/exactas.uba.ar\/higieneyseguridad\/wp-content\/uploads\/2020\/06\/Figura-1-5-120x118.png 120w\" sizes=\"auto, (max-width: 71px) 100vw, 71px\" \/><\/p>\n<h4><span style=\"color: #33cccc;\">\u2666\u00a0 <b>Garantice la inocuidad\u00a0 :\u00a0<\/b><\/span>Los gobiernos deben garantizar alimentos inocuos y nutritivos para todos.<\/h4>\n<h4><img loading=\"lazy\" decoding=\"async\" class=\"wp-image-3211 aligncenter\" src=\"https:\/\/exactas.uba.ar\/higieneyseguridad\/wp-content\/uploads\/2020\/06\/Figura-2-5.png\" alt=\"\" width=\"79\" height=\"79\" srcset=\"https:\/\/exactas.uba.ar\/higieneyseguridad\/wp-content\/uploads\/2020\/06\/Figura-2-5.png 183w, https:\/\/exactas.uba.ar\/higieneyseguridad\/wp-content\/uploads\/2020\/06\/Figura-2-5-150x150.png 150w, https:\/\/exactas.uba.ar\/higieneyseguridad\/wp-content\/uploads\/2020\/06\/Figura-2-5-120x119.png 120w\" sizes=\"auto, (max-width: 79px) 100vw, 79px\" \/><\/h4>\n<h4><b><span style=\"color: #33cccc;\">\u2666 Cultive alimentos inocuos :\u00a0<\/span><\/b>Los productores agr\u00edcolas y de\u00a0alimentos tienen que adoptar buenas pr\u00e1cticas.<\/h4>\n<p><img loading=\"lazy\" decoding=\"async\" class=\"wp-image-3212 aligncenter\" src=\"https:\/\/exactas.uba.ar\/higieneyseguridad\/wp-content\/uploads\/2020\/06\/Figura-3-5.png\" alt=\"\" width=\"73\" height=\"76\" srcset=\"https:\/\/exactas.uba.ar\/higieneyseguridad\/wp-content\/uploads\/2020\/06\/Figura-3-5.png 163w, https:\/\/exactas.uba.ar\/higieneyseguridad\/wp-content\/uploads\/2020\/06\/Figura-3-5-120x125.png 120w\" sizes=\"auto, (max-width: 73px) 100vw, 73px\" \/><\/p>\n<h4><b><span style=\"color: #33cccc;\">\u2666 Consuma los alimentos sin peligro<\/span> <span style=\"color: #33cccc;\">:<\/span><\/b>Todos los consumidores tienen derecho a alimentos inocuos, saludables y nutritivos<\/h4>\n<p><img loading=\"lazy\" decoding=\"async\" class=\"wp-image-3214 aligncenter\" src=\"https:\/\/exactas.uba.ar\/higieneyseguridad\/wp-content\/uploads\/2020\/06\/Figura-5-5.png\" alt=\"\" width=\"72\" height=\"70\" srcset=\"https:\/\/exactas.uba.ar\/higieneyseguridad\/wp-content\/uploads\/2020\/06\/Figura-5-5.png 175w, https:\/\/exactas.uba.ar\/higieneyseguridad\/wp-content\/uploads\/2020\/06\/Figura-5-5-120x117.png 120w\" sizes=\"auto, (max-width: 72px) 100vw, 72px\" \/><\/p>\n<h4><span style=\"color: #33cccc;\"><b>\u2666 Act\u00fae conjuntamente en pro de la inocuidad : <\/b><\/span>La inocuidad de los alimentos es una responsabilidad compartida.<\/h4>\n<p><img loading=\"lazy\" decoding=\"async\" class=\"wp-image-3213 aligncenter\" src=\"https:\/\/exactas.uba.ar\/higieneyseguridad\/wp-content\/uploads\/2020\/06\/Figura-4-5-250x223.png\" alt=\"\" width=\"87\" height=\"78\" srcset=\"https:\/\/exactas.uba.ar\/higieneyseguridad\/wp-content\/uploads\/2020\/06\/Figura-4-5-250x223.png 250w, https:\/\/exactas.uba.ar\/higieneyseguridad\/wp-content\/uploads\/2020\/06\/Figura-4-5-120x107.png 120w, https:\/\/exactas.uba.ar\/higieneyseguridad\/wp-content\/uploads\/2020\/06\/Figura-4-5.png 296w\" sizes=\"auto, (max-width: 87px) 100vw, 87px\" \/><\/p>\n<h4><span style=\"color: #33cccc;\"><b>\u2666 Mantenga la inocuidad de los alimentos : <\/b><\/span>Los operadores de empresas deben asegurarse de que los alimentos sean inocuos.<\/h4>\n<p>&nbsp;<\/p>\n<h2 style=\"text-align: center;\"><span style=\"color: #ff0000;\">\u00bfComo puede contribuir cada uno?<\/span><\/h2>\n<p>&nbsp;<\/p>\n<h3><span style=\"color: #33cccc;\"><img loading=\"lazy\" decoding=\"async\" class=\"wp-image-3265 aligncenter\" src=\"https:\/\/exactas.uba.ar\/higieneyseguridad\/wp-content\/uploads\/2020\/06\/Como-1.png\" alt=\"\" width=\"71\" height=\"67\" srcset=\"https:\/\/exactas.uba.ar\/higieneyseguridad\/wp-content\/uploads\/2020\/06\/Como-1.png 190w, https:\/\/exactas.uba.ar\/higieneyseguridad\/wp-content\/uploads\/2020\/06\/Como-1-120x112.png 120w\" sizes=\"auto, (max-width: 71px) 100vw, 71px\" \/><br \/>\n<\/span><\/h3>\n<h3 style=\"text-align: center;\"><span style=\"color: #33cccc;\">Mantenga la limpieza<\/span><\/h3>\n<p><img loading=\"lazy\" decoding=\"async\" class=\"wp-image-3266 aligncenter\" src=\"https:\/\/exactas.uba.ar\/higieneyseguridad\/wp-content\/uploads\/2020\/06\/Como-2.png\" alt=\"\" width=\"79\" height=\"74\" srcset=\"https:\/\/exactas.uba.ar\/higieneyseguridad\/wp-content\/uploads\/2020\/06\/Como-2.png 189w, https:\/\/exactas.uba.ar\/higieneyseguridad\/wp-content\/uploads\/2020\/06\/Como-2-120x112.png 120w\" sizes=\"auto, (max-width: 79px) 100vw, 79px\" \/><\/p>\n<h3 style=\"text-align: center;\"><span style=\"color: #33cccc;\">Separe los alimentos crudos de los cocidos<\/span><\/h3>\n<p><img loading=\"lazy\" decoding=\"async\" class=\"wp-image-3267 aligncenter\" src=\"https:\/\/exactas.uba.ar\/higieneyseguridad\/wp-content\/uploads\/2020\/06\/Como-3.png\" alt=\"\" width=\"83\" height=\"76\" srcset=\"https:\/\/exactas.uba.ar\/higieneyseguridad\/wp-content\/uploads\/2020\/06\/Como-3.png 193w, https:\/\/exactas.uba.ar\/higieneyseguridad\/wp-content\/uploads\/2020\/06\/Como-3-120x110.png 120w\" sizes=\"auto, (max-width: 83px) 100vw, 83px\" \/><\/p>\n<h3 style=\"text-align: center;\"><span style=\"color: #33cccc;\">Cocine completamente los alimentos (70\u00b0C)<\/span><\/h3>\n<p>&nbsp;<\/p>\n<p><img loading=\"lazy\" decoding=\"async\" class=\"wp-image-3268 aligncenter\" src=\"https:\/\/exactas.uba.ar\/higieneyseguridad\/wp-content\/uploads\/2020\/06\/Como-4.png\" alt=\"\" width=\"80\" height=\"75\" srcset=\"https:\/\/exactas.uba.ar\/higieneyseguridad\/wp-content\/uploads\/2020\/06\/Como-4.png 188w, https:\/\/exactas.uba.ar\/higieneyseguridad\/wp-content\/uploads\/2020\/06\/Como-4-120x113.png 120w\" sizes=\"auto, (max-width: 80px) 100vw, 80px\" \/><\/p>\n<h3 style=\"text-align: center;\"><span style=\"color: #33cccc;\">Mantenga los alimentos a temperaturas seguras\u00a0\u00a0\u00a0 \u21d3\u00a0 5\u00b0C\u00a0 &#8211;\u00a0\u00a0 \u21d1 60\u00b0C<\/span><\/h3>\n<p><img loading=\"lazy\" decoding=\"async\" class=\"wp-image-3269 aligncenter\" src=\"https:\/\/exactas.uba.ar\/higieneyseguridad\/wp-content\/uploads\/2020\/06\/Como-5.png\" alt=\"\" width=\"78\" height=\"74\" srcset=\"https:\/\/exactas.uba.ar\/higieneyseguridad\/wp-content\/uploads\/2020\/06\/Como-5.png 189w, https:\/\/exactas.uba.ar\/higieneyseguridad\/wp-content\/uploads\/2020\/06\/Como-5-120x113.png 120w\" sizes=\"auto, (max-width: 78px) 100vw, 78px\" \/><\/p>\n<h3 style=\"text-align: center;\"><span style=\"color: #33cccc;\">Use agua y materias primas seguras<\/span><\/h3>\n<p>&nbsp;<\/p>\n<p>&nbsp;<\/p>\n<h3 style=\"text-align: center;\"><span style=\"color: #ff0000;\"><b>Trabajar en pro de la inocuidad de los alimentos contribuye a reducir las enfermedades transmitidas por estos, a la seguridad alimentaria, a la prosperidad econ\u00f3mica, al acceso a los mercados y al desarrollo sostenible<\/b><\/span><\/h3>\n<p>&nbsp;<\/p>\n","protected":false},"excerpt":{"rendered":"\u2666 Se estima que 600 millones de personas(aproximadamente una de cada 10 personas en el mundo) se\u00a0\u00a0enferman despu\u00e9s de comer alimentos contaminados y 420\u00a0 personas mueren al a\u00f1o \u2666 Los ni\u00f1os menores de 5 a\u00f1os de edad cargan con el 40% de las enfermedades transmitidas por los alimentos, con 125 000 muertes anuales. \u2666 Las&#8230; <a class=\"view-article\" href=\"https:\/\/exactas.uba.ar\/higieneyseguridad\/higienealimentaria\/informacion-util\/dia-de-la-inocuidad-alimentaria\/\">LEER +<\/a>","protected":false},"author":2,"featured_media":0,"parent":4503,"menu_order":2,"comment_status":"closed","ping_status":"closed","template":"","meta":{"_acf_changed":false,"footnotes":""},"class_list":["post-3205","page","type-page","status-publish","hentry"],"acf":[],"_links":{"self":[{"href":"https:\/\/exactas.uba.ar\/higieneyseguridad\/wp-json\/wp\/v2\/pages\/3205","targetHints":{"allow":["GET"]}}],"collection":[{"href":"https:\/\/exactas.uba.ar\/higieneyseguridad\/wp-json\/wp\/v2\/pages"}],"about":[{"href":"https:\/\/exactas.uba.ar\/higieneyseguridad\/wp-json\/wp\/v2\/types\/page"}],"author":[{"embeddable":true,"href":"https:\/\/exactas.uba.ar\/higieneyseguridad\/wp-json\/wp\/v2\/users\/2"}],"replies":[{"embeddable":true,"href":"https:\/\/exactas.uba.ar\/higieneyseguridad\/wp-json\/wp\/v2\/comments?post=3205"}],"version-history":[{"count":30,"href":"https:\/\/exactas.uba.ar\/higieneyseguridad\/wp-json\/wp\/v2\/pages\/3205\/revisions"}],"predecessor-version":[{"id":4516,"href":"https:\/\/exactas.uba.ar\/higieneyseguridad\/wp-json\/wp\/v2\/pages\/3205\/revisions\/4516"}],"up":[{"embeddable":true,"href":"https:\/\/exactas.uba.ar\/higieneyseguridad\/wp-json\/wp\/v2\/pages\/4503"}],"wp:attachment":[{"href":"https:\/\/exactas.uba.ar\/higieneyseguridad\/wp-json\/wp\/v2\/media?parent=3205"}],"curies":[{"name":"wp","href":"https:\/\/api.w.org\/{rel}","templated":true}]}}