{"id":3105,"date":"2020-04-26T23:34:07","date_gmt":"2020-04-26T23:34:07","guid":{"rendered":"https:\/\/exactas.uba.ar\/higieneyseguridad\/?page_id=3105"},"modified":"2024-08-14T16:02:10","modified_gmt":"2024-08-14T16:02:10","slug":"guia-de-reglas-basicas-de-hys-en-laboratorio-de-docencia","status":"publish","type":"page","link":"https:\/\/exactas.uba.ar\/higieneyseguridad\/seguridadlaboral\/guia-de-reglas-basicas-de-hys-en-laboratorio-de-docencia\/","title":{"rendered":"Gu\u00eda de Reglas B\u00e1sicas de HyS en Laboratorio de Docencia"},"content":{"rendered":"<p>Las <strong>pr\u00e1cticas<\/strong> que se realizan en los laboratorios presentan riesgos propios de cada actividad. Estas reglas b\u00e1sicas son un conjunto de normas destinadas a proteger la salud de los alumnos y a evitar accidentes y contaminaciones tanto dentro del \u00e1mbito de trabajo, como hacia el exterior.<\/p>\n<p>La <strong>informaci\u00f3n<\/strong> es un elemento clave en la seguridad, que permite reconocer y minimizar o evitar\u00a0 los riesgos presentes en el laboratorio. Es fundamental respetar la metodolog\u00eda de cada t\u00e9cnica, y trabajar con cuidado y en forma ordenada.<\/p>\n<h3>Medidas Generales<\/h3>\n<p>\u2666 Se debe conocer la ubicaci\u00f3n de los elementos de seguridad en el lugar de trabajo, tales como: matafuegos, salidas de emergencia, mantas ign\u00edfugas, lavaojos, gabinete para contener derrames, accionamiento de alarmas,<\/p>\n<p>\u2666 No se debe comer, beber,\u00a0 o maquillarse en el laboratorio.<\/p>\n<p>\u2666 No se deben guardar alimentos en heladeras que contengan drogas o soluciones preparadas .<\/p>\n<p>\u2666 Se debe utilizar vestimenta apropiada para realizar trabajos de laboratorio, guardapolvo abrochado (preferentemente de algod\u00f3n y de mangas largas) y zapatos cerrados. Evitar el uso de accesorios colgantes (aros, pulseras, collares, ). y cabello recogido.<\/p>\n<p>\u2666 Las mesadas de trabajo, deben estar despejadas, sin libros, ni abrigos ni objetos Es imprescindible mantener el orden y la limpieza. Cada persona es responsable directa de la zona que le ha sido asignada y de todos los lugares comunes.<\/p>\n<p>\u2666 Las manos deben lavarse cuidadosamente despu\u00e9s de cualquier manipulaci\u00f3n de laboratorio y antes de retirarse del laboratorio.<\/p>\n<p>Se deben utilizar guantes apropiados para evitar el contacto con sustancias qu\u00edmica o material biol\u00f3gico. Toda persona cuyos guantes se encuentren contaminados no deber\u00e1 tocar objetos, ni superficies, tales como: tel\u00e9fono, lapiceras, manijas de cajones o puertas, cuadernos.<\/p>\n<p>\u2666 No se permite correr en los laboratorios.<\/p>\n<p>\u2666 No se deben bloquear las rutas de escape o pasillos con bancos, sillas, equipos, m\u00e1quinas u otros elementos que entorpezcan la correcta circulaci\u00f3n.<\/p>\n<p>\u2666 De aviso inmediato al docente responsable si encuentra instalaciones el\u00e9ctricas y de gas precarias o que presentan situaciones de riesgo.<\/p>\n<p>\u2666 No utilice equipos (Ej. Rotavap, columnas de destilaci\u00f3n, sonicadores, estufas, ) sin haber recibido entrenamiento previo y sin supervisi\u00f3n durante su uso.<\/p>\n<p>\u2666 Toda herida o abrasi\u00f3n, a\u00fan los peque\u00f1os cortes que puedan producirse durante el trabajo pr\u00e1ctico deben ser informados al docentes. Los laboratorios cuentan con un botiqu\u00edn de primeros auxilios con los elementos indispensables para atender casos de emergencia. La facultad cuenta con un Servicio M\u00e9dico. Debe informarse al SHyS \u00f3 a Seguridad y Control<\/p>\n<p>\u2666 Respete las se\u00f1ales de (ej.: radiaciones, riesgo el\u00e9ctrico, riesgo biol\u00f3gico, etc.)\u00a0 \u00a0 <img loading=\"lazy\" decoding=\"async\" width=\"248\" height=\"221\" class=\"size-full wp-image-3109 aligncenter\" src=\"https:\/\/exactas.uba.ar\/higieneyseguridad\/wp-content\/uploads\/2020\/04\/Imagen-de-Riesgo-biologico-electrico-radiaciones.png\" alt=\"\" srcset=\"https:\/\/exactas.uba.ar\/higieneyseguridad\/wp-content\/uploads\/2020\/04\/Imagen-de-Riesgo-biologico-electrico-radiaciones.png 248w, https:\/\/exactas.uba.ar\/higieneyseguridad\/wp-content\/uploads\/2020\/04\/Imagen-de-Riesgo-biologico-electrico-radiaciones-120x107.png 120w\" sizes=\"auto, (max-width: 248px) 100vw, 248px\" \/><\/p>\n<p>\u2666 Todo residuo generado debe colocarse en los recipientes destinados para tal fin seg\u00fan las indicaciones del docente (ver Pautas para Gesti\u00f3n de Residuos)<\/p>\n<p>\u2666 Toda situaci\u00f3n de salud\u00a0 debe ser informado a los docentes para que se tomen las medidas precautorias adecuadas para protecci\u00f3n del estudiante<\/p>\n<h3><\/h3>\n<p><!--nextpage--><\/p>\n<h3>Laboratorios de Qu\u00edmicas<\/h3>\n<p>\u2666 No se permite pipetear con la boca.<\/p>\n<p>\u2666 Siempre que sea necesario proteger los ojos y la cara de salpicaduras o impactos se utilizar\u00e1n anteojos de seguridad, pantallas faciales u otros dispositivos de protecci\u00f3n.<\/p>\n<p>\u2666 Cuando se manipulen productos qu\u00edmicos que generen vapores o puedan provocar proyecciones, se evitar\u00e1 el uso de lentes de contacto.<\/p>\n<p>\u2666 No utilice el contenido de un recipiente que no est\u00e9 identificado.<\/p>\n<p>\u2666 Los envases que contengan agentes qu\u00edmicos deben adecuadamente etiquetados con la denominaci\u00f3n del compuesto y el tipo de riesgo (Ej.: corrosivo, t\u00f3xico, inflamable, oxidante, radiactivo, explosivo o nocivo).<\/p>\n<p><img loading=\"lazy\" decoding=\"async\" width=\"250\" height=\"248\" class=\"size-medium wp-image-3112 aligncenter\" src=\"https:\/\/exactas.uba.ar\/higieneyseguridad\/wp-content\/uploads\/2020\/04\/SGA--250x248.jpg\" alt=\"\" srcset=\"https:\/\/exactas.uba.ar\/higieneyseguridad\/wp-content\/uploads\/2020\/04\/SGA--250x248.jpg 250w, https:\/\/exactas.uba.ar\/higieneyseguridad\/wp-content\/uploads\/2020\/04\/SGA--150x150.jpg 150w, https:\/\/exactas.uba.ar\/higieneyseguridad\/wp-content\/uploads\/2020\/04\/SGA--120x119.jpg 120w, https:\/\/exactas.uba.ar\/higieneyseguridad\/wp-content\/uploads\/2020\/04\/SGA-.jpg 680w\" sizes=\"auto, (max-width: 250px) 100vw, 250px\" \/><\/p>\n<p>\u2666 Al almacenar sustancias qu\u00edmicas se debe considerar las incompatibilidades que dan lugar a reacciones peligrosas. Consultar con el Docente.<\/p>\n<p>\u2666 No almacenar en estantes sobre mesadas sustancias corrosivas y en caso de \u00e1cidos o \u00e1lcalis concentrados (mayor de 2 N) deben ser mantenidos en bandejas de material adecuado.<\/p>\n<p>\u2666 Las pr\u00e1cticas que produzcan gases, vapores, humos o part\u00edculas, y que puedan ser riesgosas por inhalaci\u00f3n deben llevarse a cabo bajo campana.<\/p>\n<p>\u2666 Se debe verificar la ausencia de vapores inflamables antes de encender una fuente de ignici\u00f3n.<\/p>\n<p>\u2666 No se debe trabajar con materiales inflamables o solventes sobre llamas directa o cerca\u00a0 de\u00a0 las mismas. Para calentamiento, s\u00f3lo se utilizar\u00e1n resistencias el\u00e9ctricas o planchas calefactoras blindadas. Se prestar\u00e1 especial atenci\u00f3n al punto de inflamaci\u00f3n y de autoignici\u00f3n de la sustancia.<\/p>\n<p>\u2666 Est\u00e1 prohibido descartar l\u00edquidos inflamables o t\u00f3xicos o corrosivos por los desag\u00fces de las piletas, sanitarios o recipientes comunes para residuos. Se deben seguir las pautas para la gesti\u00f3n de residuos.<\/p>\n<p>\u2666 Los cil\u00edndros de gases comprimidos y licuados deben estar en posici\u00f3n vertical sujetos con correas o cadenas a la pared en sitios de poca circulaci\u00f3n, de ser posible fuera del lugar de trabajo, protegidos de la humedad y fuentes de calor.<\/p>\n<p>\u2666 El material de vidrio roto no se depositar\u00e1 con los residuos comunes. Ser\u00e1 conveniente envolverlo en papel y ubicarlo en cajas resistentes,<\/p>\n<p>\u2666 Todo recipiente que hubiera contenido agentes qu\u00edmicos puede ser descartado junto a los residuos comunes vaciado totalmente, enjuagado apropiadamente y sin etiquetas.<\/p>\n<p>\u2666 Est\u00e1 terminantemente prohibido hacer experimentos no autorizados por el Docente. No substituya nunca, un producto qu\u00edmico por otro en una pr\u00e1ctica.<\/p>\n<h3><\/h3>\n<p><!--nextpage--><\/p>\n<h3>Laboratorio de Biol\u00f3gia<\/h3>\n<p>\u2666 Se deben utilizar respiradores N95 cuando exista riesgo de producci\u00f3n de aerosoles (mezcla de part\u00edculas en medio l\u00edquido) o polvos, durante operaciones de pesada de sustancias t\u00f3xicas o biopat\u00f3genas, apertura de recipientes con cultivos despu\u00e9s de agitaci\u00f3n,<\/p>\n<p>\u2666 Se deber\u00e1n seguir los procedimientos establecidos para la gesti\u00f3n de residuos patog\u00e9nicos, seg\u00fan el material .<\/p>\n<p>\u2666 La superficie de trabajo se deber\u00e1 descontaminar una vez terminadas las tarea o luego de cada derrame de material viable, utilizando productos probadamente efectivos contra los agentes con que se<\/p>\n<p>\u2666 El derrame muestras contaminadas, diluciones y medios sembrados o inoculados ser\u00e1 informada al docente de Se proceder\u00e1 a tratar el \u00e1rea afectada con la soluci\u00f3n desinfectante correspondiente, la cual se dejar\u00e1 actuar y se recoger\u00e1 con papel absorbente que ser\u00e1 luego descartado con los residuos patog\u00e9nicos.<\/p>\n<p>\u2666 En caso de rotura del recipiente de vidrio que contiene microorganismos, proceder de igual forma pero no tocar los residuos antes que el desinfectante haya actuado, utilice pala y cepillo, no toque los vidrios con las manos<\/p>\n<p>\u2666 Cuando proceda a la limpieza de una superficie con alcohol 70%, verifique que no haya mecheros encendidos.<\/p>\n<p>\u2666 Consulte con el Docente si el material biol\u00f3gico debe ser descontaminado previo a su descarte en recipiente de residuos patog\u00e9nicos (bolsa roja).<\/p>\n<p>\u2666 Todo estudiante inmunisuprimido debe comunicarlo para tomar las prevenciones necesarias que resguarden la salud<\/p>\n<h3><\/h3>\n<p><!--nextpage--><\/p>\n<h3>Pautas para la Gesti\u00f3n de Residuos Peligrosos y Patog\u00e9nicos<\/h3>\n<h4>Residuos Peligrosos (\u00e1cidos, \u00e1lcalis, oxidantes, corrosivos, guantes, trapos, etc.):<\/h4>\n<p>\u2666 Los residuos l\u00edquidos se deber\u00e1n acumular en Bidones provistos por el Servicio de Higiene y Seguridad. Mantenerlos tapado. No mezclar sin consultar al Docente.<\/p>\n<p>\u2666 Los residuos s\u00f3lidos se deber\u00e1n acumular en bolsas amarillas dentro de cajas provistas por el Servicio de Higiene y Seguridad. No tirar como residuos dom\u00e9sticos.<\/p>\n<h4>Residuos Patog\u00e9nicos (tips, guantes, cajas de petri, etc.):<\/h4>\n<p>\u2666 Los residuos biol\u00f3gicos (sangre, tejidos animales o humanos y todo el material que haya estado en contacto con ellos) se deber\u00e1n acumular en bolsas rojas dentro de cestos con tapa provistos por el Servicio de Higiene y Seguridad. Quedan exceptuados los elementos corto-punzantes (agujas, hojas de bistur\u00edes), que se recoger\u00e1n en contenedores especiales.<\/p>\n<p>&nbsp;<\/p>\n<p><!--nextpage--><\/p>\n<h3>Pautas de Actuaci\u00f3n en Caso de Emergencia<\/h3>\n<h4>Emergencias M\u00e9dicas<\/h4>\n<p>\u2666 Si ocurre una emergencia tal como cortes o abrasiones, quemaduras o ingesti\u00f3n accidental de alg\u00fan producto qu\u00edmico, t\u00f3xico o peligroso, se deber\u00e1 proceder en la siguiente forma:<\/p>\n<p>\u2666 A los accidentados se les proveer\u00e1 los primeros auxilios<\/p>\n<p>\u2666 Se da aviso al Departamento de Seguridad y Control (Int. 58311 Emergencias), NO traslade al accidentado hasta el Servicio M\u00e9dico, desde Seguridad y Control se dar\u00e1 aviso al Servicio M\u00e9dico o en su defecto a la ambulancia.<\/p>\n<p>\u2666 El Docente responsable del turno o una autoridad del Departamento, deber\u00e1 completar el Formulario de Incidentes y enviarlo al Servicio de Higiene y Seguridad para su conocimiento y evaluaci\u00f3n.<\/p>\n<h5>Quemaduras<\/h5>\n<p>Las peque\u00f1as quemaduras producidas por material caliente, ba\u00f1os, placas o mantas calefactoras, etc., se trataran lavando la zona afectada con agua fr\u00eda durante 10-15 minutos. Las quemaduras m\u00e1s graves requieren atenci\u00f3n m\u00e9dica inmediata. No utilices cremas o gasa furasinada en las quemaduras graves.<\/p>\n<h5>Cortes<\/h5>\n<p>Los cortes se tienen que lavar bien, con abundante agua corriente, durante 10 minutos como m\u00ednimo. Si son peque\u00f1os y dejan de sangrar en poco tiempo, l\u00e1valos con agua y jab\u00f3n y t\u00e1palos con una venda o ap\u00f3sito adecuados. Si son grandes y no paran de sangrar, requiere asistencia m\u00e9dica inmediata.<\/p>\n<h5>Derrames de productos qu\u00edmicos sobre la piel<\/h5>\n<p>Los productos qu\u00edmicos que se hayan vertido sobre la piel han de ser lavados inmediatamente con agua corriente abundante, como m\u00ednimo durante 15 minutos. Es necesario sacarle toda la ropa contaminada a\u00a0 la persona afectada lo antes posible.\u00a0 El lavado es muy importante para reducir la gravedad y la extensi\u00f3n de la herida. Requiere asistencia m\u00e9dica.<\/p>\n<h5>Actuaci\u00f3n en caso de producirse corrosiones en la piel<\/h5>\n<p>Por \u00e1cidos : Sacar o cortar lo m\u00e1s r\u00e1pidamente posible la ropa. Lavar con abundante agua la zona afectada, usar el duchador, . Esperar la asistencia m\u00e9dica.<\/p>\n<p>Por \u00e1lcalis :Lavar la zona afectada con agua corriente abundante Secar y esperar la asistencia m\u00e9dica.<\/p>\n<h5>Fuego en el cuerpo:<\/h5>\n<p>Si se te incendia la ropa, pide ayuda. No se debe correr,\u00a0 tiene que tirarse en el suelo y rodar sobre\u00a0 \u00a0si mismo para apagar las llamas. Es tu responsabilidad ayudar a alguien que se est\u00e9 quemando. C\u00fabrirlo con una manta ignifuga, cond\u00facirlo hasta la ducha de seguridad, si est\u00e1 cerca. No utilices nunca un extintor sobre una persona. Una vez apagado el fuego, mantener a la persona tendida, retirar la manta, hasta que llegue la asistencia m\u00e9dica.<\/p>\n<h5>Actuaci\u00f3n en caso de producirse corrosiones en los ojos:<\/h5>\n<p>En este caso el tiempo es esencial (menos de 10 segundos). Cuanto antes se lave el ojo, menos grave ser\u00e1 el da\u00f1o producido. Lavar los dos ojos con agua corriente abundante durante 15 minutos como m\u00ednimo en el lavaojos,o con soluci\u00f3n fisiol\u00f3gica. Es necesario mantener los ojos abiertos con la ayuda de los dedos para facilitar el lavado debajo de los p\u00e1rpados. Es necesario recibir asistencia m\u00e9dica, por peque\u00f1a que parezca la lesi\u00f3n.<\/p>\n<h5>Actuaci\u00f3n en caso de ingesti\u00f3n de productos qu\u00edmicos:<\/h5>\n<p>Antes de cualquier actuaci\u00f3n concreta pide asistencia m\u00e9dica. Si el paciente est\u00e1 inconsciente, ponerlo en posici\u00f3n inclinada, con la cabeza de lado. Si est\u00e1 consciente, mantenerlo apoyado. No dejarlo s\u00f3lo. No provocar el v\u00f3mito si el producto ingerido es corrosivo.<\/p>\n<h5>Actuaci\u00f3n en caso de inhalaci\u00f3n de productos qu\u00edmicos:<\/h5>\n<p>Identificar el vapor t\u00f3xico. Si se trata de un gas, utilizar el tipo adecuado de m\u00e1scara para gases durante el tiempo que dure el rescate del accidentado. No arriesgarse. Conducir inmediatamente la persona afectada\u00a0 a un sitio con aire fresco. Requiere asistencia m\u00e9dica lo antes posible. Ante el primer s\u00edntoma de dificultad respiratoria, iniciar la respiraci\u00f3n artificial boca a boca.<\/p>\n<h4>Incendios<\/h4>\n<h5>Fuego en el laboratorio<\/h5>\n<p>\u2022 Mantenga la calm<em>a<\/em><\/p>\n<p>\u2022 Informe al docente responsable.<\/p>\n<p>\u2022 Se dar\u00e1 aviso inmediatamente al Dpto. de Seguridad y Control (Interno 58311) informando el lugar y las caracter\u00edsticas del siniestro<\/p>\n<h5>Fuego peque\u00f1os<\/h5>\n<p>\u2022 Si el fuego es peque\u00f1o y localizado trate de apagarlo utilizando un extintor adecuado, o cubriendo el fuego con un recipiente de tama\u00f1o adecuado o una manta ignifuga, para ahogarlo.<\/p>\n<p>\u2022 Retirar los productos qu\u00edmicos inflamables que est\u00e9n cerca del fuego.<\/p>\n<p>\u2022\u00a0 No utilices nunca agua para extinguir un fuego provocado por la inflamaci\u00f3n de un solvente.<\/p>\n<h5>Fuegos grandes<\/h5>\n<p>\u2022 Si el fuego es de consideraci\u00f3n, no se arriesgue y manteniendo la calma ponga en marcha el plan de evacuaci\u00f3n. Apague los equipos el\u00e9ctricos y cierre las llaves de gas y ventanas.<\/p>\n<p>\u2022 Acate las indicaciones de los brigadistas. Evacue la zona por la ruta asignada.<\/p>\n<p>\u2022 No corra, camine r\u00e1pido, cerrando a su paso la mayor cantidad de puertas. No utilice ascensores. Descienda siempre que sea posible.<\/p>\n<p>\u2022 No lleve consigo objetos, pueden entorpecer su salida.<\/p>\n<p>\u2022 Si pudo salir por ninguna causa vuelva a entrar. Deje que los equipos especializados se encarguen.<\/p>\n<h5>Derrames mayores de productos qu\u00edmicos<\/h5>\n<p>\u2022 Avise al Departamento de Seguridad y Control (5825-8311 o Int. 58311 Emergencias)<\/p>\n<p>\u2022 Atender a cualquier persona que pueda haber sido afectada<\/p>\n<p>\u2022 Notificar a las personas que se encuentren en las \u00e1reas cercanas acerca del Buscar los elementos en el Gabinete para contener derrames.<\/p>\n<p>\u2022 Coloque la cinta de demarcaci\u00f3n para advertir la zona afectada<\/p>\n<p>\u2022 Evacuar a toda persona no esencial del \u00e1rea del derrame<\/p>\n<p>\u2022 Si el derrame es de material inflamable, apagar las fuentes de ignici\u00f3n, y las fuentes de calor.<\/p>\n<p>\u2022 Evite respirar los vapores del material derramado, si es necesario utilizar una m\u00e1scara respiratoria con filtros apropiados al tipo de derrame<\/p>\n<p>\u2022 Ventilar la zona<\/p>\n<p>\u2022 Utilizar los elementos de protecci\u00f3n personal tales como equipos de ropa resistente a \u00e1cidos, bases y solventes org\u00e1nicos y<\/p>\n<p>\u2022 Confinar o contener el derrame, evitando que se Para ello extender los cordones en el contorno del derrame.<\/p>\n<p>\u2022 Luego absorber con los pa\u00f1os sobre el derrame. ( no arrastrar)<\/p>\n<p>\u2022 Deje actuar y luego recoger con pala y colocar el residuo en la bolsa roja (patog\u00e9nicos) o amarilla (peligrosos) y ci\u00e9rrela.<\/p>\n<p>\u2022 Si el derrame es de alg\u00fan elemento muy vol\u00e1til deje dentro de la campana hasta que lo retire para su disposici\u00f3n.<\/p>\n<p>\u2022 Disponer la bolsa con los residuos (consultar al Servicio de Higiene y Seguridad, 58174)<\/p>\n<p>\u2022 Lave el \u00e1rea del derrame con agua y jab\u00f3n. Seque bien<\/p>\n<p>\u2022 Cuidadosamente retire y limpie todos los elementos que puedan haber sido salpicados por el derrame<\/p>\n<p>\u2022 Lave los guantes, la m\u00e1scara y ropa<\/p>\n<p>&nbsp;<\/p>\n<p>&nbsp;<\/p>\n<h3 style=\"padding-left: 280px;\">ANTE CUALQUIER DUDA CONSULTE CON EL DOCENTE<\/h3>\n<p><a class= \"doc\" href=\"https:\/\/exactas.uba.ar\/higieneyseguridad\/wp-content\/uploads\/2024\/08\/REGLAS-BASICAS-DE-HIGIENE-Y-SEGURIDAD-EN-LABORATORIOS-DE-QUIMICA-Y-BIOLOGIA-v05-2023.pdf\">REGLAS B\u00c1SICAS DE HIGIENE Y SEGURIDAD EN LABORATORIOS DE QU\u00cdMICA Y BIOLOG\u00cdA v05 2023<\/a><\/p>\n","protected":false},"excerpt":{"rendered":"Las pr\u00e1cticas que se realizan en los laboratorios presentan riesgos propios de cada actividad. Estas reglas b\u00e1sicas son un conjunto de normas destinadas a proteger la salud de los alumnos y a evitar accidentes y contaminaciones tanto dentro del \u00e1mbito de trabajo, como hacia el exterior. La informaci\u00f3n es un elemento clave en la seguridad,&#8230; <a class=\"view-article\" href=\"https:\/\/exactas.uba.ar\/higieneyseguridad\/seguridadlaboral\/guia-de-reglas-basicas-de-hys-en-laboratorio-de-docencia\/\">LEER +<\/a>","protected":false},"author":2,"featured_media":0,"parent":249,"menu_order":0,"comment_status":"closed","ping_status":"closed","template":"","meta":{"_acf_changed":false,"footnotes":""},"class_list":["post-3105","page","type-page","status-publish","hentry"],"acf":[],"_links":{"self":[{"href":"https:\/\/exactas.uba.ar\/higieneyseguridad\/wp-json\/wp\/v2\/pages\/3105","targetHints":{"allow":["GET"]}}],"collection":[{"href":"https:\/\/exactas.uba.ar\/higieneyseguridad\/wp-json\/wp\/v2\/pages"}],"about":[{"href":"https:\/\/exactas.uba.ar\/higieneyseguridad\/wp-json\/wp\/v2\/types\/page"}],"author":[{"embeddable":true,"href":"https:\/\/exactas.uba.ar\/higieneyseguridad\/wp-json\/wp\/v2\/users\/2"}],"replies":[{"embeddable":true,"href":"https:\/\/exactas.uba.ar\/higieneyseguridad\/wp-json\/wp\/v2\/comments?post=3105"}],"version-history":[{"count":28,"href":"https:\/\/exactas.uba.ar\/higieneyseguridad\/wp-json\/wp\/v2\/pages\/3105\/revisions"}],"predecessor-version":[{"id":7731,"href":"https:\/\/exactas.uba.ar\/higieneyseguridad\/wp-json\/wp\/v2\/pages\/3105\/revisions\/7731"}],"up":[{"embeddable":true,"href":"https:\/\/exactas.uba.ar\/higieneyseguridad\/wp-json\/wp\/v2\/pages\/249"}],"wp:attachment":[{"href":"https:\/\/exactas.uba.ar\/higieneyseguridad\/wp-json\/wp\/v2\/media?parent=3105"}],"curies":[{"name":"wp","href":"https:\/\/api.w.org\/{rel}","templated":true}]}}