{"id":3050,"date":"2020-04-22T19:45:17","date_gmt":"2020-04-22T19:45:17","guid":{"rendered":"https:\/\/exactas.uba.ar\/higieneyseguridad\/?page_id=3050"},"modified":"2020-07-01T21:20:23","modified_gmt":"2020-07-01T21:20:23","slug":"recomendaciones-para-mayores-de-60","status":"publish","type":"page","link":"https:\/\/exactas.uba.ar\/higieneyseguridad\/medicina-laboral-2\/coronavirus\/recomendaciones-para-epoca-en-covid19\/recomendaciones-para-mayores-de-60\/","title":{"rendered":"Recomendaciones para Mayores de 60"},"content":{"rendered":"<p><img loading=\"lazy\" decoding=\"async\" width=\"250\" height=\"118\" class=\"alignnone size-medium wp-image-3402\" src=\"https:\/\/exactas.uba.ar\/higieneyseguridad\/wp-content\/uploads\/2020\/07\/sars-cov-2-250x118.png\" alt=\"\" srcset=\"https:\/\/exactas.uba.ar\/higieneyseguridad\/wp-content\/uploads\/2020\/07\/sars-cov-2-250x118.png 250w, https:\/\/exactas.uba.ar\/higieneyseguridad\/wp-content\/uploads\/2020\/07\/sars-cov-2-120x57.png 120w, https:\/\/exactas.uba.ar\/higieneyseguridad\/wp-content\/uploads\/2020\/07\/sars-cov-2.png 254w\" sizes=\"auto, (max-width: 250px) 100vw, 250px\" \/>Las personas mayores de 60 a\u00f1os son particularmente vulnerables a infecciones graves o fatales derivadas del COVID-19 y por ello deben ser especialmente estrictos a la hora de cumplir con las recomendaciones de prevenci\u00f3n, incluido el aislamiento.<\/p>\n<h3>Recomendaciones:<\/h3>\n<p>Evite abrazos y besos.<\/p>\n<p>Si no vive solo en el hogar, la comunicaci\u00f3n tiene que ser oral pero no a trav\u00e9s del contacto f\u00edsico.<\/p>\n<p>Recuerde mantener el distanciamiento f\u00edsico pero la proximidad social.<\/p>\n<p>Est\u00e9 atento a su estado de salud.<\/p>\n<p>Preste atenci\u00f3n a la aparici\u00f3n de s\u00edntomas nuevos.<\/p>\n<p>S\u00edntomas respiratorios (Fiebre + tos\/dolor de garganta\/dificultad respiratoria\/p\u00e9rdida del olfato-gusto) o incluso la aparici\u00f3n abrupta de confusi\u00f3n pueden ser indicadores de una infecci\u00f3n.<\/p>\n<p>Evite visitas no esenciales al m\u00e9dico.<\/p>\n<p>Es recomendable evitar la salida del hogar para consultas de control, as\u00ed como el ingreso de los mismos a los centros de salud en situaciones no urgentes.<\/p>\n<p>Ayude a mantener los lazos sociales.<\/p>\n<p>Promueva la comunicaci\u00f3n desde el hogar, por ejemplo a trav\u00e9s del tel\u00e9fono o reuniones virtuales.<\/p>\n<p>Mantenga una comunicaci\u00f3n clara.<\/p>\n<p>Repita la informaci\u00f3n tantas veces como sea necesario.<\/p>\n<p>Las instrucciones deben comunicarse de manera clara, sencilla, respetuosa y paciente.<\/p>\n<p>Tenga paciencia.<\/p>\n<p>Muchas veces el enojo o la intolerancia es una conducta que se expresa para no mostrar sentimientos de tristeza o soledad.<\/p>\n<p>Hable despacio para dar tiempo al procesamiento de la informaci\u00f3n.<\/p>\n<p>Evitar compartir \u00f3 estar todo el tiempo pendiente de la\u00a0 informaci\u00f3n que pueda impactarles emocionalmente<\/p>\n<p>Antic\u00edpese al aislamiento.<\/p>\n<p>En caso de que\u00a0 viva solo aseg\u00farese de que alguien podr\u00e1 ayudarlo a realizar compras, proveerse de medicaciones necesarias y llevar a cabo tareas diarias.<\/p>\n<p>Evite posibles ca\u00eddas.<\/p>\n<p>Tome acciones para prevenir las ca\u00eddas, como hacer cambios en casa para disminuir los riesgos, evitar objetos que puedan provocar ca\u00eddas.<\/p>\n<p>Reorganice la casa de manera que las cosas sean m\u00e1s f\u00e1ciles de alcanzar.<\/p>\n<p>Mantenga un tel\u00e9fono inal\u00e1mbrico o un tel\u00e9fono celular a mano para cuando necesite hacer o recibir llamadas.<\/p>\n","protected":false},"excerpt":{"rendered":"Las personas mayores de 60 a\u00f1os son particularmente vulnerables a infecciones graves o fatales derivadas del COVID-19 y por ello deben ser especialmente estrictos a la hora de cumplir con las recomendaciones de prevenci\u00f3n, incluido el aislamiento. Recomendaciones: Evite abrazos y besos. Si no vive solo en el hogar, la comunicaci\u00f3n tiene que ser oral&#8230; <a class=\"view-article\" href=\"https:\/\/exactas.uba.ar\/higieneyseguridad\/medicina-laboral-2\/coronavirus\/recomendaciones-para-epoca-en-covid19\/recomendaciones-para-mayores-de-60\/\">LEER +<\/a>","protected":false},"author":2,"featured_media":0,"parent":3389,"menu_order":1,"comment_status":"closed","ping_status":"closed","template":"","meta":{"_acf_changed":false,"footnotes":""},"class_list":["post-3050","page","type-page","status-publish","hentry"],"acf":[],"_links":{"self":[{"href":"https:\/\/exactas.uba.ar\/higieneyseguridad\/wp-json\/wp\/v2\/pages\/3050","targetHints":{"allow":["GET"]}}],"collection":[{"href":"https:\/\/exactas.uba.ar\/higieneyseguridad\/wp-json\/wp\/v2\/pages"}],"about":[{"href":"https:\/\/exactas.uba.ar\/higieneyseguridad\/wp-json\/wp\/v2\/types\/page"}],"author":[{"embeddable":true,"href":"https:\/\/exactas.uba.ar\/higieneyseguridad\/wp-json\/wp\/v2\/users\/2"}],"replies":[{"embeddable":true,"href":"https:\/\/exactas.uba.ar\/higieneyseguridad\/wp-json\/wp\/v2\/comments?post=3050"}],"version-history":[{"count":3,"href":"https:\/\/exactas.uba.ar\/higieneyseguridad\/wp-json\/wp\/v2\/pages\/3050\/revisions"}],"predecessor-version":[{"id":3439,"href":"https:\/\/exactas.uba.ar\/higieneyseguridad\/wp-json\/wp\/v2\/pages\/3050\/revisions\/3439"}],"up":[{"embeddable":true,"href":"https:\/\/exactas.uba.ar\/higieneyseguridad\/wp-json\/wp\/v2\/pages\/3389"}],"wp:attachment":[{"href":"https:\/\/exactas.uba.ar\/higieneyseguridad\/wp-json\/wp\/v2\/media?parent=3050"}],"curies":[{"name":"wp","href":"https:\/\/api.w.org\/{rel}","templated":true}]}}