{"id":2938,"date":"2020-04-20T22:00:09","date_gmt":"2020-04-20T22:00:09","guid":{"rendered":"https:\/\/exactas.uba.ar\/higieneyseguridad\/?page_id=2938"},"modified":"2026-03-18T17:53:46","modified_gmt":"2026-03-18T17:53:46","slug":"plan-de-proteccion-investigacion-docencia-cuarto-de-uso-comun","status":"publish","type":"page","link":"https:\/\/exactas.uba.ar\/higieneyseguridad\/plan-de-proteccion\/plan-de-proteccion-formularios\/plan-de-proteccion-investigacion-docencia-cuarto-de-uso-comun\/","title":{"rendered":"FORMULARIOS de Plan de Protecci\u00f3n de Investigaci\u00f3n- Docencia-Cuarto de Uso Com\u00fan-Servicios"},"content":{"rendered":"<h3><strong>Datos:\u00a0<\/strong><\/h3>\n<p>Los datos que se declaran permiten identificar al responsable del Plan de Protecci\u00f3n<\/p>\n<p style=\"padding-left: 80px;\"><a href=\"http:\/\/encuestas.exactas.uba.ar\/index.php\/558732?lang=es\">FORMULARIO: DATOS DEL INVESTIGADOR RESPONSABLE<\/a><\/p>\n<h3><strong>Personal:<\/strong><\/h3>\n<p>Debe informar el personal que trabaja bajo el Plan de Protecci\u00f3n, recuerde mantener la informaci\u00f3n actualizada (<strong>Ingresar las altas y bajas<\/strong>) y el compromiso de cumplir las normas de higiene y seguridad<\/p>\n<p>Le solicitamos que si es la primera vez que ingresa al sistema, incorpore a todo el personal, para luego proceder a dar las altas y bajas, asegurando mantener la informaci\u00f3n actualizada.<\/p>\n<p style=\"padding-left: 80px;\"><a href=\"http:\/\/encuestas.exactas.uba.ar\/index.php\/684738?lang=es&quot;\">FORMULARIO: ALTAS DE PERSONAL DEL GRUPO DE INVESTIGACI\u00d3N<\/a><\/p>\n<p>\u00a0 \u00a0 \u00a0 \u00a0 \u00a0 \u00a0 \u00a0 \u00a0 \u00a0 \u00a0 \u00a0<a href=\"https:\/\/encuestas.exactas.uba.ar\/index.php\/217384?lang=es\">FORMULARIO DE\u00a0 BAJAS DE PERSONAL\u00a0<\/a><\/p>\n<p>&nbsp;<\/p>\n<h3><strong>Si realiza viajes fuera de la FCEyN<\/strong><\/h3>\n<p>Todos los que realizan viajes fuera de la FCEyN<\/p>\n<p style=\"padding-left: 80px;\"><a href=\"http:\/\/encuestas.exactas.uba.ar\/index.php\/792348?lang=es\">FORMULARIO: VIAJES FUERA DE LA FCEyN\u00a0<\/a><\/p>\n<h3><strong>Si trabaja con Animales invertebrados y\/\u00f3 vertebrados\u00a0<\/strong><\/h3>\n<p>Todos aquellos que trabajan con animales deben completar la informaci\u00f3n que releva los riesgos del trabajo<\/p>\n<p style=\"padding-left: 80px;\"><a href=\"http:\/\/encuestas.exactas.uba.ar\/index.php\/899999?lang=es\">FORMULARIO: TRABAJO SEGURO CON ANIMALES INVERTEBRADOS Y\/\u00d3 VERTEBRADOS<\/a><\/p>\n<h3><strong>Riesgos F\u00edsicos<\/strong><\/h3>\n<p>Informaci\u00f3n b\u00e1sica sobre el revelamiento de los riesgos f\u00edsicos que involucra la actividad que se realiza<\/p>\n<p style=\"padding-left: 80px;\"><a href=\"http:\/\/encuestas.exactas.uba.ar\/index.php\/856679?lang=es\">FORMULARIO: RELEVAMIENTO DE RIESGOS F\u00cdSICOS<\/a><\/p>\n<h3><strong>Infraestructura\u00a0<\/strong><\/h3>\n<p>Informaci\u00f3n sobre la infraestructura donde se desarrollan las distintas actividades en:<\/p>\n<p style=\"padding-left: 80px;\"><a href=\"https:\/\/encuestas.exactas.uba.ar\/index.php\/351662?lang=es\">FORMULARIO: INFRAESTRUTURA DE SEGURIDAD<\/a><\/p>\n<h3><strong>Elementos de Protecci\u00f3n Personal<\/strong><\/h3>\n<p>Informaci\u00f3n sobre el uso de Elementos de Protecci\u00f3n Personal<\/p>\n<p style=\"padding-left: 80px;\"><a href=\"http:\/\/encuestas.exactas.uba.ar\/index.php\/535984?lang=es\">FORMULARIO: ELEMENTOS DE PROTECCI\u00d3N PERSONAL<\/a><\/p>\n<p>Elementos de Protecci\u00f3n Personal &#8211; Registro<\/p>\n<p style=\"padding-left: 80px;\"><a href=\"https:\/\/exactas.uba.ar\/higieneyseguridad\/wp-content\/uploads\/2020\/08\/REGISTRO-DE-ELEMENTOS-DE-PROTECCI\u00d3N-RESOLUCI\u00d3N-SRT-299-2011.zip\">REGISTRO DE ELEMENTOS DE PROTECCI\u00d3N &#8211; RESOLUCI\u00d3N SRT 299\/2011<\/a><\/p>\n<h3><strong>Seguridad Biol\u00f3gica<\/strong><\/h3>\n<p>Para todos los que trabajan con material biol\u00f3gico, deben completar la informaci\u00f3n en :<\/p>\n<p style=\"padding-left: 40px;\">a) Condiciones de Seguridad Biol\u00f3gica<\/p>\n<p style=\"padding-left: 80px;\"><a href=\"http:\/\/encuestas.exactas.uba.ar\/index.php\/661553?lang=es\">FORMULARIO: CONDICIONES DE SEGURIDAD BIOL\u00d3GICA<\/a><\/p>\n<p style=\"padding-left: 40px;\">b) Declaraci\u00f3n de Material Biol\u00f3gico<\/p>\n<p style=\"padding-left: 80px;\"><a href=\"http:\/\/encuestas.exactas.uba.ar\/index.php\/789765?lang=es\">FORMULARIO: DECLARACI\u00d3N DE MATERIAL BIOL\u00d3GICO<\/a><\/p>\n<p style=\"padding-left: 40px;\">c) Declaraci\u00f3n de Trabajo con ADN<\/p>\n<p style=\"padding-left: 80px;\"><a href=\"https:\/\/encuestas.exactas.uba.ar\/index.php\/145875?lang=es\">FORMULARIO: DECLARACI\u00d3N DE TRABAJO CON ADN<\/a><\/p>\n<h3><strong>Seguridad Qu\u00edmica <\/strong><\/h3>\n<p>Para todos los que trabajan con sustancias qu\u00edmicas debe completar la informaci\u00f3n en:<\/p>\n<p style=\"padding-left: 40px;\">a) Seguridad Qu\u00edmica<\/p>\n<p style=\"padding-left: 80px;\"><a href=\"http:\/\/encuestas.exactas.uba.ar\/index.php\/299856?lang=es\">FORMULARIO: CONDICIONES DE SEGURIDAD QU\u00cdMICA<\/a><\/p>\n<p style=\"padding-left: 40px;\">b) Inventario de Sustancias Qu\u00edmicas<\/p>\n<p style=\"padding-left: 40px;\">\u00a0 \u00a0 \u00a0 \u00a0 <a href=\"https:\/\/exactas.uba.ar\/higieneyseguridad\/wp-content\/uploads\/2021\/05\/FORMULARIO-REGISTRO-DE-SUSTANCIAS-QUIMICAS.zip\">FORMULARIO REGISTRO DE SUSTANCIAS QU\u00cdMICAS<\/a><\/p>\n<p style=\"padding-left: 80px;\">Es importante que indique aquellos reactivos que puede compartir con otros grupos de investigaci\u00f3n<\/p>\n<h3><strong>Seguridad con radiaciones\u00a0<\/strong><\/h3>\n<p>Todos aquellos que trabajan con radiaciones deben completar la informaci\u00f3n en los:<\/p>\n<h4 style=\"padding-left: 40px;\">a)Trabaja con Radionucleidos<\/h4>\n<p style=\"padding-left: 40px;\">a.1.) Seguridad con Radionucleidos<\/p>\n<p style=\"padding-left: 80px;\"><a href=\"http:\/\/encuestas.exactas.uba.ar\/index.php\/716284?lang=es\">FORMULARIO: SEGURIDAD CON RADIONUCLEIDOS<\/a><\/p>\n<h4 style=\"padding-left: 40px;\">b) Si Trabaja con L\u00e1ser<\/h4>\n<p style=\"padding-left: 40px;\">b.1.) Seguridad del Trabajo con L\u00e1seres<\/p>\n<p style=\"padding-left: 80px;\"><a href=\"http:\/\/encuestas.exactas.uba.ar\/index.php\/887778?lang=es\">FORMULARIO: SEGURIDAD DE\u00a0 TRABAJO CON L\u00c1SERES<\/a><\/p>\n<p style=\"padding-left: 40px;\">b.2) Registro de L\u00e1seres<\/p>\n<p style=\"padding-left: 80px;\"><a href=\"https:\/\/encuestas.exactas.uba.ar\/index.php\/648924?lang=es\">FORMULARIO: REGISTRO DE L\u00c1SERES<\/a><\/p>\n<p style=\"padding-left: 40px;\">b.3) Registro de los usuarios de los L\u00e1seres<\/p>\n<p style=\"padding-left: 80px;\"><a href=\"http:\/\/encuestas.exactas.uba.ar\/index.php\/469741?lang=es\">FORMULARIO: REGISTRO DE USUARIOS\u00a0<\/a><\/p>\n<p style=\"padding-left: 40px;\">Los usuarios de cada equipo debe registrase, para el caso de los investigadores, el responsable de cada equipo debe dar las altas y bajas de usuarios. Para los casos de docencia solo se debe ingresar las altas de los alumnos. La clave de imgreso se debe solicitar al SHyS<\/p>\n<h4 style=\"padding-left: 40px;\">c) Seguridad en el Trabajo de Rayos X<\/h4>\n<p style=\"padding-left: 80px;\"><a href=\"http:\/\/encuestas.exactas.uba.ar\/index.php\/414537?lang=es\">FORMULARIO: SEGURIDAD DE TRABAJO CON RAYOS X\u00a0<\/a><\/p>\n<h3><strong>Seguridad con Nanopart\u00edculas<\/strong><\/h3>\n<p>Todos aquellos que trabajan con nanoparticulas\u00a0 deben completar la informaci\u00f3n en el :<\/p>\n<p style=\"padding-left: 80px;\"><a href=\"http:\/\/encuestas.exactas.uba.ar\/index.php\/793151?lang=es\">FORMULARIO: SEGURIDAD DE TRABAJO CON NANOPART\u00cdCULAS\u00a0<\/a><\/p>\n","protected":false},"excerpt":{"rendered":"Datos:\u00a0 Los datos que se declaran permiten identificar al responsable del Plan de Protecci\u00f3n FORMULARIO: DATOS DEL INVESTIGADOR RESPONSABLE Personal: Debe informar el personal que trabaja bajo el Plan de Protecci\u00f3n, recuerde mantener la informaci\u00f3n actualizada (Ingresar las altas y bajas) y el compromiso de cumplir las normas de higiene y seguridad Le solicitamos que&#8230; <a class=\"view-article\" href=\"https:\/\/exactas.uba.ar\/higieneyseguridad\/plan-de-proteccion\/plan-de-proteccion-formularios\/plan-de-proteccion-investigacion-docencia-cuarto-de-uso-comun\/\">LEER +<\/a>","protected":false},"author":2,"featured_media":0,"parent":3524,"menu_order":1,"comment_status":"closed","ping_status":"closed","template":"","meta":{"_acf_changed":false,"footnotes":""},"class_list":["post-2938","page","type-page","status-publish","hentry"],"acf":[],"_links":{"self":[{"href":"https:\/\/exactas.uba.ar\/higieneyseguridad\/wp-json\/wp\/v2\/pages\/2938","targetHints":{"allow":["GET"]}}],"collection":[{"href":"https:\/\/exactas.uba.ar\/higieneyseguridad\/wp-json\/wp\/v2\/pages"}],"about":[{"href":"https:\/\/exactas.uba.ar\/higieneyseguridad\/wp-json\/wp\/v2\/types\/page"}],"author":[{"embeddable":true,"href":"https:\/\/exactas.uba.ar\/higieneyseguridad\/wp-json\/wp\/v2\/users\/2"}],"replies":[{"embeddable":true,"href":"https:\/\/exactas.uba.ar\/higieneyseguridad\/wp-json\/wp\/v2\/comments?post=2938"}],"version-history":[{"count":50,"href":"https:\/\/exactas.uba.ar\/higieneyseguridad\/wp-json\/wp\/v2\/pages\/2938\/revisions"}],"predecessor-version":[{"id":8879,"href":"https:\/\/exactas.uba.ar\/higieneyseguridad\/wp-json\/wp\/v2\/pages\/2938\/revisions\/8879"}],"up":[{"embeddable":true,"href":"https:\/\/exactas.uba.ar\/higieneyseguridad\/wp-json\/wp\/v2\/pages\/3524"}],"wp:attachment":[{"href":"https:\/\/exactas.uba.ar\/higieneyseguridad\/wp-json\/wp\/v2\/media?parent=2938"}],"curies":[{"name":"wp","href":"https:\/\/api.w.org\/{rel}","templated":true}]}}