{"id":2600,"date":"2020-02-05T12:56:34","date_gmt":"2020-02-05T12:56:34","guid":{"rendered":"https:\/\/exactas.uba.ar\/higieneyseguridad\/?page_id=2600"},"modified":"2025-08-22T19:49:29","modified_gmt":"2025-08-22T19:49:29","slug":"planos","status":"publish","type":"page","link":"https:\/\/exactas.uba.ar\/higieneyseguridad\/plan-de-proteccion\/planos\/","title":{"rendered":"Planos de FCEN"},"content":{"rendered":"<h2>Plano General<\/h2>\n<p style=\"padding-left: 40px;\"><a class=\"boton doc\" href=\"https:\/\/exactas.uba.ar\/higieneyseguridad\/wp-content\/uploads\/2020\/02\/Ciudad-Universitaria-HyS-1.pdf\">Ciudad Universitaria<\/a><\/p>\n<h2>Planos Bioterio<\/h2>\n<p style=\"padding-left: 40px;\"><a class=\"boton doc\" href=\"https:\/\/exactas.uba.ar\/higieneyseguridad\/wp-content\/uploads\/2025\/08\/BIO-PB-CONS.pdf\">\u2666 Bioterio-Planta Baja<\/a><\/p>\n<p style=\"padding-left: 40px;\"><a class=\"boton doc\" href=\"https:\/\/exactas.uba.ar\/higieneyseguridad\/wp-content\/uploads\/2025\/08\/BIO-AZ-CONS.pdf\">\u2666 Bioterio Azotea<\/a><\/p>\n<h2>Planos Industrias<\/h2>\n<p style=\"padding-left: 40px;\"><a class=\"boton doc\" href=\"https:\/\/exactas.uba.ar\/higieneyseguridad\/wp-content\/uploads\/2025\/08\/IND-AZ-CONS-1.pdf\">\u2666 Pabell\u00f3n Industrias . Azotea<\/a><\/p>\n<p style=\"padding-left: 40px;\"><a class=\"boton doc\" href=\"https:\/\/exactas.uba.ar\/higieneyseguridad\/wp-content\/uploads\/2025\/08\/IND-1P-CONS-PRELIMINAR.pdf\">\u2666 Pabell\u00f3n Industrias. Primer Piso<\/a><\/p>\n<p style=\"padding-left: 40px;\"><a class=\"boton doc\" href=\"https:\/\/exactas.uba.ar\/higieneyseguridad\/wp-content\/uploads\/2025\/08\/IND-PB-CONS-PRELIMINAR.pdf\">\u2666 Pabell\u00f3n Industrias . Planta Baja<\/a><\/p>\n<p style=\"padding-left: 40px;\"><a class=\"boton doc\" href=\"https:\/\/exactas.uba.ar\/higieneyseguridad\/wp-content\/uploads\/2020\/02\/IND_SS_HyS-A4.pdf\">Pabell\u00f3n Industrias &#8211; Subsuelo <\/a><\/p>\n<h2>Planos Pabell\u00f3n I<\/h2>\n<p style=\"padding-left: 40px;\"><a class=\"boton doc\" href=\"https:\/\/exactas.uba.ar\/higieneyseguridad\/wp-content\/uploads\/2020\/02\/PI_AZ_HYS-A4.pdf\">\u2666 Pabell\u00f3n I &#8211; Azotea<\/a><\/p>\n<p style=\"padding-left: 40px;\"><a class=\"boton doc\" href=\"https:\/\/exactas.uba.ar\/higieneyseguridad\/wp-content\/uploads\/2025\/08\/P01-2P-CONS-PRELIMINAR.pdf\">\u2666 Pabell\u00f3n 1 . Segundo\u00a0 Piso<\/a><\/p>\n<p style=\"padding-left: 40px;\"><a class=\"boton doc\" href=\"https:\/\/exactas.uba.ar\/higieneyseguridad\/wp-content\/uploads\/2025\/08\/P01-1P-CONS-PRELIMINAR.pdf\">\u2666 Pabell\u00f3n 1. Primer\u00a0 Piso<\/a><\/p>\n<p style=\"padding-left: 40px;\"><a class=\"boton doc\" href=\"https:\/\/exactas.uba.ar\/higieneyseguridad\/wp-content\/uploads\/2025\/08\/P01-EP-CONS-PRELIMINAR.pdf\">\u2666 Pabell\u00f3n 1. Entre Piso<\/a><\/p>\n<p style=\"padding-left: 40px;\"><a class=\"boton doc\" href=\"https:\/\/exactas.uba.ar\/higieneyseguridad\/wp-content\/uploads\/2025\/08\/P01-PB-CONS-PRELIMINAR.pdf\">\u2666 Pabell\u00f3n 1 . Planta Baja<\/a><\/p>\n<p style=\"padding-left: 40px;\"><a class=\"boton doc\" href=\"https:\/\/exactas.uba.ar\/higieneyseguridad\/wp-content\/uploads\/2025\/08\/P01-1S-CONS-1.pdf\">\u2666 Pabell\u00f3n 1 . Subsuelo<\/a><\/p>\n<h2>Planos Pabell\u00f3n II<\/h2>\n<p style=\"padding-left: 40px;\"><a class=\"boton doc\" href=\"https:\/\/exactas.uba.ar\/higieneyseguridad\/wp-content\/uploads\/2025\/08\/P02-AZ-CONS.pdf\">\u2666 Pabell\u00f3n 2. Azotea<\/a><\/p>\n<p style=\"padding-left: 40px;\"><a class=\"boton doc\" href=\"https:\/\/exactas.uba.ar\/higieneyseguridad\/wp-content\/uploads\/2025\/08\/P02-4P-CONS.pdf\">\u2666 Pabell\u00f3n 2 . Cuarto\u00a0 Piso<\/a><\/p>\n<p style=\"padding-left: 40px;\"><a class=\"boton doc\" href=\"https:\/\/exactas.uba.ar\/higieneyseguridad\/wp-content\/uploads\/2025\/08\/P02-3P-CONS.pdf\">\u2666 Pabell\u00f3n 2 . Tercer\u00a0 Piso<\/a><\/p>\n<p style=\"padding-left: 40px;\"><a class=\"boton doc\" href=\"https:\/\/exactas.uba.ar\/higieneyseguridad\/wp-content\/uploads\/2025\/08\/P02-2P-CONS-PRELIMINAR-24-06.pdf\">\u2666 Pabell\u00f3n 2. Segundo\u00a0 Piso<\/a><\/p>\n<p style=\"padding-left: 40px;\"><a class=\"boton doc\" href=\"https:\/\/exactas.uba.ar\/higieneyseguridad\/wp-content\/uploads\/2025\/08\/P02-EP-CONS.pdf\">\u2666 Pabell\u00f3n 2 . Entre Piso<\/a><\/p>\n<p style=\"padding-left: 40px;\"><a class=\"boton doc\" href=\"https:\/\/exactas.uba.ar\/higieneyseguridad\/wp-content\/uploads\/2025\/08\/P02-1P-CONS-2025-04-11.pdf\">\u2666 Pabell\u00f3n 2 . Primer\u00a0 Piso<\/a><\/p>\n<p style=\"padding-left: 40px;\"><a class=\"boton doc\" href=\"https:\/\/exactas.uba.ar\/higieneyseguridad\/wp-content\/uploads\/2025\/08\/P02-PB-CONS.pdf\">\u2666 Pabell\u00f3n 2 . Planta Baja<\/a><\/p>\n<p style=\"padding-left: 40px;\"><a class=\"boton doc\" href=\"https:\/\/exactas.uba.ar\/higieneyseguridad\/wp-content\/uploads\/2025\/08\/P02-ES-CONS-PRELIMINAR.pdf\">\u2666 Pabell\u00f3n 2 . Entre Suelo<\/a><\/p>\n<p style=\"padding-left: 40px;\"><a class=\"boton doc\" href=\"https:\/\/exactas.uba.ar\/higieneyseguridad\/wp-content\/uploads\/2025\/08\/P02-1S-CONS-PRELIMINAR.pdf\">\u2666 Pabell\u00f3n 2 . Sub Suelo<\/a><\/p>\n<h2>Planos Pabell\u00f3n Cero mas Infinito (PCI)<\/h2>\n<p style=\"padding-left: 40px;\"><a class=\"boton doc\" href=\"https:\/\/exactas.uba.ar\/higieneyseguridad\/wp-content\/uploads\/2025\/08\/PCI-1P-CONS-PRELIMINAR.pdf\">\u2666 Pabell\u00f3n PCI. Primer Piso<\/a><\/p>\n<p style=\"padding-left: 40px;\"><a class=\"boton doc\" href=\"https:\/\/exactas.uba.ar\/higieneyseguridad\/wp-content\/uploads\/2025\/08\/PCI-PB-CONS.pdf\">\u2666 Pabell\u00f3n PCI . Planta Bajo<\/a><\/p>\n<p style=\"padding-left: 40px;\"><a class=\"boton doc\" href=\"https:\/\/exactas.uba.ar\/higieneyseguridad\/wp-content\/uploads\/2025\/08\/PCI-1SNU-CONS.pdf\">\u2666 Pabell\u00f3n PCI Sub Suelo<\/a><\/p>\n<p>&nbsp;<\/p>\n","protected":false},"excerpt":{"rendered":"Plano General Ciudad Universitaria Planos Bioterio \u2666 Bioterio-Planta Baja \u2666 Bioterio Azotea Planos Industrias \u2666 Pabell\u00f3n Industrias . Azotea \u2666 Pabell\u00f3n Industrias. Primer Piso \u2666 Pabell\u00f3n Industrias . Planta Baja Pabell\u00f3n Industrias &#8211; Subsuelo Planos Pabell\u00f3n I \u2666 Pabell\u00f3n I &#8211; Azotea \u2666 Pabell\u00f3n 1 . Segundo\u00a0 Piso \u2666 Pabell\u00f3n 1. Primer\u00a0 Piso \u2666 Pabell\u00f3n&#8230; <a class=\"view-article\" href=\"https:\/\/exactas.uba.ar\/higieneyseguridad\/plan-de-proteccion\/planos\/\">LEER +<\/a>","protected":false},"author":2,"featured_media":0,"parent":2552,"menu_order":5,"comment_status":"closed","ping_status":"closed","template":"","meta":{"_acf_changed":false,"footnotes":""},"class_list":["post-2600","page","type-page","status-publish","hentry"],"acf":[],"_links":{"self":[{"href":"https:\/\/exactas.uba.ar\/higieneyseguridad\/wp-json\/wp\/v2\/pages\/2600","targetHints":{"allow":["GET"]}}],"collection":[{"href":"https:\/\/exactas.uba.ar\/higieneyseguridad\/wp-json\/wp\/v2\/pages"}],"about":[{"href":"https:\/\/exactas.uba.ar\/higieneyseguridad\/wp-json\/wp\/v2\/types\/page"}],"author":[{"embeddable":true,"href":"https:\/\/exactas.uba.ar\/higieneyseguridad\/wp-json\/wp\/v2\/users\/2"}],"replies":[{"embeddable":true,"href":"https:\/\/exactas.uba.ar\/higieneyseguridad\/wp-json\/wp\/v2\/comments?post=2600"}],"version-history":[{"count":31,"href":"https:\/\/exactas.uba.ar\/higieneyseguridad\/wp-json\/wp\/v2\/pages\/2600\/revisions"}],"predecessor-version":[{"id":8516,"href":"https:\/\/exactas.uba.ar\/higieneyseguridad\/wp-json\/wp\/v2\/pages\/2600\/revisions\/8516"}],"up":[{"embeddable":true,"href":"https:\/\/exactas.uba.ar\/higieneyseguridad\/wp-json\/wp\/v2\/pages\/2552"}],"wp:attachment":[{"href":"https:\/\/exactas.uba.ar\/higieneyseguridad\/wp-json\/wp\/v2\/media?parent=2600"}],"curies":[{"name":"wp","href":"https:\/\/api.w.org\/{rel}","templated":true}]}}