{"id":2595,"date":"2020-02-03T22:29:25","date_gmt":"2020-02-03T22:29:25","guid":{"rendered":"https:\/\/exactas.uba.ar\/higieneyseguridad\/?page_id=2595"},"modified":"2026-02-10T19:24:12","modified_gmt":"2026-02-10T19:24:12","slug":"encuesta-de-exposicion","status":"publish","type":"page","link":"https:\/\/exactas.uba.ar\/higieneyseguridad\/medicina-laboral-2\/encuesta-de-exposicion\/","title":{"rendered":"Encuesta de Exposici\u00f3n"},"content":{"rendered":"<h3><strong>Encuesta del Personal que Trabaja con Agentes de Riesgo \u2013 A\u00f1o 2025<\/strong><\/h3>\n<div>\n<p>Declaraci\u00f3n Jurada de cumplimiento obligatorio seg\u00fan lo establecido por las Resoluciones SRT 13\/18, SRT 37\/10 y SRT 81\/2019.<\/p>\n<p>Esta encuesta estar\u00e1 disponible hasta el <strong>31\/12\/2025<\/strong> y deber\u00e1 ser completada por <strong>toda persona que trabaje en laboratorios de docencia o investigaci\u00f3n, o que realice tareas de mantenimiento o servicios generales en la FCEN<\/strong>, siempre que manipule alguno de los agentes detallados en el formulario.<\/p>\n<h4><strong>Importante:<\/strong><\/h4>\n<ul>\n<li>Si al completar la encuesta no declara exposici\u00f3n a agentes de riesgo, se informar\u00e1 a la ART-SRT que su exposici\u00f3n ha cesado, incluso si en a\u00f1os anteriores hab\u00eda sido reportada.<\/li>\n<li>El <strong>Servicio de Higiene y Seguridad (SHyS)<\/strong> evaluar\u00e1 la informaci\u00f3n declarada junto con los planes de protecci\u00f3n de investigadores y docentes para determinar la condici\u00f3n de exposici\u00f3n.<\/li>\n<li>Antes de enviar el formulario, verifique que los datos sean correctos y completos.<\/li>\n<li>Conserve el correo de confirmaci\u00f3n que recibir\u00e1 al enviar sus respuestas como constancia de cumplimiento.<\/li>\n<\/ul>\n<h4><strong>Responsabilidad:<\/strong><\/h4>\n<p>Solicitamos a los investigadores responsables supervisar la informaci\u00f3n enviada por su grupo de trabajo, ya que son responsables de la veracidad de los datos declarados.<\/p>\n<p>Para comenzar, complete la siguiente encuesta, que le indicar\u00e1 qu\u00e9 formularios adicionales deber\u00e1 presentar:<\/p>\n<p style=\"text-align: center;\"><strong>El per\u00edodo para completar la encuesta 2025 ha finalizado.<\/strong><\/p>\n<\/div>\n<p>Completado este formulario le indicara segun los agentes, sustancias elementos que trabaja que formularios que estan en la <a href=\"https:\/\/exactas.uba.ar\/higieneyseguridad\/medicina-laboral-2\/encuesta-de-exposicion\/2\/\">siguiente p\u00e1gina debe completar<\/a><\/p>\n<p>&nbsp;<\/p>\n<p>Si usted no cuenta con Password\u00a0 para ingresar solicite\u00a0 \u00a0<a class=\"boton\" href=\"http:\/\/encuestas.exactas.uba.ar\/index.php\/938196?lang=es\">\u00a0 AQUI\u00a0 \u00a0<\/a><\/p>\n<p><!--nextpage--><\/p>\n<p style=\"padding-left: 40px; text-align: center;\"><strong>El per\u00edodo para completar la encuesta 2025 ha finalizado.<\/strong><\/p>\n<p>Ante cualquier inconveniente no dude en comunicarse con el SHyS\u00a0 por mail hys@de.fcen.uba.ar\u00a0 \u00f3 al tel\u00e9fono 58174\/58173<\/p>\n<p>&nbsp;<\/p>\n<p>&nbsp;<\/p>\n","protected":false},"excerpt":{"rendered":"Encuesta del Personal que Trabaja con Agentes de Riesgo \u2013 A\u00f1o 2025 Declaraci\u00f3n Jurada de cumplimiento obligatorio seg\u00fan lo establecido por las Resoluciones SRT 13\/18, SRT 37\/10 y SRT 81\/2019. Esta encuesta estar\u00e1 disponible hasta el 31\/12\/2025 y deber\u00e1 ser completada por toda persona que trabaje en laboratorios de docencia o investigaci\u00f3n, o que realice&#8230; <a class=\"view-article\" href=\"https:\/\/exactas.uba.ar\/higieneyseguridad\/medicina-laboral-2\/encuesta-de-exposicion\/\">LEER +<\/a>","protected":false},"author":2,"featured_media":0,"parent":2591,"menu_order":3,"comment_status":"closed","ping_status":"closed","template":"","meta":{"_acf_changed":false,"footnotes":""},"class_list":["post-2595","page","type-page","status-publish","hentry"],"acf":[],"_links":{"self":[{"href":"https:\/\/exactas.uba.ar\/higieneyseguridad\/wp-json\/wp\/v2\/pages\/2595","targetHints":{"allow":["GET"]}}],"collection":[{"href":"https:\/\/exactas.uba.ar\/higieneyseguridad\/wp-json\/wp\/v2\/pages"}],"about":[{"href":"https:\/\/exactas.uba.ar\/higieneyseguridad\/wp-json\/wp\/v2\/types\/page"}],"author":[{"embeddable":true,"href":"https:\/\/exactas.uba.ar\/higieneyseguridad\/wp-json\/wp\/v2\/users\/2"}],"replies":[{"embeddable":true,"href":"https:\/\/exactas.uba.ar\/higieneyseguridad\/wp-json\/wp\/v2\/comments?post=2595"}],"version-history":[{"count":31,"href":"https:\/\/exactas.uba.ar\/higieneyseguridad\/wp-json\/wp\/v2\/pages\/2595\/revisions"}],"predecessor-version":[{"id":8808,"href":"https:\/\/exactas.uba.ar\/higieneyseguridad\/wp-json\/wp\/v2\/pages\/2595\/revisions\/8808"}],"up":[{"embeddable":true,"href":"https:\/\/exactas.uba.ar\/higieneyseguridad\/wp-json\/wp\/v2\/pages\/2591"}],"wp:attachment":[{"href":"https:\/\/exactas.uba.ar\/higieneyseguridad\/wp-json\/wp\/v2\/media?parent=2595"}],"curies":[{"name":"wp","href":"https:\/\/api.w.org\/{rel}","templated":true}]}}