{"id":2557,"date":"2020-02-01T18:50:50","date_gmt":"2020-02-01T18:50:50","guid":{"rendered":"https:\/\/exactas.uba.ar\/higieneyseguridad\/?page_id=2557"},"modified":"2020-10-09T22:19:13","modified_gmt":"2020-10-09T22:19:13","slug":"descripcion-del-plan-de-proteccion","status":"publish","type":"page","link":"https:\/\/exactas.uba.ar\/higieneyseguridad\/plan-de-proteccion\/descripcion-del-plan-de-proteccion\/","title":{"rendered":"Descripci\u00f3n del Plan de Protecci\u00f3n"},"content":{"rendered":"<h2>Introducci\u00f3n<\/h2>\n<p style=\"text-align: justify;\">El <strong><em>Plan de Protecci\u00f3n<\/em><\/strong> <strong>(PP)<\/strong> es un documento por el cual el Investigador Responsable declara las actividades que realiza en el laboratorio, enumera los riesgos a los que est\u00e1n expuestos el personal que tiene a cargo y determina las medidas preventivas para minimizar los riesgos. El personal corrobora la informaci\u00f3n volcada en el Plan de Protecci\u00f3n y la refrendan<\/p>\n<p>El <strong>PP<\/strong> est\u00e1 compuesto por \u00e1reas tem\u00e1ticas principales como ser:<\/p>\n<ul>\n<li>Seguridad en el Laboratorio<\/li>\n<li>Comunicaci\u00f3n de Riesgos<\/li>\n<li>Seguridad en Radiaci\u00f3n y L\u00e1seres<\/li>\n<li>Inventario Qu\u00edmico<\/li>\n<li>Disposici\u00f3n de Residuos Peligrosos<\/li>\n<li>Pat\u00f3genos en Sangre<\/li>\n<li>Recombinaci\u00f3n de ADN<\/li>\n<li>Nanomateriales<\/li>\n<li>Requisitos para Solicitar Subsidios<\/li>\n<li>Respuesta ante Emergencias y Reporte de Incidentes<\/li>\n<li>Declaraci\u00f3n de Agentes Biol\u00f3gicos<\/li>\n<\/ul>\n<p style=\"text-align: justify;\">El\u00a0 SHyS ha elaborado distintos documentos que sirven como base para la protecci\u00f3n en el laboratorio, tambi\u00e9n pone a disposici\u00f3n los documentos de seguridad, denominados: Seguridad Qu\u00edmica y Biol\u00f3gica en Laboratorio, Programa de Pat\u00f3genos Presentes en Sangre, Programa de Seguridad en Recombinaci\u00f3n de ADN, Programa de Protecci\u00f3n Radiol\u00f3gica, Manual de Seguridad de L\u00e1seres, etc.<\/p>\n<p><strong><em>El Plan de Protecci\u00f3n confirma que los trabajadores del laboratorio est\u00e1n dispuestos a cumplir con las normas de seguridad de la Facultad y tienen la responsabilidad de prevenir apartamientos de comportamientos seguros.<\/em><\/strong><\/p>\n<h2>Responsabilidades<\/h2>\n<p style=\"text-align: justify;\">Es importante que tanto el Investigador Responsable (IR) del Laboratorio como el Personal entiendan que el Plan de Protecci\u00f3n tiene las caracter\u00edsticas de un compromiso y es parte de las condiciones bajo las cuales la Facultad le otorga el uso de un laboratorio.<\/p>\n<p style=\"text-align: justify;\">Al firmarlo y enviarlo al SHyS de la FCEN, el IR acepta seguir pr\u00e1cticas y procedimientos que protegen su seguridad y la de los trabajadores del laboratorio. Tambi\u00e9n, ha aceptado que est\u00e1 calificado o entrenado para reconocer los peligros presentes en su lugar de trabajo, evaluar los riesgos y adherir a las reglas que puedan limitar o contener su potencial exposici\u00f3n.<\/p>\n<p style=\"text-align: justify;\">Los Departamentos ser\u00e1n responsables de controlar la correcta disposici\u00f3n de los materiales peligrosos y de cualquier da\u00f1o causado por fallas en el cumplimiento de pol\u00edticas de seguridad. <strong><em>Los incumplimientos a las pol\u00edticas de seguridad de la Facultad pueden resultar en el cierre temporario o permanente del laboratorio que las produzcan.<\/em><\/strong><\/p>\n<p style=\"text-align: justify;\">Las \u00e1reas comunes de los Departamentos, Institutos (Ej.: cuartos de cultivo, cuartos de radioactivos, cuartos de equipos, cuartos de autoclaves, salas de colecciones, laboratorios de Trabajos Pr\u00e1cticos, etc.) est\u00e1n bajo la responsabilidad de los Directores. \u00c9stos pueden delegar la tarea (<strong><em>no la responsabilidad<\/em><\/strong>) en forma expresa en otras personas.<\/p>\n<p><!--nextpage--><\/p>\n<h2>\u00c1reas Tem\u00e1ticas<\/h2>\n<h3>Seguridad en el Laboratorio<\/h3>\n<p style=\"text-align: justify;\">El Programa de Seguridad en el Laboratorio incluye la supervisi\u00f3n de los laboratorios, entrenamiento, asesoramiento en la selecci\u00f3n y uso de ropa y equipos de protecci\u00f3n personal, evaluaci\u00f3n de los equipos de seguridad y de los controles t\u00e9cnico-mec\u00e1nicos, estimaci\u00f3n de riesgos, monitoreo del aire, otras investigaciones de higiene, la respuesta ante emergencias y la disposici\u00f3n de residuos peligrosos.<\/p>\n<p>Adem\u00e1s de estas funciones relacionadas con la salud y seguridad, el SHyS:<\/p>\n<ul>\n<li>Es el ente responsable en temas de Higiene y Seguridad seg\u00fan lo establecido por la legislaci\u00f3n vigente.<\/li>\n<li>Provee la documentaci\u00f3n sobre pol\u00edticas generales, procedimientos y entrenamiento a cada investigador.<\/li>\n<li>Coordina las actividades del Subcomit\u00e9 de seguridad biol\u00f3gica, que conforma el Comit\u00e9 de Seguridad de la Facultad.<\/li>\n<\/ul>\n<h3>Inventario Qu\u00edmico<\/h3>\n<p style=\"text-align: justify;\">Los investigadores deben mantener un inventario qu\u00edmico detallado. El investigador es responsable de asegurar que el inventario qu\u00edmico est\u00e1 completo y actualizado.<\/p>\n<h3>Comunicaci\u00f3n de Riesgos<\/h3>\n<p style=\"text-align: justify;\">El Programa de Comunicaci\u00f3n de Riesgos satisface el derecho a conocer de los trabajadores y de la comunidad sobre los riesgos sin importar en qu\u00e9 lugar de la Facultad se presenten.<\/p>\n<p style=\"text-align: justify;\">El SHyS provee ayuda a los investigadores a trav\u00e9s del documento central <em><u>Programa de Comunicaci\u00f3n de Riesgos<\/u><\/em>. Los investigadores y supervisores deben contar con una Hoja de Datos de Seguridad de Materiales (MSDS) para cada qu\u00edmico. Las MSDS pueden estar disponible a trav\u00e9s de medios electr\u00f3nicos (Internet, CD-ROM, etc.).<\/p>\n<p style=\"text-align: justify;\">Los investigadores o supervisores deben proveer entrenamiento a las personas que expuestas a los diversos riesgos de su ligar de trabajo. El personal que se incorpore a un laboratorio (sea o no personal de la Facultad) debe tener acceso al Programa de Comunicaci\u00f3n de Riesgos.<\/p>\n<p style=\"text-align: justify;\">El SHyS\u00a0 provee entrenamiento general sobre seguridad\u00a0 y sobre los derechos y obligaciones que implican el programa. El SHyS tambi\u00e9n la difusi\u00f3n de la informaci\u00f3n requerida por el derecho a conocer de la comunidad.<\/p>\n<h4>Programa de Comunicaci\u00f3n de Riesgos<\/h4>\n<p style=\"text-align: justify;\">Los investigadores y supervisores deben contar con el documento Programa de Comunicaci\u00f3n de Riesgos que provee el SHyS. El investigador o supervisor es responsable de asegurar que los empleados est\u00e1n entrenados de acuerdo con el programa, y que dicho entrenamiento est\u00e9 documentado. El documento sobre Comunicaci\u00f3n de Riesgos describe el entrenamiento necesario en detalle y el SHyS puede asesorarlo sobre qui\u00e9n debe ser entrenado, donde y cuando. Los investigadores deben asegurar que todos los qu\u00edmicos est\u00e9n rotulados y que haya MSDS para ellos.<\/p>\n<h3>Seguridad en Radiaci\u00f3n y L\u00e1seres<\/h3>\n<p>El SHyS supervisa todos los aspectos relacionados con la seguridad en el uso de la radiaci\u00f3n en la Facultad.<\/p>\n<p style=\"text-align: justify;\">El Programa de Seguridad en Radiaci\u00f3n incluye la registraci\u00f3n de los trabajadores que usan radioactivos, en entrenamiento, la supervisi\u00f3n de los laboratorios, el control de las compras e inventarios, supervisi\u00f3n de la calibraci\u00f3n de los instrumentos, y respuesta a emergencias.<\/p>\n<p style=\"text-align: justify;\">El SHyS provee el documento central <em><u>Programa de Protecci\u00f3n Radiol\u00f3gica<\/u>, <\/em>pol\u00edticas de entrenamiento y procedimientos para los trabajadores que usan radioactivos.<\/p>\n<p>El SHyS controla que cada laboratorio que usa radioactivos cuente con la licencia obligatoria en vigencia.<\/p>\n<p style=\"text-align: justify;\">Antes de comenzar a trabajar con cualquier tipo de fuente todos los trabajadores que usen radiaci\u00f3n y l\u00e1seres deben registrarse en el Plan de Protecci\u00f3n. El investigador responsable del laboratorio deber\u00e1 proveer entrenamiento espec\u00edfico a los trabajadores del laboratorio sobre los radionucle\u00eddos, l\u00e1seres y procedimientos que se usan en el mismo.<\/p>\n<h4>Seguridad en Radiaci\u00f3n<\/h4>\n<p style=\"text-align: justify;\">Los investigadores que deseen usar materiales radioactivos deben enviar una solicitud para la Posesi\u00f3n y Uso de Materiales Radioactivos al Comit\u00e9 de Seguridad. El SHyS provee el formulario y la documentaci\u00f3n central y coordina el proceso de evaluaci\u00f3n. Las subsiguientes solicitudes para el uso de nuevos radionucle\u00eddos o aumentos en los l\u00edmites de uso tambi\u00e9n requiere la evaluaci\u00f3n del comit\u00e9. Las evaluaciones del comit\u00e9 se responden en forma r\u00e1pida por correo interno en forma continua.<\/p>\n<h4>L\u00e1ser<\/h4>\n<p style=\"text-align: justify;\">Existe un <a href=\"http:\/\/exactas.uba.ar\/hys\/display.php?estructura=5&amp;desarrollo=0&amp;id_caja=153&amp;nivel_caja=2\">Manual de Usos Seguro de L\u00e1seres<\/a>, donde se incluyen los lineamientos sobre las medidas necesarias de protecci\u00f3n en el uso de l\u00e1seres, y las declaraciones correspondientes como ser: Hoja de Seguridad de cada equipo L\u00e1ser, Autorizaci\u00f3n para el uso de l\u00e1seres, Registro de Personal Usuario de L\u00e1seres, Inscripci\u00f3n de alumnos para uso de L\u00e1seres, Pr\u00e9stamo o transferencia de L\u00e1seres, Registro de las constancias de los ex\u00e1menes m\u00e9dicos espec\u00edficos.<\/p>\n<p><!--nextpage--><\/p>\n<h3>Disposici\u00f3n de Desechos Peligrosos<\/h3>\n<p style=\"text-align: justify;\">Los investigadores que deseen eliminar agentes qu\u00edmicos que no utilizan de su inventario deben completar y enviar al SHyS el formulario respectivo. El SHyS clasificar\u00e1 lo qu\u00edmicos y evaluar\u00e1 sus riegos antes de retirarlos. Adem\u00e1s se encuentra vigente un proceso de eliminaci\u00f3n de solventes. Los investigadores deben aprovechar estos mecanismos de eliminaci\u00f3n de qu\u00edmicos dado que las penalidades civiles y criminales (mas all\u00e1 de las administrativas que imponga la Facultad) por hacerlo en forma inapropiada pueden ser severas, y el almacenamiento por tiempos prolongados de qu\u00edmicos superfluos puede crear situaciones riesgosas.<\/p>\n<h3>Nanomateriales<\/h3>\n<p style=\"text-align: justify;\">La exposici\u00f3n a nanomateriales debe ser controlada en el laboratorio de investigaci\u00f3n por un programa de gesti\u00f3n integral de riesgos que incluye identificaci\u00f3n de peligros \/ an\u00e1lisis de riesgos, controles ingenier\u00eda, controles administrativos y el uso de EPP.<\/p>\n<h3>Presentaci\u00f3n de Subsidios<\/h3>\n<p style=\"text-align: justify;\">Los investigadores con lugar de trabajo en la Facultad que presenten pedidos de subsidios de investigaci\u00f3n deben obtener el acuerdo del SHyS. Si los investigadores tienen un Plan de Protecci\u00f3n en vigencia, el SHyS controlar\u00e1 que las actividades involucradas en el pedido de subsidio concuerden con dicho plan. Los investigadores debe tener presente que si se proponen desarrollar actividades distintas en un futuro subsidio deben completar la actualizaci\u00f3n del plan de protecci\u00f3n con la suficiente antelaci\u00f3n como para que pueda ser evaluado por el SHyS.<\/p>\n<h3>Respuesta a Emergencias y Reporte de Incidentes<\/h3>\n<p style=\"text-align: justify;\">Los miembros del SHyS est\u00e1n capacitados y equipados para responder ante derrames, y otras emergencias que involucren qu\u00edmicos y material radioactivo. La respuesta ante emergencias del SHyS est\u00e1 integrada con el Departamento \u00a0de Seguridad y control de la Facultad.<u><\/u><\/p>\n<h3>Procedimientos de Emergencia<\/h3>\n<p>Llame al interno 58311 de las Oficinas de Seguridad y Control. Las oficinas de Seguridad y Control tienen procedimientos para responder tanto a emergencias m\u00e9dicas como qu\u00edmicas. Ellos se ocupar\u00e1n de contactar al SHyS.<\/p>\n<p>Los investigadores son responsables de colocar toda la documentaci\u00f3n general relacionada con procedimientos ante emergencias en o adyacente a la puerta del laboratorio, y un formulario de procedimiento ante emergencias del laboratorio en un lugar destacado y accesible dentro del mismo.<\/p>\n<p style=\"text-align: justify;\">Los investigadores son responsables de completar los <strong><em>formularios de reporte de incidentes<\/em><\/strong> para incidentes con materiales riesgosos. Los investigadores deben proveer asesoramiento a todo el personal del laboratorio (sea o no empleado de la Facultad) sobre c\u00f3mo distinguir aquellos derrames de materiales riesgosos que ellos pueden manejar solos de aquellos que requieren la asistencia del SHyS.<\/p>\n<h3>Personal incluido en el Plan de Protecci\u00f3n<\/h3>\n<p>Es responsabilidad del IR , mantener actualizado los datos del personal. Para ello se completa el Formulario de Alta y Bajas<\/p>\n<p><!--nextpage--><\/p>\n<h3>Seguridad Biol\u00f3gica<\/h3>\n<p style=\"text-align: justify;\">El Servicio de Higiene y Seguridad (SHyS) es el responsable de coordinar el Programa de Seguridad para el manejo de materiales biol\u00f3gicos(1) en la Facultad.<\/p>\n<p style=\"text-align: justify;\">Para ello revisa\u00a0los Planes de Protecci\u00f3n cuyas investigaciones con materiales biol\u00f3gicos realizadas en la Facultad, est\u00e9n de acuerdo con las directivas de bioseguridad de la FCEN, y autoriza la realizaci\u00f3n de aquellos proyectos de investigaci\u00f3n en ADN recombinante que seg\u00fan la clasificaci\u00f3n del NIH (Instituto Nacional de Salud de EEUU) as\u00ed lo requieran. Cuando se considere necesario, har\u00e1 intervenir al SCBS para su revisi\u00f3n y asesoramiento.<\/p>\n<h4 style=\"text-align: justify;\">Material biol\u00f3gico<\/h4>\n<p style=\"text-align: justify;\">Microorganismos patog\u00e9nicos y no patog\u00e9nicos, prote\u00ednas y \u00e1cidos nucle\u00edcos, as\u00ed como todo material de origen biol\u00f3gico que pueda contener microorganismos, prote\u00ednas y \u00e1cidos nucleicos o partes de ellos. <em>Canadian Biosafety Handbook (CBH). 2nd Edition. Public Health Agency of Ca<\/em><em>nada, March 2016. <\/em>Incluyen<\/p>\n<ul>\n<li>Agentes biol\u00f3gicos<\/li>\n<li>Mol\u00e9culas de ADN recombinante<\/li>\n<li>Organismos y virus conteniendo ADN recombinante<\/li>\n<li>Cultivo celular<\/li>\n<li>Aislamientos del ambiente en estudio<\/li>\n<\/ul>\n<h4>Agentes biol\u00f3gicos :<\/h4>\n<p style=\"text-align: justify;\"><strong>\u00a0<\/strong>Cualquier microorganismo, virus, sustancia infecciosa, o producto biol\u00f3gico que puede ser dise\u00f1ado como resultado de la biotecnolog\u00eda, o cualquier componente de cualquiera de tales microorganismos, virus, sustancia infecciosa o producto biol\u00f3gico de origen natural o sint\u00e9tico, capaz de causar:<\/p>\n<ol>\n<li>muerte, enfermedad u otro mal funcionamiento en un ser humano, un animal, una planta u otro organismo vivo; o<\/li>\n<li>el deterioro de los alimentos, el agua, equipos, suministros o materiales de cualquier tipo; o<\/li>\n<li>la alteraci\u00f3n perjudicial del medio ambiente.<\/li>\n<\/ol>\n<h4>Pat\u00f3genos en Sangre<\/h4>\n<p>El SHyS coordina el programa de seguridad de los trabajadores que est\u00e1n ocupacionalmente expuestos a sangre humana, productos de sangre, y otros materiales potencialmente infecciosos.<\/p>\n<p style=\"text-align: justify;\">Si se usan materiales potencialmente infecciosos en el laboratorio el Director de Departamento (o si los laboratorios que tienen estos riesgos son minoritarios el investigador responsable del mismo) deber\u00e1 completar el Plan de Control de Exposici\u00f3n (PCE) que contenga la lista de todos los empleados potencialmente expuestos. A los empleados potencialmente expuestos se les debe ofrecer la vacunaci\u00f3n contra la hepatitis B y firmar un formulario de consentimiento.<\/p>\n<p style=\"text-align: justify;\">Los investigadores deben cumplir con el PCE, identificaci\u00f3n de los empleados y con los requisitos de vacunaci\u00f3n antes de que los empleados empiecen a trabajar con materiales potencialmente infecciosos. El servicio de Medicina Laboral de la FCEN y la ART proveer\u00e1 evaluaciones posteriores a la exposici\u00f3n.<\/p>\n<h4>\u00a0ADN Recombinante :<\/h4>\n<ul>\n<li>Las mol\u00e9culas que se construyen fuera de las c\u00e9lulas vivientes juntando segmentos de ADN sint\u00e9tico o natural y que pueden replicarse en una c\u00e9lula viviente.<\/li>\n<li>Las mol\u00e9culas que resultan de la replicaci\u00f3n de las arriba descriptas.<\/li>\n<\/ul>\n<p style=\"text-align: justify;\">Los investigadores que trabajen con tecnolog\u00eda de recombinaci\u00f3n de ADN deben enviar el formulario de Registro para trabajar en Recombinaci\u00f3n de ADN para que sea evaluado por el Subcomit\u00e9 de bioseguridad, sin importar cu\u00e1l es la fuente de financiamiento y las caracter\u00edsticas del mismo.<\/p>\n<p style=\"text-align: justify;\">El documento central Programa de Seguridad en Trabajo en Recombinaci\u00f3n de ADN que establece las pol\u00edticas generales en este \u00e1rea. En el Plan de Protecci\u00f3n se encuentra el Formulario relacionado con el trabajo seguro<\/p>\n<p>&nbsp;<\/p>\n<h4>Responsabilidades en Seguridad Biol\u00f3gica<\/h4>\n<h5>SHyS :<\/h5>\n<p>A) Realizar revisiones peri\u00f3dicas que deben incluir:<\/p>\n<ul>\n<li>Una evaluaci\u00f3n independiente de los niveles de contenci\u00f3n requeridos por las directivas de la FCEN para la investigaci\u00f3n propuesta.<\/li>\n<li style=\"text-align: justify;\">Evaluaci\u00f3n de las instalaciones, procedimientos, pr\u00e1cticas y entrenamiento y pericia del personal involucrado en la investigaci\u00f3n con materiales biol\u00f3gicos.<\/li>\n<li>Notificaci\u00f3n al Investigador Responsable de los resultados de la revisi\u00f3n.<\/li>\n<li>Revisi\u00f3n de los planes de emergencia para cubrir salpicaduras accidentales y contaminaci\u00f3n personal resultante de la investigaci\u00f3n con materiales biol\u00f3gicos.<\/li>\n<li style=\"text-align: justify;\">Establecimiento de subcomit\u00e9s o Comit\u00e9s <em>ad hoc<\/em> cuando sea necesario para llevar a cabo las tareas mencionadas anteriormente.<\/li>\n<li>Realizaci\u00f3n de interconsultas nacionales o internacionales cuando as\u00ed se requiera.<\/li>\n<\/ul>\n<p style=\"padding-left: 4px;\">B) Realizar inspecciones peri\u00f3dicas para asegurar que los est\u00e1ndares de laboratorio sean seguidos rigurosamente <em>(Nota: los laboratorios son peri\u00f3dicamente inspeccionados como parte del Programa de Seguridad).<\/em><\/p>\n<p style=\"padding-left: 4px;\">C) Reportar al SCBS, a Medicina Laboral y al Comit\u00e9 de Seguridad cualquier problema significativo, violaciones a las directivas de la Facultad y enfermedades o accidentes significativos relacionados a la investigaci\u00f3n.<\/p>\n<p style=\"padding-left: 4px;\">D) Controlar que existan planes de emergencia en caso de salpicaduras accidentales y contaminaciones personales y accidentes en el laboratorio de investigaci\u00f3n, involucrando investigaciones con materiales biol\u00f3gicos.<\/p>\n<p style=\"padding-left: 4px;\">E) Aconsejar y advertir sobre las medidas de Seguridad que deben implementarse en el laboratorio.<\/p>\n<p style=\"padding-left: 4px;\">F) Proveer asistencia t\u00e9cnica a los Investigadores Responsables<\/p>\n<p><!--nextpage--><\/p>\n<h3>Investigador Responsable<\/h3>\n<p style=\"padding-left: 40px;\">El Investigador Responsable es responsable del cumplimiento de las directivas de la Facultad y de la conducta del personal que trabaja con materiales biol\u00f3gicos. Como parte de esta responsabilidad, el Investigador Responsable debe:<\/p>\n<ul>\n<li style=\"text-align: justify;\">Hacer una evaluaci\u00f3n inicial del nivel requerido de contenci\u00f3n de acuerdo con las directivas normativas de la Facultad, para el desarrollo de las t\u00e9cnicas con material biol\u00f3gico.<\/li>\n<li style=\"text-align: justify;\">Seleccionar las pr\u00e1cticas microbiol\u00f3gica y las t\u00e9cnicas de laboratorio apropiadas a ser usadas por el investigador y el personal afectado a dichas tareas.<\/li>\n<li style=\"text-align: justify;\">Suministrar el protocolo de investigaci\u00f3n inicial y los cambios subsecuentes (por ejemplo, cambios en la fuente de ADN o sistema vector-hu\u00e9sped), al SHyS para su revisi\u00f3n y aprobaci\u00f3n.<\/li>\n<li style=\"text-align: justify;\">Hacer conocer, a todo el plantel del laboratorio, los protocolos que describen el potencial bioriesgo y las precauciones que deben tomarse.<\/li>\n<li style=\"text-align: justify;\">Instruir y entrenar al plantel del laboratorio en las pr\u00e1cticas y t\u00e9cnicas requeridas para asegurar la seguridad y los procedimientos para tratar los accidentes.<\/li>\n<li style=\"text-align: justify;\">Supervisar el desempe\u00f1o del personal del laboratorio para asegurar que se empleen las t\u00e9cnicas y pr\u00e1cticas seguras requeridas.<\/li>\n<li style=\"text-align: justify;\">Informar cualquier problema significativo en la implementaci\u00f3n de pr\u00e1cticas y procedimientos al SHyS .<\/li>\n<li style=\"text-align: justify;\">Realizar las correcciones necesarias en condiciones o pr\u00e1cticas que puedan resultar en la liberaci\u00f3n de agentes biol\u00f3gicos.<\/li>\n<li style=\"text-align: justify;\">Asegurar un mantenimiento eficaz de las medidas f\u00edsicas de contenci\u00f3n, filtros, gabinete de seguridad biol\u00f3gica y proveer de calidad y en cantidad suficiente de elementos de protecci\u00f3n personal si as\u00ed se requiere.<\/li>\n<li style=\"text-align: justify;\">Velar por el mantenimiento de las instalaciones de uso com\u00fan de la FCEN.<\/li>\n<li style=\"text-align: justify;\">Asegurar la identidad de los agentes biol\u00f3gicos que se manipulan, pureza y caracter\u00edsticas genot\u00edpicas y fenot\u00edpicas.<\/li>\n<li style=\"text-align: justify;\">Cumplir con todos los requerimientos de la reglamentaci\u00f3n al iniciar investigaciones que requieran aprobaci\u00f3n del SCBS.<\/li>\n<li style=\"text-align: justify;\">Reportar cualquier problema significante, cualquier enfermedad o accidente significante relacionado con la investigaci\u00f3n, al SHyS, al SCBS u otra autoridad competente, dentro de los 30 d\u00edas.<\/li>\n<li style=\"text-align: justify;\">Dar a conocer dentro de su grupo de trabajo directivas del SCBS o de la FCEN..<\/li>\n<li style=\"text-align: justify;\">Estar adecuadamente entrenado en buenas t\u00e9cnicas microbiol\u00f3gicas.<\/li>\n<li style=\"text-align: justify;\">Cumplir con los procedimientos de transporte para material biol\u00f3gico<\/li>\n<\/ul>\n<p style=\"text-align: justify;\"><span style=\"font-weight: normal !msorm;\"><strong>\u00a0<\/strong><\/span><\/p>\n","protected":false},"excerpt":{"rendered":"Introducci\u00f3n El Plan de Protecci\u00f3n (PP) es un documento por el cual el Investigador Responsable declara las actividades que realiza en el laboratorio, enumera los riesgos a los que est\u00e1n expuestos el personal que tiene a cargo y determina las medidas preventivas para minimizar los riesgos. El personal corrobora la informaci\u00f3n volcada en el Plan&#8230; <a class=\"view-article\" href=\"https:\/\/exactas.uba.ar\/higieneyseguridad\/plan-de-proteccion\/descripcion-del-plan-de-proteccion\/\">LEER +<\/a>","protected":false},"author":2,"featured_media":0,"parent":2552,"menu_order":0,"comment_status":"closed","ping_status":"closed","template":"","meta":{"_acf_changed":false,"footnotes":""},"class_list":["post-2557","page","type-page","status-publish","hentry"],"acf":[],"_links":{"self":[{"href":"https:\/\/exactas.uba.ar\/higieneyseguridad\/wp-json\/wp\/v2\/pages\/2557","targetHints":{"allow":["GET"]}}],"collection":[{"href":"https:\/\/exactas.uba.ar\/higieneyseguridad\/wp-json\/wp\/v2\/pages"}],"about":[{"href":"https:\/\/exactas.uba.ar\/higieneyseguridad\/wp-json\/wp\/v2\/types\/page"}],"author":[{"embeddable":true,"href":"https:\/\/exactas.uba.ar\/higieneyseguridad\/wp-json\/wp\/v2\/users\/2"}],"replies":[{"embeddable":true,"href":"https:\/\/exactas.uba.ar\/higieneyseguridad\/wp-json\/wp\/v2\/comments?post=2557"}],"version-history":[{"count":11,"href":"https:\/\/exactas.uba.ar\/higieneyseguridad\/wp-json\/wp\/v2\/pages\/2557\/revisions"}],"predecessor-version":[{"id":6442,"href":"https:\/\/exactas.uba.ar\/higieneyseguridad\/wp-json\/wp\/v2\/pages\/2557\/revisions\/6442"}],"up":[{"embeddable":true,"href":"https:\/\/exactas.uba.ar\/higieneyseguridad\/wp-json\/wp\/v2\/pages\/2552"}],"wp:attachment":[{"href":"https:\/\/exactas.uba.ar\/higieneyseguridad\/wp-json\/wp\/v2\/media?parent=2557"}],"curies":[{"name":"wp","href":"https:\/\/api.w.org\/{rel}","templated":true}]}}