{"id":2552,"date":"2020-02-01T18:37:28","date_gmt":"2020-02-01T18:37:28","guid":{"rendered":"https:\/\/exactas.uba.ar\/higieneyseguridad\/?page_id=2552"},"modified":"2023-12-01T18:01:16","modified_gmt":"2023-12-01T18:01:16","slug":"plan-de-proteccion","status":"publish","type":"page","link":"https:\/\/exactas.uba.ar\/higieneyseguridad\/plan-de-proteccion\/","title":{"rendered":"Plan de Protecci\u00f3n"},"content":{"rendered":"<h2>Pol\u00edtica de HyS de la FCEN para\u00a0 Trabajos en Laboratorios<\/h2>\n<h3>Introducci\u00f3n<\/h3>\n<p style=\"text-align: justify;\">Las tareas que se realizan en los laboratorios de la FCEN pueden contener riesgos de distintas magnitudes. Estos riesgos se deben mantener bajo control. El Servicio de Higiene y Seguridad tiene implementado un sistema de declaraci\u00f3n por parte de los responsables para los laboratorios de Investigaci\u00f3n, y de docencia a trav\u00e9s de una Declaraci\u00f3n Jurada, Formulario\u00a0 <strong>\u201cPlan de Protecci\u00f3n\u201d (PP), <\/strong>donde se incluyen los distintos riesgos y medidas para controlarlos.<\/p>\n<p>El Plan de Protecci\u00f3n es evaluado y controlado por el Servicio de Higiene y Seguridad.<\/p>\n<p style=\"text-align: justify;\">Para realizar trabajos en la Facultad, que involucren exposici\u00f3n a riesgos f\u00edsicos, mec\u00e1nicos, qu\u00edmicos, biol\u00f3gicos, radiol\u00f3gicos, etc. se requiere que todos los usuarios del laboratorio o \u00e1rea designada comprendan y refrenden el Plan de Protecci\u00f3n.<\/p>\n<p style=\"text-align: justify;\">La misi\u00f3n del Plan de Protecci\u00f3n es educar, concientizar y corregir las malas pr\u00e1cticas tratando de determinar las razones que generan los incidentes de manera que no se produzcan en el futuro.<\/p>\n<h3>Laboratorios de investigaci\u00f3n<\/h3>\n<p style=\"text-align: justify;\">En el caso de los laboratorios de investigaci\u00f3n, se establece la figura <strong>de Investigador Responsable<\/strong>. En la pr\u00e1ctica, cada laboratorio (o grupo de laboratorios) tiene como m\u00e1ximo responsable un investigador (sin importar su cargo y si tiene cargo docente o de un organismo cient\u00edfico) que es el que usualmente define las l\u00edneas y las t\u00e9cnicas de investigaci\u00f3n que all\u00ed se desarrollan, y que se expresan en general en las solicitudes de subsidios. Todos los investigadores responsables deber\u00e1n completar y presentar al SHyS para su evaluaci\u00f3n un\u00a0 <strong>PP.<\/strong><\/p>\n<h3>Laboratorios de docencia<\/h3>\n<p>La modalidad de uso de los laboratorios de docencia es distinta de la de los de investigaci\u00f3n. Dada la estructura departamental de la FCEN, los laboratorios de docencia son usados para el dictado de distintas materias, en algunos casos entre varios Departamentos.<\/p>\n<p style=\"text-align: justify;\">Por lo tanto, si bien los que determinan los tipos de usos, y por lo tanto de riesgos, son los docentes, la responsabilidad m\u00e1xima del Rector, que luego pasa por el Decano, recae en la FCENJ en la persona del Director de Departamento (o Directores seg\u00fan el caso) que tienen asignado el uso del laboratorio.<\/p>\n<p style=\"text-align: justify;\">El Director de Departamento deber\u00e1 presentar un <strong>PP<\/strong> para cada laboratorio de docencia. El Director de Departamento podr\u00e1 (y es conveniente que as\u00ed sea) delegar la confecci\u00f3n del Plan de Protecci\u00f3n del laboratorio de docencia en personal del Departamento, aunque no puede delegar la responsabilidad que le asigna la estructura administrativa de la FCEN.<\/p>\n<h3>Materias<\/h3>\n<p style=\"text-align: justify;\">Las materias que desarrollan sus actividades deben presentar un <strong>PP<\/strong> , donde esten evaluados los riesgos y las medidas de contenci\u00f3n que se desarrollan durante el dictado de la materia. El <strong>PP<\/strong> debe estar firmado por todos los involucrados en el distado de la misma.<\/p>\n<p style=\"text-align: justify;\">En este caso debemos indicar que por la\u00a0 cadena de responsabilidades que comienza en el Sr. Rector , que luego pasa por el Decano, a los Directores de Departamento , quedando en los Titulares de cada materia, ya que son quienes determinan los contenidos de cada materia.<\/p>\n<p><!--nextpage--><\/p>\n<h3>Evaluaci\u00f3n y actualizaci\u00f3n de PP<\/h3>\n<p style=\"text-align: justify;\">El SHyS realizar\u00e1 una evaluaci\u00f3n preliminar de los planes de protecci\u00f3n. Cada vez que se produzcan modificaciones en riesgos, laboratorios, personal, etc. el Responsable del Plan de Protecci\u00f3n deber\u00e1 actualizarlo.<\/p>\n<h3>Responsable de seguridad del laboratorio<\/h3>\n<p style=\"text-align: justify;\">Deber\u00e1 velar por el cumplimiento del mismo y completar el <a href=\"https:\/\/exactas.uba.ar\/higieneyseguridad\/seguridadlaboral\/reportes-de-incidentes\/\">Formulario de Reporte de Incidentes<\/a> es cada vez que se produzca uno en el laboratorio.<\/p>\n<h3><strong>Verificaci\u00f3n del cumplimiento del PP<\/strong><\/h3>\n<p style=\"text-align: justify;\">El SHyS realizar\u00e1\u00a0 auditor\u00edas en los laboratorios, ya sea acordadas o sorpresivas. El SHyS completar\u00e1 un formulario de visita al laboratorio, que deber\u00e1 ser refrendado por el Responsable del laboratorio.<\/p>\n<h3>Incumplimientos del PP<\/h3>\n<p style=\"text-align: justify;\">El SHyS llevar\u00e1 un legajo de cada Investigador Responsable en el que constar\u00e1 el Plan de Protecci\u00f3n en vigencia, los formularios de denuncias de Incidentes \/ Accidentes, los formularios de visitas al laboratorio y la correspondencia intercambiada con el Responsable.<\/p>\n<p>Los incumplimientos se evaluaran teniendo como base:<\/p>\n<p>1.- el grado real o potencial de riesgo generado por el incumplimiento observado, ponderando si el mismo pone en riesgo a terceros o solamente al propio agente involucrado;<\/p>\n<p>2.- el grado de intencionalidad observado, ponderando si hubiese habido incumplimientos similares anteriores.<\/p>\n<p style=\"text-align: justify;\">En el caso de incumplimientos graves, el SHyS estar\u00e1 habilitado para proceder a la inhabilitaci\u00f3n inmediata para realizar trabajos experimentales del laboratorio.<\/p>\n","protected":false},"excerpt":{"rendered":"Pol\u00edtica de HyS de la FCEN para\u00a0 Trabajos en Laboratorios Introducci\u00f3n Las tareas que se realizan en los laboratorios de la FCEN pueden contener riesgos de distintas magnitudes. Estos riesgos se deben mantener bajo control. El Servicio de Higiene y Seguridad tiene implementado un sistema de declaraci\u00f3n por parte de los responsables para los laboratorios&#8230; <a class=\"view-article\" href=\"https:\/\/exactas.uba.ar\/higieneyseguridad\/plan-de-proteccion\/\">LEER +<\/a>","protected":false},"author":2,"featured_media":0,"parent":0,"menu_order":0,"comment_status":"closed","ping_status":"closed","template":"","meta":{"_acf_changed":false,"footnotes":""},"class_list":["post-2552","page","type-page","status-publish","hentry"],"acf":[],"_links":{"self":[{"href":"https:\/\/exactas.uba.ar\/higieneyseguridad\/wp-json\/wp\/v2\/pages\/2552","targetHints":{"allow":["GET"]}}],"collection":[{"href":"https:\/\/exactas.uba.ar\/higieneyseguridad\/wp-json\/wp\/v2\/pages"}],"about":[{"href":"https:\/\/exactas.uba.ar\/higieneyseguridad\/wp-json\/wp\/v2\/types\/page"}],"author":[{"embeddable":true,"href":"https:\/\/exactas.uba.ar\/higieneyseguridad\/wp-json\/wp\/v2\/users\/2"}],"replies":[{"embeddable":true,"href":"https:\/\/exactas.uba.ar\/higieneyseguridad\/wp-json\/wp\/v2\/comments?post=2552"}],"version-history":[{"count":5,"href":"https:\/\/exactas.uba.ar\/higieneyseguridad\/wp-json\/wp\/v2\/pages\/2552\/revisions"}],"predecessor-version":[{"id":8472,"href":"https:\/\/exactas.uba.ar\/higieneyseguridad\/wp-json\/wp\/v2\/pages\/2552\/revisions\/8472"}],"wp:attachment":[{"href":"https:\/\/exactas.uba.ar\/higieneyseguridad\/wp-json\/wp\/v2\/media?parent=2552"}],"curies":[{"name":"wp","href":"https:\/\/api.w.org\/{rel}","templated":true}]}}