{"id":2521,"date":"2020-01-27T18:25:16","date_gmt":"2020-01-27T18:25:16","guid":{"rendered":"https:\/\/exactas.uba.ar\/higieneyseguridad\/?page_id=2521"},"modified":"2020-01-27T19:07:19","modified_gmt":"2020-01-27T19:07:19","slug":"programa-de-accion","status":"publish","type":"page","link":"https:\/\/exactas.uba.ar\/higieneyseguridad\/medio-ambiente\/residuos\/descartes-de-solventes\/programa-de-accion\/","title":{"rendered":"Descartes de Solvente: Programa de Acci\u00f3n"},"content":{"rendered":"<p style=\"text-align: justify;\">1. Cuando una evaluaci\u00f3n de riesgos revele que los controles son inadecuados o que comienzan a volverse inadecuados, se los deben descartar o preparar un programa con el fin de reducir los riesgos al m\u00ednimo y, en todo caso, de cumplir con los criterios vigentes en la materia. Si no dispusiera de tales criterios, el IR deber\u00eda formularlos de manera que resulten compatibles con las medidas de control de riesgos. Al preparar los programas se deber\u00edan tener presentes los principios generales que rigen la adopci\u00f3n de las medidas de control para dise\u00f1o e instalaciones, sistemas de trabajo y protecci\u00f3n personal; asimismo, se deber\u00eda procurar que sean adecuados la informaci\u00f3n, la formaci\u00f3n y la capacitaci\u00f3n que los trabajadores deban recibir, as\u00ed como los sistemas de verificaci\u00f3n y vigilancia y las disposiciones previstas para hacer frente a situaciones de emergencia.<\/p>\n<p style=\"text-align: justify;\">2. Todo IR, previa consulta con sus colaboradores, deber\u00eda formular y aplicar un programa destinado a eliminar o reducir al m\u00ednimo los riesgos identificados en la utilizaci\u00f3n de solventes. Dicho programa deber\u00eda garantizar que los riesgos sean eliminados o reducidos al m\u00ednimo en el m\u00e1s breve plazo y haciendo uso de los medios m\u00e1s apropiados de que se disponga. Dado que la conclusi\u00f3n inmediata de este g\u00e9nero de medidas ser\u00e1 quiz\u00e1 dif\u00edcil de lograr, el suministro de equipos de protecci\u00f3n personal podr\u00eda permitir una reducci\u00f3n de riesgos m\u00e1s r\u00e1pida aunque transitoria. En el programa se deber\u00e1n precisar las acciones necesarias para eliminar o reducir al m\u00ednimo los riesgos, as\u00ed como el tiempo necesario para su puesta en pr\u00e1ctica.<\/p>\n<h2 style=\"text-align: justify;\">Dise\u00f1o y emplazamiento de instalaciones y equipos<\/h2>\n<h3 style=\"text-align: justify;\">Principios generales<\/h3>\n<p style=\"text-align: justify;\">El dise\u00f1o y el emplazamiento de las instalaciones y de los equipos deber\u00edan contemplar el objetivo de moderar o reducir al m\u00ednimo los riesgos inherentes al almacenaje de solventes en el trabajo, ya sea reduciendo la emisi\u00f3n de solventes nocivos o inflamables, incluidos los vapores o evitando la propagaci\u00f3n de incendios o explosiones en los lugares de trabajo.<\/p>\n<p style=\"text-align: justify;\">El total aislamiento de los procesos que implican la utilizaci\u00f3n de solventes es el medio \u00f3ptimo para disminuir los riesgos que les son inherentes. Cuando haya lugar, se deber\u00eda descartar el almacenamiento de productos contenidos en peque\u00f1os recipientes, optando en su lugar por el almacenamiento a granel, en recipientes que son provistos, a tal efecto, por el Servicio de Higiene y Seguridad.<\/p>\n<p style=\"text-align: justify;\">El dise\u00f1o y el emplazamiento de las zonas de trabajo, las instalaciones y los equipos deber\u00edan ser concebidos de manera tal que se elimine toda exposici\u00f3n innecesaria de los trabajadores a los solventes peligrosos; deber\u00eda contemplarse la instalaci\u00f3n de sistemas de ventilaci\u00f3n con extracci\u00f3n localizada, que reduzcan al m\u00ednimo la necesidad de limpieza, y que, al mismo tiempo, faciliten las tareas de mantenimiento y limpieza.<\/p>\n<p style=\"text-align: justify;\">Para reducir aun m\u00e1s los riesgos que se deriven de los solventes peligrosos, las instalaciones, los equipos y los almacenes se deber\u00edan mantener apartados respecto de: otros procesos; solventes incompatibles u otros solventes que puedan resultar peligrosos en caso de incendio; locales y otros sitios ubicados fuera de los l\u00edmites de control del IR y, en el caso de los productos inflamables, respecto de fuentes de ignici\u00f3n fijas.<\/p>\n<h3 style=\"text-align: justify;\">Sistemas locales de ventilaci\u00f3n por extracci\u00f3n<\/h3>\n<p style=\"text-align: justify;\">Cuando el aislamiento total de un proceso que implique la utilizaci\u00f3n de solventes peligrosos no sea razonablemente factible, se deber\u00eda suministrar y asegurar el mantenimiento de equipos de ventilaci\u00f3n por extracci\u00f3n, con el fin de garantizar la rigurosa observancia de los criterios fijados por la autoridad competente, tales como los l\u00edmites de exposici\u00f3n, y de eliminar o reducir al m\u00ednimo el nivel de ciertos riesgos, como los que entra\u00f1a la alta concentraci\u00f3n de productos inflamables.<\/p>\n<p style=\"text-align: justify;\">La ventilaci\u00f3n local por extracci\u00f3n deber\u00eda dise\u00f1arse, fabricarse e instalarse de manera tal que garantice ya sea la evacuaci\u00f3n segura y efectiva del aire contaminado desde el lugar de trabajo hacia zonas de expulsi\u00f3n adecuadas o una filtraci\u00f3n y depuramiento que lo vuelva inocuo, de conformidad con los l\u00edmites de exposici\u00f3n u otros criterios de control del medio ambiente de trabajo establecidos, aprobados o reconocidos por la autoridad competente. Dicha ventilaci\u00f3n deber\u00eda dise\u00f1arse tambi\u00e9n con miras a evitar la propagaci\u00f3n de incendios y explosiones, de conformidad con los principios delineados en el p\u00e1rrafo<\/p>\n<p style=\"text-align: justify;\">Al instalar la ventilaci\u00f3n local por extracci\u00f3n se deber\u00eda proceder de inmediato a verificar su correcto funcionamiento y el cumplimiento de los requisitos de dise\u00f1o. Para asegurar su funcionamiento eficaz, con el fin de proteger a los trabajadores respecto de las exposiciones, se deber\u00eda emplazar el sistema de ventilaci\u00f3n por extracci\u00f3n en el sitio m\u00e1s pr\u00f3ximo posible de los puntos de emisi\u00f3n de solventes peligrosos. Se deber\u00eda procurar la reducci\u00f3n de la longitud y de la cantidad de recodos de las tuber\u00edas, con el fin de optimizar su funcionamiento.<\/p>\n<h3 style=\"text-align: justify;\">Eliminaci\u00f3n o control de las fuentes de ignici\u00f3n<\/h3>\n<p style=\"text-align: justify;\">La preocupaci\u00f3n primordial al dise\u00f1ar y al montar instalaciones y equipos en que se utilicen solventes inflamables deber\u00eda ser la eliminaci\u00f3n de atm\u00f3sferas inflamables. No obstante, se deber\u00eda realizar una evaluaci\u00f3n de las probabilidades de que tales atm\u00f3sferas se generen durante cualesquiera de las fases de utilizaci\u00f3n de los solventes, para proceder luego a eliminar o reducir al m\u00ednimo las eventuales fuentes de ignici\u00f3n.<\/p>\n<p style=\"text-align: justify;\">Las zonas de trabajo deber\u00edan clasificarse seg\u00fan el grado de probabilidad de que una concentraci\u00f3n inflamable se produzca en ellas. En tales zonas, y en la medida de lo posible, no se deber\u00edan utilizar sino aparatos el\u00e9ctricos de probada seguridad. Cuando ello no resulte factible, se deber\u00edan dise\u00f1ar y construir aparatos el\u00e9ctricos cuyas caracter\u00edsticas correspondan al grado de peligrosidad determinado. Su dise\u00f1o y construcci\u00f3n deber\u00edan estar en conformidad con las normas reconocidas o aprobadas por la autoridad competente.<\/p>\n<p style=\"text-align: justify;\">Algunos ejemplos de formas de eliminar fuentes de ignici\u00f3n son:<\/p>\n<p style=\"text-align: justify;\">a) El establecimiento y respeto de zonas en que \u00abest\u00e1 prohibido fumar\u00bb.Dem\u00e1s esta decir que en todo el \u00e1mbito de la FCEN esta prohibido fumar<br \/>\nb) La prohibici\u00f3n del uso de bombas y de otros aparatos el\u00e9ctricos al interior de los muros de contenci\u00f3n de la zona de emplazamiento de los dep\u00f3sitos de almacenamiento (no obstante, en casos de escape de productos, se deber\u00edan ubicar las bombas en la propia zona de contenci\u00f3n de los productos)<br \/>\nc) La prohibici\u00f3n de utilizar motores el\u00e9ctricos al interior de conductos que contengan solventes inflamables, reemplaz\u00e1ndolos, por ejemplo, por ventiladores de paletas accionados a distancia<br \/>\nd) La prohibici\u00f3n de las operaciones de recarga de los acumuladores para carretillas elevadoras en las zonas o locales de almacenamiento de productos.<\/p>\n<p style=\"text-align: justify;\">Se podr\u00eda reducir la generaci\u00f3n posible de cargas est\u00e1ticas que ocurre, por ejemplo, en los solventes apolares, tales como los solventes de hidrocarburos: evitando verter los solventes en ca\u00edda libre al llenar recipientes a partir de tuber\u00edas de conducci\u00f3n o al trasvasarlos y reduciendo la velocidad de bombeo durante las operaciones de descarga o utilizando aditivos el\u00e9ctricos antiest\u00e1ticos.<\/p>\n<p style=\"text-align: justify;\">Se deber\u00eda prestar especial atenci\u00f3n a la dotaci\u00f3n de medidas t\u00e9cnicas para evitar incendios o explosiones debidos a la acumulaci\u00f3n y descarga de electricidad est\u00e1tica. Dichas medidas se deber\u00edan controlar peri\u00f3dicamente.<\/p>\n<p style=\"text-align: justify;\">Se deber\u00eda adaptar la calefacci\u00f3n de los talleres y almacenes a las condiciones que pueda haber en cada recinto. Cuando se almacenen o utilicen solventes inflamables se deber\u00edan tomar en cuenta los siguientes aspectos:<\/p>\n<p style=\"text-align: justify;\">1) Evitar la utilizaci\u00f3n de calefactores port\u00e1tiles, como por ejemplo calentadores de gas\u00f3leo o de gas, radiadores el\u00e9ctricos incandescentes y radiadores el\u00e9ctricos rellenos de aceite<br \/>\n2) Se deber\u00edan adoptar sistemas de calefacci\u00f3n que utilicen gas\u00f3leo o gas del tipo indirecto, es decir, aquellos en que los residuos de la combusti\u00f3n son evacuados en condiciones de seguridad hacia la atm\u00f3sfera externa. Las tomas de aire de tales sistemas deber\u00edan instalarse en sitios seguros, donde resulten improbables derrames o escapes de solventes inflamables que pudieran penetrar en el sistema de calefacci\u00f3n.<\/p>\n<h3 style=\"text-align: justify;\">Sistemas y m\u00e9todos de trabajo<\/h3>\n<p style=\"text-align: justify;\">Se redactar\u00e1n procedimientos de trabajo con miras a aplicarlos rigurosamente en todas las actividades que impliquen la utilizaci\u00f3n de solventes peligrosos, con el fin de proteger a los trabajadores contra los riesgos que la evaluaci\u00f3n realizada por el IR haya podido determinar. El IR es el responsable de que todo el personal bajo su direcci\u00f3n conozca, acepte y cumpla con la normativa al respecto.<\/p>\n<p style=\"text-align: justify;\">La elaboraci\u00f3n de un procedimiento de trabajo deber\u00e1 ser consecutiva a la adopci\u00f3n de otras medidas destinadas a eliminar y reducir al m\u00ednimo los riesgos (por ejemplo, determinaci\u00f3n de los solventes, la tecnolog\u00eda y los mecanismos t\u00e9cnicos de control m\u00e1s adecuados para una determinada actividad laboral).<\/p>\n<p style=\"text-align: justify;\">Todo procedimiento de trabajo deber\u00e1 integrar las medidas de control de la manera que garantice su \u00f3ptima eficacia.<\/p>\n<p style=\"text-align: justify;\">Todo procedimiento de trabajo deber\u00e1 definir claramente las responsabilidades individuales en la ejecuci\u00f3n de un trabajo, especificar las diversas tareas que lo conforman (delimitando responsabilidades en caso de superposici\u00f3n de funciones) y facilitar el intercambio de la informaci\u00f3n entre todos los miembros del grupo de trabajo.<\/p>\n<p style=\"text-align: justify;\">Los procedimientos de trabajo deber\u00e1n elaborarse de conformidad con la legislaci\u00f3n y la pr\u00e1ctica nacionales.<\/p>\n<p style=\"text-align: justify;\">Salvo cuando se trate de tareas simples, los procedimientos de trabajo deber\u00e1n consignarse por escrito.<\/p>\n<p style=\"text-align: justify;\">En particular, los procedimientos de trabajo deber\u00e1n consignarse por escrito y aplicarse cuando la buena calidad de los procedimientos y de los m\u00e9todos de trabajo sea decisiva, como, por ejemplo, el mantenimiento peri\u00f3dico, las pruebas de funcionamiento, la revisi\u00f3n y la reparaci\u00f3n de fallas y aver\u00edas en las instalaciones y equipos, el trasvase de solventes (incluyendo la carga y descarga) y la identificaci\u00f3n del contenido de los nuevos recipientes recibidos, de los riesgos potenciales imnanentes y de las medidas de precauci\u00f3n correspondientes.<\/p>\n<p style=\"text-align: justify;\">Se deber\u00eda prestar especial atenci\u00f3n a la elaboraci\u00f3n de procedimientos de trabajo y medidas en caso de emergencia destinados a personas que trabajen solas, adoptando disposiciones especiales seg\u00fan proceda.<\/p>\n<p style=\"text-align: justify;\">Se deber\u00edan establecer procedimientos de trabajo para detener los procesos qu\u00edmicos en caso de emergencia.<\/p>\n<h3 style=\"text-align: justify;\">Revisi\u00f3n de los sistemas y m\u00e9todos de trabajo<\/h3>\n<p style=\"text-align: justify;\">La revisi\u00f3n de las medidas de control de productos solventes deber\u00eda comprender las verificaciones frecuentes de los procedimientos de trabajo y deber\u00edan tomarse disposiciones adecuadas. Dichas verificaciones deber\u00edan realizarse simult\u00e1neamente con las verificaciones de la informaci\u00f3n y la formaci\u00f3n<\/p>\n<p style=\"text-align: justify;\">La revisi\u00f3n deber\u00eda consistir, en particular, en verificaciones de:<br \/>\nlos cambios en la plantilla de personal, los materiales, los equipos, los locales y los procedimientos utilizados<br \/>\nlos procedimientos en vigor para las labores realizadas fuera o en los horarios de trabajo \u00abnormales\u00bb<br \/>\nla idoneidad de los sistemas de supervisi\u00f3n<br \/>\nel cumplimiento de los sistemas y m\u00e9todos de trabajo en los t\u00e9rminos previstos, las medidas que se deban adoptar para abandonar un trabajo cuya conclusi\u00f3n resulte irrealizable.<\/p>\n<p style=\"text-align: justify;\">Modificado a partir de documentaci\u00f3n \u00a0de la \u00a0OIT (Organizaci\u00f3n Mundial del Trabajo).<\/p>\n","protected":false},"excerpt":{"rendered":"1. Cuando una evaluaci\u00f3n de riesgos revele que los controles son inadecuados o que comienzan a volverse inadecuados, se los deben descartar o preparar un programa con el fin de reducir los riesgos al m\u00ednimo y, en todo caso, de cumplir con los criterios vigentes en la materia. Si no dispusiera de tales criterios, el&#8230; <a class=\"view-article\" href=\"https:\/\/exactas.uba.ar\/higieneyseguridad\/medio-ambiente\/residuos\/descartes-de-solventes\/programa-de-accion\/\">LEER +<\/a>","protected":false},"author":2,"featured_media":0,"parent":2340,"menu_order":3,"comment_status":"closed","ping_status":"closed","template":"","meta":{"_acf_changed":false,"footnotes":""},"class_list":["post-2521","page","type-page","status-publish","hentry"],"acf":[],"_links":{"self":[{"href":"https:\/\/exactas.uba.ar\/higieneyseguridad\/wp-json\/wp\/v2\/pages\/2521","targetHints":{"allow":["GET"]}}],"collection":[{"href":"https:\/\/exactas.uba.ar\/higieneyseguridad\/wp-json\/wp\/v2\/pages"}],"about":[{"href":"https:\/\/exactas.uba.ar\/higieneyseguridad\/wp-json\/wp\/v2\/types\/page"}],"author":[{"embeddable":true,"href":"https:\/\/exactas.uba.ar\/higieneyseguridad\/wp-json\/wp\/v2\/users\/2"}],"replies":[{"embeddable":true,"href":"https:\/\/exactas.uba.ar\/higieneyseguridad\/wp-json\/wp\/v2\/comments?post=2521"}],"version-history":[{"count":4,"href":"https:\/\/exactas.uba.ar\/higieneyseguridad\/wp-json\/wp\/v2\/pages\/2521\/revisions"}],"predecessor-version":[{"id":2537,"href":"https:\/\/exactas.uba.ar\/higieneyseguridad\/wp-json\/wp\/v2\/pages\/2521\/revisions\/2537"}],"up":[{"embeddable":true,"href":"https:\/\/exactas.uba.ar\/higieneyseguridad\/wp-json\/wp\/v2\/pages\/2340"}],"wp:attachment":[{"href":"https:\/\/exactas.uba.ar\/higieneyseguridad\/wp-json\/wp\/v2\/media?parent=2521"}],"curies":[{"name":"wp","href":"https:\/\/api.w.org\/{rel}","templated":true}]}}