{"id":2519,"date":"2020-01-27T18:23:26","date_gmt":"2020-01-27T18:23:26","guid":{"rendered":"https:\/\/exactas.uba.ar\/higieneyseguridad\/?page_id=2519"},"modified":"2022-11-11T15:10:22","modified_gmt":"2022-11-11T15:10:22","slug":"medidas-de-control","status":"publish","type":"page","link":"https:\/\/exactas.uba.ar\/higieneyseguridad\/medio-ambiente\/residuos\/descartes-de-solventes\/medidas-de-control\/","title":{"rendered":"Descartes de Solventes: Medidas de Control"},"content":{"rendered":"<h2>Solventes peligrosos para la salud<\/h2>\n<p style=\"text-align: justify;\">Se deber\u00eda proteger a los trabajadores contra los riesgos de lesiones o enfermedades que los solventes peligrosos entra\u00f1an para la salud. En particular, los trabajadores no deber\u00edan hallarse expuestos a niveles por encima de los l\u00edmites de exposici\u00f3n o de otros criterios de exposici\u00f3n para la evaluaci\u00f3n y el control del medio ambiente de trabajo establecidos por la autoridad competente o por un organismo aprobado o reconocido por la autoridad competente, de conformidad con las normas nacionales o internacionales.<\/p>\n<p style=\"text-align: justify;\">A continuaci\u00f3n se indican las medidas de control relativas a la protecci\u00f3n de los trabajadores que se podr\u00edan adoptar, combin\u00e1ndolas de la manera que resulte m\u00e1s conveniente:<\/p>\n<p style=\"text-align: justify;\">a) dise\u00f1o y m\u00e9todos de funcionamiento adecuados de las instalaciones:<br \/>\nb)separaci\u00f3n de un proceso peligroso de los operadores o de otros procesos;<br \/>\nc)instalaciones, procesos o sistemas de trabajo que reduzcan al m\u00ednimo, supriman o puedan retener vapores nocivos y que, en el caso de derrames y escapes, puedan circunscribir el \u00e1rea de contaminaci\u00f3n;<br \/>\nd)recintos parcialmente aislados, dotados de sistemas de ventilaci\u00f3n con extracci\u00f3n localizada;<br \/>\ne)sistemas de ventilaci\u00f3n con extracci\u00f3n localizada; 5) sistemas de ventilaci\u00f3n general adecuada<br \/>\nf)sistemas y pr\u00e1cticas de trabajo (esto incluye la exposici\u00f3n por trabajo en el mismo recinto en que se mantiene el solvente):<br \/>\ng)reducci\u00f3n a un m\u00ednimo estrictamente necesario del n\u00famero de trabajadores sometidos a exposici\u00f3n en los lugares de trabajo, excluyendo todo acceso no indispensable;<br \/>\nh)reducci\u00f3n del tiempo de exposici\u00f3n de los trabajadores;<br \/>\ni)limpieza peri\u00f3dica de las paredes o superficies contaminadas, etc.;<br \/>\nj)utilizaci\u00f3n y mantenimiento adecuados de las medidas de control t\u00e9cnico;<br \/>\nk)suministro de medios adecuados para almacenar y eliminar en condiciones de seguridad los solventes peligrosos para la salud.<\/p>\n<h3 style=\"text-align: justify;\">Protecci\u00f3n personal:<\/h3>\n<p style=\"text-align: justify;\">Cuando las medidas que anteceden resulten insuficientes, se deber\u00eda poner a disposici\u00f3n de los trabajadores el equipo de protecci\u00f3n personal adecuado, el cual deber\u00eda ser utilizado hasta que los riesgos queden eliminados o que se los haya reducido a un nivel considerado como inocuo para la salud; prohibici\u00f3n de comer, mascar, beber y fumar en el laboratorio y zonas de almacenamiento de solventes; suministro de medios e instalaciones adecuados para guardar la ropa, con inclusi\u00f3n de instalaciones para el lavado de ropa contaminada; utilizaci\u00f3n de r\u00f3tulos y carteles; procedimientos adecuados en casos de emergencia.<\/p>\n<h2 style=\"text-align: justify;\">Solventes inflamables, peligrosamente reactivos o explosivos<\/h2>\n<p style=\"text-align: justify;\">Se deber\u00e1 proteger a los trabajadores contra los riesgos de lesiones provocadas por la utilizaci\u00f3n de solventes inflamables, inestables o explosivos. Para reducir los riesgos de incendio o explosi\u00f3n, se deber\u00eda recurrir a una combinaci\u00f3n adecuada de las siguientes medidas:<\/p>\n<p style=\"text-align: justify;\">a) Dise\u00f1o y m\u00e9todos de almacenamiento adecuados de las instalaciones adem\u00e1s de los principios fundamentales, que deber\u00edan ponerse en pr\u00e1ctica para eliminar los vapores o gases que se emitan. Se deber\u00edan observar tambi\u00e9n, cuando resulten apropiadas, las siguientes recomendaciones pr\u00e1cticas:<br \/>\na.1) eliminaci\u00f3n o control de las fuentes de ignici\u00f3n;<br \/>\na.2) separaci\u00f3n de los procesos en que se utilicen solventes inflamables, respecto de: otros procesos; solventes inflamables almacenados a granel o productos almacenados a granel que podr\u00edan revelarse peligrosos en caso de\u00a0 incendio; locales e instalaciones que se encuentren fuera de los l\u00edmites del establecimiento y que escapen al control del empleador; y fuentes de ignici\u00f3n fijas;<br \/>\na.3) suministro de una atm\u00f3sfera inerte para el desarrollo de procesos y sistemas de manipulaci\u00f3n totalmente aislados;<br \/>\na.4) suministro de dispositivos de detecci\u00f3n de incendios y de alarma, los cuales, en la medida de lo posible, deber\u00edan incluir medios autom\u00e1ticos de extinci\u00f3n de incendios incipientes;<br \/>\na.5) instalaci\u00f3n de dispositivos para detectar aumentos de la presi\u00f3n en los recipientes y de sistemas autom\u00e1ticos de reducci\u00f3n de gases destinados a evitar explosiones.<\/p>\n<p style=\"text-align: justify;\">b)Sistemas y pr\u00e1cticas de trabajo seguros:<br \/>\nb.1) utilizaci\u00f3n y mantenimiento adecuados de las medidas de control t\u00e9cnico;<br \/>\nb.2) reducci\u00f3n al m\u00ednimo de las cantidades de solventes presentes en el lugar de trabajo;<br \/>\nb.3) reducci\u00f3n al m\u00ednimo de las cantidades de solventes manipulados y utilizados en otros recintos;<br \/>\nb.4) utilizaci\u00f3n de dispositivos de aislamiento para separar los emplazamientos de almacenamiento de los solventes respecto de las instalaciones donde normalmente tienen lugar los procesos;<br \/>\nb.5) separaci\u00f3n de los solventes incompatibles entre s\u00ed;<br \/>\nb.6) reducci\u00f3n del n\u00famero de trabajadores sometidos a exposici\u00f3n, y prohibici\u00f3n de acceso a toda persona cuya presencia no sea indispensable;<br \/>\nb.7) disposiciones para asegurar la evacuaci\u00f3n inmediata de los derrames;<br \/>\nb.8) disposiciones para la eliminaci\u00f3n de solventes en condiciones de seguridad;<br \/>\nb.9) utilizaci\u00f3n adecuada de r\u00f3tulos y carteles<\/p>\n<h3 style=\"text-align: justify;\">Protecci\u00f3n personal:<\/h3>\n<p style=\"text-align: justify;\">Al suministrar los equipos de protecci\u00f3n personal y las ropas de trabajo usuales se deber\u00eda tener la certeza de que su uso no aumenta la posibilidad de sufrir quemaduras graves. Algunos materiales sint\u00e9ticos pueden fundirse al estar en contacto con el fuego y, en consecuencia, contribuir al riesgo de quemaduras graves;<br \/>\ndeber\u00edan adoptarse las medidas adecuadas para hacer frente a una situaci\u00f3n de emergencia, las que deber\u00e1n quedar especificadas en el protocolo de utilizaci\u00f3n del solvente en cuesti\u00f3n.<\/p>\n<p style=\"text-align: justify;\">Tras evaluar los solventes que puedan resultar inflamables, inestables o explosivos, se deber\u00eda examinar la suficiencia de las v\u00edas de escape, las disposiciones para la extinci\u00f3n de incendios, los sistemas de alarma contra incendios y los procedimientos de evacuaci\u00f3n de las instalaciones.<\/p>\n<h3 style=\"text-align: justify;\">Almacenamiento de solventes peligrosos<\/h3>\n<p style=\"text-align: justify;\">Se deber\u00edan almacenar los solventes peligrosos en condiciones tales, ajustadas a sus propiedades y caracter\u00edsticas inherentes, que garanticen la seguridad y que est\u00e9n en conformidad con los criterios establecidos. Entre los solventes con propiedades y caracter\u00edsticas t\u00edpicas en este sentido, se incluyen: l\u00edquidos inflamables; explosivos; solventes t\u00f3xicos; solventes corrosivos; solventes que en caso de incendio producen humos altamente t\u00f3xicos; solventes oxidantes; solventes inestables.<\/p>\n<p style=\"text-align: justify;\">Los solventes que entra\u00f1an efectos cancer\u00edgenos, mut\u00e1genos, terat\u00f3genos para la salud deber\u00edan mantenerse estrictamente controlados. La utilizaci\u00f3n de recipientes, tales corno bidones, peque\u00f1as botellas, cilindros o bolsas, se presta para que ocurran entremezclas de solventes entre s\u00ed o con otros compuestos qu\u00edmicos. El peligro mayor es el de los incendios y de la consiguiente emisi\u00f3n de solventes o residuos de combusti\u00f3n. Los incendios son la causa de gran parte de los incidentes y los accidentes que se producen durante las actividades de almacenamiento y que provocan da\u00f1os o lesiones. Teniendo presentes estos aspectos esenciales, se deben dise\u00f1ar procedimientos de control para asegurar la protecci\u00f3n de los trabajadores, combinando cualesquiera de las medidas siguientes:<\/p>\n<p style=\"text-align: justify;\">a) la compatibilidad y el almacenamiento separado de los solventes. Se deber\u00edan mantener separados los solventes que, en contacto, podr\u00edan reaccionar dando origen a productos inestables o nocivos, o generando calor. Los solventes oxidantes deber\u00edan mantenerse separados de los l\u00edquidos inflamables o de otros solventes inflamables, debido a su reactividad y a su tendencia a generar calor<br \/>\nb) las cantidades m\u00e1ximas toleradas de los solventes almacenados. Se trata de imponer l\u00edmites a las cantidades de solventes que presenten determinadas propiedades caracter\u00edsticas, a fin de limitar los efectos de un accidente o incidente que involucre (o que pueda llegar a involucrar) dichos solventes en una situaci\u00f3n de emergencia<br \/>\nc) las condiciones de seguridad y v\u00edas de acceso adecuadas a las zonas de almacenamiento. Se deber\u00edan prohibir o someter a control las virtuales fuentes de ignici\u00f3n<br \/>\ne) el emplazamiento seguro de las zonas de almacenamiento. A fin de reducir al m\u00ednimo las repercusiones de un accidente, se deber\u00edan mantener las zonas de almacenamiento de solventes separadas de las zonas de proceso, de los locales donde se hallen presentes personas y de otras zonas de almacenamiento. Asimismo, los almacenes deber\u00edan estar alejados de fuentes de ignici\u00f3n fijas y de sitios o recintos situados fuera de los l\u00edmites de las instalaciones, sobre los cuales el IR no tiene ning\u00fan control, salvo cuando se trate de peque\u00f1as cantidades de un solvente peligroso almacenado en el lugar de trabajo de forma segura (por ejemplo, una peque\u00f1a cantidad de l\u00edquido inflamable depositado en armario resistente al fuego) la fabricaci\u00f3n, \u00edndole e integridad adecuadas de los contenedores la carga y descarga en condiciones de seguridad de los contenedores. Los criterios relativos al equipo adecuado y a los sistemas de trabajo seguros, incluida la formaci\u00f3n, revisten una importancia primordial. Las precauciones apropiadas contra las emisiones, incendios, explosiones y reacciones qu\u00edmicas accidentales<br \/>\nlas precauciones y formas de proceder adecuadas en caso de derrames exigencias relativas a la temperatura, humedad y ventilaci\u00f3n. Estas exigencias son especialmente importantes en casos en que la temperatura y la humedad ambientales son elevadas. Las exigencias relativas a la ventilaci\u00f3n deber\u00edan impedir la acumulaci\u00f3n de gases, vapores o humos en dependencias enclaustradas las exigencias de etiquetado y reetiquetado los procedimientos en caso de emergencia las exigencias relativas a los posibles cambios f\u00edsicos y qu\u00edmicos en los solventes almacenados (por ejemplo, no almacenar un producto qu\u00edmico m\u00e1s tiempo del per\u00edodo de expiraci\u00f3n recomendado en la etiqueta o en la ficha de datos de seguridad) el despliegue de sistemas de vigilancia.<\/p>\n<h2 style=\"text-align: justify;\">Transporte de solventes<\/h2>\n<p style=\"text-align: justify;\">Dado que los solventes peligrosos se deben transportar de conformidad con los criterios establecidos por la autoridad competente, coherentemente con las reglamentaciones nacionales o internacionales en materia de transporte, la Facultad dispone de un Servicio contratado para tal fin, que deber\u00e1 ser utilizado obligatoriamente, pera el descarte de solventes. En caso de infringir esta disposici\u00f3n, el IR recibir\u00e1 un primer apercibimiento y en una segunda oportunidad se clausurar\u00e1 su laboratorio hasta que opere en las condiciones normadas por la Facultad.<\/p>\n<h3 style=\"text-align: justify;\">Eliminaci\u00f3n y tratamiento de solventes<\/h3>\n<p style=\"text-align: justify;\">La evaluaci\u00f3n de riesgos realizada por el IR deber\u00eda incluir los riesgos que la eliminaci\u00f3n de los solventes que no se necesiten m\u00e1s pueda entra\u00f1ar para los trabajadores encargados de esa labor. Los solventes deber\u00edan ser manipulados, tratados o eliminados de modo que se eliminen o se reduzcan al m\u00ednimo los riesgos para la seguridad y la salud, as\u00ed como para el medio ambiente, de conformidad con la legislaci\u00f3n y la pr\u00e1ctica nacionales. Los recipientes que hayan sido vaciados pero que puedan contener restos de solventes peligrosos deben ser considerados como peligrosos.<\/p>\n<p style=\"text-align: justify;\">Los solventes peligrosos considerados como desechos se deben eliminar de conformidad con procedimientos basados en los criterios establecidos por la autoridad competente o formulados en normas, repertorios o directivas que hayan sido aprobados o reconocidos por la autoridad competente en materia de tratamiento y de eliminaci\u00f3n de solventes peligrosos y desechos peligrosos, a fin de garantizar la seguridad de los trabajadores; dichos criterios deber\u00edan ser compatibles con la protecci\u00f3n del p\u00fablico en general y del medio ambiente.<\/p>\n<p style=\"text-align: justify;\">Los criterios establecidos por la autoridad competente deben ser compatibles con la reglamentaci\u00f3n nacional e internacional sobre la eliminaci\u00f3n y el tratamiento de desechos peligrosos, y contener disposiciones, cuando corresponda, sobre: el m\u00e9todo para identificar los residuos.<\/p>\n<p style=\"text-align: justify;\">Se debe explicitar la condici\u00f3n de desechos de los productos que sean considerados como tales e identificarlos, cuando fuera posible, indicando las sustancias originales y los principales componentes que conforman los desechos.<\/p>\n<p style=\"text-align: justify;\">Los principales componentes deber\u00edan identificarse a partir de los registros de antecedentes de los productos. En aquellos casos en que se abrigaran dudas en cuanto al grado de riesgo de determinados residuos, se los deber\u00eda clasificar como altamente peligrosos la manipulaci\u00f3n de recipientes contaminados.<\/p>\n<p style=\"text-align: justify;\">Los contenedores vac\u00edos que a\u00fan presenten restos de solventes peligrosos, en espera de su eliminaci\u00f3n o reutilizaci\u00f3n, se deber\u00edan cerrar y almacenar, en condiciones similares a las de los contenedores llenos. Se deben conservar sobre los contenedores vac\u00edos la identificaci\u00f3n, marcado y etiquetado relativos a su contenido anterior la identificaci\u00f3n, fabricaci\u00f3n, \u00edndole, integridad y protecci\u00f3n de los recipientes con residuos. Se deber\u00edan dise\u00f1ar o escoger aquellos recipientes que permitan asegurar la protecci\u00f3n de los trabajadores contra los riesgos mencionados en los puntos precedentes, y que tengan en cuenta los m\u00e9todos de trabajo y eliminaci\u00f3n que se deban aplicar los efectos sobre el medio ambiente de trabajo. La descarga de aguas residuales, la eliminaci\u00f3n y el transporte de desechos de solventes, y la emisi\u00f3n de humos y vapores de solventes en la atm\u00f3sfera deber\u00edan llevarse a cabo de manera tal que se eliminen o reduzcan al m\u00ednimo los riesgos para los trabajadores, o deber\u00edan efectuarse de conformidad con la legislaci\u00f3n y la pr\u00e1ctica nacionales relativas a la protecci\u00f3n del p\u00fablico en general y del medio ambiente la demarcaci\u00f3n de zonas de eliminaci\u00f3n. Las zonas de eliminaci\u00f3n y las zonas de almacenamiento de desechos deber\u00edan instalarse en sitios apartados. Se deber\u00eda disponer de suficiente espacio en las instalaciones para evitar la presencia de recipientes con desechos en las zonas normales de proceso y almacenamiento. Para tal fin la Facultad dispone de una zona en el droguero del subsuelo.<br \/>\nel suministro, mantenimiento y utilizaci\u00f3n de equipos de protecci\u00f3n personal y de ropas protectoras.<\/p>\n<p style=\"text-align: justify;\">Se deber\u00edan poner a disposici\u00f3n de los trabajadores los medios d\u00e9 protecci\u00f3n personal contra los riesgos precedentes, y de conformidad con los m\u00e9todos de trabajo que se deban adoptar los m\u00e9todos de eliminaci\u00f3n o de tratamiento.<\/p>\n<p style=\"text-align: justify;\">Cuando no se disponga de medios e instalaciones in situ para la eliminaci\u00f3n de desechos en condiciones de seguridad, se deber\u00eda recurrir a el Servicio de Higiene y Seguridad de la Facultad, que tiene un contrato con una empresa especializada, que se encarga de eliminar los desechos de solventes peligrosos, de conformidad con la legislaci\u00f3n y la pr\u00e1ctica nacionales. En el caso de que el IR considere eliminar los desechos por medio pr\u00e1cticas del laboratorio (por ejemplo, destilaci\u00f3n para reciclado de solventes), esta labor deber\u00e1 llevarse a cabo en una instalaci\u00f3n y con arreglo a un procedimiento que garantice la seguridad de la operaci\u00f3n y aplicando un sistema de trabajo claramente establecido.<\/p>\n<p>&nbsp;<\/p>\n<p>Continua en Descartes de Solventes ,\u00a0<a class=\"boton\" href=\"https:\/\/exactas.uba.ar\/higieneyseguridad\/medio-ambiente\/residuos\/descartes-de-solventes\/programa-de-accion\/\">Programa de Acci\u00f3n<\/a><\/p>\n<p style=\"text-align: justify;\">\n","protected":false},"excerpt":{"rendered":"Solventes peligrosos para la salud Se deber\u00eda proteger a los trabajadores contra los riesgos de lesiones o enfermedades que los solventes peligrosos entra\u00f1an para la salud. En particular, los trabajadores no deber\u00edan hallarse expuestos a niveles por encima de los l\u00edmites de exposici\u00f3n o de otros criterios de exposici\u00f3n para la evaluaci\u00f3n y el control&#8230; <a class=\"view-article\" href=\"https:\/\/exactas.uba.ar\/higieneyseguridad\/medio-ambiente\/residuos\/descartes-de-solventes\/medidas-de-control\/\">LEER +<\/a>","protected":false},"author":2,"featured_media":0,"parent":2340,"menu_order":1,"comment_status":"closed","ping_status":"closed","template":"","meta":{"_acf_changed":false,"footnotes":""},"class_list":["post-2519","page","type-page","status-publish","hentry"],"acf":[],"_links":{"self":[{"href":"https:\/\/exactas.uba.ar\/higieneyseguridad\/wp-json\/wp\/v2\/pages\/2519","targetHints":{"allow":["GET"]}}],"collection":[{"href":"https:\/\/exactas.uba.ar\/higieneyseguridad\/wp-json\/wp\/v2\/pages"}],"about":[{"href":"https:\/\/exactas.uba.ar\/higieneyseguridad\/wp-json\/wp\/v2\/types\/page"}],"author":[{"embeddable":true,"href":"https:\/\/exactas.uba.ar\/higieneyseguridad\/wp-json\/wp\/v2\/users\/2"}],"replies":[{"embeddable":true,"href":"https:\/\/exactas.uba.ar\/higieneyseguridad\/wp-json\/wp\/v2\/comments?post=2519"}],"version-history":[{"count":6,"href":"https:\/\/exactas.uba.ar\/higieneyseguridad\/wp-json\/wp\/v2\/pages\/2519\/revisions"}],"predecessor-version":[{"id":5732,"href":"https:\/\/exactas.uba.ar\/higieneyseguridad\/wp-json\/wp\/v2\/pages\/2519\/revisions\/5732"}],"up":[{"embeddable":true,"href":"https:\/\/exactas.uba.ar\/higieneyseguridad\/wp-json\/wp\/v2\/pages\/2340"}],"wp:attachment":[{"href":"https:\/\/exactas.uba.ar\/higieneyseguridad\/wp-json\/wp\/v2\/media?parent=2519"}],"curies":[{"name":"wp","href":"https:\/\/api.w.org\/{rel}","templated":true}]}}