{"id":2517,"date":"2020-01-27T18:22:58","date_gmt":"2020-01-27T18:22:58","guid":{"rendered":"https:\/\/exactas.uba.ar\/higieneyseguridad\/?page_id=2517"},"modified":"2020-01-27T19:05:20","modified_gmt":"2020-01-27T19:05:20","slug":"procedimiento-de-evaluacion","status":"publish","type":"page","link":"https:\/\/exactas.uba.ar\/higieneyseguridad\/medio-ambiente\/residuos\/descartes-de-solventes\/procedimiento-de-evaluacion\/","title":{"rendered":"Descartes de Solventes: Procedimiento de Evaluaci\u00f3n"},"content":{"rendered":"<h2>Procedimientos de evaluaci\u00f3n<\/h2>\n<p>La evaluaci\u00f3n de los riesgos deber\u00e1 ser llevada a cabo por el Servicio de Higiene y Seguridad, a pedido del IR (o por el IR o por personas delegadas por \u00e9stos, que dispongan de las informaciones, los conocimientos y la formaci\u00f3n necesarios y que sean competentes para realizar esa labor).<\/p>\n<p>En la evaluaci\u00f3n debe incluirse:<\/p>\n<p>A) Evaluaci\u00f3n de los riesgos, en la que se examine la naturaleza qu\u00edmica de los solventes utilizados y la \u00edndole de los riesgos que entra\u00f1en, es decir, la medida en que puedan presentar uno o m\u00e1s de los siguientes riesgos:<\/p>\n<p style=\"padding-left: 80px;\">Afecciones agudas o cr\u00f3nicas como consecuencia de su absorci\u00f3n por el organismo por v\u00eda respiratoria, penetraci\u00f3n cut\u00e1nea o ingesti\u00f3n;<br \/>\nLesiones o afecciones que resulten del contacto de un producto con la epidermis o los ojos;<br \/>\nLesiones en caso de incendio, explosi\u00f3n o de otros eventos resultantes de las propiedades f\u00edsicas o de la reactividad qu\u00edmica del producto<\/p>\n<p style=\"text-align: justify;\">B) Apreciaci\u00f3n de las medidas de control, en la que se deber\u00edan estimar el riesgo y las posibilidades de eliminarlo, tomando en consideraci\u00f3n las medidas de control t\u00e9cnico y los sistemas de trabajo. La estimaci\u00f3n deber\u00eda abarcar los riesgos y las medidas de control y eliminaci\u00f3n. Al estimar los riesgos para la salud se deber\u00edan tomar en cuenta los l\u00edmites de exposici\u00f3n y otros criterios de exposici\u00f3n indicados, aprobados o reconocidos por la autoridad competente.<\/p>\n<p style=\"text-align: justify;\">C) Programa de acci\u00f3n, se deber\u00edan cotejar los resultados de la estimaci\u00f3n de riesgos con los criterios que la autoridad competente haya formulado, aprobado o reconocido en materia de seguridad en la utilizaci\u00f3n de solventes, y elaborar un programa basado en estos criterios establecidos o, en su defecto, en otros criterios reconocidos.<\/p>\n<p style=\"text-align: justify;\">La evaluaci\u00f3n de riesgos debe tener en cuenta:<br \/>\n1.- La cantidad de un solvente existente en el lugar de trabajo o de almacenamiento<br \/>\n2.-Los procedimientos aplicados en el lugar de trabajo para su manipuleo.<br \/>\n3.-La amplitud de la utilizaci\u00f3n de los solventes cuya responsabilidad incumbe al IR, y que podr\u00eda abarcar la producci\u00f3n, manipulaci\u00f3n, almacenamiento, transporte y eliminaci\u00f3n de los productos<br \/>\n4.-La diversidad de las tareas que concurren en una actividad laboral, en particular aquellas en que no se pueden utilizar los controles t\u00e9cnicos disponibles, como por ejemplo durante algunas labores de mantenimiento, de reparaci\u00f3n de aver\u00edas o de limpieza<br \/>\n5.-La \u00edndole de un solvente y la incidencia que las modalidades de su almacenamiento puedan tener en el aumento de los peligros y riesgos que entra\u00f1a, como por ejemplo un aumento de temperatura<br \/>\n6.-La probabilidad de que se produzca una falla o una sucesi\u00f3n de fallas en el sistema de medidas de control disponible y sus posibles consecuencias.<\/p>\n<p style=\"text-align: justify;\">Cuando sea pertinente, se deber\u00eda proceder a tomar muestras atmosf\u00e9ricas. Las muestras se podr\u00edan utilizar como par\u00e1metros de control para determinar la eficacia de las medidas adoptadas y, en particular, para evaluar la exposici\u00f3n en casos en que las operaciones o las tareas sean complejas y cuando existan l\u00edmites de exposici\u00f3n establecidos para los solventes utilizados.<\/p>\n<h3>Revisi\u00f3n de la evaluaci\u00f3n<\/h3>\n<p>Se deber\u00eda revisar la evaluaci\u00f3n cada vez que haya lugar para considerar que ha perdido su vigencia, o cuando lo justifique la importancia de los cambios producidos en el trabajo a que se refiera tal evaluaci\u00f3n.<\/p>\n<p>Entre los elementos que pueden tomarse en cuenta para considerar que una evaluaci\u00f3n ha dejado de ser adecuada figuran, por ejemplo:<\/p>\n<p>A) Los resultados que proporcione la realizaci\u00f3n peri\u00f3dica de ex\u00e1menes pormenorizados y pruebas de los controles t\u00e9cnicos<br \/>\nB) Un suceso que hubiera provocado o hubiera podido provocar un incendio o explosi\u00f3n<br \/>\nC) Los resultados del control de la exposici\u00f3n en el lugar de trabajo, los resultados de la vigilancia de las condiciones de salubridad o de la vigilancia m\u00e9dica, o un caso confirmado de enfermedad de car\u00e1cter profesional<br \/>\nD) Nuevas informaciones relativas a los peligros para la salud o a los riesgos de incendio y explosiones.<\/p>\n<p>Se consideran como cambios importantes en el trabajo:<\/p>\n<p>1.- Los cambios producidos en las sustancias utilizadas o en su fuente de suministro<br \/>\n2.-Las modificaciones de las instalaciones, incluidos los controles t\u00e9cnicos<br \/>\n3.-Los cambios ocurridos en los sistemas y m\u00e9todos de trabajo<br \/>\n4.-Las variaciones en el volumen o la cadencia de la producci\u00f3n.<\/p>\n<h3>Eliminaci\u00f3n<\/h3>\n<p>Al realizar las evaluaciones, el IR deber\u00edan incluir sus apreciaciones sobre las posibilidades de eliminar los riesgos que entra\u00f1en los solventes peligrosos, ya sea:<\/p>\n<p>A) poniendo fin a su utilizaci\u00f3n<br \/>\nB) sustituy\u00e9ndolos por solventes menos peligrosos o por los mismos productos presentados en formas que revistan una menor peligrosidad. Con respecto a los sustitutos propuestos, se deber\u00edan tomar en consideraci\u00f3n todos sus \u00a0riesgos conocidos, y deber\u00edan adoptarse medidas de precauci\u00f3n antes de efectuar la sustituci\u00f3n utilizando un proceso alternativo.<\/p>\n<p>Cuando no se pueda evitar la utilizaci\u00f3n de solventes peligrosos, se deber\u00edan aplicar las medidas de control relativas a la salud, a las propiedades de inflamaci\u00f3n y explosi\u00f3n, al almacenamiento, transporte y eliminaci\u00f3n).<\/p>\n<p>Continuar leyendo\u00a0 Descartes de Solventes :\u00a0<a class=\"boton\" href=\"https:\/\/exactas.uba.ar\/higieneyseguridad\/medio-ambiente\/residuos\/descartes-de-solventes\/medidas-de-control\/\">Medidas de Control<\/a><\/p>\n<p>&nbsp;<\/p>\n<p>&nbsp;<\/p>\n","protected":false},"excerpt":{"rendered":"Procedimientos de evaluaci\u00f3n La evaluaci\u00f3n de los riesgos deber\u00e1 ser llevada a cabo por el Servicio de Higiene y Seguridad, a pedido del IR (o por el IR o por personas delegadas por \u00e9stos, que dispongan de las informaciones, los conocimientos y la formaci\u00f3n necesarios y que sean competentes para realizar esa labor). En la&#8230; <a class=\"view-article\" href=\"https:\/\/exactas.uba.ar\/higieneyseguridad\/medio-ambiente\/residuos\/descartes-de-solventes\/procedimiento-de-evaluacion\/\">LEER +<\/a>","protected":false},"author":2,"featured_media":0,"parent":2340,"menu_order":0,"comment_status":"closed","ping_status":"closed","template":"","meta":{"_acf_changed":false,"footnotes":""},"class_list":["post-2517","page","type-page","status-publish","hentry"],"acf":[],"_links":{"self":[{"href":"https:\/\/exactas.uba.ar\/higieneyseguridad\/wp-json\/wp\/v2\/pages\/2517","targetHints":{"allow":["GET"]}}],"collection":[{"href":"https:\/\/exactas.uba.ar\/higieneyseguridad\/wp-json\/wp\/v2\/pages"}],"about":[{"href":"https:\/\/exactas.uba.ar\/higieneyseguridad\/wp-json\/wp\/v2\/types\/page"}],"author":[{"embeddable":true,"href":"https:\/\/exactas.uba.ar\/higieneyseguridad\/wp-json\/wp\/v2\/users\/2"}],"replies":[{"embeddable":true,"href":"https:\/\/exactas.uba.ar\/higieneyseguridad\/wp-json\/wp\/v2\/comments?post=2517"}],"version-history":[{"count":5,"href":"https:\/\/exactas.uba.ar\/higieneyseguridad\/wp-json\/wp\/v2\/pages\/2517\/revisions"}],"predecessor-version":[{"id":2525,"href":"https:\/\/exactas.uba.ar\/higieneyseguridad\/wp-json\/wp\/v2\/pages\/2517\/revisions\/2525"}],"up":[{"embeddable":true,"href":"https:\/\/exactas.uba.ar\/higieneyseguridad\/wp-json\/wp\/v2\/pages\/2340"}],"wp:attachment":[{"href":"https:\/\/exactas.uba.ar\/higieneyseguridad\/wp-json\/wp\/v2\/media?parent=2517"}],"curies":[{"name":"wp","href":"https:\/\/api.w.org\/{rel}","templated":true}]}}