{"id":2441,"date":"2020-01-27T15:39:53","date_gmt":"2020-01-27T15:39:53","guid":{"rendered":"https:\/\/exactas.uba.ar\/higieneyseguridad\/?page_id=2441"},"modified":"2026-03-25T22:29:58","modified_gmt":"2026-03-25T22:29:58","slug":"informacion-de-disposicion-de-residuos-en-exactas","status":"publish","type":"page","link":"https:\/\/exactas.uba.ar\/higieneyseguridad\/medio-ambiente\/residuos\/informacion-de-disposicion-de-residuos-en-exactas\/","title":{"rendered":"Informaci\u00f3n de disposici\u00f3n de Residuos Peligrosos y Patog\u00e9nicos en Exactas"},"content":{"rendered":"<h2>Material disponible para descarte de Residuos Peligrosos y Patog\u00e9nicos<\/h2>\n<p>a) Tacho Rojo para residuos patog\u00e9nicos<\/p>\n<p>b) Descartador de Puntocortantes<\/p>\n<p>c) Bolsas rojas para residuos patog\u00e9nicos y precintos<\/p>\n<p>d) Cajas de cart\u00f3n<\/p>\n<p>e) Bolsas amarillas para residuos peligrosos<\/p>\n<p>f) Bidones pl\u00e1sticos de 5 litros<\/p>\n<p>&nbsp;<\/p>\n<h2>Como solicitar Envases para el Descarte de Residuos Peligrosos y Patog\u00e9ncios<\/h2>\n<p><strong>Solicitar en el siguiente link<\/strong> <a class=\"boton\" href=\"http:\/\/encuestas.exactas.uba.ar\/index.php\/929469?lang=es\">MATERIAL PARA DESCARTE<\/a><\/p>\n<p>El SHyS se comunicar\u00e1 para informarle cuando este listo el pedido para retirarlo<\/p>\n<h2>Horarios de Recepci\u00f3n de Residuos<\/h2>\n<h3>Residuos Peligrosos<\/h3>\n<p style=\"padding-left: 40px;\"><b>Lugar:<\/b>\u00a0Subsuelo Pab. II (al lado de automotores)<br \/>\n<b>Horarios:<\/b>\u00a0 Los d\u00edas <strong>martes <\/strong>en el horario de 11 a 12 horas y los d\u00edas <strong>jueves<\/strong> de 14 a 15 horas.<\/p>\n<h3>Residuos Patog\u00e9nicos<\/h3>\n<p><b>D\u00eda MARTES:<\/b><\/p>\n<p><b>\u00a0 \u00a0 \u00a0 \u00a0 \u00a0 Lugar:<\/b> Edificio IFIBYNE<br \/>\n<strong>\u00a0 \u00a0 \u00a0 \u00a0 \u00a0 Horario:<\/strong> Martes 09:45 a 10:15 horas.<\/p>\n<p><b>\u00a0 \u00a0 \u00a0 \u00a0 \u00a0 Lugar:<\/b> Subsuelo Pab. II (al lado local de residuos peligrosos)<br \/>\n<strong>\u00a0 \u00a0 \u00a0 \u00a0 \u00a0 Horario:<\/strong> Martes 10:30 a 11 horas.<\/p>\n<p dir=\"ltr\">Calendario de recepci\u00f3n de <u><b>residuos patog\u00e9nicos MARZO 2026<\/b><\/u>:<\/p>\n<p dir=\"ltr\">-Martes 10 de marzo, de 9:45hs a 10:15hs en el <strong>Edificio IFIBYNE.<\/strong><\/p>\n<p dir=\"ltr\">-Martes 10 de marzo, de 10:30hs a 11:00hs en el <strong>subsuelo del Pabell\u00f3n II<\/strong> (al lado del local de residuos peligrosos).<\/p>\n<p dir=\"ltr\">-Martes 31 de marzo, de 9:45hs a 10:15hs en el <strong>Edificio IFIBYNE.<\/strong><\/p>\n<p dir=\"ltr\">-Martes 31 de marzo, de 10:30hs a 11:00hs en el <strong>subsuelo del Pabell\u00f3n II<\/strong> (al lado del local de residuos peligrosos).<\/p>\n<p dir=\"ltr\">Calendario de recepci\u00f3n de <u><b>residuos patog\u00e9nicos Abril 2026<\/b><\/u>:<\/p>\n<p dir=\"ltr\">-Martes 14 de abril, de 9:45hs a 10:15hs en el <strong>Edificio IFIBYNE.<\/strong><\/p>\n<p dir=\"ltr\">-Martes 14 de abril, de 10:30hs a 11:00hs en el <strong>subsuelo del Pabell\u00f3n II<\/strong> (al lado del local de residuos peligrosos).<\/p>\n<p dir=\"ltr\">-Martes 28 de abril, de 9:45hs a 10:15hs en el <strong>Edificio IFIBYNE.<\/strong><\/p>\n<p dir=\"ltr\">-Martes 28 de abril, de 10:30hs a 11:00hs en el <strong>subsuelo del Pabell\u00f3n II<\/strong> (al lado del local de residuos peligrosos).<\/p>\n<h2>Manifiestos<\/h2>\n<p style=\"padding-left: 40px;\"><a class=\"boton doc\" href=\"https:\/\/exactas.uba.ar\/higieneyseguridad\/wp-content\/uploads\/2019\/04\/PO7-5-1-t-Anexo-I-Manifiesto-de-Residuos-Peligrosos.pdf\">Manifiesto de Residuos Peligrosos<\/a><\/p>\n<p style=\"padding-left: 40px;\"><a class=\"boton doc\" href=\"https:\/\/exactas.uba.ar\/higieneyseguridad\/wp-content\/uploads\/2019\/04\/PO7-5-1-t-Anexo-II-Manifiesto-de-Residuos-Patog\u00e9nicos.pdf\">Manifiesto de Residuos Patog\u00e9nicos<\/a><\/p>\n<p><a class=\"boton \" href=\"http:\/\/2007-2016.exactas.uba.ar\/download.php?id=6005\">CARTEL INFORMATIVO SOBRE DISPOSICI\u00d3N DE RESIDUOS<\/a><\/p>\n<p style=\"padding-left: 40px;\"><a href=\"https:\/\/exactas.uba.ar\/higieneyseguridad\/wp-content\/uploads\/2025\/05\/Folleto-triptico-Residuos-peligrosos-y-patogenicos-Rev.4.pdf\">TRIPTICO\u00a0 Residuos peligrosos y patog\u00e9nicos &#8211; Rev.4<\/a><\/p>\n<p>&nbsp;<\/p>\n","protected":false},"excerpt":{"rendered":"Material disponible para descarte de Residuos Peligrosos y Patog\u00e9nicos a) Tacho Rojo para residuos patog\u00e9nicos b) Descartador de Puntocortantes c) Bolsas rojas para residuos patog\u00e9nicos y precintos d) Cajas de cart\u00f3n e) Bolsas amarillas para residuos peligrosos f) Bidones pl\u00e1sticos de 5 litros &nbsp; Como solicitar Envases para el Descarte de Residuos Peligrosos y Patog\u00e9ncios&#8230; <a class=\"view-article\" href=\"https:\/\/exactas.uba.ar\/higieneyseguridad\/medio-ambiente\/residuos\/informacion-de-disposicion-de-residuos-en-exactas\/\">LEER +<\/a>","protected":false},"author":2,"featured_media":0,"parent":135,"menu_order":4,"comment_status":"closed","ping_status":"closed","template":"","meta":{"_acf_changed":false,"footnotes":""},"class_list":["post-2441","page","type-page","status-publish","hentry"],"acf":[],"_links":{"self":[{"href":"https:\/\/exactas.uba.ar\/higieneyseguridad\/wp-json\/wp\/v2\/pages\/2441","targetHints":{"allow":["GET"]}}],"collection":[{"href":"https:\/\/exactas.uba.ar\/higieneyseguridad\/wp-json\/wp\/v2\/pages"}],"about":[{"href":"https:\/\/exactas.uba.ar\/higieneyseguridad\/wp-json\/wp\/v2\/types\/page"}],"author":[{"embeddable":true,"href":"https:\/\/exactas.uba.ar\/higieneyseguridad\/wp-json\/wp\/v2\/users\/2"}],"replies":[{"embeddable":true,"href":"https:\/\/exactas.uba.ar\/higieneyseguridad\/wp-json\/wp\/v2\/comments?post=2441"}],"version-history":[{"count":46,"href":"https:\/\/exactas.uba.ar\/higieneyseguridad\/wp-json\/wp\/v2\/pages\/2441\/revisions"}],"predecessor-version":[{"id":8895,"href":"https:\/\/exactas.uba.ar\/higieneyseguridad\/wp-json\/wp\/v2\/pages\/2441\/revisions\/8895"}],"up":[{"embeddable":true,"href":"https:\/\/exactas.uba.ar\/higieneyseguridad\/wp-json\/wp\/v2\/pages\/135"}],"wp:attachment":[{"href":"https:\/\/exactas.uba.ar\/higieneyseguridad\/wp-json\/wp\/v2\/media?parent=2441"}],"curies":[{"name":"wp","href":"https:\/\/api.w.org\/{rel}","templated":true}]}}