{"id":2437,"date":"2020-01-27T15:30:37","date_gmt":"2020-01-27T15:30:37","guid":{"rendered":"https:\/\/exactas.uba.ar\/higieneyseguridad\/?page_id=2437"},"modified":"2022-11-14T16:09:09","modified_gmt":"2022-11-14T16:09:09","slug":"disposicion-de-residuos-patogenicos","status":"publish","type":"page","link":"https:\/\/exactas.uba.ar\/higieneyseguridad\/medio-ambiente\/residuos\/residuos-patogenicos\/disposicion-de-residuos-patogenicos\/","title":{"rendered":"Disposici\u00f3n de Residuos Patog\u00e9nicos"},"content":{"rendered":"<h3 style=\"text-align: justify;\">Residuos s\u00f3lidos o pastas<\/h3>\n<p style=\"text-align: justify;\">En el lugar donde se generan: los residuos deben disponerse en una bolsa roja dentro de un recipiente rojo con tapa accionada a pedal, en un sitio que no sea el de paso, en particular residuos de nivel de riesgo 2 s\u00f3lo deben acopiarse en \u00e1reas de cultivo. Las bolsas rojas deben cerrarse cuando est\u00e1n completadas hasta las \u00be partes.<\/p>\n<p style=\"text-align: justify;\">Acopio transitorio en Recipientes (tachos, tambores) rojos mas grandes con bolsa roja grande, solo en sitios destinados a tal fin o bien en freezers o heladeras tambi\u00e9n destinadas al acopio de los mismos.<\/p>\n<p style=\"text-align: justify;\">El SHyS realiza la recepci\u00f3n de los residuos patog\u00e9nicos en el local de acopio transitorio .El transporte debe realizarse en recipientes rojos manuales o con ruedas con tapa de acuerdo al tama\u00f1o a trasladar<\/p>\n<p style=\"text-align: justify;\"><strong>Estos residuos generados en la FCEN son retirados por un tratador el mismo d\u00eda de recepci\u00f3n en el local de acopio transitorio. Estos residuos pueden ser enviados tal cual o inactivados con un tratamiento de autoclave. <\/strong><\/p>\n<p style=\"text-align: justify;\">Los residuos deben entregarse con un manifiesto solamente, ver manifiesto para residuos<\/p>\n<h3 style=\"text-align: justify;\">Residuos l\u00edquidos<\/h3>\n<p style=\"text-align: justify;\">Los residuos patog\u00e9nicos l\u00edquidos deben descontaminarse colocando una cantidad de cloro cuya concentraci\u00f3n final es del 10%, pasados 20 minutos puede descartarse por la pileta. Consultar tablas de agentes antimicrobianos para verificar la efectividad los mismos frente a los agentes biol\u00f3gicos.<\/p>\n","protected":false},"excerpt":{"rendered":"Residuos s\u00f3lidos o pastas En el lugar donde se generan: los residuos deben disponerse en una bolsa roja dentro de un recipiente rojo con tapa accionada a pedal, en un sitio que no sea el de paso, en particular residuos de nivel de riesgo 2 s\u00f3lo deben acopiarse en \u00e1reas de cultivo. Las bolsas rojas&#8230; <a class=\"view-article\" href=\"https:\/\/exactas.uba.ar\/higieneyseguridad\/medio-ambiente\/residuos\/residuos-patogenicos\/disposicion-de-residuos-patogenicos\/\">LEER +<\/a>","protected":false},"author":2,"featured_media":0,"parent":2433,"menu_order":1,"comment_status":"closed","ping_status":"closed","template":"","meta":{"_acf_changed":false,"footnotes":""},"class_list":["post-2437","page","type-page","status-publish","hentry"],"acf":[],"_links":{"self":[{"href":"https:\/\/exactas.uba.ar\/higieneyseguridad\/wp-json\/wp\/v2\/pages\/2437","targetHints":{"allow":["GET"]}}],"collection":[{"href":"https:\/\/exactas.uba.ar\/higieneyseguridad\/wp-json\/wp\/v2\/pages"}],"about":[{"href":"https:\/\/exactas.uba.ar\/higieneyseguridad\/wp-json\/wp\/v2\/types\/page"}],"author":[{"embeddable":true,"href":"https:\/\/exactas.uba.ar\/higieneyseguridad\/wp-json\/wp\/v2\/users\/2"}],"replies":[{"embeddable":true,"href":"https:\/\/exactas.uba.ar\/higieneyseguridad\/wp-json\/wp\/v2\/comments?post=2437"}],"version-history":[{"count":3,"href":"https:\/\/exactas.uba.ar\/higieneyseguridad\/wp-json\/wp\/v2\/pages\/2437\/revisions"}],"predecessor-version":[{"id":5871,"href":"https:\/\/exactas.uba.ar\/higieneyseguridad\/wp-json\/wp\/v2\/pages\/2437\/revisions\/5871"}],"up":[{"embeddable":true,"href":"https:\/\/exactas.uba.ar\/higieneyseguridad\/wp-json\/wp\/v2\/pages\/2433"}],"wp:attachment":[{"href":"https:\/\/exactas.uba.ar\/higieneyseguridad\/wp-json\/wp\/v2\/media?parent=2437"}],"curies":[{"name":"wp","href":"https:\/\/api.w.org\/{rel}","templated":true}]}}