{"id":2433,"date":"2020-01-27T15:25:26","date_gmt":"2020-01-27T15:25:26","guid":{"rendered":"https:\/\/exactas.uba.ar\/higieneyseguridad\/?page_id=2433"},"modified":"2020-10-09T22:35:33","modified_gmt":"2020-10-09T22:35:33","slug":"residuos-patogenicos","status":"publish","type":"page","link":"https:\/\/exactas.uba.ar\/higieneyseguridad\/medio-ambiente\/residuos\/residuos-patogenicos\/","title":{"rendered":"Residuos Patog\u00e9nicos"},"content":{"rendered":"<p><strong>Los residuos patog\u00e9nicos son una categor\u00eda dentro de la clasificaci\u00f3n de la ley de residuos peligrosos. <\/strong><\/p>\n<p>Los siguientes tipos de residuos son clasificados y manejados como residuos patog\u00e9nicos:<\/p>\n<p style=\"padding-left: 80px;\">* Sangre y productos sangu\u00edneos.<\/p>\n<p style=\"padding-left: 80px;\">* Cultivos y cepas de agentes infecciosos.<\/p>\n<p style=\"padding-left: 80px;\">* Residuos patol\u00f3gicos.<\/p>\n<p style=\"padding-left: 80px;\">* Elementos punzo-cortantes.<\/p>\n<p style=\"padding-left: 80px;\">* Residuos contaminados de laboratorio.<\/p>\n<p style=\"padding-left: 80px;\">* Residuos originados en la atenci\u00f3n de pacientes.<\/p>\n<p style=\"padding-left: 80px;\">* Productos biol\u00f3gicos desechados.<\/p>\n<p style=\"padding-left: 80px;\">* Cad\u00e1veres y partes corporales de animales de experimentaci\u00f3n.<\/p>\n<p style=\"padding-left: 80px;\">* Equipos contaminados.<\/p>\n<p style=\"padding-left: 80px;\">* Diversos desechos contaminados.<\/p>\n<h3>Sangre y productos sangu\u00edneos:<\/h3>\n<p>En este \u00edtem se incluye restos de sangre humana y residuos de productos sangu\u00edneos tales como suero, plasma, y otros compuestos.<\/p>\n<p>Estos elementos deben siempre clasificarse y manejarse como residuos infecciosos en vista de la posible presencia de agentes que originan enfermedades infecciosas. Por ejemplo S\u00edndrome de Inmuno Deficiencia Adquirida, Hepatitis B, enfermedades que son graves y debilitantes.<\/p>\n<p>Por lo expresado es esencial que se adopten medidas para minimizar la exposici\u00f3n a estos residuos.<\/p>\n<h3>Cultivos y cepas de agentes infecciosos:<\/h3>\n<p>Esta categor\u00eda debe ser siempre manejada como residuo infeccioso a causa de la alta concentraci\u00f3n de microorganismos pat\u00f3genos normalmente presentes en estos materiales.<\/p>\n<p>Se incluyen en esta categor\u00eda a muestras de cultivos de laboratorios, cultivos y cepas de agentes pat\u00f3genos provenientes de investigaci\u00f3n y laboratorio.<\/p>\n<p>Tambi\u00e9n se hallan incluidos dentro de este \u00edtem las placas de petri y materiales utilizados para transmitir, inocular y mezclar cultivos.<\/p>\n<h3>Cultivos y cepas de agentes no infecciosos:<\/h3>\n<p>Esta categor\u00eda debe ser siempre manejada como residuo patog\u00e9nico a pesar de no tratarse de un agente causante de enfermedades.<\/p>\n<p>Se incluyen en esta categor\u00eda a muestras de cultivos de laboratorios, cultivos y cepas de agentes <u>no pat\u00f3genos<\/u> provenientes de investigaci\u00f3n y laboratorio.<\/p>\n<p>Tambi\u00e9n se hallan incluidos dentro de este \u00edtem las placas de petri y aparatos empleados para transmitir, inocular y mezclar cultivos.<\/p>\n<p><!--nextpage--><\/p>\n<h3>Elementos punzo-cortantes:<\/h3>\n<p>Esta categor\u00eda abarca a las agujas hipod\u00e9rmicas, jeringas, agujas intravenosas, bistur\u00eds, pipetas descartables, tubos capilares, porta y cubre-objetos de microscopios y vidrios rotos.<\/p>\n<p>Los elementos punzo-cortantes contaminados son reconocidos como una categor\u00eda que requiere especial cuidado en su manipuleo debido al doble riesgo que presentan de ocasionar un da\u00f1o y de inducir una enfermedad.<\/p>\n<p>Los cortes, heridas y lesiones punzantes originados por estos elementos constituyen v\u00edas de acceso de agentes infecciosos a trav\u00e9s de la piel da\u00f1ada. La persona lastimada estar\u00e1 entonces bajo riesgo de infecci\u00f3n y de enfermedad.<\/p>\n<p>Solamente hay un modo de prevenir heridas si se debe manipular estos residuos, y es coloc\u00e1ndolos, una vez usados, directamente en recipientes especiales que los contengan y que protejan contra lastimaduras.<\/p>\n<p>Los elementos punzo-cortantes que no fueron expuestos a agentes pat\u00f3genos y por tanto no est\u00e9n contaminados, es decir no sean infecciosos, deben tratarlos de manera uniforme sin diferenciar entre aquellos que est\u00e9n contaminados y aquellos que no lo est\u00e9n.<\/p>\n<h3>Residuos contaminados de laboratorio:<\/h3>\n<p>Esta categor\u00eda incluye a todos los residuos potencialmente infecciosos generados en laboratorios de investigaci\u00f3n m\u00e9dica, patol\u00f3gica, microbiol\u00f3gica, farmac\u00e9utica o generados en otros laboratorios industriales.<\/p>\n<p>Se citan como ejemplos de esta categor\u00eda:<\/p>\n<ul>\n<li>Recipientes que contuvieron muestras y cultivos de microorganismos, tales como placas de petri, tips, epperdorf y tubos de ensayo.<\/li>\n<li>Elementos utilizados para manipular materiales infecciosos tales como muestras y cultivos, por ejemplo: pipetas, utensilios para untar o esparcir cultivos, esponjas, porta y cubre de microscopios.<\/li>\n<li>Equipo protector del personal, tales como guantes desechables, ropas de laboratorio, delantales y barbijos que est\u00e9n contaminados.<\/li>\n<\/ul>\n<h3>Productos biol\u00f3gicos desechados:<\/h3>\n<p>Esta categor\u00eda incluye a residuos biol\u00f3gicos, tales como vacunas y cultivos atenuados.<\/p>\n<p>Cad\u00e1veres y partes corporales de animales de experimentaci\u00f3n:<\/p>\n<p>En algunos proyectos de experimentaci\u00f3n ciertos animales son infectados con microbios pat\u00f3genos del ser humano a fin de estudiar procesos de afecciones y la eficacia y efectos colaterales de productos farmac\u00e9uticos. Los residuos de investigaciones como restos corporales, deben ser considerados infecciosos y manejados como tales a fin de minimizar riesgos de exposici\u00f3n para quienes deben manipularlos.<\/p>\n<h3>Cultivos celulares:<\/h3>\n<p>De cualquier tipo y todo material descartable utilizado para el desarrollo del mismo<\/p>\n<h3>Diversos desechos contaminados:<\/h3>\n<p>En este \u00edtem se incluyen aquellos tipos de residuos de laboratorio que no sean residuos domiciliarios, que no hayan quedado abarcados en alguna de las categor\u00edas anteriores y que por su\u00a0 caracter\u00edstica de perecedero no pueda ser descartado como peligroso<\/p>\n<h1 style=\"text-align: justify;\"><\/h1>\n","protected":false},"excerpt":{"rendered":"Los residuos patog\u00e9nicos son una categor\u00eda dentro de la clasificaci\u00f3n de la ley de residuos peligrosos. Los siguientes tipos de residuos son clasificados y manejados como residuos patog\u00e9nicos: * Sangre y productos sangu\u00edneos. * Cultivos y cepas de agentes infecciosos. * Residuos patol\u00f3gicos. * Elementos punzo-cortantes. * Residuos contaminados de laboratorio. * Residuos originados en&#8230; <a class=\"view-article\" href=\"https:\/\/exactas.uba.ar\/higieneyseguridad\/medio-ambiente\/residuos\/residuos-patogenicos\/\">LEER +<\/a>","protected":false},"author":2,"featured_media":0,"parent":135,"menu_order":1,"comment_status":"closed","ping_status":"closed","template":"","meta":{"_acf_changed":false,"footnotes":""},"class_list":["post-2433","page","type-page","status-publish","hentry"],"acf":[],"_links":{"self":[{"href":"https:\/\/exactas.uba.ar\/higieneyseguridad\/wp-json\/wp\/v2\/pages\/2433","targetHints":{"allow":["GET"]}}],"collection":[{"href":"https:\/\/exactas.uba.ar\/higieneyseguridad\/wp-json\/wp\/v2\/pages"}],"about":[{"href":"https:\/\/exactas.uba.ar\/higieneyseguridad\/wp-json\/wp\/v2\/types\/page"}],"author":[{"embeddable":true,"href":"https:\/\/exactas.uba.ar\/higieneyseguridad\/wp-json\/wp\/v2\/users\/2"}],"replies":[{"embeddable":true,"href":"https:\/\/exactas.uba.ar\/higieneyseguridad\/wp-json\/wp\/v2\/comments?post=2433"}],"version-history":[{"count":8,"href":"https:\/\/exactas.uba.ar\/higieneyseguridad\/wp-json\/wp\/v2\/pages\/2433\/revisions"}],"predecessor-version":[{"id":3703,"href":"https:\/\/exactas.uba.ar\/higieneyseguridad\/wp-json\/wp\/v2\/pages\/2433\/revisions\/3703"}],"up":[{"embeddable":true,"href":"https:\/\/exactas.uba.ar\/higieneyseguridad\/wp-json\/wp\/v2\/pages\/135"}],"wp:attachment":[{"href":"https:\/\/exactas.uba.ar\/higieneyseguridad\/wp-json\/wp\/v2\/media?parent=2433"}],"curies":[{"name":"wp","href":"https:\/\/api.w.org\/{rel}","templated":true}]}}