{"id":2416,"date":"2020-01-27T14:32:48","date_gmt":"2020-01-27T14:32:48","guid":{"rendered":"https:\/\/exactas.uba.ar\/higieneyseguridad\/?page_id=2416"},"modified":"2020-01-27T17:06:45","modified_gmt":"2020-01-27T17:06:45","slug":"almacenamiento-temporal","status":"publish","type":"page","link":"https:\/\/exactas.uba.ar\/higieneyseguridad\/medio-ambiente\/residuos\/residuos-peligrosos\/almacenamiento-temporal\/","title":{"rendered":"Almacenamiento Temporal de Residuos Peligrosos"},"content":{"rendered":"<p style=\"text-align: justify;\">Desde el momento de la generaci\u00f3n de un residuo hasta que se traslada al local de acopio de Higiene y Seguridad, su almacenamiento y segregaci\u00f3n en las distintas corrientes es responsabilidad del generador, que debe llevarlo a cabo correctamente.<\/p>\n<p style=\"text-align: justify;\">Cada Investigador responsable y\/o Director de departamento nombra un responsable general de residuos.<\/p>\n<p style=\"text-align: justify;\">En algunos casos, en funci\u00f3n de las cantidades generadas y de la periodicidad de su traslado al local de acopio, puede ser recomendable disponer de un local espec\u00edfico para el almacenamiento de los residuos, si las cantidades son peque\u00f1as o los tipos de residuos no implican riesgo muy elevado de incendio o toxicidad, los contenedores pueden almacenarse en el laboratorio, procurando habilitar un espacio exclusivo para este fin, lejos de las v\u00edas de evacuaci\u00f3n deposit\u00e1ndolos en el suelo o sobre estanter\u00edas met\u00e1licas, evitando el apilamiento.<\/p>\n<p><strong><em><u>Nota:<\/u><\/em><\/strong><strong><em> No almacenar, ni dejar para el retiro, cajas o bidones en la puerta del laboratorio o PASILLOS.<\/em><\/strong><\/p>\n<p style=\"text-align: justify;\">El Servicio de Higiene y Seguridad facilita los envases que se vayan a utilizar, para cada caja o bid\u00f3n se emitir\u00e1n 2 etiquetas. Una de ellas se adhiere a una cara del envase, la otra ser\u00e1 entregada al Servicio de Higiene y Seguridad junto con el residuo peligroso.<\/p>\n<p style=\"text-align: justify;\"><strong>Las etiquetas del envase deber\u00e1n estar firmemente adheridas en su totalidad<\/strong>, ya sea con cinta de embalar o con una cobertura pl\u00e1stica. Deber\u00e1n contener todos los datos que se solicitan y <strong>no se aceptar\u00e1n sin la firma del responsable del laboratorio\u00a0 o el encargado de seguridad del laboratorio y los datos que identifican al Responsable (IdPP)<\/strong>.<\/p>\n<p style=\"text-align: justify;\">En el caso de tratarse de un laboratorio de docencia puede estar firmado por el Jefe de Trabajos Pr\u00e1cticos<\/p>\n<p style=\"text-align: justify;\">Cuando un envase para l\u00edquidos est\u00e9 lleno en su 80%, o un envase para s\u00f3lidos est\u00e9 completamente lleno, el responsable de residuos, lo traslada al lugar de almacenamiento temporal y controla el correcto envasado, etiquetado e identificaci\u00f3n.<\/p>\n<p>Continua en&#8230;&#8230;<a class=\"boton\" href=\"https:\/\/exactas.uba.ar\/higieneyseguridad\/medio-ambiente\/residuos\/residuos-peligrosos\/normas-de-seguridad-para-manipular-residuos-peligrosos\/\">Normas de Seguridad para Manipular Residuos Peligrosos<\/a><\/p>\n","protected":false},"excerpt":{"rendered":"Desde el momento de la generaci\u00f3n de un residuo hasta que se traslada al local de acopio de Higiene y Seguridad, su almacenamiento y segregaci\u00f3n en las distintas corrientes es responsabilidad del generador, que debe llevarlo a cabo correctamente. Cada Investigador responsable y\/o Director de departamento nombra un responsable general de residuos. En algunos casos,&#8230; <a class=\"view-article\" href=\"https:\/\/exactas.uba.ar\/higieneyseguridad\/medio-ambiente\/residuos\/residuos-peligrosos\/almacenamiento-temporal\/\">LEER +<\/a>","protected":false},"author":2,"featured_media":0,"parent":2409,"menu_order":1,"comment_status":"closed","ping_status":"closed","template":"","meta":{"_acf_changed":false,"footnotes":""},"class_list":["post-2416","page","type-page","status-publish","hentry"],"acf":[],"_links":{"self":[{"href":"https:\/\/exactas.uba.ar\/higieneyseguridad\/wp-json\/wp\/v2\/pages\/2416","targetHints":{"allow":["GET"]}}],"collection":[{"href":"https:\/\/exactas.uba.ar\/higieneyseguridad\/wp-json\/wp\/v2\/pages"}],"about":[{"href":"https:\/\/exactas.uba.ar\/higieneyseguridad\/wp-json\/wp\/v2\/types\/page"}],"author":[{"embeddable":true,"href":"https:\/\/exactas.uba.ar\/higieneyseguridad\/wp-json\/wp\/v2\/users\/2"}],"replies":[{"embeddable":true,"href":"https:\/\/exactas.uba.ar\/higieneyseguridad\/wp-json\/wp\/v2\/comments?post=2416"}],"version-history":[{"count":4,"href":"https:\/\/exactas.uba.ar\/higieneyseguridad\/wp-json\/wp\/v2\/pages\/2416\/revisions"}],"predecessor-version":[{"id":2491,"href":"https:\/\/exactas.uba.ar\/higieneyseguridad\/wp-json\/wp\/v2\/pages\/2416\/revisions\/2491"}],"up":[{"embeddable":true,"href":"https:\/\/exactas.uba.ar\/higieneyseguridad\/wp-json\/wp\/v2\/pages\/2409"}],"wp:attachment":[{"href":"https:\/\/exactas.uba.ar\/higieneyseguridad\/wp-json\/wp\/v2\/media?parent=2416"}],"curies":[{"name":"wp","href":"https:\/\/api.w.org\/{rel}","templated":true}]}}