{"id":2356,"date":"2020-01-27T12:42:05","date_gmt":"2020-01-27T12:42:05","guid":{"rendered":"https:\/\/exactas.uba.ar\/higieneyseguridad\/?page_id=2356"},"modified":"2020-10-09T22:34:42","modified_gmt":"2020-10-09T22:34:42","slug":"gestion-de-residuos-2","status":"publish","type":"page","link":"https:\/\/exactas.uba.ar\/higieneyseguridad\/medio-ambiente\/residuos\/gestion-de-residuos-2\/","title":{"rendered":"Gesti\u00f3n de Residuos"},"content":{"rendered":"<p style=\"text-align: justify;\">Se entiende por gesti\u00f3n el conjunto de actividades encaminadas a dar a todos los residuos que se generan en el laboratorio, no peligrosos y peligrosos el destino final m\u00e1s adecuado de acuerdo con sus caracter\u00edsticas; comprende las operaciones (Fig. 1).<\/p>\n<p>&nbsp;<\/p>\n<p><img loading=\"lazy\" decoding=\"async\" class=\" wp-image-2310 aligncenter\" src=\"https:\/\/exactas.uba.ar\/higieneyseguridad\/wp-content\/uploads\/2020\/01\/GESTI\u00d3N-DE-RESIDUOS-250x140.jpg\" alt=\"\" width=\"610\" height=\"341\" srcset=\"https:\/\/exactas.uba.ar\/higieneyseguridad\/wp-content\/uploads\/2020\/01\/GESTI\u00d3N-DE-RESIDUOS-250x140.jpg 250w, https:\/\/exactas.uba.ar\/higieneyseguridad\/wp-content\/uploads\/2020\/01\/GESTI\u00d3N-DE-RESIDUOS-700x393.jpg 700w, https:\/\/exactas.uba.ar\/higieneyseguridad\/wp-content\/uploads\/2020\/01\/GESTI\u00d3N-DE-RESIDUOS-768x431.jpg 768w, https:\/\/exactas.uba.ar\/higieneyseguridad\/wp-content\/uploads\/2020\/01\/GESTI\u00d3N-DE-RESIDUOS-120x67.jpg 120w\" sizes=\"auto, (max-width: 610px) 100vw, 610px\" \/><\/p>\n<p>&nbsp;<\/p>\n<p style=\"padding-left: 440px;\">Fig. 1: Gesti\u00f3n de residuos<\/p>\n<p><u>Gesti\u00f3n interna del generador:<\/u> segregaci\u00f3n, envasado, identificaci\u00f3n, transporte al local de acopio del Servicio de Higiene y Seguridad.<\/p>\n<p><u>Gesti\u00f3n interna del SHyS<\/u>: asesoramiento para la correcta segregaci\u00f3n de los residuos, capacitaci\u00f3n, recepci\u00f3n, clasificaci\u00f3n seg\u00fan corrientes de deshecho dispuestas por la ley, acopio, env\u00edo a disposici\u00f3n final.<\/p>\n<p><u>Gesti\u00f3n externa:<\/u> transporte, tratamiento y disposici\u00f3n final:<\/p>\n<p>El programa de Gesti\u00f3n debe considerar :<\/p>\n<ul>\n<li style=\"text-align: justify;\"><strong>Responsable o responsables<\/strong><strong>.<\/strong> Debe nombrarse un responsable\/s que supervisen y comprueben la correcta aplicaci\u00f3n y ejecuci\u00f3n del programa.<\/li>\n<li style=\"text-align: justify;\"><strong>Identificaci\u00f3n<\/strong><strong>.<\/strong> Todos los productos considerados como residuos deben estar clasificados e identificados en funci\u00f3n de su peligrosidad \/seg\u00fan la Ley Nacional 24.051 de residuos peligrosos<\/li>\n<li style=\"text-align: justify;\"><strong>Minimizaci\u00f3n \/ reducci\u00f3n<\/strong><strong>.<\/strong> Deben estudiarse y valorarse las posibilidades de reutilizaci\u00f3n, recuperaci\u00f3n, tratamiento en el propio laboratorio o racionalizaci\u00f3n de compras al objeto de reducir en lo posible la generaci\u00f3n de residuos.<\/li>\n<li style=\"text-align: justify;\">Los recipientes adecuados los entrega el SHyS, se deben etiquetar adecuadamente de manera de segregar correctamente los residuos y no generar incompatibilidades. Debe disponerse de un espacio del laboratorio para almacenar de residuos.<\/li>\n<li style=\"text-align: justify;\"><strong>Transporte<\/strong><strong>.<\/strong> El transporte interno al local de acopio del Servicio de Higiene y Seguridad, ubicado en el subsuelo de FCEN, debe realizarse en un carro con laterales para evitar ca\u00eddas y los eventuales derrames<\/li>\n<li style=\"text-align: justify;\"><strong>Actuaci\u00f3n en caso de accidentes \/ incidentes<\/strong><strong>.<\/strong> Se deben dar las instrucciones de actuaci\u00f3n en caso de vertidos o derrames, o de cualquier incidente que pueda producirse. Asimismo deben indicarse las pautas de actuaci\u00f3n en caso de una emergencia.<\/li>\n<li style=\"text-align: justify;\"><strong>Formaci\u00f3n e informaci\u00f3n<\/strong><strong>.<\/strong> Todo el personal debe conocer el programa de gesti\u00f3n de residuos adoptado, su ejecuci\u00f3n y la responsabilidad de cada uno en el mismo. Todas las informaciones sobre el programa deben proporcionarse por escrito.<\/li>\n<\/ul>\n<p style=\"text-align: justify;\">El programa de gesti\u00f3n de residuos debe aplicarse a todo tipo de residuos generados en el laboratorio, tanto a los no peligrosos (asimilables a domiciliarios) como a los peligrosos y debe incluir los reactivos caducos, los reactivos no caducados pero innecesarios, los materiales de laboratorio <u>contaminados o no<\/u>, soluciones est\u00e1ndar, compuestos obtenidos en reacciones y todos aquellos materiales o productos que se hayan utilizado o generado en el mismo (Tabla. 2).<\/p>\n<p>&nbsp;<\/p>\n<table border=\"2\" cellspacing=\"15\" cellpadding=\"15\">\n<tbody>\n<tr>\n<td>Material contaminado<\/td>\n<td>Reactivos vencidos<\/td>\n<td>Soluciones<\/td>\n<td>Reactivos que no se utilizan mas<\/td>\n<td>Productos intermedios<\/td>\n<td>Entre otros&#8230;.<\/td>\n<\/tr>\n<\/tbody>\n<\/table>\n<p>Tabla. 2: Ejemplos de residuos de laboratorio<\/p>\n<h3><\/h3>\n<p><!--nextpage--><\/p>\n<h3>Programa de gesti\u00f3n de residuos.<\/h3>\n<p>Establecer un programa de gesti\u00f3n, implica el establecimiento de un plan de segregaci\u00f3n en funci\u00f3n del tipo de laboratorio, de la actividad del mismo y del sector al que pertenece.<\/p>\n<p>Son aspectos a considerar:<\/p>\n<ul>\n<li>Actividad del laboratorio (investigaci\u00f3n, docencia, etc.)<\/li>\n<li>Cantidad, periodicidad y variedad de residuos generados<\/li>\n<li>Posibilidades de minimizaci\u00f3n (reducci\u00f3n, recuperaci\u00f3n, tratamiento <em>in situ<\/em>, etc.).<\/li>\n<\/ul>\n<h4>Selecci\u00f3n y clasificaci\u00f3n<\/h4>\n<p style=\"text-align: justify;\">La caracterizaci\u00f3n, selecci\u00f3n e identificaci\u00f3n de los residuos es b\u00e1sica en el programa de gesti\u00f3n, evitando riesgos debidos a una manipulaci\u00f3n, transporte o almacenamiento inseguros. Asimismo facilita el tratamiento que debe efectuarse para su eliminaci\u00f3n. Deben considerarse los aspectos siguientes:<\/p>\n<ul>\n<li style=\"text-align: justify;\"><strong>Clasificaci\u00f3n<\/strong><strong>.<\/strong> Se clasificar\u00e1n seg\u00fan\u00a0 las corrientes definidas en la Ley Nacional 24051<\/li>\n<li style=\"text-align: justify;\"><strong>Envases o contenedores<\/strong><strong>.<\/strong> Deber\u00e1n aportarse los recipientes adecuados para cada tipo de residuo considerando su estado f\u00edsico y sus propiedades<\/li>\n<li style=\"text-align: justify;\"><strong>Identificaci\u00f3n.<\/strong> Todos los residuos y sus recipientes deber\u00e1n estar identificados y correctamente etiquetados de acuerdo con las disposiciones legales sobre clasificaci\u00f3n, envasado y etiquetado. Debe tenerse en cuenta que un residuo es frecuentemente una sustancia o una mezcla peligrosa, y tiene que estar claramente advertido para que su manipulaci\u00f3n pueda efectuarse en las condiciones de seguridad apropiadas.<\/li>\n<\/ul>\n<h4>Implementaci\u00f3n y optimizaci\u00f3n<\/h4>\n<p>Para la implementaci\u00f3n del programa o plan de gesti\u00f3n deben considerarse los siguientes aspectos:<\/p>\n<ul>\n<li style=\"text-align: justify;\"><strong>Emplazamiento<\/strong><strong>.<\/strong> Debe buscarse un emplazamiento en un lugar espec\u00edfico, apartado y que no se encuentre en el paso.<\/li>\n<li style=\"text-align: justify;\"><strong>Almacenamiento<\/strong><strong>.<\/strong> El almacenamiento de los distintos residuos debe efectuarse de acuerdo con los grupos establecidos, evitando incompatibilidades y otras situaciones peligrosas que puedan incrementar el riesgo. Deben tenerse en cuenta aquellos residuos que exigen una gesti\u00f3n diferenciada como los patog\u00e9nicos o los radiactivos.<\/li>\n<li style=\"text-align: justify;\"><strong>Periodicidad<\/strong><strong>.<\/strong> Al objeto de racionalizar el volumen de residuos acumulados es necesario que se trasladen al local de acopio peri\u00f3dicamente.<\/li>\n<li style=\"text-align: justify;\"><strong>Normas de seguridad<\/strong><strong>.<\/strong> El programa de gesti\u00f3n debe incluir todas la informaciones relativas a la peligrosidad de los productos, a las condiciones de manipulaci\u00f3n, tipos de envase, incompatibilidades y actuaci\u00f3n en caso de derrames o vertidos y emergencias. Estas normas deben estar por escrito.<\/li>\n<\/ul>\n<p>&nbsp;<\/p>\n","protected":false},"excerpt":{"rendered":"Se entiende por gesti\u00f3n el conjunto de actividades encaminadas a dar a todos los residuos que se generan en el laboratorio, no peligrosos y peligrosos el destino final m\u00e1s adecuado de acuerdo con sus caracter\u00edsticas; comprende las operaciones (Fig. 1). &nbsp; &nbsp; Fig. 1: Gesti\u00f3n de residuos Gesti\u00f3n interna del generador: segregaci\u00f3n, envasado, identificaci\u00f3n, transporte&#8230; <a class=\"view-article\" href=\"https:\/\/exactas.uba.ar\/higieneyseguridad\/medio-ambiente\/residuos\/gestion-de-residuos-2\/\">LEER +<\/a>","protected":false},"author":2,"featured_media":0,"parent":135,"menu_order":0,"comment_status":"closed","ping_status":"closed","template":"","meta":{"_acf_changed":false,"footnotes":""},"class_list":["post-2356","page","type-page","status-publish","hentry"],"acf":[],"_links":{"self":[{"href":"https:\/\/exactas.uba.ar\/higieneyseguridad\/wp-json\/wp\/v2\/pages\/2356","targetHints":{"allow":["GET"]}}],"collection":[{"href":"https:\/\/exactas.uba.ar\/higieneyseguridad\/wp-json\/wp\/v2\/pages"}],"about":[{"href":"https:\/\/exactas.uba.ar\/higieneyseguridad\/wp-json\/wp\/v2\/types\/page"}],"author":[{"embeddable":true,"href":"https:\/\/exactas.uba.ar\/higieneyseguridad\/wp-json\/wp\/v2\/users\/2"}],"replies":[{"embeddable":true,"href":"https:\/\/exactas.uba.ar\/higieneyseguridad\/wp-json\/wp\/v2\/comments?post=2356"}],"version-history":[{"count":36,"href":"https:\/\/exactas.uba.ar\/higieneyseguridad\/wp-json\/wp\/v2\/pages\/2356\/revisions"}],"predecessor-version":[{"id":6583,"href":"https:\/\/exactas.uba.ar\/higieneyseguridad\/wp-json\/wp\/v2\/pages\/2356\/revisions\/6583"}],"up":[{"embeddable":true,"href":"https:\/\/exactas.uba.ar\/higieneyseguridad\/wp-json\/wp\/v2\/pages\/135"}],"wp:attachment":[{"href":"https:\/\/exactas.uba.ar\/higieneyseguridad\/wp-json\/wp\/v2\/media?parent=2356"}],"curies":[{"name":"wp","href":"https:\/\/api.w.org\/{rel}","templated":true}]}}