{"id":2340,"date":"2020-01-26T22:22:05","date_gmt":"2020-01-26T22:22:05","guid":{"rendered":"https:\/\/exactas.uba.ar\/higieneyseguridad\/?page_id=2340"},"modified":"2020-01-27T18:27:51","modified_gmt":"2020-01-27T18:27:51","slug":"descartes-de-solventes","status":"publish","type":"page","link":"https:\/\/exactas.uba.ar\/higieneyseguridad\/medio-ambiente\/residuos\/descartes-de-solventes\/","title":{"rendered":"Descartes de Solventes"},"content":{"rendered":"<h2>Principios generales<\/h2>\n<p style=\"text-align: justify;\">El Investigador Responsable (IR) de un laboratorio deber\u00e1 velar por que se establezcan criterios para utilizar de forma segura los solventes peligrosos.<\/p>\n<p>El IR deber\u00e1:<\/p>\n<ul>\n<li style=\"text-align: justify;\">recopilar la informaci\u00f3n relativa a los peligros de los solventes que se utilizan en el laboratorio, que ser\u00e1 incluidos en los protocolos de trabajo;<\/li>\n<li style=\"text-align: justify;\">adoptar medidas para limitar la exposici\u00f3n de los colaboradores a los solventes peligrosos, a fin de protegerlos contra los riesgos que entra\u00f1e su utilizaci\u00f3n en el lugar de trabajo o durante su transporte;<\/li>\n<li style=\"text-align: justify;\">las medidas adoptadas deben tender a eliminar el riesgo o reducir al m\u00ednimo el grado del mismo, de preferencia sustituyendo los solventes peligrosos por otros de peligrosidad reducida o nula, u optando por nuevas tecnolog\u00edas. Sin embargo, cuando este tipo de medidas no resulte factible, se deber\u00edan aplicar medidas adecuadas de control t\u00e9cnico para alcanzar el objetivo de eliminaci\u00f3n o reducci\u00f3n del grado de riesgo ya se\u00f1alado;<\/li>\n<li style=\"text-align: justify;\">cuando se incorpore un nuevo solvente a utilizar, se reanalizar\u00e1n las medidas en vigencia, con el fin de eliminar o reducir al m\u00ednimo el grado de riesgo de su inclusi\u00f3n en el droguero o dep\u00f3sito;<\/li>\n<li style=\"text-align: justify;\">deber\u00e1 demostrar que en la evaluaci\u00f3n se han considerado todos los aspectos relativos al almacenaje y descarte de los solventes que se usan en su laboratorio y \u00e1reas de incumbencia.<\/li>\n<\/ul>\n<p style=\"text-align: justify;\">Cuando un IR constate la existencia de riesgos que podr\u00edan o deber\u00edan ser eliminados o reducidos al m\u00ednimo, deber\u00e1 velar porque, en el plazo m\u00e1s breve posible y utilizando los medios m\u00e1s apropiados de que dispongan, se proceda a la eliminaci\u00f3n o reducci\u00f3n de dichos riesgos, procurando observar el orden de prioridad de las medidas. El IR deber\u00e1 preparar un plan de intervenci\u00f3n en donde se precisen las medidas que se adoptar\u00e1n para eliminar o reducir al m\u00ednimo los riesgos, as\u00ed como el tiempo necesario para su consecuci\u00f3n.<\/p>\n<p style=\"text-align: justify;\">Con respecto a actividades de trabajo complejas, que demanden el manipuleo de grandes vol\u00famenes de solventes, se deber\u00e1 dejar aclarado cual ser\u00e1 la ubicaci\u00f3n de esos solventes y nunca podr\u00e1 ser el laboratorio de trabajo. La utilizaci\u00f3n en determinadas cantidades de algunos solventes peligrosos podr\u00eda representar un riesgo importante no s\u00f3lo para los trabajadores, sino tambi\u00e9n para la poblaci\u00f3n de las regiones colindantes y para el medio ambiente en general.<\/p>\n<p style=\"text-align: justify;\"><strong>El control de la utilizaci\u00f3n de tales solventes deber\u00e1 estar, adem\u00e1s, sujeto a la observancia de los objetivos y disposiciones contenidos en el repertorio de recomendaciones pr\u00e1cticas de la OIT titulado Prevenci\u00f3n de accidentes industriales mayores (Ginebra, 1991), y en conformidad con la legislaci\u00f3n y la pr\u00e1ctica nacionales.<\/strong><\/p>\n<p>Continua en Descartes de Solventes <a class= \"boton\" href=\"https:\/\/exactas.uba.ar\/higieneyseguridad\/medio-ambiente\/residuos\/descartes-de-solventes\/procedimiento-de-evaluacion\/\">Procedimiento de Evaluaci\u00f3n<\/a><\/p>\n<p>&nbsp;<\/p>\n<p>&nbsp;<\/p>\n<p>&nbsp;<\/p>\n<p>&nbsp;<\/p>\n<p>&nbsp;<\/p>\n<p>&nbsp;<\/p>\n","protected":false},"excerpt":{"rendered":"Principios generales El Investigador Responsable (IR) de un laboratorio deber\u00e1 velar por que se establezcan criterios para utilizar de forma segura los solventes peligrosos. El IR deber\u00e1: recopilar la informaci\u00f3n relativa a los peligros de los solventes que se utilizan en el laboratorio, que ser\u00e1 incluidos en los protocolos de trabajo; adoptar medidas para limitar&#8230; <a class=\"view-article\" href=\"https:\/\/exactas.uba.ar\/higieneyseguridad\/medio-ambiente\/residuos\/descartes-de-solventes\/\">LEER +<\/a>","protected":false},"author":2,"featured_media":0,"parent":135,"menu_order":4,"comment_status":"closed","ping_status":"closed","template":"","meta":{"_acf_changed":false,"footnotes":""},"class_list":["post-2340","page","type-page","status-publish","hentry"],"acf":[],"_links":{"self":[{"href":"https:\/\/exactas.uba.ar\/higieneyseguridad\/wp-json\/wp\/v2\/pages\/2340","targetHints":{"allow":["GET"]}}],"collection":[{"href":"https:\/\/exactas.uba.ar\/higieneyseguridad\/wp-json\/wp\/v2\/pages"}],"about":[{"href":"https:\/\/exactas.uba.ar\/higieneyseguridad\/wp-json\/wp\/v2\/types\/page"}],"author":[{"embeddable":true,"href":"https:\/\/exactas.uba.ar\/higieneyseguridad\/wp-json\/wp\/v2\/users\/2"}],"replies":[{"embeddable":true,"href":"https:\/\/exactas.uba.ar\/higieneyseguridad\/wp-json\/wp\/v2\/comments?post=2340"}],"version-history":[{"count":3,"href":"https:\/\/exactas.uba.ar\/higieneyseguridad\/wp-json\/wp\/v2\/pages\/2340\/revisions"}],"predecessor-version":[{"id":2524,"href":"https:\/\/exactas.uba.ar\/higieneyseguridad\/wp-json\/wp\/v2\/pages\/2340\/revisions\/2524"}],"up":[{"embeddable":true,"href":"https:\/\/exactas.uba.ar\/higieneyseguridad\/wp-json\/wp\/v2\/pages\/135"}],"wp:attachment":[{"href":"https:\/\/exactas.uba.ar\/higieneyseguridad\/wp-json\/wp\/v2\/media?parent=2340"}],"curies":[{"name":"wp","href":"https:\/\/api.w.org\/{rel}","templated":true}]}}