{"id":2266,"date":"2020-01-09T19:51:50","date_gmt":"2020-01-09T19:51:50","guid":{"rendered":"https:\/\/exactas.uba.ar\/higieneyseguridad\/?page_id=2266"},"modified":"2020-01-09T19:51:50","modified_gmt":"2020-01-09T19:51:50","slug":"desinsectacion","status":"publish","type":"page","link":"https:\/\/exactas.uba.ar\/higieneyseguridad\/medio-ambiente\/desinsectacion\/","title":{"rendered":"Desinsectaci\u00f3n"},"content":{"rendered":"<p>A trav\u00e9s de esta p\u00e1gina se solicita la desinsectaci\u00f3n de los espacios de la FCEN.<\/p>\n<p><a class=\"boton\" href=\"http:\/\/encuestas.exactas.uba.ar\/index.php\/346454?lang=es\">Ingreso al formulario de solicitud<\/a><\/p>\n","protected":false},"excerpt":{"rendered":"A trav\u00e9s de esta p\u00e1gina se solicita la desinsectaci\u00f3n de los espacios de la FCEN. Ingreso al formulario de solicitud","protected":false},"author":3,"featured_media":0,"parent":133,"menu_order":4,"comment_status":"closed","ping_status":"closed","template":"","meta":{"_acf_changed":false,"footnotes":""},"class_list":["post-2266","page","type-page","status-publish","hentry"],"acf":[],"_links":{"self":[{"href":"https:\/\/exactas.uba.ar\/higieneyseguridad\/wp-json\/wp\/v2\/pages\/2266","targetHints":{"allow":["GET"]}}],"collection":[{"href":"https:\/\/exactas.uba.ar\/higieneyseguridad\/wp-json\/wp\/v2\/pages"}],"about":[{"href":"https:\/\/exactas.uba.ar\/higieneyseguridad\/wp-json\/wp\/v2\/types\/page"}],"author":[{"embeddable":true,"href":"https:\/\/exactas.uba.ar\/higieneyseguridad\/wp-json\/wp\/v2\/users\/3"}],"replies":[{"embeddable":true,"href":"https:\/\/exactas.uba.ar\/higieneyseguridad\/wp-json\/wp\/v2\/comments?post=2266"}],"version-history":[{"count":2,"href":"https:\/\/exactas.uba.ar\/higieneyseguridad\/wp-json\/wp\/v2\/pages\/2266\/revisions"}],"predecessor-version":[{"id":2268,"href":"https:\/\/exactas.uba.ar\/higieneyseguridad\/wp-json\/wp\/v2\/pages\/2266\/revisions\/2268"}],"up":[{"embeddable":true,"href":"https:\/\/exactas.uba.ar\/higieneyseguridad\/wp-json\/wp\/v2\/pages\/133"}],"wp:attachment":[{"href":"https:\/\/exactas.uba.ar\/higieneyseguridad\/wp-json\/wp\/v2\/media?parent=2266"}],"curies":[{"name":"wp","href":"https:\/\/api.w.org\/{rel}","templated":true}]}}