{"id":226,"date":"2019-02-08T15:28:43","date_gmt":"2019-02-08T15:28:43","guid":{"rendered":"http:\/\/127.0.0.1:4001\/wordpress\/?page_id=226"},"modified":"2026-02-03T14:10:25","modified_gmt":"2026-02-03T14:10:25","slug":"mosquito","status":"publish","type":"page","link":"https:\/\/exactas.uba.ar\/higieneyseguridad\/medio-ambiente\/mosquito\/","title":{"rendered":"Mosquito Aedes aegypti"},"content":{"rendered":"<h2 class=\"titulo-pagina\">Programa : Monitoreo del mosquito Aedes aegypti en Ciudad Universitaria<\/h2>\n<p style=\"text-align: justify;\">Exactas se encuentra monitoreando en forma semanal la presencia del mosquito\u00a0<em>Aedes aegypti<\/em>\u00a0tanto en los espacios propios de la Facultad como en otras zonas del predio de Ciudad Universitaria. La iniciativa se encuentra a cargo del Servicio de Higiene y Seguridad y cuenta con el asesoramiento del\u00a0<a href=\"http:\/\/server.ege.fcen.uba.ar\/gem\/index.html\" target=\"_blank\" rel=\"noopener noreferrer\">Grupo de Estudios de Mosquitos<\/a>.<\/p>\n<p style=\"text-align: justify;\">Para detectar la actividad de hembras del mosquito se colocaron sensores (ovitrampas) que son evaluados una vez por semana en distintos puntos del predio.<\/p>\n<h3 style=\"text-align: justify;\">Prevenci\u00f3n<\/h3>\n<p style=\"text-align: justify;\">Debemos extremar las medidas de prevenci\u00f3n contra la propagaci\u00f3n del mosquito <em>Aedes aegypti<\/em>. Especialmente en momentos de alta circulaci\u00f3n del virus<\/p>\n<p style=\"text-align: justify;\">Solicitamos a la comunidad de Exactas UBA mantener sus ambientes de trabajo libres de posibles criaderos de mosquitos (floreros, frascos, botellas y otros recipientes con agua) y los invitamos a contribuir con la erradicaci\u00f3n de\u00a0<em>Aedes aegypti<\/em>\u00a0de Ciudad Universitaria haciendo llegar al\u00a0<strong>Servicio de Higiene y Seguridad<\/strong>\u00a0informaci\u00f3n sobre posibles sitios de producci\u00f3n del mosquito.<\/p>\n<h4>Como armar una ovitrampra<\/h4>\n<p style=\"padding-left: 40px;\">\u00bf<em>Qu\u00e9 materiales se necesitan<\/em>? :<\/p>\n<p style=\"padding-left: 40px;\">Frasco de Mermelada- pintada su superficie externa con pintura brillante negra con etiqueta blanca identificando la ovitrampa<\/p>\n<p style=\"padding-left: 40px;\"><img loading=\"lazy\" decoding=\"async\" class=\"wp-image-4263 aligncenter\" src=\"https:\/\/exactas.uba.ar\/higieneyseguridad\/wp-content\/uploads\/2022\/01\/Frasco-250x315.jpg\" alt=\"\" width=\"177\" height=\"224\" srcset=\"https:\/\/exactas.uba.ar\/higieneyseguridad\/wp-content\/uploads\/2022\/01\/Frasco-250x315.jpg 250w, https:\/\/exactas.uba.ar\/higieneyseguridad\/wp-content\/uploads\/2022\/01\/Frasco-700x882.jpg 700w, https:\/\/exactas.uba.ar\/higieneyseguridad\/wp-content\/uploads\/2022\/01\/Frasco-768x968.jpg 768w, https:\/\/exactas.uba.ar\/higieneyseguridad\/wp-content\/uploads\/2022\/01\/Frasco-1219x1536.jpg 1219w, https:\/\/exactas.uba.ar\/higieneyseguridad\/wp-content\/uploads\/2022\/01\/Frasco-1625x2048.jpg 1625w, https:\/\/exactas.uba.ar\/higieneyseguridad\/wp-content\/uploads\/2022\/01\/Frasco-120x151.jpg 120w, https:\/\/exactas.uba.ar\/higieneyseguridad\/wp-content\/uploads\/2022\/01\/Frasco-scaled.jpg 2031w\" sizes=\"auto, (max-width: 177px) 100vw, 177px\" \/><\/p>\n<p style=\"padding-left: 80px;\">Clip<\/p>\n<ul>\n<li style=\"list-style-type: none;\">\n<ul>\n<li style=\"list-style-type: none;\"><img loading=\"lazy\" decoding=\"async\" class=\"wp-image-4261 aligncenter\" src=\"https:\/\/exactas.uba.ar\/higieneyseguridad\/wp-content\/uploads\/2022\/01\/Clips-250x275.jpg\" alt=\"\" width=\"174\" height=\"191\" srcset=\"https:\/\/exactas.uba.ar\/higieneyseguridad\/wp-content\/uploads\/2022\/01\/Clips-250x275.jpg 250w, https:\/\/exactas.uba.ar\/higieneyseguridad\/wp-content\/uploads\/2022\/01\/Clips-700x769.jpg 700w, https:\/\/exactas.uba.ar\/higieneyseguridad\/wp-content\/uploads\/2022\/01\/Clips-768x844.jpg 768w, https:\/\/exactas.uba.ar\/higieneyseguridad\/wp-content\/uploads\/2022\/01\/Clips-1397x1536.jpg 1397w, https:\/\/exactas.uba.ar\/higieneyseguridad\/wp-content\/uploads\/2022\/01\/Clips-1863x2048.jpg 1863w, https:\/\/exactas.uba.ar\/higieneyseguridad\/wp-content\/uploads\/2022\/01\/Clips-120x132.jpg 120w\" sizes=\"auto, (max-width: 174px) 100vw, 174px\" \/>Bajalengua<\/li>\n<li style=\"list-style-type: none;\"><img loading=\"lazy\" decoding=\"async\" class=\" wp-image-4259 aligncenter\" src=\"https:\/\/exactas.uba.ar\/higieneyseguridad\/wp-content\/uploads\/2022\/01\/Bajalenguas-250x333.jpg\" alt=\"\" width=\"165\" height=\"220\" srcset=\"https:\/\/exactas.uba.ar\/higieneyseguridad\/wp-content\/uploads\/2022\/01\/Bajalenguas-250x333.jpg 250w, https:\/\/exactas.uba.ar\/higieneyseguridad\/wp-content\/uploads\/2022\/01\/Bajalenguas-700x933.jpg 700w, https:\/\/exactas.uba.ar\/higieneyseguridad\/wp-content\/uploads\/2022\/01\/Bajalenguas-768x1024.jpg 768w, https:\/\/exactas.uba.ar\/higieneyseguridad\/wp-content\/uploads\/2022\/01\/Bajalenguas-1152x1536.jpg 1152w, https:\/\/exactas.uba.ar\/higieneyseguridad\/wp-content\/uploads\/2022\/01\/Bajalenguas-1536x2048.jpg 1536w, https:\/\/exactas.uba.ar\/higieneyseguridad\/wp-content\/uploads\/2022\/01\/Bajalenguas-120x160.jpg 120w, https:\/\/exactas.uba.ar\/higieneyseguridad\/wp-content\/uploads\/2022\/01\/Bajalenguas-scaled.jpg 1920w\" sizes=\"auto, (max-width: 165px) 100vw, 165px\" \/>Bolsa para guardar el bajalengua<\/li>\n<\/ul>\n<\/li>\n<\/ul>\n<p><img loading=\"lazy\" decoding=\"async\" class=\" wp-image-4260 aligncenter\" src=\"https:\/\/exactas.uba.ar\/higieneyseguridad\/wp-content\/uploads\/2022\/01\/Bolsita-250x333.jpg\" alt=\"\" width=\"164\" height=\"218\" srcset=\"https:\/\/exactas.uba.ar\/higieneyseguridad\/wp-content\/uploads\/2022\/01\/Bolsita-250x333.jpg 250w, https:\/\/exactas.uba.ar\/higieneyseguridad\/wp-content\/uploads\/2022\/01\/Bolsita-700x933.jpg 700w, https:\/\/exactas.uba.ar\/higieneyseguridad\/wp-content\/uploads\/2022\/01\/Bolsita-768x1024.jpg 768w, https:\/\/exactas.uba.ar\/higieneyseguridad\/wp-content\/uploads\/2022\/01\/Bolsita-1152x1536.jpg 1152w, https:\/\/exactas.uba.ar\/higieneyseguridad\/wp-content\/uploads\/2022\/01\/Bolsita-1536x2048.jpg 1536w, https:\/\/exactas.uba.ar\/higieneyseguridad\/wp-content\/uploads\/2022\/01\/Bolsita-120x160.jpg 120w, https:\/\/exactas.uba.ar\/higieneyseguridad\/wp-content\/uploads\/2022\/01\/Bolsita-scaled.jpg 1920w\" sizes=\"auto, (max-width: 164px) 100vw, 164px\" \/><\/p>\n<p style=\"padding-left: 40px;\">\u00bf<em>C\u00f3mo se arma<\/em>?<\/p>\n<p style=\"padding-left: 40px;\">Cortar el bajalengua, para que pueda apoyar sobre la superficie interior del frasco. Sostener con el clip.<\/p>\n<p>&nbsp;<\/p>\n<p>&nbsp;<\/p>\n<p><img loading=\"lazy\" decoding=\"async\" class=\" wp-image-4262 aligncenter\" src=\"https:\/\/exactas.uba.ar\/higieneyseguridad\/wp-content\/uploads\/2022\/01\/Frasco-armado-250x317.jpg\" alt=\"\" width=\"181\" height=\"230\" srcset=\"https:\/\/exactas.uba.ar\/higieneyseguridad\/wp-content\/uploads\/2022\/01\/Frasco-armado-250x317.jpg 250w, https:\/\/exactas.uba.ar\/higieneyseguridad\/wp-content\/uploads\/2022\/01\/Frasco-armado-700x888.jpg 700w, https:\/\/exactas.uba.ar\/higieneyseguridad\/wp-content\/uploads\/2022\/01\/Frasco-armado-768x974.jpg 768w, https:\/\/exactas.uba.ar\/higieneyseguridad\/wp-content\/uploads\/2022\/01\/Frasco-armado-1211x1536.jpg 1211w, https:\/\/exactas.uba.ar\/higieneyseguridad\/wp-content\/uploads\/2022\/01\/Frasco-armado-1615x2048.jpg 1615w, https:\/\/exactas.uba.ar\/higieneyseguridad\/wp-content\/uploads\/2022\/01\/Frasco-armado-120x152.jpg 120w, https:\/\/exactas.uba.ar\/higieneyseguridad\/wp-content\/uploads\/2022\/01\/Frasco-armado-scaled.jpg 2018w\" sizes=\"auto, (max-width: 181px) 100vw, 181px\" \/><\/p>\n<h4>\u00bfComo usar una ovitrampa?<\/h4>\n<p>Colocar el bajalengua, sonternerlo con el clip. Etiquetar\u00a0 identificado la ovitrampa. Colocar agua cubriendo 1\/3 del bajalengua. Depositar la ovitrampa en un lugar adecuado, bajo sombra, en espacios donde puedan circular mosquito.<\/p>\n<p>Revisar los bajalenguas para observar la presencia de huevos.<\/p>\n<p>Un ejemplo de un bajalengua con la presencia de huevos de aedes. Se puede observar\u00a0 la forma de los huevos, y el patr\u00f3n de ovoposici\u00f3n mas com\u00fan.<\/p>\n<p><img loading=\"lazy\" decoding=\"async\" class=\"wp-image-4267 aligncenter\" src=\"https:\/\/exactas.uba.ar\/higieneyseguridad\/wp-content\/uploads\/2022\/01\/Bajalenguas-positivo-1-250x333.jpg\" alt=\"\" width=\"181\" height=\"241\" srcset=\"https:\/\/exactas.uba.ar\/higieneyseguridad\/wp-content\/uploads\/2022\/01\/Bajalenguas-positivo-1-250x333.jpg 250w, https:\/\/exactas.uba.ar\/higieneyseguridad\/wp-content\/uploads\/2022\/01\/Bajalenguas-positivo-1-700x933.jpg 700w, https:\/\/exactas.uba.ar\/higieneyseguridad\/wp-content\/uploads\/2022\/01\/Bajalenguas-positivo-1-768x1024.jpg 768w, https:\/\/exactas.uba.ar\/higieneyseguridad\/wp-content\/uploads\/2022\/01\/Bajalenguas-positivo-1-1152x1536.jpg 1152w, https:\/\/exactas.uba.ar\/higieneyseguridad\/wp-content\/uploads\/2022\/01\/Bajalenguas-positivo-1-1536x2048.jpg 1536w, https:\/\/exactas.uba.ar\/higieneyseguridad\/wp-content\/uploads\/2022\/01\/Bajalenguas-positivo-1-120x160.jpg 120w, https:\/\/exactas.uba.ar\/higieneyseguridad\/wp-content\/uploads\/2022\/01\/Bajalenguas-positivo-1-scaled.jpg 1920w\" sizes=\"auto, (max-width: 181px) 100vw, 181px\" \/><\/p>\n<h4><\/h4>\n<h4><\/h4>\n<p><!--nextpage--><\/p>\n<h4>Mapa de ubicaci\u00f3n de las ovitrampas<\/h4>\n<p>Para poder analizar la superficie de Ciudad Universitaria, se la dividi\u00f3 en distintos cuadrantes\u00a0 de 100 mts x 100 mts . Tal como se muestra en el mapa que esta a continuaci\u00f3n. En el plano se puede observar la ubicaci\u00f3n de las distintas ovitrampas.<\/p>\n<p>&nbsp;<\/p>\n<p>&nbsp;<\/p>\n<p><img loading=\"lazy\" decoding=\"async\" class=\" wp-image-4276 aligncenter\" src=\"https:\/\/exactas.uba.ar\/higieneyseguridad\/wp-content\/uploads\/2022\/01\/Mapa-con-grilla-y-monitores-250x158.jpg\" alt=\"\" width=\"723\" height=\"457\" srcset=\"https:\/\/exactas.uba.ar\/higieneyseguridad\/wp-content\/uploads\/2022\/01\/Mapa-con-grilla-y-monitores-250x158.jpg 250w, https:\/\/exactas.uba.ar\/higieneyseguridad\/wp-content\/uploads\/2022\/01\/Mapa-con-grilla-y-monitores-700x442.jpg 700w, https:\/\/exactas.uba.ar\/higieneyseguridad\/wp-content\/uploads\/2022\/01\/Mapa-con-grilla-y-monitores-768x485.jpg 768w, https:\/\/exactas.uba.ar\/higieneyseguridad\/wp-content\/uploads\/2022\/01\/Mapa-con-grilla-y-monitores-1536x971.jpg 1536w, https:\/\/exactas.uba.ar\/higieneyseguridad\/wp-content\/uploads\/2022\/01\/Mapa-con-grilla-y-monitores-2048x1294.jpg 2048w, https:\/\/exactas.uba.ar\/higieneyseguridad\/wp-content\/uploads\/2022\/01\/Mapa-con-grilla-y-monitores-120x76.jpg 120w\" sizes=\"auto, (max-width: 723px) 100vw, 723px\" \/><\/p>\n<h3><\/h3>\n<h3><\/h3>\n<p><!--nextpage--><\/p>\n<h3>Material adicional<\/h3>\n<p><iframe loading=\"lazy\" title=\"Mosquitos del dengue en el vecindario\" width=\"900\" height=\"506\" src=\"https:\/\/www.youtube.com\/embed\/9n0CJmOKm4k?feature=oembed\" frameborder=\"0\" allow=\"accelerometer; autoplay; clipboard-write; encrypted-media; gyroscope; picture-in-picture; web-share\" referrerpolicy=\"strict-origin-when-cross-origin\" allowfullscreen><\/iframe><\/p>\n<p><a href=\"https:\/\/exactas.uba.ar\/higieneyseguridad\/wp-content\/uploads\/2019\/02\/FolletoDengueb.jpg\"><img loading=\"lazy\" decoding=\"async\" width=\"250\" height=\"355\" class=\"alignnone size-medium wp-image-253\" src=\"https:\/\/exactas.uba.ar\/higieneyseguridad\/wp-content\/uploads\/2019\/02\/FolletoDengueb-250x355.jpg\" alt=\"\" srcset=\"https:\/\/exactas.uba.ar\/higieneyseguridad\/wp-content\/uploads\/2019\/02\/FolletoDengueb-250x355.jpg 250w, https:\/\/exactas.uba.ar\/higieneyseguridad\/wp-content\/uploads\/2019\/02\/FolletoDengueb-768x1090.jpg 768w, https:\/\/exactas.uba.ar\/higieneyseguridad\/wp-content\/uploads\/2019\/02\/FolletoDengueb-700x993.jpg 700w, https:\/\/exactas.uba.ar\/higieneyseguridad\/wp-content\/uploads\/2019\/02\/FolletoDengueb-120x170.jpg 120w, https:\/\/exactas.uba.ar\/higieneyseguridad\/wp-content\/uploads\/2019\/02\/FolletoDengueb.jpg 1057w\" sizes=\"auto, (max-width: 250px) 100vw, 250px\" \/><\/a><\/p>\n","protected":false},"excerpt":{"rendered":"Programa : Monitoreo del mosquito Aedes aegypti en Ciudad Universitaria Exactas se encuentra monitoreando en forma semanal la presencia del mosquito\u00a0Aedes aegypti\u00a0tanto en los espacios propios de la Facultad como en otras zonas del predio de Ciudad Universitaria. La iniciativa se encuentra a cargo del Servicio de Higiene y Seguridad y cuenta con el asesoramiento&#8230; <a class=\"view-article\" href=\"https:\/\/exactas.uba.ar\/higieneyseguridad\/medio-ambiente\/mosquito\/\">LEER +<\/a>","protected":false},"author":1,"featured_media":0,"parent":133,"menu_order":0,"comment_status":"open","ping_status":"open","template":"","meta":{"_acf_changed":false,"footnotes":""},"class_list":["post-226","page","type-page","status-publish","hentry"],"acf":[],"_links":{"self":[{"href":"https:\/\/exactas.uba.ar\/higieneyseguridad\/wp-json\/wp\/v2\/pages\/226","targetHints":{"allow":["GET"]}}],"collection":[{"href":"https:\/\/exactas.uba.ar\/higieneyseguridad\/wp-json\/wp\/v2\/pages"}],"about":[{"href":"https:\/\/exactas.uba.ar\/higieneyseguridad\/wp-json\/wp\/v2\/types\/page"}],"author":[{"embeddable":true,"href":"https:\/\/exactas.uba.ar\/higieneyseguridad\/wp-json\/wp\/v2\/users\/1"}],"replies":[{"embeddable":true,"href":"https:\/\/exactas.uba.ar\/higieneyseguridad\/wp-json\/wp\/v2\/comments?post=226"}],"version-history":[{"count":16,"href":"https:\/\/exactas.uba.ar\/higieneyseguridad\/wp-json\/wp\/v2\/pages\/226\/revisions"}],"predecessor-version":[{"id":8917,"href":"https:\/\/exactas.uba.ar\/higieneyseguridad\/wp-json\/wp\/v2\/pages\/226\/revisions\/8917"}],"up":[{"embeddable":true,"href":"https:\/\/exactas.uba.ar\/higieneyseguridad\/wp-json\/wp\/v2\/pages\/133"}],"wp:attachment":[{"href":"https:\/\/exactas.uba.ar\/higieneyseguridad\/wp-json\/wp\/v2\/media?parent=226"}],"curies":[{"name":"wp","href":"https:\/\/api.w.org\/{rel}","templated":true}]}}