{"id":2188,"date":"2020-01-08T17:57:15","date_gmt":"2020-01-08T17:57:15","guid":{"rendered":"https:\/\/exactas.uba.ar\/higieneyseguridad\/?page_id=2188"},"modified":"2026-03-02T17:51:39","modified_gmt":"2026-03-02T17:51:39","slug":"ano-2020","status":"publish","type":"page","link":"https:\/\/exactas.uba.ar\/higieneyseguridad\/higienealimentaria\/informes\/ano-2020\/","title":{"rendered":"A\u00f1o 2020"},"content":{"rendered":"<p>Lugares inspeccionados :<\/p>\n<p style=\"padding-left: 80px;\">Bar Boicot CECEN Pabell\u00f3n II<\/p>\n<p style=\"padding-left: 80px;\">Biblioteca Noriega CECEN Pabell\u00f3n I<\/p>\n<p style=\"padding-left: 80px;\">Comedor Pabell\u00f3n I<\/p>\n<p style=\"padding-left: 80px;\">Comedor Pabell\u00f3n II<\/p>\n<p style=\"padding-left: 80px;\">Kiosko CECEN Pabell\u00f3n I<\/p>\n<p style=\"padding-left: 80px;\">Kiosko CECEN Pabell\u00f3n II<\/p>\n<p style=\"padding-left: 80px;\">Kiosko Auge<\/p>\n<p style=\"padding-left: 80px;\">Mutual<\/p>\n<p>&nbsp;<\/p>\n","protected":false},"excerpt":{"rendered":"Lugares inspeccionados : Bar Boicot CECEN Pabell\u00f3n II Biblioteca Noriega CECEN Pabell\u00f3n I Comedor Pabell\u00f3n I Comedor Pabell\u00f3n II Kiosko CECEN Pabell\u00f3n I Kiosko CECEN Pabell\u00f3n II Kiosko Auge Mutual &nbsp;","protected":false},"author":2,"featured_media":0,"parent":413,"menu_order":7,"comment_status":"closed","ping_status":"closed","template":"","meta":{"_acf_changed":false,"footnotes":""},"class_list":["post-2188","page","type-page","status-publish","hentry"],"acf":[],"_links":{"self":[{"href":"https:\/\/exactas.uba.ar\/higieneyseguridad\/wp-json\/wp\/v2\/pages\/2188","targetHints":{"allow":["GET"]}}],"collection":[{"href":"https:\/\/exactas.uba.ar\/higieneyseguridad\/wp-json\/wp\/v2\/pages"}],"about":[{"href":"https:\/\/exactas.uba.ar\/higieneyseguridad\/wp-json\/wp\/v2\/types\/page"}],"author":[{"embeddable":true,"href":"https:\/\/exactas.uba.ar\/higieneyseguridad\/wp-json\/wp\/v2\/users\/2"}],"replies":[{"embeddable":true,"href":"https:\/\/exactas.uba.ar\/higieneyseguridad\/wp-json\/wp\/v2\/comments?post=2188"}],"version-history":[{"count":5,"href":"https:\/\/exactas.uba.ar\/higieneyseguridad\/wp-json\/wp\/v2\/pages\/2188\/revisions"}],"predecessor-version":[{"id":8001,"href":"https:\/\/exactas.uba.ar\/higieneyseguridad\/wp-json\/wp\/v2\/pages\/2188\/revisions\/8001"}],"up":[{"embeddable":true,"href":"https:\/\/exactas.uba.ar\/higieneyseguridad\/wp-json\/wp\/v2\/pages\/413"}],"wp:attachment":[{"href":"https:\/\/exactas.uba.ar\/higieneyseguridad\/wp-json\/wp\/v2\/media?parent=2188"}],"curies":[{"name":"wp","href":"https:\/\/api.w.org\/{rel}","templated":true}]}}