{"id":2029,"date":"2020-01-06T20:21:32","date_gmt":"2020-01-06T20:21:32","guid":{"rendered":"https:\/\/exactas.uba.ar\/higieneyseguridad\/?page_id=2029"},"modified":"2020-01-07T12:28:26","modified_gmt":"2020-01-07T12:28:26","slug":"normas-basicas-de-almacenamiento-de-sustancias-quimicas-parte-2-2","status":"publish","type":"page","link":"https:\/\/exactas.uba.ar\/higieneyseguridad\/seguridadlaboral\/seguridad-quimica\/normas-basicas-de-almacenamiento-de-sustancias-quimicas-parte-2-2\/","title":{"rendered":"Normas B\u00e1sicas de Almacenamiento de Sustancias Qu\u00edmicas. Parte 2"},"content":{"rendered":"<h2>Almacenamiento por incompatibilidad<\/h2>\n<p>Los productos qu\u00edmicos que pueden llegar a generar riesgos de importancia en su almacenamiento pueden separarse en nueve grupos:<\/p>\n<table border=\"2\" bordercolor=\"#009999\" width=\"100%\" cellspacing=\"2\" cellpadding=\"0\">\n<tbody>\n<tr>\n<td width=\"20%\">\n<h3 align=\"center\">Grupo<\/h3>\n<\/td>\n<td width=\"40%\">\n<h3>Caracter\u00edsticas<\/h3>\n<\/td>\n<td width=\"40%\">\n<h3 align=\"center\">Almacenamiento<\/h3>\n<\/td>\n<\/tr>\n<tr>\n<td width=\"20%\">\n<h4 align=\"center\">Oxidantes<\/h4>\n<\/td>\n<td width=\"40%\">Sustancias que generan ox\u00edgeno a la temperatura ambiente del almac\u00e9n en el que se conserven o por exposici\u00f3n al calor.<\/td>\n<td width=\"40%\">\n<p align=\"justify\">no deber\u00e1n almacenarse conjuntamente con sustancias reductoras<\/p>\n<\/td>\n<\/tr>\n<tr>\n<td width=\"20%\">\n<h4 align=\"center\">Reductores<\/h4>\n<\/td>\n<td width=\"40%\">&#8212;&#8212;&#8211;<\/td>\n<td width=\"40%\">\n<p align=\"center\">&#8212;&#8212;&#8211;<\/p>\n<\/td>\n<\/tr>\n<tr>\n<td width=\"20%\">\n<h4 align=\"center\">Corrosivas<\/h4>\n<\/td>\n<td width=\"40%\">\u00c1cidos y \u00e1lcalis fuertes concentrados, y otras sustancias que pueden provocar quemaduras o irritaci\u00f3n de la piel, las membranas mucosas o los ojos, o que deterioran la mayor\u00eda de los materiales<\/td>\n<td width=\"40%\">\n<p align=\"justify\">Mantener separados los \u00e1cidos fuertes de las bases fuertes, situ\u00e1ndolos lo m\u00e1s cerca posible del suelo y en bandejas para recoger posibles derrames.<\/p>\n<\/td>\n<\/tr>\n<tr>\n<td width=\"20%\">\n<h4 align=\"center\">Productos Reactivos con el Agua<\/h4>\n<\/td>\n<td width=\"40%\">Producen reacciones violentas o liberan productos altamente t\u00f3xicos, inflamables o corrosivos<\/td>\n<td width=\"40%\">\n<p align=\"center\">&#8212;&#8212;&#8212;<\/p>\n<\/td>\n<\/tr>\n<tr>\n<td width=\"20%\">\n<h4 align=\"center\">T\u00f3xicos<\/h4>\n<\/td>\n<td width=\"40%\">Requieren zonas de almacenamiento ventiladas, en especial los de alta volatilidad<\/td>\n<td width=\"40%\">\n<p align=\"justify\">Han de estar separadas de inflamables y combustibles. No deben almacenarse junto con per\u00f3xidos, sustancias que desprenden gases inflamables al contacto con el agua, gases comprimidos, licuados o disueltos, fertilizantes que contengan nitrato am\u00f3nico.<\/p>\n<\/td>\n<\/tr>\n<tr>\n<td width=\"20%\">\n<h4 align=\"center\">Peroxidantes<\/h4>\n<\/td>\n<td width=\"40%\">Los peroxidables son productos que pueden formar per\u00f3xidos inestables y deben almacenarse en ambientes frescos y oscuros<\/td>\n<td width=\"40%\">\n<p align=\"center\">&#8212;&#8212;&#8212;<\/p>\n<\/td>\n<\/tr>\n<tr>\n<td width=\"20%\">\n<h4 align=\"center\">Pirofosforicos<\/h4>\n<\/td>\n<td width=\"40%\">Entran en combusti\u00f3n en contacto con el aire y en ocasiones con el agua; son necesarias medidas especiales de confinamiento.<\/td>\n<td width=\"40%\">\n<p align=\"center\">&#8212;&#8212;&#8212;<\/p>\n<\/td>\n<\/tr>\n<tr>\n<td width=\"20%\">\n<h4 align=\"center\">Gases Comprimidos<\/h4>\n<\/td>\n<td width=\"40%\">Adem\u00e1s de los riesgos inherentes al producto, plantean riesgos por la elevada energ\u00eda cin\u00e9tica que poseen al estar comprimidos en un recipiente<\/td>\n<td width=\"40%\">\n<p align=\"center\">&#8212;&#8212;&#8212;<\/p>\n<\/td>\n<\/tr>\n<\/tbody>\n<\/table>\n<p>&nbsp;<\/p>\n<p align=\"justify\">Los cinco primeros grupos dan lugar a reacciones fuertemente exot\u00e9rmicas, liberando cantidades importantes de calor en forma violenta, incluso explosiva, si entran en contacto con productos incompatibles.<\/p>\n<p align=\"justify\">Las sustancias qu\u00edmicas deben almacenarse en sus envases originales, en lugares seguros, considerando sus riesgos inherentes, la incompatibilidad con otros productos qu\u00edmicos y las condiciones del ambiente (calor, fuentes de ignici\u00f3n, luz y humedad).<\/p>\n<p align=\"justify\">Cuando un producto presenta varios riesgos, debe realizarse una estimaci\u00f3n de la severidad del riesgo, teniendo en cuenta cantidades totales almacenadas, el material y tama\u00f1o de los recipientes.<\/p>\n<h2>Almacenamiento por severidad del riesgo<\/h2>\n<p align=\"justify\">Un criterio para establecer la severidad del riesgo (de mayor a menor) ser\u00eda:<\/p>\n<p>1\u00ba Productos explosivos.<br \/>\n2\u00ba Productos comburentes.<br \/>\n3\u00ba Productos inflamables.<br \/>\n4\u00ba Productos t\u00f3xicos.<br \/>\n5\u00ba Productos corrosivos.<br \/>\n6\u00ba Productos nocivos.<\/p>\n<p align=\"justify\">De esta forma, para la separaci\u00f3n de los dem\u00e1s, los productos con riesgos m\u00faltiples se clasificar\u00e1n en la categor\u00eda de mayor riesgo, para que las medidas para su separaci\u00f3n sean m\u00e1s restrictivas.<\/p>\n<h3>Sustancias explosivas<\/h3>\n<p align=\"justify\">Se incluyen en esta categor\u00eda todas las sustancias qu\u00edmicas, productos pirot\u00e9cnicos y cerillas que son explosivos per se, as\u00ed como otras sustancias, como las sales met\u00e1licas sensibles que, por s\u00ed mismas, en ciertas mezclas o sometidas a determinadas condiciones de temperatura, choque, fricci\u00f3n o acci\u00f3n qu\u00edmica, pueden transformarse y experimentar una reacci\u00f3n explosiva.<\/p>\n<h3>Sustancias oxidantes<\/h3>\n<p align=\"justify\">Constituyen fuentes de ox\u00edgeno y, por tanto, son capaces de facilitar la combusti\u00f3n e intensificar la violencia de un incendio. Si los envases de los materiales oxidantes se han deteriorado, su contenido puede mezclarse con otras sustancias combustibles y provocar una ignici\u00f3n.<\/p>\n<p align=\"justify\">Es peligroso almacenar sustancias oxidantes potentes cerca de l\u00edquidos, aunque su punto de inflamaci\u00f3n sea bajo, o de materiales inflamables, aunque lo sean s\u00f3lo ligeramente. Resulta m\u00e1s seguro mantener todas las sustancias inflamables lejos del lugar en el que se conservan los oxidantes. El \u00e1rea de almacenamiento debe ser fresca, estar bien ventilada y tener una estructura ign\u00edfuga.<\/p>\n<h3>Sustancias inflamables<\/h3>\n<p align=\"justify\">El hidr\u00f3geno, el propano, el butano, el etileno, el acetileno, el \u00e1cido sulfh\u00eddrico y el gas de carb\u00f3n se encuentran entre los gases inflamables m\u00e1s comunes. Algunos como el cianuro de hidr\u00f3geno y el cian\u00f3geno son inflamables y t\u00f3xicos. Los materiales inflamables deben conservarse en lugares suficientemente frescos para evitar igniciones accidentales si los vapores se mezclan con el aire.<\/p>\n<p align=\"justify\">Los vapores de disolventes inflamables pueden ser m\u00e1s pesados que el aire y moverse a ras de suelo hasta una fuente de ignici\u00f3n distante. Es esencial la prohibici\u00f3n de fumar y de generar llamas desnudas en los lugares en que se manipulan o almacenan dichos disolventes.<\/p>\n<p align=\"justify\">Los bidones de seguridad port\u00e1tiles son los recipientes m\u00e1s seguros para almacenar sustancias inflamables. Los vol\u00famenes de l\u00edquidos inflamables superiores a 1 litro deben depositarse en envases de metal.<\/p>\n<p align=\"justify\">El \u00e1rea de almacenamiento debe situarse alejada de toda fuente de calor o de riesgo de incendio. Las sustancias altamente inflamables deben conservarse separadas de agentes oxidantes potentes y de materiales susceptibles de combusti\u00f3n espont\u00e1nea. Cuando se almacenen l\u00edquidos de volatilidad elevada, deben instalarse aparatos y dispositivos el\u00e9ctricos de iluminaci\u00f3n de fabricaci\u00f3n antideflagrante certificada y no se permitir\u00e1 la generaci\u00f3n de llamas desnudas en el lugar de almacenamiento o cerca de \u00e9ste. Se dispondr\u00e1 adem\u00e1s de extintores de incendios y materiales inertes absorbentes como arena y tierra seca para su utilizaci\u00f3n en situaciones de emergencia.<\/p>\n<p align=\"justify\">Debe disponerse asimismo de extintores de incendios manuales. No debe permitirse fumar.<\/p>\n<h3>Sustancias t\u00f3xicas<\/h3>\n<p align=\"justify\">Las sustancias qu\u00edmicas t\u00f3xicas deben conservarse en \u00e1reas frescas y bien ventiladas lejos de fuentes de calor, \u00e1cidos, humedad y sustancias oxidantes. Los compuestos vol\u00e1tiles deben almacenarse en refrigeradores que no generen chispas (-20 \u00baC) para evitar la evaporaci\u00f3n. Puesto que los envases pueden sufrir fugas, las salas de almacenamiento deben equiparse con campanas de evacuaci\u00f3n de humos u otros dispositivos de ventilaci\u00f3n local equivalentes. Los envases abiertos deben cerrarse con cinta u otro elemento obturador antes de su recolocaci\u00f3n en la sala de almacenamiento. Las sustancias que pueden reaccionar qu\u00edmicamente entre s\u00ed deben mantenerse en ubicaciones separadas.<\/p>\n<h3>Sustancias corrosivas<\/h3>\n<p align=\"justify\">Son ejemplos t\u00edpicos el \u00e1cido fluorh\u00eddrico, el \u00e1cido clorh\u00eddrico, el \u00e1cido sulf\u00farico, el \u00e1cido n\u00edtrico, el \u00e1cido f\u00f3rmico y el \u00e1cido percl\u00f3rico. Estos materiales pueden da\u00f1ar sus recipientes y propagarse en la atm\u00f3sfera del \u00e1rea de almacenamiento; algunos son vol\u00e1tiles y otros reaccionan violentamente con la humedad, la materia org\u00e1nica u otras sustancias qu\u00edmicas. Los vapores de \u00e1cido pueden corroer los materiales estructurales y los equipos y ejercer una acci\u00f3n t\u00f3xica sobre el personal. Este tipo de sustancias deben mantenerse a baja temperatura, pero muy por encima de su punto de congelaci\u00f3n, ya que un compuesto como el \u00e1cido ac\u00e9tico puede congelarse a una temperatura relativamente alta, romper su envase y propagarse cuando la temperatura vuelva a superar dicho punto.<\/p>\n<p align=\"justify\">Asimismo, algunas sustancias corrosivas pueden tener otras propiedades peligrosas; por ejemplo, el \u00e1cido percl\u00f3rico, adem\u00e1s de ser sumamente corrosivo, constituye un potente agente oxidante capaz de causar incendios y explosiones. El Agua regia presenta tres caracter\u00edsticas peligrosas: a) combina las propiedades corrosivas de sus dos componentes, el \u00e1cido clorh\u00eddrico y el \u00e1cido n\u00edtrico; b) es un agente oxidante muy potente, y c) una aplicaci\u00f3n limitada de calor basta para dar lugar a la formaci\u00f3n de cianuro de cloro, un gas de gran toxicidad.<\/p>\n<p align=\"justify\">No se utilizar\u00e1 una misma \u00e1rea para el almacenamiento simult\u00e1neo de compuestos de \u00e1cido n\u00edtrico y \u00e1cido sulf\u00farico.<\/p>\n<p align=\"justify\">En ocasiones, es necesario depositar l\u00edquidos corrosivos y t\u00f3xicos en envases especiales; por ejemplo, el \u00e1cido fluorh\u00eddrico debe conservarse en botellas de plomo, gutapercha o de ozokerita refinada. Puesto que este \u00e1cido interact\u00faa con el vidrio, no debe almacenarse cerca de bombonas de este material o de barro que contengan otros \u00e1cidos.<\/p>\n<p align=\"justify\">Las bombonas que contengan \u00e1cidos corrosivos deben envasarse con diatomita (tierra de infusorios) u otro material inorg\u00e1nico aislante eficaz.<\/p>\n<h2>Manipulaci\u00f3n y Almacenamiento seguro<\/h2>\n<p align=\"justify\">Debe disponerse de instrucciones escritas de las pr\u00e1cticas de almacenamiento oportunas, as\u00ed como de hojas de seguridad.<\/p>\n<p align=\"justify\">La ubicaci\u00f3n correspondiente a los distintos tipos de productos qu\u00edmicos debe ilustrarse en un plano del dep\u00f3sito. En un registro qu\u00edmico figurar\u00e1 la m\u00e1xima cantidad permitida de todos los productos qu\u00edmicos en general y por clases.<\/p>\n<p align=\"justify\">Los productos qu\u00edmicos almacenados ser\u00e1n examinados peri\u00f3dicamente, al menos, una vez al a\u00f1o. Aquellos cuya vida \u00fatil hubiera expirado, estuvieran deteriorados o se encontraran en recipientes con fugas deber\u00e1n ser descartados en condiciones de seguridad. Se utilizar\u00e1 un sistema de gesti\u00f3n de existencias First In First Out (\u201cprimero en entrar, primero en salir\u201d).<br \/>\nDebe situarse una alarma de incendios en el interior o en las proximidades de las instalaciones de almacenamiento.<\/p>\n<h3>Requisitos en materia de etiquetado<\/h3>\n<p align=\"justify\">La etiqueta es un elemento esencial para la organizaci\u00f3n de los productos qu\u00edmicos almacenados.<\/p>\n<p align=\"justify\">Cuando ciertos productos peligrosos se recibieran en bidones o bolsas y volvieran a ser embalados, los nuevos envases deber\u00e1n ser etiquetados, de manera que el usuario pueda identificar la sustancia qu\u00edmica y reconocer de inmediato sus riesgos. Se debe respetar las pautas establecidas en el SGA<\/p>\n<p>Volver a<\/p>\n<p><a class=\"boton\" href=\"https:\/\/exactas.uba.ar\/higieneyseguridad\/seguridadlaboral\/seguridad-quimica\/normas-basicas-de-almacenamiento-de-sustancias-quimicas\/\" target=\"_blank\" rel=\"noopener noreferrer\">Normas B\u00e1sicas de Almacenamiento de Sustancias Qu\u00edmicas Parte 1<\/a><\/p>\n","protected":false},"excerpt":{"rendered":"Almacenamiento por incompatibilidad Los productos qu\u00edmicos que pueden llegar a generar riesgos de importancia en su almacenamiento pueden separarse en nueve grupos: Grupo Caracter\u00edsticas Almacenamiento Oxidantes Sustancias que generan ox\u00edgeno a la temperatura ambiente del almac\u00e9n en el que se conserven o por exposici\u00f3n al calor. no deber\u00e1n almacenarse conjuntamente con sustancias reductoras Reductores &#8212;&#8212;&#8211;&#8230; <a class=\"view-article\" href=\"https:\/\/exactas.uba.ar\/higieneyseguridad\/seguridadlaboral\/seguridad-quimica\/normas-basicas-de-almacenamiento-de-sustancias-quimicas-parte-2-2\/\">LEER +<\/a>","protected":false},"author":2,"featured_media":0,"parent":1497,"menu_order":2,"comment_status":"closed","ping_status":"closed","template":"","meta":{"_acf_changed":false,"footnotes":""},"class_list":["post-2029","page","type-page","status-publish","hentry"],"acf":[],"_links":{"self":[{"href":"https:\/\/exactas.uba.ar\/higieneyseguridad\/wp-json\/wp\/v2\/pages\/2029","targetHints":{"allow":["GET"]}}],"collection":[{"href":"https:\/\/exactas.uba.ar\/higieneyseguridad\/wp-json\/wp\/v2\/pages"}],"about":[{"href":"https:\/\/exactas.uba.ar\/higieneyseguridad\/wp-json\/wp\/v2\/types\/page"}],"author":[{"embeddable":true,"href":"https:\/\/exactas.uba.ar\/higieneyseguridad\/wp-json\/wp\/v2\/users\/2"}],"replies":[{"embeddable":true,"href":"https:\/\/exactas.uba.ar\/higieneyseguridad\/wp-json\/wp\/v2\/comments?post=2029"}],"version-history":[{"count":20,"href":"https:\/\/exactas.uba.ar\/higieneyseguridad\/wp-json\/wp\/v2\/pages\/2029\/revisions"}],"predecessor-version":[{"id":2107,"href":"https:\/\/exactas.uba.ar\/higieneyseguridad\/wp-json\/wp\/v2\/pages\/2029\/revisions\/2107"}],"up":[{"embeddable":true,"href":"https:\/\/exactas.uba.ar\/higieneyseguridad\/wp-json\/wp\/v2\/pages\/1497"}],"wp:attachment":[{"href":"https:\/\/exactas.uba.ar\/higieneyseguridad\/wp-json\/wp\/v2\/media?parent=2029"}],"curies":[{"name":"wp","href":"https:\/\/api.w.org\/{rel}","templated":true}]}}