{"id":1913,"date":"2020-01-06T01:35:10","date_gmt":"2020-01-06T01:35:10","guid":{"rendered":"https:\/\/exactas.uba.ar\/higieneyseguridad\/?page_id=1913"},"modified":"2020-01-07T01:18:23","modified_gmt":"2020-01-07T01:18:23","slug":"normas-basicas-de-almacenamiento-de-sustancias-quimicas","status":"publish","type":"page","link":"https:\/\/exactas.uba.ar\/higieneyseguridad\/seguridadlaboral\/seguridad-quimica\/normas-basicas-de-almacenamiento-de-sustancias-quimicas\/","title":{"rendered":"Normas B\u00e1sicas de Almacenamiento de Sustancias Qu\u00edmicas. Parte 1"},"content":{"rendered":"<h2>Objetivo general<\/h2>\n<p>Disponer de un sitio seguro de conservaci\u00f3n y dep\u00f3sito de productos qu\u00edmicos<\/p>\n<h2>Objetivos espec\u00edficos<\/h2>\n<p style=\"text-align: justify;\">Evitar la combinaci\u00f3n accidental de sustancias qu\u00edmicas con otras incompatibles que pudiera dar lugar a reacciones peligrosas o violentas, con la posibilidad de generar incendios, explosiones y\/o emanaciones de gases venenosos o corrosivos que pudieran comprometer la salud de las personas, las instalaciones y\/o el medio ambiente.<\/p>\n<p>Prevenir situaciones graves que pudieran presentarse por derrames, fugas o roturas de envases.<\/p>\n<h2>Incompatibilidades de sustancias qu\u00edmicas<\/h2>\n<p>&nbsp;<\/p>\n<table border=\"2\" bordercolor=\"#009999\" width=\"100%\" cellspacing=\"2\" cellpadding=\"0\">\n<tbody>\n<tr>\n<td width=\"100%\">\n<h3 align=\"center\">Compuestos que reaccionan fuertemente con el agua<\/h3>\n<\/td>\n<\/tr>\n<tr>\n<td>\n<p>\u00c1cidos fuertes anh\u00eddridos,<\/p>\n<p>Anh\u00eddridos, Alquilmetales y metaloides,<\/p>\n<p>Metales alcalinos,Amiduros,<\/p>\n<p>Carburos, Fosfuros, Siliciuros<\/p>\n<p>Fl\u00faor Halogenuros de \u00e1cido, Halogenuros de acilo, Halogenuros inorg\u00e1nicos anh\u00eddridos (excepto alcalinos),<\/p>\n<p>Hidr\u00f3xidos alcalinos, Hidruros, Imiduros,<\/p>\n<p>\u00d3xidos alcalinos, Per\u00f3xidos inorg\u00e1nicos<\/p>\n<p>Calcio<\/td>\n<\/tr>\n<\/tbody>\n<\/table>\n<p>&nbsp;<\/p>\n<table border=\"2\" bordercolor=\"#009999\" width=\"100%\" cellspacing=\"2\" cellpadding=\"0\">\n<tbody>\n<tr>\n<td width=\"100%\">\n<h3 align=\"center\" >Compuestos que reaccionan violentamente con el aire o el ox\u00edgeno (inflamaci\u00f3n espont\u00e1nea)<\/h3>\n<\/td>\n<\/tr>\n<tr>\n<td>\n<p>Arsinas, Boranos,<\/p>\n<p>Alquimetales y metaloides, Metales carbonilados, Metales finamente divididos<\/p>\n<p>Fosfinas, F\u00f3sforo blanco, Fosfuros, Hidruros<\/p>\n<p>Nitruros alcalinos,<\/p>\n<p>Silenos, Siliciuros,<\/p>\n<p>Anh\u00eddridos,<\/p>\n<p>Alquilmetales y metaloides<\/td>\n<\/tr>\n<\/tbody>\n<\/table>\n<p>&nbsp;<\/p>\n<table border=\"2\" bordercolor=\"#009999\" width=\"100%\" cellspacing=\"2\" cellpadding=\"0\">\n<tbody>\n<tr>\n<td colspan=\"2\" width=\"100%\">\n<h3 align=\"center\" >Sustancias incompatibles de elevada afinidad<\/h3>\n<\/td>\n<\/tr>\n<tr>\n<td witdh=\"40%\">\n<p><b fontcolor=\"#009999\">Oxidantes con <\/b><\/p>\n<\/td>\n<td witdh=\"60%\">\n<p>Nitratos, halogenados, \u00f3xidos, per\u00f3xidos, fl\u00faor<\/td>\n<\/tr>\n<tr>\n<td witdh=\"40%\">\n<p><b fontcolor=\"#009999\">Reductores con <\/b><\/p>\n<\/td>\n<td witdh=\"60%\">\n<p><align=\"justify> Materiales inflamables, carburos, nitruros, hidruros, sulfuros, alquimetales, aluminio, magnesio y circonio en polvo\n<\/td>\n<\/tr>\n<tr>\n<td witdh=\"40%\">\n<p><b fontcolor=\"#009999\">\u00c1cidos fuertes con  <\/b><\/p>\n<\/td>\n<td witdh=\"60%\">\n<p><align=\"justify> Bases Fuertes\n<\/td>\n<\/tr>\n<tr>\n<td witdh=\"40%\">\n<p><b fontcolor=\"#009999\">\u00c1cido Sulf\u00farico con  <\/b><\/p>\n<\/td>\n<td witdh=\"60%\">\n<p><align=\"justify> Az\u00facar, celulosa, \u00e1cido percl\u00f3rico, permanganato pot\u00e1sico, cloratos, sulfocianuros\n<\/td>\n<\/tr>\n<\/tbody>\n<\/table>\n<p>&nbsp;<\/p>\n<table border=\"2\" bordercolor=\"#009999\" width=\"100%\" cellspacing=\"2\" cellpadding=\"0\">\n<body><\/p>\n<tr>\n<td colspan=\"3\" witdh=\"100%\">\n<h3 align=\"center\"> Reacciones peligrosas de los \u00e1cidos <\/h3>\n<\/tr>\n<tr>\n<td witdh=\"30%\">\n<b fontcolor=\"#009999\"> <\/p>\n<p>Reactivo.1. <\/b><\/p>\n<\/td>\n<td witdh=\"30%\">\n<b fontcolor=\"#009999\"> <\/p>\n<p>Reactivo.2. <\/b><\/p>\n<\/td>\n<td witdh=\"40%\">\n<b fontcolor=\"#009999\"> <\/p>\n<p>Desprende  <\/b><\/p>\n<\/td>\n<\/tr>\n<tr>\n<td witdh=\"30%\" rowspan=\"9\">\n<b fontcolor=\"#009999\"> <\/p>\n<p>\u00c1cido Sulf\u00farico <\/b><\/p>\n<\/td>\n<\/tr>\n<tr>\n<td witdh=\"30%\">\n<p>\u00c1cido f\u00f3rmico\n<\/td>\n<td witdh=\"40%\">\n<p>Mon\u00f3xido de Carbono\n<\/td>\n<\/tr>\n<tr>\n<td witdh=\"30%\">\n<p>\u00c1cido ox\u00e1lico\n<\/td>\n<td witdh=\"40%\">\n<p>Mon\u00f3xido de Carbono\n<\/td>\n<\/tr>\n<tr>\n<td witdh=\"30%\">\n<p>Alcohol et\u00edlico\n<\/td>\n<td witdh=\"40%\">\n<p>Etano\n<\/td>\n<\/tr>\n<tr>\n<td witdh=\"30%\">\n<p>Bromuro s\u00f3dico\n<\/td>\n<td witdh=\"40%\">\n<p>Bromo, di\u00f3xido de azufre\n<\/td>\n<\/tr>\n<tr>\n<td witdh=\"30%\">\n<p>Cianuro s\u00f3dico\n<\/td>\n<td witdh=\"40%\">\n<p>Mon\u00f3xido de Carbono\n<\/td>\n<\/tr>\n<tr>\n<td witdh=\"30%\">\n<p>Sulfocianuro s\u00f3dico\n<\/td>\n<td witdh=\"40%\">\n<p>Sulfuro de carbonilo\n<\/td>\n<\/tr>\n<tr>\n<td witdh=\"30%\">\n<p>Ioduro de hidr\u00f3geno\n<\/td>\n<td witdh=\"40%\">\n<p>Ioduro de hidr\u00f3geno\n<\/td>\n<\/tr>\n<tr>\n<td witdh=\"30%\">\n<p>Algunos metales\n<\/td>\n<td witdh=\"40%\">\n<p>Mon\u00f3xido de Carbono\n<\/td>\n<\/tr>\n<tr>\n<td witdh=\"30%\" >\n<b fontcolor=\"#009999\"> <\/p>\n<p>\u00c1cido N\u00edtrico <\/b><\/p>\n<\/td>\n<td witdh=\"30%\">\n<p>Algunos metales\n<\/td>\n<td witdh=\"40%\">\n<p>Mon\u00f3xido de Carbono\n<\/td>\n<\/tr>\n<tr>\n<td witdh=\"30%\" rowspan=\"3\">\n<b fontcolor=\"#009999\"> <\/p>\n<p>\u00c1cido clorh\u00eddrico  <\/b><\/p>\n<\/td>\n<td witdh=\"30%\">\n<p>Sulfuros\n<\/td>\n<td witdh=\"40%\">\n<p>Sulfuro de Hidr\u00f3geno\n<\/td>\n<\/tr>\n<tr>\n<td witdh=\"30%\">\n<p>Hipocloritos\n<\/td>\n<td witdh=\"40%\">\n<p>Cloro\n<\/td>\n<\/tr>\n<tr>\n<td witdh=\"30%\">\n<p>Cianuros\n<\/td>\n<td witdh=\"40%\">\n<p>Cianh\u00eddrico\n<\/td>\n<\/tr>\n<p><\/body><br \/>\n<\/table>\n<p>&nbsp;<\/p>\n<h2>Incompatibilidad por reacci\u00f3n con el agua e inflamabilidad <\/h2>\n<p align=\"justify\"> La segregaci\u00f3n de productos qu\u00edmicos deber\u00eda realizarse atendiendo en primer t\u00e9rmino a la inflamabilidad y en segundo lugar a la incompatibilidad del producto con el agua.<br \/>\nEl incendio es el accidente que puede alcanzar las consecuencias m\u00e1s graves. Por consiguiente la inflamabilidad ser\u00e1 el criterio prioritario de segregaci\u00f3n.<\/p>\n<p align=\"justify\">El agua es el agente extintor m\u00e1s adecuado en la mayor\u00eda de los incendios por su eficacia, abundancia, econom\u00eda y f\u00e1cil obtenci\u00f3n. En el caso de incendio en sectores de almacenamiento de productos qu\u00edmicos puede utilizarse con las limitaciones impuestas por la presencia de compuestos reactivos con el agua y de productos qu\u00edmicos inflamables insolubles con menor densidad que el agua fr\u00eda. En este \u00faltimo caso, el agua puede extender el incendio por lo que, preferentemente, debe ser aplicada pulverizada por profesionales o personal entrenado. Tambi\u00e9n es aconsejable el uso de agentes extintores alternativos.<\/p>\n<p>La separaci\u00f3n entre grupos de productos podr\u00eda establecerse de la siguiente manera:<\/p>\n<h3> Grupo 1: Inflamables compatibles con el agua <\/h3>\n<p align=\"justify\">Los s\u00f3lidos como el azufre y l\u00edquidos como el metanol, etanol, acetona, \u00e1cido ac\u00e9tico son algunos ejemplos de este grupo. El volumen almacenado de estos productos determinar\u00e1 si es necesario disponer de un dep\u00f3sito exclusivo o simplemente bastar\u00e1 un tabique o material incombustible. Es recomendable la instalaci\u00f3n de bandejas para evitar derrames.<\/p>\n<p align=\"justify\">Los productos de este grupo con caracter\u00edsticas de toxicidad acentuadas (acrilamida, epiclorhidrina, disulfuro de carbono), deber\u00edan colocarse en otra zona u armario con buena ventilaci\u00f3n.<\/p>\n<p align=\"justify\">Los productos peroxidables como el tetrahidrofurano o el dioxano deber\u00edan ser separados del resto y almacenados en lugar fresco, preferentemente oscuro,  llevando control del tiempo de permanencia.<\/p>\n<h3>Grupo 2: Inflamables incompatibles con el agua <\/h3>\n<p align=\"justify\">Ser\u00e1n aplicables los mismos criterios y normativas que para el grupo 1 aunque en este caso deber\u00e1 tomarse en consideraci\u00f3n que el uso del agua es extremadamente peligroso. Estos productos deber\u00e1n resguardarse de la humedad. El sector deber\u00e1 contar con agentes extintores especiales.<\/p>\n<p align=\"justify\">La incompatibilidad con el agua se puede dar de dos formas:<\/p>\n<p>1) En base a una reactividad peligrosa:<\/p>\n<p align=\"justify\">Los metales alcalinos y alcalinot\u00e9rreos (litio, sodio, calcio, magnesio), sobre todo finamente divididos, reaccionan vigorosamente con el agua y liberan hidr\u00f3geno, gas capaz de inflamarse por el calor desprendido en la reacci\u00f3n.<\/p>\n<p align=\"justify\">Metales como el aluminio, zinc o boro en estado pulverulento, tambi\u00e9n liberan hidr\u00f3geno en contacto con el agua.<\/p>\n<p align=\"justify\">Carburos como el de berilio, calcio o aluminio producen gases inflamables, tales como el metano o el acetileno los cuales se inflaman con el calor liberado.<\/p>\n<p align=\"justify\">Algunos catalizadores de polimerizaci\u00f3n, como los compuestos alqu\u00edlicos de aluminio, reaccionan violentamente y prenden en contacto con el agua.<\/p>\n<p align=\"justify\">2) En base a la inmiscibilidad y menor densidad que el agua, hecho que puede dificultar las tareas de extinci\u00f3n. En este caso el criterio de almacenamiento ser\u00e1 muy parecido al del grupo 1 pudi\u00e9ndose incluso almacenar junto a ellos si las cantidades son peque\u00f1as con la precauci\u00f3n de colocar extintores de espuma, polvo o incluso de agua pulverizada.<\/p>\n<p align=\"justify\">Ejemplos de estos productos son: tolueno, hexano, ciclohexano, \u00e9ter de petr\u00f3leo, etc.<\/p>\n<h3>Grupo 3: No inflamables compatibles con el agua<\/h3>\n<p align=\"justify\">Este es un grupo heterog\u00e9neo, en el que se incluyen \u00e1cidos, bases, t\u00f3xicos, oxidantes o reductores que tienen en com\u00fan su compatibilidad con el agua.<\/p>\n<p align=\"justify\">Los t\u00f3xicos deben ser almacenados en lugares ventilados. Si alguno de ellos tiene una toxicidad muy manifiesta o es cancer\u00edgeno es aconsejable almacenarlo bajo llave como el cianuro s\u00f3dico o el pot\u00e1sico, cloruro de bario, tri\u00f3xido de ars\u00e9nico, \u00f3xido de cadmio, etc.<\/p>\n<p align=\"justify\">Los \u00e1cidos, bases, oxidantes y reductores deben almacenarse por separado.  Algunos \u00e1cidos inorg\u00e1nicos tienen un efecto oxidante muy marcado por lo que deber\u00e1n ser almacenados como oxidantes y alejarlos de productos y materiales combustibles.<\/p>\n<p align=\"justify\">Conviene separar s\u00f3lidos y l\u00edquidos para evitar las mezclas en casos de roturas y derrames.<\/p>\n<h3>Grupo 4: No inflamables incompatibles con el agua<\/h3>\n<p align=\"justify\">Este grupo como el anterior es heterog\u00e9neo, con el agravante de que el contacto con agua produce reacciones peligrosas.<\/p>\n<p align=\"justify\">Los subgrupos se constituir\u00e1n como en el grupo 3, separando bases, \u00e1cidos, oxidantes, reductores y t\u00f3xicos.<\/p>\n<h3>Grupo 5: Inestables a temperaturas superiores a las ambientales<\/h3>\n<p align=\"justify\">Este grupo lo componen productos qu\u00edmicos que se tornan inestables a temperaturas moderadamente superiores a la ambiente. Por ejemplo, el per\u00f3xido de hidr\u00f3geno, sustancia oxidante fuerte, soluble en agua, que puede descomponerse violentamente por  exposici\u00f3n a calor excesivo.<\/p>\n<p align=\"justify\">Para el almacenamiento de estas sustancias deber\u00e1 asegurarse el alejamiento de fuentes de calor, y as\u00ed podr\u00e1n asimilarse al resto, en funci\u00f3n de sus riesgos y compatibilidad con el agua.<\/p>\n<h3>Grupo 6: Inestables o muy vol\u00e1tiles a temperaturas ambiente que necesitan un ambiente refrigerado<\/h3>\n<p align=\"justify\">Este grupo requiere para su almacenamiento un frigor\u00edfico o una habitaci\u00f3n fr\u00eda, que posean las siguientes caracter\u00edsticas:<\/p>\n<p align=\"justify\">Interior libre de posibles focos de ignici\u00f3n y disposici\u00f3n de sistemas alternativo de suministro energ\u00e9tico para el caso de fallo de la fuente principal de energ\u00eda.<\/p>\n<p align=\"justify\">No almacenar productos inflamables estables en refrigeradores dom\u00e9sticos o asegurarse que \u00e9ste no posea ning\u00fan elemento el\u00e9ctrico en su interior.<\/p>\n<h3>Grupo 7: <\/h3>\n<p align=\"justify\">Los pirof\u00f3ricos arden espont\u00e1neamente en contacto con el aire y normalmente en contacto con el agua.<\/p>\n<p align=\"justify\">Cada compuesto pirof\u00f3rico debe almacenarse en recipientes especiales, requiriendo, en muchas ocasiones atm\u00f3sferas inertes y secas. Un ejemplo es el f\u00f3sforo blanco.<\/p>\n<h3>Grupo 8: Gases comprimidos, licuados o disueltos contenidos en botellas o botellones <\/h3>\n<p align=\"justify\">Deben estar almacenados en lugares ventilados, ubicados en el exterior, alejados de toda fuente de ignici\u00f3n, colocados en posici\u00f3n vertical, debidamente protegidos para evitar su ca\u00edda, separando f\u00edsicamente los gases inflamables del resto y las botellas llenas de las vac\u00edas.<\/p>\n<h2>Almacenamiento de peque\u00f1as cantidades <\/h2>\n<p align=\"justify\">La estrategia de almacenamiento expuesta anteriormente es v\u00e1lida para todo tipo de almacenamiento aunque est\u00e1 orientada, fundamentalmente, al almacenamiento de cantidades importantes de un n\u00famero variado de productos qu\u00edmicos. No obstante, existen drogueros de peque\u00f1as cantidades de productos qu\u00edmicos variados.<\/p>\n<p align=\"justify\">En esta situaci\u00f3n puede simplificarse la estrategia presentada anteriormente de esta manera:<\/p>\n<p>\u2022\tLos inflamables compatibles o incompatibles con el agua (en t\u00e9rmino de miscibilidad), separados del resto y almacenados en armario de seguridad en una zona ventilada y libre de focos de ignici\u00f3n.<\/p>\n<p>\u2022\t\u00c1cidos fuertes<br \/>\n\u2022\tBases fuertes<br \/>\n\u2022\tOxidantes fuertes<br \/>\n\u2022\tReductores fuertes<br \/>\n\u2022\tT\u00f3xicos que no posean ninguno de los riesgos anteriores. En tal caso se almacenar\u00e1n con el grupo de riesgo correspondiente. Los muy t\u00f3xicos carcinog\u00e9nicos, bajo control.<br \/>\n\u2022\tGases, aparte, preferiblemente en el exterior.<br \/>\n\u2022\tProductos qu\u00edmicos de especial peligrosidad (incompatibles con el agua, pirof\u00f3ricos, etc.), almacenados en las condiciones preventivas necesarias.<br \/>\n\u2022\tResto de productos sin riesgo espec\u00edfico.<\/p>\n<p>Continua en<\/p>\n<p><a class=\"boton\" href=\"https:\/\/exactas.uba.ar\/higieneyseguridad\/seguridadlaboral\/seguridad-quimica\/normas-basicas-de-almacenamiento-de-sustancias-quimicas-parte-2-2\/\" rel=\"noopener noreferrer\" target=\"_blank\">Normas B\u00e1sicas de Almacenamiento de Sustancias Qu\u00edmicas.Parte 2<\/a><\/p>\n","protected":false},"excerpt":{"rendered":"Objetivo general Disponer de un sitio seguro de conservaci\u00f3n y dep\u00f3sito de productos qu\u00edmicos Objetivos espec\u00edficos Evitar la combinaci\u00f3n accidental de sustancias qu\u00edmicas con otras incompatibles que pudiera dar lugar a reacciones peligrosas o violentas, con la posibilidad de generar incendios, explosiones y\/o emanaciones de gases venenosos o corrosivos que pudieran comprometer la salud de&#8230; <a class=\"view-article\" href=\"https:\/\/exactas.uba.ar\/higieneyseguridad\/seguridadlaboral\/seguridad-quimica\/normas-basicas-de-almacenamiento-de-sustancias-quimicas\/\">LEER +<\/a>","protected":false},"author":2,"featured_media":0,"parent":1497,"menu_order":0,"comment_status":"closed","ping_status":"closed","template":"","meta":{"_acf_changed":false,"footnotes":""},"class_list":["post-1913","page","type-page","status-publish","hentry"],"acf":[],"_links":{"self":[{"href":"https:\/\/exactas.uba.ar\/higieneyseguridad\/wp-json\/wp\/v2\/pages\/1913","targetHints":{"allow":["GET"]}}],"collection":[{"href":"https:\/\/exactas.uba.ar\/higieneyseguridad\/wp-json\/wp\/v2\/pages"}],"about":[{"href":"https:\/\/exactas.uba.ar\/higieneyseguridad\/wp-json\/wp\/v2\/types\/page"}],"author":[{"embeddable":true,"href":"https:\/\/exactas.uba.ar\/higieneyseguridad\/wp-json\/wp\/v2\/users\/2"}],"replies":[{"embeddable":true,"href":"https:\/\/exactas.uba.ar\/higieneyseguridad\/wp-json\/wp\/v2\/comments?post=1913"}],"version-history":[{"count":69,"href":"https:\/\/exactas.uba.ar\/higieneyseguridad\/wp-json\/wp\/v2\/pages\/1913\/revisions"}],"predecessor-version":[{"id":2082,"href":"https:\/\/exactas.uba.ar\/higieneyseguridad\/wp-json\/wp\/v2\/pages\/1913\/revisions\/2082"}],"up":[{"embeddable":true,"href":"https:\/\/exactas.uba.ar\/higieneyseguridad\/wp-json\/wp\/v2\/pages\/1497"}],"wp:attachment":[{"href":"https:\/\/exactas.uba.ar\/higieneyseguridad\/wp-json\/wp\/v2\/media?parent=1913"}],"curies":[{"name":"wp","href":"https:\/\/api.w.org\/{rel}","templated":true}]}}