{"id":1760,"date":"2019-12-11T20:46:17","date_gmt":"2019-12-11T20:46:17","guid":{"rendered":"https:\/\/exactas.uba.ar\/higieneyseguridad\/?page_id=1760"},"modified":"2019-12-11T20:52:09","modified_gmt":"2019-12-11T20:52:09","slug":"normas-basicas-de-trabajo-con-animales-de-laboratorio","status":"publish","type":"page","link":"https:\/\/exactas.uba.ar\/higieneyseguridad\/seguridadlaboral\/seguridad-biologica\/normas-basicas-de-trabajo-con-animales-de-laboratorio\/","title":{"rendered":"Normas B\u00e1sicas de Trabajo Con Animales de Laboratorio"},"content":{"rendered":"<h2>Normas de seguridad<\/h2>\n<ul>\n<li>No manipular especies animales sin habilitaci\u00f3n para esta tarea.<\/li>\n<li>Usar uniformes y materiales de contenci\u00f3n para los animales.<\/li>\n<li>Informar inmediatamente las mordeduras, ara\u00f1azos o cualquier trauma f\u00edsico.<\/li>\n<li>Mantener el orden en el \u00e1rea de trabajo.<\/li>\n<li>No fumar, beber o comer en \u00e1reas de animales.<\/li>\n<li>Separar los materiales defectuosos o en malas condiciones.<\/li>\n<li>No colocar materiales en carros de transporte que impidan la visibilidad.<\/li>\n<li>Mantener las manos limpias.<\/li>\n<li>Los materiales rotos deber\u00e1n ser recogidos con escobilla y para y colocados en lugares apropiados.<\/li>\n<\/ul>\n<p>&nbsp;<\/p>\n<h2>Infecciones animales transmisibles al hombre (ejemplos)<\/h2>\n<h3>Roedores y conejos<\/h3>\n<table border=\"3\" width=\"100%\">\n<tbody>\n<tr>\n<td rowspan=\"3\" width=\"14%\"><em>Bacterias<\/em><\/td>\n<td width=\"70%\">Salmonella (ej. S. typhimurium)<\/td>\n<td width=\"16%\">Nivel 2<\/td>\n<\/tr>\n<tr>\n<td width=\"70%\">Yersinia pseudotuberculosis<\/td>\n<td width=\"16%\">Nivel 2<\/td>\n<\/tr>\n<tr>\n<td width=\"70%\">Sctinobacillus moniliformis (fiebre por mordeduras de ratas)<\/td>\n<td width=\"16%\">Nivel 2<\/td>\n<\/tr>\n<tr>\n<td rowspan=\"3\" width=\"14%\"><em>Leptospira<\/em><\/td>\n<td width=\"70%\">Leptospira (varias especies)<\/td>\n<td width=\"16%\">Nivel 2<\/td>\n<\/tr>\n<tr>\n<td width=\"70%\">Coriomeningitis\u00a0 linfoc\u00edtica<\/td>\n<td width=\"16%\">Nivel 3<\/td>\n<\/tr>\n<tr>\n<td width=\"70%\">Sendai<\/td>\n<td width=\"16%\">Nivel 2<\/td>\n<\/tr>\n<tr>\n<td rowspan=\"2\" width=\"14%\">Virus<\/td>\n<td width=\"70%\">Hanta<\/td>\n<td width=\"16%\">Nivel 3<\/td>\n<\/tr>\n<tr>\n<td width=\"70%\">Trichophiton<\/td>\n<td width=\"16%\">Nivel 2<\/td>\n<\/tr>\n<tr>\n<td width=\"14%\">Hongos<\/td>\n<td width=\"70%\">Microsporon<\/td>\n<td width=\"16%\">Nivel 2<\/td>\n<\/tr>\n<tr>\n<td width=\"14%\">Par\u00e1sitos<\/td>\n<td width=\"70%\">Hymenoleptis nana<\/td>\n<td width=\"16%\">Nivel 2<\/td>\n<\/tr>\n<\/tbody>\n<\/table>\n<p>&nbsp;<\/p>\n<h2>Recomendaciones de Bioseguridad para actividades con vertebrados infectados<\/h2>\n<p>&nbsp;<\/p>\n<h3><strong><u>NIVEL 1\u00a0<\/u><\/strong><\/h3>\n<table border=\"3\" width=\"100%\">\n<tbody>\n<tr>\n<td width=\"24%\"><strong>\u00a0AGENTE INFECCIOSO<\/strong><\/td>\n<td width=\"24%\"><strong>\u00a0PRACTICAS<\/strong><\/td>\n<td width=\"24%\"><strong>EQUIPAMIENTOS (BARRERAS PRIMARIAS)<\/strong><\/td>\n<td width=\"28%\"><strong>INSTALACIONES<\/strong><br \/>\n<strong>(BARRERAS SECUNDARIAS)<\/strong><\/td>\n<\/tr>\n<tr>\n<td style=\"text-align: justify;\" width=\"24%\">No asociado con enfermedades.\u00a0No se conozca que causen muerte en adultos sanos<\/td>\n<td style=\"text-align: justify;\" width=\"24%\">Manejo adecuado de animales, procedimientos y vigilancia sanitaria<\/td>\n<td style=\"text-align: justify;\" width=\"24%\">Los normalmente requeridos para cada especie<\/td>\n<td width=\"28%\">Mesada con pileta. Bioterio convencional, se recomienda el direccionamiento del aire<\/td>\n<\/tr>\n<\/tbody>\n<\/table>\n<h3><strong><u>NIVEL 2<\/u><\/strong><\/h3>\n<table border=\"3\" width=\"100%\">\n<tbody>\n<tr>\n<td width=\"24%\"><strong>\u00a0AGENTE INFECCIOSO<\/strong><\/td>\n<td width=\"24%\"><strong>\u00a0PRACTICAS<\/strong><\/td>\n<td width=\"24%\"><strong>EQUIPAMIENTOS (BARRERAS PRIMARIAS)<\/strong><\/td>\n<td width=\"28%\"><strong>INSTALACIONES<\/strong><\/p>\n<p><strong>(BARRERAS SECUNDARIAS)<\/strong><\/td>\n<\/tr>\n<tr>\n<td width=\"24%\">Asociado a enfermedades. Contaminaci\u00f3n por lastimaduras, inoculaci\u00f3n, ingesti\u00f3n y exposici\u00f3n de membranas mucosas<\/td>\n<td width=\"24%\">Pr\u00e1cticas de nivel 1 m\u00e1s: Acceso limitado, s\u00edmbolo de riesgo biol\u00f3gico, alerta de precauci\u00f3n, manual de bioseguridad. Precauci\u00f3n con los elementos cortantes.Manual de Bioseguridad definiendo cada descontaminaci\u00f3n de desechos necesario o pol\u00edticas de supervisi\u00f3n m\u00e9dica Descontaminaci\u00f3n de todo material infeccioso de las jaulas antes del lavado<\/td>\n<td width=\"24%\">Equipamiento de nivel 1 \u00f3 II, \u00fa otros dispositivos de contenci\u00f3n f\u00edsica usados para todas las manipulaciones de agentes que causen aerosoles por salpicaduras de material infeccioso; m\u00e1s el\u00a0equipamiento de contenci\u00f3n adecuado para cada especie, equipamiento de protecci\u00f3n individual (EPIs), uso de protecci\u00f3n facial y respiratoria si es necesario<\/td>\n<td width=\"28%\">Instalaciones del nivel 1 m\u00e1s:Autoclaves para descontaminaci\u00f3n y piletas en las salas de animales<\/td>\n<\/tr>\n<\/tbody>\n<\/table>\n<h3><strong><u>NIVEL 3<\/u><\/strong><\/h3>\n<table border=\"3\" width=\"100%\">\n<tbody>\n<tr style=\"text-align: justify;\">\n<td width=\"24%\"><strong>AGENTE INFECCIOSO<\/strong><\/td>\n<td width=\"24%\"><strong>PRACTICAS<\/strong><\/td>\n<td width=\"24%\"><strong>EQUIPAMIENTOS (BARRERAS PRIMARIAS)<\/strong><\/td>\n<td width=\"28%\"><strong>INSTALACIONES (BARRERAS SECUNDARIAS)<\/strong><\/td>\n<\/tr>\n<tr>\n<td width=\"24%\">Nativo o ex\u00f3tico con riesgo potencial por aerosoles, enfermedades que pueden causar serios efectos en la salud.Existe tratamiento y\/o prevenci\u00f3n<\/td>\n<td width=\"24%\">Pr\u00e1cticas del nivel 2 m\u00e1s:Acceso controlado, decontaminaci\u00f3n de ropas antes de lavarlas, decontaminaci\u00f3n de jaulas antes de remover el lecho, desinfecci\u00f3n del calzado<\/td>\n<td width=\"24%\">Equipamiento del nivel 2 m\u00e1s:Equipamientos de manutenci\u00f3n, cabinas clase I y II \u00fa otros dispositivos de contenci\u00f3n f\u00edsica usados para todas las manipulaciones de agentes;\u00a0Para manipulaci\u00f3n (inoculaci\u00f3n, necropsia u otros que puedan generar aerosoles), equipamientos de protecci\u00f3n individual (EPIs), uso de protecci\u00f3n facial y respiratoria<\/td>\n<td width=\"28%\">Instalaciones del nivel 2 m\u00e1s:\u00a0Separaci\u00f3n f\u00edsica entre los corredores de acceso, acceso de doble puerta con cerramiento autom\u00e1tico, autoclave en el bioterio, ventanas y aberturas selladas. Aire usado no recirculante .Flujo de aire negativo en el laboratorio<\/td>\n<\/tr>\n<\/tbody>\n<\/table>\n<p>&nbsp;<\/p>\n<h3><strong><u>NIVEL 4<\/u><\/strong><\/h3>\n<table border=\"3\" width=\"100%\">\n<tbody>\n<tr>\n<td width=\"24%\"><strong>AGENTE INFECCIOSO<\/strong><\/td>\n<td width=\"24%\"><strong>PRACTICAS<\/strong><\/td>\n<td width=\"24%\"><strong>EQUIPAMIENTOS (BARRERAS PRIMARIAS)<\/strong><\/td>\n<td width=\"28%\"><strong>INSTALACIONES<\/strong><\/p>\n<p><strong>(BARRERAS SECUNDARIAS)<\/strong><\/td>\n<\/tr>\n<tr>\n<td style=\"text-align: justify;\" width=\"24%\">Agentes peligrosos \/ ex\u00f3ticos que pongan en riesgo la vida por inexistencia de tratamiento, transmisi\u00f3n de aerosoles o agentes relacionados con riesgo desconocido de transmisi\u00f3n<\/td>\n<td width=\"24%\">Pr\u00e1cticas de nivel 3 m\u00e1s: Entrada con cambio de ropa, uso de parapeto apropiado, ba\u00f1o a la salida, todo material es descontaminado antes de ser removido del bioterio<\/td>\n<td width=\"24%\">Equipamiento del nivel 3 m\u00e1s:\u00a0Equipamientos de contenci\u00f3n m\u00e1xima (clase III) o equipamiento de contenci\u00f3n parcial en combinaci\u00f3n con protecci\u00f3n total del cuerpo con abastecimiento de aire usado en todos los procedimientos y pr\u00e1cticas<\/td>\n<td width=\"28%\">Instalaciones de nivel 3 m\u00e1s:\u00a0Predio separado o en zona aislada, sistema de abastecimiento y extracci\u00f3n de aire, vac\u00edo y descontaminaci\u00f3n exclusivos, otros requerimientos exclusivos<\/td>\n<\/tr>\n<\/tbody>\n<\/table>\n<h3>Accidentes en Bioterios (Ejemplos seleccionados )<\/h3>\n<table border=\"3\" width=\"100%\">\n<tbody>\n<tr>\n<td width=\"20%\"><strong>RIESGO POTENCIAL<\/strong><\/td>\n<td width=\"30%\"><strong>DEBIDO A<\/strong><\/td>\n<td width=\"50%\"><strong>EJEMPLOS<\/strong><\/td>\n<\/tr>\n<tr>\n<td width=\"20%\">Esfuerzo f\u00edsico<\/td>\n<td width=\"30%\">Levantar materiales .Deslocar objetos.Torcer el cuerpo.Ca\u00edda<\/td>\n<td width=\"50%\">Bolsas de alimento.Estantes con cajas.Contenci\u00f3n de animales de gran porte.Trabajos repetitivos.Resbalarse en suelo mojado<\/td>\n<\/tr>\n<tr>\n<td width=\"20%\">P\u00e9rdida auditiva<\/td>\n<td width=\"30%\">Ruidos<\/td>\n<td style=\"text-align: justify;\" width=\"50%\">\u00c1rea de lavado y preparaci\u00f3n de materiales<\/td>\n<\/tr>\n<tr style=\"text-align: justify;\">\n<td width=\"20%\">Descarga el\u00e9ctrica<\/td>\n<td width=\"30%\">Instalaci\u00f3n el\u00e9ctrica defectuosa<\/td>\n<td width=\"50%\">Agua en el piso, equipamiento sin cable a tierra, etc.<\/td>\n<\/tr>\n<tr style=\"text-align: justify;\">\n<td width=\"20%\">Heridas<\/td>\n<td width=\"30%\">Mordeduras o ara\u00f1azos<\/td>\n<td width=\"50%\">Animal mal contenido<\/td>\n<\/tr>\n<tr style=\"text-align: justify;\">\n<td width=\"20%\">Accidentes con agujas<\/td>\n<td width=\"30%\">Inyecciones o punciones<\/td>\n<td width=\"50%\">Agujas inadecuadas. Animal mal contenido<\/td>\n<\/tr>\n<tr style=\"text-align: justify;\">\n<td rowspan=\"4\" width=\"20%\">Exposici\u00f3n a<\/td>\n<td width=\"30%\">Alergenos<\/td>\n<td width=\"50%\">Del animal, prote\u00edna animal, etc.<\/td>\n<\/tr>\n<tr style=\"text-align: justify;\">\n<td width=\"30%\">Biol\u00f3gicos<\/td>\n<td width=\"50%\">Pat\u00f3genos humanos, agentes zoon\u00f3ticos latentes o introducidos<\/td>\n<\/tr>\n<tr style=\"text-align: justify;\">\n<td width=\"30%\">Qu\u00edmicos<\/td>\n<td width=\"50%\">Pruebas con materiales de riesgo, desinfectantes, \u00e1cidos para el lavado de jaulas<\/td>\n<\/tr>\n<tr>\n<td style=\"text-align: justify;\" width=\"30%\">Radiaci\u00f3n<\/td>\n<td style=\"text-align: justify;\" width=\"50%\">Is\u00f3topos, luz ultravioleta, etc.<\/td>\n<\/tr>\n<\/tbody>\n<\/table>\n<p>&nbsp;<\/p>\n<h2>Trabajos de campo<\/h2>\n<p>El personal que realiza tareas de campo est\u00e1 expuesto a adquirir infecciones zoon\u00f3ticas. Para reducir al m\u00ednimo los riesgos de contagio se debe conocer el peligro asociado a dichas actividades y las v\u00edas de infecci\u00f3n.<\/p>\n<h2>Normas para disposici\u00f3n de Residuos Patog\u00e9nicos<\/h2>\n<p>Seg\u00fan la Ley 154 de residuos patog\u00e9nicos de CABA, son considerados residuos patog\u00e9nicos todos aquellos desechos o elementos materiales en estado s\u00f3lido, semis\u00f3lido, l\u00edquido o gaseoso que presumiblemente presenten o puedan presentar caracter\u00edsticas de infecciosidad, toxicidad o actividad biol\u00f3gica que puedan afectar directa o indirectamente a los seres vivos, o causar contaminaci\u00f3n del suelo, del agua o de la atm\u00f3sfera, que sean generados en la atenci\u00f3n de la salud humana o animal por el diagn\u00f3stico, tratamiento, inmunizaci\u00f3n o provisi\u00f3n de servicios, as\u00ed como tambi\u00e9n en la investigaci\u00f3n o producci\u00f3n comercial de elementos biol\u00f3gicos o t\u00f3xicos.<\/p>\n<p>Procedencia<\/p>\n<p>A)Restos org\u00e1nicos provenientes del quir\u00f3fano, de servicios de hemodi\u00e1lisis, hemoterapia, anatom\u00eda patol\u00f3gica, morgue.<\/p>\n<p>B)Restos, cuerpos y excremento;<\/p>\n<p>C)Algodones, gasas, vendas usadas, jeringas, objetos cortantes o punzantes, materiales descartables y otros elementos que hayan estado en contacto con agentes patog\u00e9nicos y que no se hayan inactivado;<\/p>\n<p>D)Restos de animales y vegetales;<\/p>\n<p>E) Material contaminado autoclavado;<\/p>\n<p>F)No se incluir\u00e1n en las bolsas: Elementos cortantes o punzantes. Nota: se descartar\u00e1n en \u201cdescartadores\u201d apropiados de paredes r\u00edgidas y dichos \u201cdescartadores\u201d ser\u00e1n luego introducidos en las mismas bolsas que se usan para residuos patog\u00e9nicos.<\/p>\n<p>G) En caso de residuos con alto contenido de l\u00edquido, se colocar\u00e1n en bolsas a las que previamente se les haya agregado material absorbente que impida el percolado de la misma.<\/p>\n<p>H) Los responsables de cada grupo de investigaci\u00f3n ser\u00e1n los encargados de la supervisi\u00f3n e implementaci\u00f3n de programas que incluyan, la capacitaci\u00f3n de todo el personal que manipule residuos patog\u00e9nicos, tareas de mantenimiento, limpieza, desinfecci\u00f3n y descontaminaci\u00f3n para asegurar las condiciones de higiene en los equipos, instalaciones, medios de transporte y todo otro elemento utilizado en el manejo de los residuos patog\u00e9nicos.<\/p>\n<p>Antes de su traslado se proceder\u00e1 al cierre de la bolsa roja de 120 \u00b5m con un precinto, de manera tal que impida su reapertura. Y se llevar\u00e1 al local de Acopio transitorio de Residuos patog\u00e9nicos, en tachos rojos que se puedan identificar.<\/p>\n<p>&nbsp;<\/p>\n<p><a class=\"boton doc\" href=\"https:\/\/exactas.uba.ar\/higieneyseguridad\/wp-content\/uploads\/2019\/12\/Normas-b\u00e1sicas-de-Trabajo-con-animales-de-laboratorio.pdf\">Normas b\u00e1sicas de Trabajo con animales de laboratorio<\/a><\/p>\n","protected":false},"excerpt":{"rendered":"Normas de seguridad No manipular especies animales sin habilitaci\u00f3n para esta tarea. Usar uniformes y materiales de contenci\u00f3n para los animales. Informar inmediatamente las mordeduras, ara\u00f1azos o cualquier trauma f\u00edsico. Mantener el orden en el \u00e1rea de trabajo. No fumar, beber o comer en \u00e1reas de animales. Separar los materiales defectuosos o en malas condiciones&#8230;. <a class=\"view-article\" href=\"https:\/\/exactas.uba.ar\/higieneyseguridad\/seguridadlaboral\/seguridad-biologica\/normas-basicas-de-trabajo-con-animales-de-laboratorio\/\">LEER +<\/a>","protected":false},"author":2,"featured_media":0,"parent":1479,"menu_order":4,"comment_status":"closed","ping_status":"closed","template":"","meta":{"_acf_changed":false,"footnotes":""},"class_list":["post-1760","page","type-page","status-publish","hentry"],"acf":[],"_links":{"self":[{"href":"https:\/\/exactas.uba.ar\/higieneyseguridad\/wp-json\/wp\/v2\/pages\/1760","targetHints":{"allow":["GET"]}}],"collection":[{"href":"https:\/\/exactas.uba.ar\/higieneyseguridad\/wp-json\/wp\/v2\/pages"}],"about":[{"href":"https:\/\/exactas.uba.ar\/higieneyseguridad\/wp-json\/wp\/v2\/types\/page"}],"author":[{"embeddable":true,"href":"https:\/\/exactas.uba.ar\/higieneyseguridad\/wp-json\/wp\/v2\/users\/2"}],"replies":[{"embeddable":true,"href":"https:\/\/exactas.uba.ar\/higieneyseguridad\/wp-json\/wp\/v2\/comments?post=1760"}],"version-history":[{"count":28,"href":"https:\/\/exactas.uba.ar\/higieneyseguridad\/wp-json\/wp\/v2\/pages\/1760\/revisions"}],"predecessor-version":[{"id":1793,"href":"https:\/\/exactas.uba.ar\/higieneyseguridad\/wp-json\/wp\/v2\/pages\/1760\/revisions\/1793"}],"up":[{"embeddable":true,"href":"https:\/\/exactas.uba.ar\/higieneyseguridad\/wp-json\/wp\/v2\/pages\/1479"}],"wp:attachment":[{"href":"https:\/\/exactas.uba.ar\/higieneyseguridad\/wp-json\/wp\/v2\/media?parent=1760"}],"curies":[{"name":"wp","href":"https:\/\/api.w.org\/{rel}","templated":true}]}}