{"id":1571,"date":"2019-12-09T22:24:34","date_gmt":"2019-12-09T22:24:34","guid":{"rendered":"https:\/\/exactas.uba.ar\/higieneyseguridad\/?page_id=1571"},"modified":"2025-08-26T19:10:13","modified_gmt":"2025-08-26T19:10:13","slug":"plan-de-evacuacion-ante-una-emergencia","status":"publish","type":"page","link":"https:\/\/exactas.uba.ar\/higieneyseguridad\/seguridadlaboral\/emergencias\/plan-de-evacuacion-ante-una-emergencia\/","title":{"rendered":"Plan de Evacuaci\u00f3n Ante Una Emergencia"},"content":{"rendered":"<h2 style=\"text-align: justify;\">Definiciones<\/h2>\n<p style=\"text-align: justify;\"><em>Emergencia<\/em>: Situaci\u00f3n de Incendio, Derrame Qu\u00edmico, Escape de Gas , Amenaza de Bomba,\u00a0 intestabilidad estructural, derrumbe , etc<\/p>\n<p style=\"text-align: justify;\"><em>Brigada de Evacuaci\u00f3n<\/em>: Constituida por un Brigadistas Jefe de Piso, Brigadista Jefe de Punto de Reuni\u00f3n, Suplentes y Brigadistas.<\/p>\n<p style=\"text-align: justify;\"><em>Brigadistas:<\/em> Personas adiestradas para colaborar en el proceso de Evacuaci\u00f3n.<\/p>\n<p style=\"text-align: justify;\"><em>Punto de Reuni\u00f3n<\/em>: Sitio donde se realiza el Encuentro y Verificaci\u00f3n de Evacuados. En caso de ser necesario el desalojo de la FCEN existen dos Puntos de Reuni\u00f3n: Personal y p\u00fablico en general: Verificar la ubicaci\u00f3n en los planos actualizados Personal y Ni\u00f1os de la Guarder\u00eda: Parque Jard\u00edn Maternal<\/p>\n<p style=\"text-align: justify;\"><em>Verificaci\u00f3n de evacuados:<\/em> Actividad que desarrollar\u00e1n los evacuados a los efectos de reconocer e informar a los Brigadistas, los ausentes dentro de cada grupo de pertenencia, ya que el personal evacuado puede no tener un horario de cumplimiento regular<\/p>\n<p style=\"text-align: justify;\"><em>Grupo Director:<\/em> La Evacuaci\u00f3n est\u00e1 dirigida por un Grupo Director. El mismo est\u00e1 formado por un Director de Evacuaci\u00f3n, un Jefe T\u00e9cnico y un Jefe de Seguridad, y suplentes para cada puesto.<\/p>\n<p style=\"text-align: justify;\"><em>Director de Evacuaci\u00f3n<\/em>: es el m\u00e1ximo responsable en el Proceso de Evacuaci\u00f3n de la FCEN. Es el Director del Servicio de Higiene y Seguridad o su reemplazante. Posee Peto identificatorio de color naranja.<\/p>\n<p style=\"text-align: justify;\"><em>Jefe de Seguridad<\/em>: es el Director de Departamento de Seguridad y Control o su reemplazante. Posee Peto identificatorio de color naranja<\/p>\n<p style=\"text-align: justify;\"><em>Jefe T\u00e9cnico:<\/em> es el\u00a0 Secretario T\u00e9cnico o su reemplazante. Posee Peto identificatorio de color naranja<\/p>\n<p style=\"text-align: justify;\"><em>Vocero<\/em>: Autoridad a cargo de la FCEN, designada para que atienda a los periodistas y medios de comunicaci\u00f3n que acudan por informaci\u00f3n y notas por el incidente acontecido Decano, Vice-Decano o Secretario de H\u00e1bitat u otro Secretario de la FCEN). Esta persona usar\u00e1 un Peto identificatorio de color naranja.<\/p>\n<h2 style=\"text-align: justify;\">Qu\u00e9 Hacer en caso que se detecte una Situaci\u00f3n de Emergencia:<\/h2>\n<p style=\"text-align: justify;\">Llamar al interno <strong>58311<\/strong> \u00f3 al telefono<strong> 5285-8311 <\/strong>correspondiente a <strong>Seguridad y Control,<\/strong> informando:<\/p>\n<ul style=\"text-align: justify;\">\n<li><strong><em>Qu\u00e9 sucedi\u00f3<\/em><\/strong><\/li>\n<li><strong><em>D\u00f3nde ocurri\u00f3<\/em><\/strong><\/li>\n<li><strong><em>Si hay heridos<\/em><\/strong><\/li>\n<li><strong><em>Qui\u00e9n esta avisando<\/em><\/strong><\/li>\n<li><strong><em>Cu\u00e1l es su n\u00famero de interno, de celular, n\u00famero de puerta del local, piso y fachada:<\/em><\/strong><\/li>\n<\/ul>\n<ol style=\"list-style-type: circle; text-align: justify;\">\n<li style=\"list-style-type: none;\">\n<ol style=\"list-style-type: circle;\">\n<li>para Pabell\u00f3n II: <strong>R\u00edo, River, Arquitectura o M\u00e1stil\/Pab.cero+Infinito;<\/strong><\/li>\n<li>para Pabell\u00f3n Cero+Infinito : <strong>Pabell\u00f3n I, Para de colectivos\/River, Campo de Deportes \/Rio<\/strong><\/li>\n<li>para Pabell\u00f3n I: <strong>Parque norte, Parada de colectivos, Pabellon Cero+Infinito, R\u00edo.<\/strong><\/li>\n<li>para Pabell\u00f3n Industrias: <strong>R\u00edo\/IFIBYNE,\u00a0 Pabell\u00f3n I\/Pabellon Cero+Infinito<\/strong><\/li>\n<li>para Bioterio: <strong>R\u00edo, IFIBYNE, Pabell\u00f3n II, Frente<\/strong><\/li>\n<li>\n<ul>\n<li>Espere a personal de Seguridad y Control, o<\/li>\n<li>Espere afuera de su laboratorio\/local o<\/li>\n<li>Acerque un extintor a la puerta de su laboratorio\/local adecuado al fuego producido, Cierre la Llave General de Gas. Corte Suministro El\u00e9ctrico. Apague Ventilaci\u00f3n. Espere a personal de Seguridad\u201d, o<\/li>\n<li>Al\u00e9jese del lugar con calma, cerrando la puerta del sitio siniestrado<\/li>\n<\/ul>\n<\/li>\n<\/ol>\n<\/li>\n<\/ol>\n<p style=\"padding-left: 40px; text-align: justify;\"><strong>Nota:<\/strong><\/p>\n<p style=\"padding-left: 120px; text-align: justify;\">En caso de incendio debe dar aviso a otras personas para que colaboren con la situaci\u00f3n de emergencia. Dado que el desarrollo de los incendios se produce de forma exponencial, la actuaci\u00f3n sobre el mismo debe ser lo m\u00e1s r\u00e1pida posible.<\/p>\n<p style=\"padding-left: 120px; text-align: justify;\">Si se dudase sobre el control del incendio por medio de recursos propios, es conveniente avisar a los bomberos, ya que, aunque puede ocurrir que a la llegada de los mismos el fuego se haya extinguido, si no se consigue su extinci\u00f3n, se evitar\u00e1 que evolucione hasta proporciones catastr\u00f3ficas<\/p>\n<p><!--nextpage--><\/p>\n<h2 style=\"text-align: justify;\">Modos de aviso de la emergencia<\/h2>\n<p style=\"text-align: justify;\">El aviso de la orden de evacuaci\u00f3n se realizar\u00e1 mediante el accionamiento del sistema de alarmas, megafon\u00eda o personalmente a viva voz, en caso de no funcionar las sirenas<\/p>\n<h3 style=\"text-align: justify;\">Aviso de alarma parcial<\/h3>\n<p style=\"text-align: justify;\">Se acciona la alarma correspondiente a la zona en donde ocurre el siniestro, las personas que se encuentren en dicho lugar, deber\u00e1n comenzar con la evacuaci\u00f3n.<\/p>\n<h3 style=\"text-align: justify;\">Aviso de alarma general<\/h3>\n<p style=\"text-align: justify;\">Se acciona la alarma general ubicada en Seguridad y Control, en Bioterio se encuentra emplazado en el Hall de ingreso.. Todas las personas deber\u00e1n comenzar con la evacuaci\u00f3n del edificio.<\/p>\n<h3 style=\"text-align: justify;\">Aviso en forma personal<\/h3>\n<p style=\"text-align: justify;\">En caso que no funcionare el sistema de alarmas, personal de <strong>Seguridad y Control<\/strong> y\/o del <strong>Servicio de Higiene <\/strong>y\/o<strong> Seguridad<\/strong> y\/o <strong>Brigadistas<\/strong> recorrer\u00e1n los pisos y\/o sectores para avisar de la emergencia.<\/p>\n<p><!--nextpage--><\/p>\n<h2 style=\"text-align: justify;\">La evacuaci\u00f3n<\/h2>\n<p style=\"text-align: justify;\">Luego de ser avisados de la emergencia, todas las personas que se encuentren en las instalaciones del edificio de la <strong>FCEN<\/strong> deber\u00e1n desalojar el edificio sin p\u00e9rdidas de tiempo. Si esta presente el Personal de la <strong>Brigada de Evacuaci\u00f3n<\/strong>\u00a0 siga sus instrucciones , sino salga por el camino mas corto\u00a0 concurriendo al <strong>Punto de Encuentro<\/strong>.<\/p>\n<h3 style=\"text-align: justify;\">Indicaciones a seguir<\/h3>\n<ol style=\"list-style-type: circle; text-align: justify;\">\n<li style=\"list-style-type: none;\">\n<ol style=\"list-style-type: circle;\">\n<li style=\"list-style-type: none;\">\n<ul>\n<li>No utilice las l\u00edneas telef\u00f3nicas al exterior.<\/li>\n<li>Mantenga la calma. No adopte actitudes que puedan generar p\u00e1nico.<\/li>\n<li>Deje\u00a0 es su lugar de trabajo las cosas como est\u00e1n aunque respetando las siguientes consignas: Apague los artefactos que est\u00e1n alimentados con gas, y cierre la llave principal de gas. Apague la ventilaci\u00f3n o aire acondicionado. Ret\u00edrese sin demora.<\/li>\n<li>No transporte bultos. Salga en orden sin abandonar al grupo.<\/li>\n<li>Utilice las v\u00edas de Evacuaci\u00f3n m\u00e1s directas a una salida \u00f3 salidas de emergencia\u00a0 del edificio, designadas en Funci\u00f3n de los Planos de Circulaci\u00f3n y la se\u00f1alizaci\u00f3n de salida y escape existente. En caso que el incendio, derrame o incidente afecte a las v\u00edas normales de evacuaci\u00f3n, la <strong>Brigada de Evacuaci\u00f3n <\/strong>derivar\u00e1 la circulaci\u00f3n de personas a otras salidas libres.<\/li>\n<li>No use los ascensores. Siempre que pueda descienda para salir al exterior del edificio.<\/li>\n<li>No corra. Camine r\u00e1pido. No se demore. Grad\u00fae la velocidad de avance, sin tratar de forzarla, y no se detenga hasta tanto se abandone por completo el edificio<\/li>\n<li>Preste permanente atenci\u00f3n para no ser sorprendido por bruscas detenciones en el paso.<\/li>\n<li>Una vez iniciada la evacuaci\u00f3n, no vuelva sobre sus pasos al lugar abandonado.<\/li>\n<li>Avance conservando en todo momento la mano derecha, a fin de posibilitar el avance, en sentido contrario, de los elementos de auxilio, en caso de ser necesarios.<\/li>\n<li>Guarde silencio, y evite todo aquello que cause confusi\u00f3n como ser gritos, llamadas, bromas, etc. Su modo de proceder puede generar confusi\u00f3n<\/li>\n<li>Antes de abrir una puerta palpe con el dorso de la mano que la misma no est\u00e9 caliente. Si est\u00e1 caliente no la abra.<\/li>\n<li>Si hay humo despl\u00e1cese gateando. C\u00fabrase la boca con pa\u00f1uelos u otro elemento.<\/li>\n<li>Una vez que logr\u00f3 llegar a un lugar seguro fuera del edificio, no vuelva a ingresar a este.<\/li>\n<li>No retire los autom\u00f3viles de la playa de estacionamiento para permitir la libre circulaci\u00f3n de las auto-bombas y ambulancias. Recuerde que en una evacuaci\u00f3n encontrar\u00e1 personas moviliz\u00e1ndose que podr\u00edan ser atropelladas.<\/li>\n<li>Avise a la <strong>Brigada de Evacuaci\u00f3n <\/strong>o al personal de <strong>Seguridad y Control<\/strong> si hay alguna persona que qued\u00f3 en el edificio.<\/li>\n<li>No abandone el predio de Ciudad Universitaria.<\/li>\n<\/ul>\n<\/li>\n<\/ol>\n<\/li>\n<\/ol>\n<p><!--nextpage--><\/p>\n<h3 style=\"text-align: justify;\">Punto de Encuentro<\/h3>\n<ul>\n<li>Concurra al <strong>Punto de Encuentro\u00a0 <\/strong>y Permanezca ahi , salvo expresa orden del <strong>Director de Evacuaci\u00f3n<\/strong> o <strong>Bombero en Jefe <\/strong>a cargo de la situaci\u00f3n<\/li>\n<\/ul>\n<p>&nbsp;<\/p>\n<p><img loading=\"lazy\" decoding=\"async\" class=\" wp-image-6632 aligncenter\" src=\"https:\/\/exactas.uba.ar\/higieneyseguridad\/wp-content\/uploads\/2023\/10\/punto-encuentro-250x142.jpg\" alt=\"\" width=\"613\" height=\"348\" srcset=\"https:\/\/exactas.uba.ar\/higieneyseguridad\/wp-content\/uploads\/2023\/10\/punto-encuentro-250x142.jpg 250w, https:\/\/exactas.uba.ar\/higieneyseguridad\/wp-content\/uploads\/2023\/10\/punto-encuentro-120x68.jpg 120w, https:\/\/exactas.uba.ar\/higieneyseguridad\/wp-content\/uploads\/2023\/10\/punto-encuentro.jpg 543w\" sizes=\"auto, (max-width: 613px) 100vw, 613px\" \/><\/p>\n<p><!--nextpage--><\/p>\n<h2 style=\"text-align: justify;\">Colaboraciones en casos especiales<\/h2>\n<h3 style=\"text-align: justify;\">Personas con difilcultades para evacuar.<\/h3>\n<p style=\"text-align: justify;\">La evacuaci\u00f3n de las mismas deber\u00e1 estar planificada de antemano, debera solicitar ayuda al <strong>Departamento de Seguridad y Control<\/strong>, o al <strong>Servicio de Higiene y Seguridad<\/strong> para evaluar su adecuada evacuaci\u00f3n. El <strong>Brigadista<\/strong> del Sector donde se encuentre la persona con capacidad disminuida, tambi\u00e9n podr\u00e1 solicitar a las personas ubicadas en las cercan\u00edas que ayuden en la evacuaci\u00f3n de los individuos con capacidades disminuidas o que sufran lesiones durante la evacuaci\u00f3n.<\/p>\n<h3 style=\"text-align: justify;\">Visitantes<\/h3>\n<p style=\"text-align: justify;\">Los <strong>Brigadistas<\/strong> orientar\u00e1n la evacuaci\u00f3n de dichas personas.<\/p>\n<h3 style=\"text-align: justify;\">Alumnos<\/h3>\n<p style=\"text-align: justify;\">El <strong>Personal Docente <\/strong>colaborar\u00e1 en el proceso de evacuaci\u00f3n manteniendo el orden de salida sus alumnos, siguiendo las directivas de los <strong>Brigadistas<\/strong> y del personal de <strong>Seguridad y Control<\/strong>. Una vez en el <strong>Punto de Reuni\u00f3n<\/strong>, comenzar\u00e1n a verificar el presentismo de sus alumnos. En caso que exista alg\u00fan extraviado se informar\u00e1 a alg\u00fan integrante del <strong>Grupo Director<\/strong> o alg\u00fan <strong>Brigadista<\/strong>, entregando nombre de la persona ausentada, caracter\u00edsticas f\u00edsicas, \u00faltimo lugar donde se encontraba, donde podr\u00eda llegar a estar, prenda de vestir que utilizaba en ese momento.<\/p>\n<p><!--nextpage--><\/p>\n<h2 style=\"text-align: justify;\">Fin del estado de emergencia<\/h2>\n<p style=\"text-align: justify;\">El fin de la emergencia ser\u00e1 informado por el <strong>Director de Evacuaci\u00f3n.<\/strong><\/p>\n<p style=\"text-align: justify;\">El <strong>Director de Evacuaci\u00f3n<\/strong> autorizar\u00e1 el ingreso a los edificios.<\/p>\n<p style=\"text-align: justify;\">El <strong>Jefe de Seguridad<\/strong> y los <strong>Brigadistas <\/strong>ser\u00e1n los responsables en anunciar al personal la autorizaci\u00f3n para reingresar al Edificio<\/p>\n<p><!--nextpage--><\/p>\n<h2 style=\"text-align: justify;\">Recomendaciones<\/h2>\n<p style=\"text-align: justify;\">Estacionar los autom\u00f3viles de cola o de tal manera que sea f\u00e1cil de salir y que no obstruya pasos de peatones y otros veh\u00edculos. <strong><em>No se permitir\u00e1 estacionar los autos en el sector de las entradas principales de los edificios para permitir el libre acceso a los veh\u00edculos de auxilio.<\/em><\/strong><\/p>\n<p style=\"text-align: justify;\">Se deber\u00e1n mantener libres de obst\u00e1culos los pasajes, pasillos, y todo otro sector que pueda obstruir el paso. Se despejar\u00e1n las v\u00edas de circulaci\u00f3n internas y externas para facilitar la evacuaci\u00f3n y el paso de los equipos de auxilio.<\/p>\n<p style=\"text-align: justify;\">Al reingresar utilice preferentemente las escaleras para subir o bajar hasta el punto donde Ud. deba retomar sus normales actividades. Para utilizar los ascensores tenga presente:<\/p>\n<ol style=\"list-style-type: circle; text-align: justify;\">\n<li style=\"list-style-type: none;\">\n<ol style=\"list-style-type: circle;\">\n<li style=\"list-style-type: none;\">\n<ul>\n<li>dar prioridad a las personas que utilizar los medios mec\u00e1nicos por razones de salud y\/o edad<\/li>\n<li>no superar los l\u00edmites de capacidad y peso, permitidos en cada uno de los ascensores<\/li>\n<\/ul>\n<\/li>\n<\/ol>\n<\/li>\n<\/ol>\n<p style=\"text-align: justify;\">\n","protected":false},"excerpt":{"rendered":"Definiciones Emergencia: Situaci\u00f3n de Incendio, Derrame Qu\u00edmico, Escape de Gas , Amenaza de Bomba,\u00a0 intestabilidad estructural, derrumbe , etc Brigada de Evacuaci\u00f3n: Constituida por un Brigadistas Jefe de Piso, Brigadista Jefe de Punto de Reuni\u00f3n, Suplentes y Brigadistas. Brigadistas: Personas adiestradas para colaborar en el proceso de Evacuaci\u00f3n. Punto de Reuni\u00f3n: Sitio donde se realiza&#8230; <a class=\"view-article\" href=\"https:\/\/exactas.uba.ar\/higieneyseguridad\/seguridadlaboral\/emergencias\/plan-de-evacuacion-ante-una-emergencia\/\">LEER +<\/a>","protected":false},"author":2,"featured_media":0,"parent":1505,"menu_order":2,"comment_status":"closed","ping_status":"closed","template":"","meta":{"_acf_changed":false,"footnotes":""},"class_list":["post-1571","page","type-page","status-publish","hentry"],"acf":[],"_links":{"self":[{"href":"https:\/\/exactas.uba.ar\/higieneyseguridad\/wp-json\/wp\/v2\/pages\/1571","targetHints":{"allow":["GET"]}}],"collection":[{"href":"https:\/\/exactas.uba.ar\/higieneyseguridad\/wp-json\/wp\/v2\/pages"}],"about":[{"href":"https:\/\/exactas.uba.ar\/higieneyseguridad\/wp-json\/wp\/v2\/types\/page"}],"author":[{"embeddable":true,"href":"https:\/\/exactas.uba.ar\/higieneyseguridad\/wp-json\/wp\/v2\/users\/2"}],"replies":[{"embeddable":true,"href":"https:\/\/exactas.uba.ar\/higieneyseguridad\/wp-json\/wp\/v2\/comments?post=1571"}],"version-history":[{"count":24,"href":"https:\/\/exactas.uba.ar\/higieneyseguridad\/wp-json\/wp\/v2\/pages\/1571\/revisions"}],"predecessor-version":[{"id":8539,"href":"https:\/\/exactas.uba.ar\/higieneyseguridad\/wp-json\/wp\/v2\/pages\/1571\/revisions\/8539"}],"up":[{"embeddable":true,"href":"https:\/\/exactas.uba.ar\/higieneyseguridad\/wp-json\/wp\/v2\/pages\/1505"}],"wp:attachment":[{"href":"https:\/\/exactas.uba.ar\/higieneyseguridad\/wp-json\/wp\/v2\/media?parent=1571"}],"curies":[{"name":"wp","href":"https:\/\/api.w.org\/{rel}","templated":true}]}}